{"id":29740,"date":"2023-04-18T15:40:27","date_gmt":"2023-04-18T15:40:27","guid":{"rendered":"http:\/\/www.sakababeauty.com\/?post_type=product&#038;p=29740"},"modified":"2023-04-18T15:41:01","modified_gmt":"2023-04-18T15:41:01","slug":"palmers-stretch-marks-massage-lotion-315ml","status":"publish","type":"product","link":"https:\/\/sakaba.mghosteur.com\/en\/product\/palmers-stretch-marks-massage-lotion-315ml\/","title":{"rendered":"PALMER&#8217;S STRETCH MARKS MASSAGE LOTION 315ML"},"content":{"rendered":"<p>D\u00e9couvrez la lotion de massage pour les vergetures de la marque Palmer&#8217;s, sp\u00e9cialement con\u00e7ue pour maintenir la peau douce et souple pendant la grossesse et les fluctuations de poids. Cette lotion pour le corps peut \u00eatre utilis\u00e9e sur tout le corps et contient du chanvre pour r\u00e9duire l&#8217;apparence des vergetures. La formule ne contient ni huile min\u00e9rale, ni parab\u00e8ne, ni phtalate, ni parfum, ni colorants, pour convenir aux peaux sensibles. Cette lotion est \u00e9galement hypoallerg\u00e9nique et approuv\u00e9e dermatologiquement pour une utilisation en toute confiance. Avec le beurre de cacao pur, le beurre de karit\u00e9, les huiles naturelles, le collag\u00e8ne, l&#8217;\u00e9lastine et la lut\u00e9ine, votre peau restera hydrat\u00e9e et souple jusqu&#8217;\u00e0 48 heures apr\u00e8s l&#8217;application, am\u00e9liorant visiblement l&#8217;\u00e9lasticit\u00e9, la texture et la tonicit\u00e9 de la peau. Essayez-la aujourd&#8217;hui et d\u00e9couvrez pourquoi plus de 98 % des femmes ont constat\u00e9 une am\u00e9lioration en seulement 8 semaines.<\/p>","protected":false},"excerpt":{"rendered":"<p>D\u00e9couvrez la lotion de massage pour les vergetures de la marque Palmer&#8217;s, sp\u00e9cialement con\u00e7ue pour maintenir la peau douce et souple pendant la grossesse et les fluctuations de poids. Cette lotion pour le corps peut \u00eatre utilis\u00e9e sur tout le corps et contient du chanvre pour r\u00e9duire l&#8217;apparence des vergetures. La formule ne contient ni<span class=\"read-more-faq\"><a href=\"https:\/\/sakaba.mghosteur.com\/en\/product\/palmers-stretch-marks-massage-lotion-315ml\/\">Read More<\/a><\/span><\/p>","protected":false},"featured_media":0,"comment_status":"closed","ping_status":"closed","template":"","meta":[],"product_brand":[],"product_cat":[286],"product_tag":[],"class_list":{"0":"post-29740","1":"product","2":"type-product","3":"status-publish","5":"product_cat-corps","7":"first","8":"instock","9":"shipping-taxable","10":"product-type-simple"},"jetpack-related-posts":[{"id":24410,"url":"https:\/\/sakaba.mghosteur.com\/en\/product\/palmers-massage-lotion-stretch-marks\/","url_meta":{"origin":29740,"position":0},"title":"PALMERS MASSAGE LOTION STRETCH MARKS","author":"admin","date":"November 10, 2022","format":false,"excerpt":"La lotion de massage au beurre de cacao pour les vergetures de grossesse de la marque Palmer's est un produit exceptionnel pour les futures mamans. Cette lotion pour le corps de grossesse peut \u00eatre utilis\u00e9e sur tout le corps et aide \u00e0 maintenir la peau douce et souple, ce qui\u2026","rel":"","context":"Similar post","block_context":{"text":"Similar post","link":""},"img":{"alt_text":"","src":"","width":0,"height":0},"classes":[]},{"id":24422,"url":"https:\/\/sakaba.mghosteur.com\/en\/product\/palmers-heals-softens-daily-skin-therapy\/","url_meta":{"origin":29740,"position":1},"title":"PALMERS HEALS SOFTENS DAILY SKIN THERAPY","author":"admin","date":"November 10, 2022","format":false,"excerpt":"Dites adieu \u00e0 la peau s\u00e8che et rugueuse avec la Th\u00e9rapie quotidienne de la peau de Palmer's. Cette lotion corporelle est formul\u00e9e avec du beurre de cacao naturel et de la vitamine E pour hydrater intens\u00e9ment votre peau, la laissant d'apparence plus saine en seulement 48 heures. Notre produit est\u2026","rel":"","context":"Similar post","block_context":{"text":"Similar post","link":""},"img":{"alt_text":"","src":"","width":0,"height":0},"classes":[]},{"id":28366,"url":"https:\/\/sakaba.mghosteur.com\/en\/product\/palmers-cocoa-butter-formula-baby-butter-with-cocao-butter-aloe\/","url_meta":{"origin":29740,"position":2},"title":"Palmers Cocoa Butter Formula Baby Butter with cocao butter &#038; aloe","author":"admin","date":"November 30, 2022","format":false,"excerpt":"D\u00e9couvrez le Palmer's Cocoa Butter Formula Baby Butter, une lotion douce quotidienne con\u00e7ue pour hydrater, adoucir et apaiser la peau d\u00e9licate de b\u00e9b\u00e9. Cette formule unique associe le beurre de cacao pur, la vitamine E, l'alo\u00e8s et des \u00e9mollients riches pour offrir une hydratation sup\u00e9rieure et aider \u00e0 pr\u00e9server la\u2026","rel":"","context":"Similar post","block_context":{"text":"Similar post","link":""},"img":{"alt_text":"","src":"","width":0,"height":0},"classes":[]},{"id":29669,"url":"https:\/\/sakaba.mghosteur.com\/en\/product\/palmers-coconut-oil-formula-body-lotion\/","url_meta":{"origin":29740,"position":3},"title":"Palmer&#8217;s Coconut Oil Formula Body lotion","author":"admin","date":"April 13, 2023","format":false,"excerpt":"La lotion pour le corps \u00e0 la noix de coco de la marque Palmer's est le choix parfait pour une peau hydrat\u00e9e et r\u00e9g\u00e9n\u00e9r\u00e9e. Cette lotion est formul\u00e9e avec de l'huile de noix de coco extra vierge biologique certifi\u00e9e \u00e9quitable et de l'extrait de caf\u00e9 vert pour vous offrir une\u2026","rel":"","context":"Similar post","block_context":{"text":"Similar post","link":""},"img":{"alt_text":"","src":"","width":0,"height":0},"classes":[]},{"id":24414,"url":"https:\/\/sakaba.mghosteur.com\/en\/product\/palmers-cocoa-butter-formula-with-vitamin-e-heals-softens\/","url_meta":{"origin":29740,"position":4},"title":"Palmers Cocoa Butter Daily Skin Therapy","author":"admin","date":"November 10, 2022","format":false,"excerpt":"La lotion corporelle Daily Skin Therapy de Palmer's est le produit parfait pour prendre soin de votre peau s\u00e8che et rugueuse. Elle contient du beurre de cacao naturel et de la vitamine E, deux ingr\u00e9dients intens\u00e9ment hydratants qui gu\u00e9rissent et adoucissent votre peau pour lui donner une apparence plus saine.\u2026","rel":"","context":"Similar post","block_context":{"text":"Similar post","link":""},"img":{"alt_text":"","src":"","width":0,"height":0},"classes":[]},{"id":28127,"url":"https:\/\/sakaba.mghosteur.com\/en\/product\/palmers-cocoa-butter-formula-with-vitamin-e-heals-softens-2\/","url_meta":{"origin":29740,"position":5},"title":"Palmers Cocoa Butter Body Lotion, Fragrance Free","author":"admin","date":"November 30, 2022","format":false,"excerpt":"D\u00e9couvrez la lotion corporelle sans parfum de la marque Palmer's, une solution efficace pour gu\u00e9rir et adoucir votre peau s\u00e8che et rugueuse. Cette lotion contient du beurre de cacao naturel et de la vitamine E, qui hydratent intens\u00e9ment votre peau pour une apparence plus saine. Avec une hydratation durable jusqu'\u00e0\u2026","rel":"","context":"Similar post","block_context":{"text":"Similar post","link":""},"img":{"alt_text":"","src":"","width":0,"height":0},"classes":[]}],"_links":{"self":[{"href":"https:\/\/sakaba.mghosteur.com\/en\/wp-json\/wp\/v2\/product\/29740","targetHints":{"allow":["GET"]}}],"collection":[{"href":"https:\/\/sakaba.mghosteur.com\/en\/wp-json\/wp\/v2\/product"}],"about":[{"href":"https:\/\/sakaba.mghosteur.com\/en\/wp-json\/wp\/v2\/types\/product"}],"replies":[{"embeddable":true,"href":"https:\/\/sakaba.mghosteur.com\/en\/wp-json\/wp\/v2\/comments?post=29740"}],"version-history":[{"count":0,"href":"https:\/\/sakaba.mghosteur.com\/en\/wp-json\/wp\/v2\/product\/29740\/revisions"}],"wp:attachment":[{"href":"https:\/\/sakaba.mghosteur.com\/en\/wp-json\/wp\/v2\/media?parent=29740"}],"wp:term":[{"taxonomy":"product_brand","embeddable":true,"href":"https:\/\/sakaba.mghosteur.com\/en\/wp-json\/wp\/v2\/product_brand?post=29740"},{"taxonomy":"product_cat","embeddable":true,"href":"https:\/\/sakaba.mghosteur.com\/en\/wp-json\/wp\/v2\/product_cat?post=29740"},{"taxonomy":"product_tag","embeddable":true,"href":"https:\/\/sakaba.mghosteur.com\/en\/wp-json\/wp\/v2\/product_tag?post=29740"}],"curies":[{"name":"wp","href":"https:\/\/api.w.org\/{rel}","templated":true}]}}