{"id":29743,"date":"2023-04-18T15:48:16","date_gmt":"2023-04-18T15:48:16","guid":{"rendered":"http:\/\/www.sakababeauty.com\/?post_type=product&#038;p=29743"},"modified":"2024-08-08T15:35:41","modified_gmt":"2024-08-08T15:35:41","slug":"skin-success-fade-cream-anti-dark-spot","status":"publish","type":"product","link":"https:\/\/sakaba.mghosteur.com\/en\/product\/skin-success-fade-cream-anti-dark-spot\/","title":{"rendered":"SKIN SUCCESS  FADE CREAM ANTI DARK SPOT"},"content":{"rendered":"<p>D\u00e9couvrez la cr\u00e8me anti-taches Palmer&#8217;s pour une peau \u00e9clatante et sans taches ! Formul\u00e9e pour tous les types de peau, cette cr\u00e8me cible les taches brunes, les taches de vieillesse et \u00e9quilibre le teint irr\u00e9gulier et la d\u00e9coloration. Elle aide \u00e9galement \u00e0 am\u00e9liorer la souplesse et l&#8217;\u00e9lasticit\u00e9 de la peau, tout en minimisant l&#8217;apparence des ridules et des rides. Vous pouvez obtenir des r\u00e9sultats visibles en aussi peu que 2 semaines*, pour une peau plus lumineuse et plus \u00e9clatante. En plus, notre cr\u00e8me est sans hydroquinone, parab\u00e8nes, phtalates, sulfates, MI et colorants, et n&#8217;est pas test\u00e9e sur les animaux. Offrez \u00e0 votre peau le soin qu&#8217;elle m\u00e9rite avec la cr\u00e8me anti-taches Palmer&#8217;s !<\/p>","protected":false},"excerpt":{"rendered":"<p>D\u00e9couvrez la cr\u00e8me anti-taches Palmer&#8217;s pour une peau \u00e9clatante et sans taches ! Formul\u00e9e pour tous les types de peau, cette cr\u00e8me cible les taches brunes, les taches de vieillesse et \u00e9quilibre le teint irr\u00e9gulier et la d\u00e9coloration. Elle aide \u00e9galement \u00e0 am\u00e9liorer la souplesse et l&#8217;\u00e9lasticit\u00e9 de la peau, tout en minimisant l&#8217;apparence des<span class=\"read-more-faq\"><a href=\"https:\/\/sakaba.mghosteur.com\/en\/product\/skin-success-fade-cream-anti-dark-spot\/\">Read More<\/a><\/span><\/p>","protected":false},"featured_media":0,"comment_status":"closed","ping_status":"closed","template":"","meta":[],"product_brand":[],"product_cat":[293,331,451],"product_tag":[],"class_list":{"0":"post-29743","1":"product","2":"type-product","3":"status-publish","5":"product_cat-anti-taches","6":"product_cat-hydratant-visage","7":"product_cat-aab-soin-du-visage","9":"first","10":"instock","11":"shipping-taxable","12":"product-type-simple"},"jetpack-related-posts":[{"id":26483,"url":"https:\/\/sakaba.mghosteur.com\/en\/product\/palmers-skin-success-fade-cream-night\/","url_meta":{"origin":29743,"position":0},"title":"PALMERS SKIN SUCCESS FADE CREAM NIGHT","author":"admin","date":"November 25, 2022","format":false,"excerpt":"La Cr\u00e8me de Nuit Anti-Taches de la marque Palmer's est sp\u00e9cialement formul\u00e9e pour cibler les taches brunes, les taches de vieillesse et le teint irr\u00e9gulier. Elle aide \u00e0 \u00e9quilibrer le teint et \u00e0 r\u00e9duire les d\u00e9colorations, tout en am\u00e9liorant la souplesse et l'\u00e9lasticit\u00e9 de la peau. Elle r\u00e9duit \u00e9galement l'apparence\u2026","rel":"","context":"Similar post","block_context":{"text":"Similar post","link":""},"img":{"alt_text":"","src":"","width":0,"height":0},"classes":[]},{"id":26481,"url":"https:\/\/sakaba.mghosteur.com\/en\/product\/palmers-skin-success-fade-cream\/","url_meta":{"origin":29743,"position":1},"title":"PALMERS SKIN SUCCESS FADE CREAM","author":"admin","date":"November 25, 2022","format":false,"excerpt":"D\u00e9couvrez la cr\u00e8me anti-taches fonc\u00e9es de la marque Palmer's, sp\u00e9cialement formul\u00e9e pour tous les types de peau chevelu. Cette cr\u00e8me cible efficacement les taches brunes, les taches de vieillesse et le teint irr\u00e9gulier, tout en \u00e9quilibrant la d\u00e9coloration de la peau. En plus d'am\u00e9liorer la souplesse et l'\u00e9lasticit\u00e9 de votre\u2026","rel":"","context":"Similar post","block_context":{"text":"Similar post","link":""},"img":{"alt_text":"","src":"","width":0,"height":0},"classes":[]},{"id":26530,"url":"https:\/\/sakaba.mghosteur.com\/en\/product\/fade-milk-tone-correcting-body-lotion\/","url_meta":{"origin":29743,"position":2},"title":"FADE MILK TONE CORRECTING BODY LOTION","author":"admin","date":"November 25, 2022","format":false,"excerpt":"D\u00e9couvrez le Lait Anti-taches Palmer's Skin Success pour retrouver un teint lumineux et \u00e9clatant. Ce produit cible efficacement les taches brunes, les taches de vieillesse et le teint irr\u00e9gulier pour une peau parfaitement \u00e9quilibr\u00e9e et unifi\u00e9e. En plus d'am\u00e9liorer la souplesse et l'\u00e9lasticit\u00e9 de la peau, ce lait minimise l'apparence\u2026","rel":"","context":"Similar post","block_context":{"text":"Similar post","link":""},"img":{"alt_text":"","src":"","width":0,"height":0},"classes":[]},{"id":26489,"url":"https:\/\/sakaba.mghosteur.com\/en\/product\/palmers-skin-sucess-complexion-bar\/","url_meta":{"origin":29743,"position":3},"title":"PALMERS SKIN SUCESS COMPLEXION BAR","author":"admin","date":"November 25, 2022","format":false,"excerpt":"Le Pain de Teint Anti-Taches de la marque Palmer's est un produit de nettoyage doux pour la peau, con\u00e7u pour \u00e9claircir et uniformiser le teint. Ce produit est sp\u00e9cialement formul\u00e9 pour fonctionner en harmonie avec les produits anti-taches de Palmer's pour obtenir un teint plus uniforme et plus \u00e9clatant. La\u2026","rel":"","context":"Similar post","block_context":{"text":"Similar post","link":""},"img":{"alt_text":"","src":"","width":0,"height":0},"classes":[]},{"id":27385,"url":"https:\/\/sakaba.mghosteur.com\/en\/product\/ren-clean-skincare-overnight-glow-dark-spot\/","url_meta":{"origin":29743,"position":4},"title":"REN CLEAN SKINCARE OVERNIGHT GLOW DARK SPOT","author":"admin","date":"November 29, 2022","format":false,"excerpt":"La cr\u00e8me de nuit anti-taches Overnight Glow de Ren est une cr\u00e8me anti-imperfections pour tous les types de peau. R\u00e9veillez-vous avec une peau visiblement plus rebondie le matin, sans taches brunes dans l'obscurit\u00e9. Cliniquement prouv\u00e9e pour r\u00e9duire la taille des taches brunes apr\u00e8s 7 jours*, la formule v\u00e9g\u00e9talienne de la\u2026","rel":"","context":"Similar post","block_context":{"text":"Similar post","link":""},"img":{"alt_text":"","src":"","width":0,"height":0},"classes":[]},{"id":26526,"url":"https:\/\/sakaba.mghosteur.com\/en\/product\/palmers-dark-spot-corrector\/","url_meta":{"origin":29743,"position":5},"title":"PALMERS DARK SPOT CORRECTOR","author":"admin","date":"November 25, 2022","format":false,"excerpt":"D\u00e9couvrez l'huile pour le visage \u00e0 la noix de coco de la marque Palmer's, sp\u00e9cialement formul\u00e9e pour cibler les taches brunes, les taches de vieillesse et le teint irr\u00e9gulier. Cette huile \u00e9quilibre votre teint et am\u00e9liore l'\u00e9lasticit\u00e9 de votre peau, tout en minimisant l'apparence des ridules et des rides. Elle\u2026","rel":"","context":"Similar post","block_context":{"text":"Similar post","link":""},"img":{"alt_text":"","src":"","width":0,"height":0},"classes":[]}],"_links":{"self":[{"href":"https:\/\/sakaba.mghosteur.com\/en\/wp-json\/wp\/v2\/product\/29743","targetHints":{"allow":["GET"]}}],"collection":[{"href":"https:\/\/sakaba.mghosteur.com\/en\/wp-json\/wp\/v2\/product"}],"about":[{"href":"https:\/\/sakaba.mghosteur.com\/en\/wp-json\/wp\/v2\/types\/product"}],"replies":[{"embeddable":true,"href":"https:\/\/sakaba.mghosteur.com\/en\/wp-json\/wp\/v2\/comments?post=29743"}],"version-history":[{"count":0,"href":"https:\/\/sakaba.mghosteur.com\/en\/wp-json\/wp\/v2\/product\/29743\/revisions"}],"wp:attachment":[{"href":"https:\/\/sakaba.mghosteur.com\/en\/wp-json\/wp\/v2\/media?parent=29743"}],"wp:term":[{"taxonomy":"product_brand","embeddable":true,"href":"https:\/\/sakaba.mghosteur.com\/en\/wp-json\/wp\/v2\/product_brand?post=29743"},{"taxonomy":"product_cat","embeddable":true,"href":"https:\/\/sakaba.mghosteur.com\/en\/wp-json\/wp\/v2\/product_cat?post=29743"},{"taxonomy":"product_tag","embeddable":true,"href":"https:\/\/sakaba.mghosteur.com\/en\/wp-json\/wp\/v2\/product_tag?post=29743"}],"curies":[{"name":"wp","href":"https:\/\/api.w.org\/{rel}","templated":true}]}}