{"id":29755,"date":"2023-04-19T11:56:11","date_gmt":"2023-04-19T11:56:11","guid":{"rendered":"http:\/\/www.sakababeauty.com\/?post_type=product&#038;p=29755"},"modified":"2023-04-19T12:53:11","modified_gmt":"2023-04-19T12:53:11","slug":"skin-success-sheet-mask-1-single","status":"publish","type":"product","link":"https:\/\/sakaba.mghosteur.com\/en\/product\/skin-success-sheet-mask-1-single\/","title":{"rendered":"SKIN SUCCESS SHEET  MASK 1 SINGLE"},"content":{"rendered":"<p>Le Palmer&#8217;s Skin Success Glow Radiance Sheet Mask est un masque facial infus\u00e9 d&#8217;ingr\u00e9dients naturels pour vous offrir une peau lumineuse et \u00e9clatante. Ce masque contient des ingr\u00e9dients perfecteurs de teint qui aident \u00e0 \u00e9quilibrer le teint de votre peau et \u00e0 am\u00e9liorer son apparence. Il est con\u00e7u pour donner \u00e0 votre peau une apparence saine et radieuse en quelques minutes seulement.<\/p>\n<p>Ce masque facial est facile \u00e0 utiliser et convient \u00e0 tous les types de peau. Il suffit de le placer sur votre visage et de le laisser agir pendant 10 \u00e0 15 minutes. Ensuite, retirez-le et massez doucement votre peau pour absorber tout le s\u00e9rum restant. Votre peau sera hydrat\u00e9e, \u00e9quilibr\u00e9e et plus lumineuse que jamais auparavant.<\/p>\n<p>Si vous cherchez un produit qui peut vous donner une peau radieuse et \u00e9clatante sans effort, alors le Palmer&#8217;s Skin Success Glow Radiance Sheet Mask est fait pour vous. Essayez-le d\u00e8s maintenant et d\u00e9couvrez l&#8217;\u00e9clat lumineux et sain de votre peau.<\/p>","protected":false},"excerpt":{"rendered":"<p>Le Palmer&#8217;s Skin Success Glow Radiance Sheet Mask est un masque facial infus\u00e9 d&#8217;ingr\u00e9dients naturels pour vous offrir une peau lumineuse et \u00e9clatante. Ce masque contient des ingr\u00e9dients perfecteurs de teint qui aident \u00e0 \u00e9quilibrer le teint de votre peau et \u00e0 am\u00e9liorer son apparence. Il est con\u00e7u pour donner \u00e0 votre peau une apparence<span class=\"read-more-faq\"><a href=\"https:\/\/sakaba.mghosteur.com\/en\/product\/skin-success-sheet-mask-1-single\/\">Read More<\/a><\/span><\/p>","protected":false},"featured_media":0,"comment_status":"closed","ping_status":"closed","template":"","meta":[],"product_brand":[],"product_cat":[377],"product_tag":[],"class_list":{"0":"post-29755","1":"product","2":"type-product","3":"status-publish","5":"product_cat-bath-body-works","7":"first","8":"instock","9":"shipping-taxable","10":"product-type-simple"},"jetpack-related-posts":[{"id":26548,"url":"https:\/\/sakaba.mghosteur.com\/en\/product\/skin-success-body-lotion-glow\/","url_meta":{"origin":29755,"position":0},"title":"SKIN SUCCESS BODY LOTION GLOW","author":"admin","date":"November 25, 2022","format":false,"excerpt":"La lotion pour les mains et le corps Palmer's Skin Success GLOW Water Lily est un produit parfait pour celles et ceux qui recherchent une peau radieuse et \u00e9quilibr\u00e9e. Avec des ingr\u00e9dients naturels tels que le Lys Blanc, le Champignon Songyi, la Vitamine C et la R\u00e9glisse, cette lotion nourrit\u2026","rel":"","context":"Similar post","block_context":{"text":"Similar post","link":""},"img":{"alt_text":"","src":"","width":0,"height":0},"classes":[]},{"id":26526,"url":"https:\/\/sakaba.mghosteur.com\/en\/product\/palmers-dark-spot-corrector\/","url_meta":{"origin":29755,"position":1},"title":"PALMERS DARK SPOT CORRECTOR","author":"admin","date":"November 25, 2022","format":false,"excerpt":"D\u00e9couvrez l'huile pour le visage \u00e0 la noix de coco de la marque Palmer's, sp\u00e9cialement formul\u00e9e pour cibler les taches brunes, les taches de vieillesse et le teint irr\u00e9gulier. Cette huile \u00e9quilibre votre teint et am\u00e9liore l'\u00e9lasticit\u00e9 de votre peau, tout en minimisant l'apparence des ridules et des rides. Elle\u2026","rel":"","context":"Similar post","block_context":{"text":"Similar post","link":""},"img":{"alt_text":"","src":"","width":0,"height":0},"classes":[]},{"id":26999,"url":"https:\/\/sakaba.mghosteur.com\/en\/product\/hyper-even-fade-and-glow-aha-mask\/","url_meta":{"origin":29755,"position":2},"title":"HYPER EVEN FADE AND GLOW AHA MASK","author":"admin","date":"November 28, 2022","format":false,"excerpt":"Le masque AHA Fade and Glow de la marque Hyper Even est le soin ultime pour redonner de l'\u00e9clat \u00e0 votre peau. Il est compos\u00e9 d'un duo AHA puissant, l'acide glycolique (5%) et l'acide mand\u00e9lique (5%), qui \u00e9liminent les impuret\u00e9s et illuminent instantan\u00e9ment le teint terne. La niacinamide et la\u2026","rel":"","context":"Similar post","block_context":{"text":"Similar post","link":""},"img":{"alt_text":"","src":"","width":0,"height":0},"classes":[]},{"id":26483,"url":"https:\/\/sakaba.mghosteur.com\/en\/product\/palmers-skin-success-fade-cream-night\/","url_meta":{"origin":29755,"position":3},"title":"PALMERS SKIN SUCCESS FADE CREAM NIGHT","author":"admin","date":"November 25, 2022","format":false,"excerpt":"La Cr\u00e8me de Nuit Anti-Taches de la marque Palmer's est sp\u00e9cialement formul\u00e9e pour cibler les taches brunes, les taches de vieillesse et le teint irr\u00e9gulier. Elle aide \u00e0 \u00e9quilibrer le teint et \u00e0 r\u00e9duire les d\u00e9colorations, tout en am\u00e9liorant la souplesse et l'\u00e9lasticit\u00e9 de la peau. Elle r\u00e9duit \u00e9galement l'apparence\u2026","rel":"","context":"Similar post","block_context":{"text":"Similar post","link":""},"img":{"alt_text":"","src":"","width":0,"height":0},"classes":[]},{"id":26545,"url":"https:\/\/sakaba.mghosteur.com\/en\/product\/palmers-skin-success-face-cream-glow\/","url_meta":{"origin":29755,"position":4},"title":"PALMERS SKIN SUCCESS FACE CREAM GLOW","author":"admin","date":"November 25, 2022","format":false,"excerpt":"La cr\u00e8me pour le visage Palmer's Skin Success Glow Water Lily est sp\u00e9cialement formul\u00e9e pour aider \u00e0 \u00e9claircir et \u00e0 \u00e9quilibrer le teint. Avec des ingr\u00e9dients naturels tels que la niacinamide et la vitamine C, cette cr\u00e8me tonifiante pour le visage aide \u00e0 diminuer l'apparence de la matit\u00e9, des taches\u2026","rel":"","context":"Similar post","block_context":{"text":"Similar post","link":""},"img":{"alt_text":"","src":"","width":0,"height":0},"classes":[]},{"id":29743,"url":"https:\/\/sakaba.mghosteur.com\/en\/product\/skin-success-fade-cream-anti-dark-spot\/","url_meta":{"origin":29755,"position":5},"title":"SKIN SUCCESS  FADE CREAM ANTI DARK SPOT","author":"admin","date":"April 18, 2023","format":false,"excerpt":"D\u00e9couvrez la cr\u00e8me anti-taches Palmer's pour une peau \u00e9clatante et sans taches ! Formul\u00e9e pour tous les types de peau, cette cr\u00e8me cible les taches brunes, les taches de vieillesse et \u00e9quilibre le teint irr\u00e9gulier et la d\u00e9coloration. Elle aide \u00e9galement \u00e0 am\u00e9liorer la souplesse et l'\u00e9lasticit\u00e9 de la peau,\u2026","rel":"","context":"Similar post","block_context":{"text":"Similar post","link":""},"img":{"alt_text":"","src":"","width":0,"height":0},"classes":[]}],"_links":{"self":[{"href":"https:\/\/sakaba.mghosteur.com\/en\/wp-json\/wp\/v2\/product\/29755","targetHints":{"allow":["GET"]}}],"collection":[{"href":"https:\/\/sakaba.mghosteur.com\/en\/wp-json\/wp\/v2\/product"}],"about":[{"href":"https:\/\/sakaba.mghosteur.com\/en\/wp-json\/wp\/v2\/types\/product"}],"replies":[{"embeddable":true,"href":"https:\/\/sakaba.mghosteur.com\/en\/wp-json\/wp\/v2\/comments?post=29755"}],"version-history":[{"count":0,"href":"https:\/\/sakaba.mghosteur.com\/en\/wp-json\/wp\/v2\/product\/29755\/revisions"}],"wp:attachment":[{"href":"https:\/\/sakaba.mghosteur.com\/en\/wp-json\/wp\/v2\/media?parent=29755"}],"wp:term":[{"taxonomy":"product_brand","embeddable":true,"href":"https:\/\/sakaba.mghosteur.com\/en\/wp-json\/wp\/v2\/product_brand?post=29755"},{"taxonomy":"product_cat","embeddable":true,"href":"https:\/\/sakaba.mghosteur.com\/en\/wp-json\/wp\/v2\/product_cat?post=29755"},{"taxonomy":"product_tag","embeddable":true,"href":"https:\/\/sakaba.mghosteur.com\/en\/wp-json\/wp\/v2\/product_tag?post=29755"}],"curies":[{"name":"wp","href":"https:\/\/api.w.org\/{rel}","templated":true}]}}