{"id":29759,"date":"2023-04-19T12:13:36","date_gmt":"2023-04-19T12:13:36","guid":{"rendered":"http:\/\/www.sakababeauty.com\/?post_type=product&#038;p=29759"},"modified":"2023-04-19T12:13:37","modified_gmt":"2023-04-19T12:13:37","slug":"soothing-body-wash-for-pregancy","status":"publish","type":"product","link":"https:\/\/sakaba.mghosteur.com\/en\/product\/soothing-body-wash-for-pregancy\/","title":{"rendered":"SOOTHING BODY WASH FOR PREGANCY"},"content":{"rendered":"<p>Le gel douche apaisant au beurre de cacao Palmer&#8217;s est sp\u00e9cialement con\u00e7u pour les femmes enceintes. Il nettoie en douceur la peau s\u00e8che et irrit\u00e9e tout en apaisant les d\u00e9mangeaisons et les tiraillements caus\u00e9s par la grossesse. Le beurre de cacao et le beurre de karit\u00e9, ainsi que le collag\u00e8ne et l&#8217;\u00e9lastine, hydratent en profondeur pour maintenir la souplesse de la peau.<\/p>\n<p>Ce gel douche apaisant poss\u00e8de de nombreuses caract\u00e9ristiques b\u00e9n\u00e9fiques pour la peau. Il \u00e9quilibre le pH naturel de la peau, ne la d\u00e9cape ni ne la dess\u00e8che. De plus, il est sans danger pour la grossesse, hypoallerg\u00e9nique, sans paraben, sulfate et phtalate. Il a \u00e9t\u00e9 test\u00e9 dermatologiquement pour garantir sa s\u00e9curit\u00e9 et convient \u00e9galement aux personnes v\u00e9g\u00e9taliennes.<\/p>\n<p>Faites l&#8217;exp\u00e9rience du gel douche apaisant au beurre de cacao Palmer&#8217;s pour la grossesse et offrez \u00e0 votre peau toute la douceur et l&#8217;hydratation qu&#8217;elle m\u00e9rite.<\/p>","protected":false},"excerpt":{"rendered":"<p>Le gel douche apaisant au beurre de cacao Palmer&#8217;s est sp\u00e9cialement con\u00e7u pour les femmes enceintes. Il nettoie en douceur la peau s\u00e8che et irrit\u00e9e tout en apaisant les d\u00e9mangeaisons et les tiraillements caus\u00e9s par la grossesse. Le beurre de cacao et le beurre de karit\u00e9, ainsi que le collag\u00e8ne et l&#8217;\u00e9lastine, hydratent en profondeur<span class=\"read-more-faq\"><a href=\"https:\/\/sakaba.mghosteur.com\/en\/product\/soothing-body-wash-for-pregancy\/\">Read More<\/a><\/span><\/p>","protected":false},"featured_media":0,"comment_status":"closed","ping_status":"closed","template":"","meta":[],"product_brand":[],"product_cat":[446],"product_tag":[],"class_list":{"0":"post-29759","1":"product","2":"type-product","3":"status-publish","5":"product_cat-nettoyant","7":"first","8":"instock","9":"shipping-taxable","10":"product-type-simple"},"jetpack-related-posts":[{"id":24410,"url":"https:\/\/sakaba.mghosteur.com\/en\/product\/palmers-massage-lotion-stretch-marks\/","url_meta":{"origin":29759,"position":0},"title":"PALMERS MASSAGE LOTION STRETCH MARKS","author":"admin","date":"November 10, 2022","format":false,"excerpt":"La lotion de massage au beurre de cacao pour les vergetures de grossesse de la marque Palmer's est un produit exceptionnel pour les futures mamans. Cette lotion pour le corps de grossesse peut \u00eatre utilis\u00e9e sur tout le corps et aide \u00e0 maintenir la peau douce et souple, ce qui\u2026","rel":"","context":"Similar post","block_context":{"text":"Similar post","link":""},"img":{"alt_text":"","src":"","width":0,"height":0},"classes":[]},{"id":28366,"url":"https:\/\/sakaba.mghosteur.com\/en\/product\/palmers-cocoa-butter-formula-baby-butter-with-cocao-butter-aloe\/","url_meta":{"origin":29759,"position":1},"title":"Palmers Cocoa Butter Formula Baby Butter with cocao butter &#038; aloe","author":"admin","date":"November 30, 2022","format":false,"excerpt":"D\u00e9couvrez le Palmer's Cocoa Butter Formula Baby Butter, une lotion douce quotidienne con\u00e7ue pour hydrater, adoucir et apaiser la peau d\u00e9licate de b\u00e9b\u00e9. Cette formule unique associe le beurre de cacao pur, la vitamine E, l'alo\u00e8s et des \u00e9mollients riches pour offrir une hydratation sup\u00e9rieure et aider \u00e0 pr\u00e9server la\u2026","rel":"","context":"Similar post","block_context":{"text":"Similar post","link":""},"img":{"alt_text":"","src":"","width":0,"height":0},"classes":[]},{"id":29752,"url":"https:\/\/sakaba.mghosteur.com\/en\/product\/skin-success-moisturizing-lotion\/","url_meta":{"origin":29759,"position":2},"title":"SKIN SUCCESS MOISTURIZING LOTION","author":"admin","date":"April 19, 2023","format":false,"excerpt":"D\u00e9couvrez la lotion hydratante anti-taches sombres de Palmer's Skin Success. Cette lotion pour le corps est riche en ingr\u00e9dients naturels tels que le beurre de cacao, la vitamine E et le soja pour une peau douce et soyeuse. Elle est absorb\u00e9e rapidement et ne laisse pas d'effet gras, ce qui\u2026","rel":"","context":"Similar post","block_context":{"text":"Similar post","link":""},"img":{"alt_text":"","src":"","width":0,"height":0},"classes":[]},{"id":29740,"url":"https:\/\/sakaba.mghosteur.com\/en\/product\/palmers-stretch-marks-massage-lotion-315ml\/","url_meta":{"origin":29759,"position":3},"title":"PALMER&#8217;S STRETCH MARKS MASSAGE LOTION 315ML","author":"admin","date":"April 18, 2023","format":false,"excerpt":"D\u00e9couvrez la lotion de massage pour les vergetures de la marque Palmer's, sp\u00e9cialement con\u00e7ue pour maintenir la peau douce et souple pendant la grossesse et les fluctuations de poids. Cette lotion pour le corps peut \u00eatre utilis\u00e9e sur tout le corps et contient du chanvre pour r\u00e9duire l'apparence des vergetures.\u2026","rel":"","context":"Similar post","block_context":{"text":"Similar post","link":""},"img":{"alt_text":"","src":"","width":0,"height":0},"classes":[]},{"id":30165,"url":"https:\/\/sakaba.mghosteur.com\/en\/product\/dr-teals-lavender-essential-oil\/","url_meta":{"origin":29759,"position":4},"title":"Dr Teals LAVENDER ESSENTIAL OIL","author":"admin","date":"May 3, 2023","format":false,"excerpt":"Lotion apaisante pour le corps \u00e0 la lavande La lotion pour le corps hydratante \u00e0 la lavande de Dr Teal offre une hydratation profonde \u00e0 la peau ainsi que tous les avantages de l'aromath\u00e9rapie pour l'esprit.\u00a0Ce riche m\u00e9lange de beurre de cacao, de beurre de karit\u00e9 et de vitamine E\u2026","rel":"","context":"Similar post","block_context":{"text":"Similar post","link":""},"img":{"alt_text":"","src":"","width":0,"height":0},"classes":[]},{"id":24424,"url":"https:\/\/sakaba.mghosteur.com\/en\/product\/palmers-heals-softens-18-7-oz\/","url_meta":{"origin":29759,"position":5},"title":"PALMERS HEALS SOFTENS 18.7 OZ","author":"admin","date":"November 10, 2022","format":false,"excerpt":"D\u00e9couvrez le beurre de cacao de la marque Palmer's, un soin de qualit\u00e9 pour les peaux rugueuses et s\u00e8ches. Le beurre de cacao est une substance naturelle issue de la graine de cacao, qui retient l'humidit\u00e9 entre les couches de la peau, pr\u00e9venant ainsi la d\u00e9shydratation. La vitamine E contenue\u2026","rel":"","context":"Similar post","block_context":{"text":"Similar post","link":""},"img":{"alt_text":"","src":"","width":0,"height":0},"classes":[]}],"_links":{"self":[{"href":"https:\/\/sakaba.mghosteur.com\/en\/wp-json\/wp\/v2\/product\/29759","targetHints":{"allow":["GET"]}}],"collection":[{"href":"https:\/\/sakaba.mghosteur.com\/en\/wp-json\/wp\/v2\/product"}],"about":[{"href":"https:\/\/sakaba.mghosteur.com\/en\/wp-json\/wp\/v2\/types\/product"}],"replies":[{"embeddable":true,"href":"https:\/\/sakaba.mghosteur.com\/en\/wp-json\/wp\/v2\/comments?post=29759"}],"version-history":[{"count":0,"href":"https:\/\/sakaba.mghosteur.com\/en\/wp-json\/wp\/v2\/product\/29759\/revisions"}],"wp:attachment":[{"href":"https:\/\/sakaba.mghosteur.com\/en\/wp-json\/wp\/v2\/media?parent=29759"}],"wp:term":[{"taxonomy":"product_brand","embeddable":true,"href":"https:\/\/sakaba.mghosteur.com\/en\/wp-json\/wp\/v2\/product_brand?post=29759"},{"taxonomy":"product_cat","embeddable":true,"href":"https:\/\/sakaba.mghosteur.com\/en\/wp-json\/wp\/v2\/product_cat?post=29759"},{"taxonomy":"product_tag","embeddable":true,"href":"https:\/\/sakaba.mghosteur.com\/en\/wp-json\/wp\/v2\/product_tag?post=29759"}],"curies":[{"name":"wp","href":"https:\/\/api.w.org\/{rel}","templated":true}]}}