{"id":29768,"date":"2023-04-24T14:04:03","date_gmt":"2023-04-24T14:04:03","guid":{"rendered":"http:\/\/www.sakababeauty.com\/?post_type=product&#038;p=29768"},"modified":"2024-08-08T18:32:55","modified_gmt":"2024-08-08T18:32:55","slug":"biotin-10-000-mcg","status":"publish","type":"product","link":"https:\/\/sakaba.mghosteur.com\/en\/product\/biotin-10-000-mcg\/","title":{"rendered":"BIOTIN 10 000 MCG"},"content":{"rendered":"<p>D\u00e9couvrez BIOTIN 10 000 MCG de la marque SOLGAR, une vitamine B hydrosoluble qui aide \u00e0 maintenir une peau, des ongles et des cheveux sains, ainsi qu&#8217;au bon fonctionnement de certaines enzymes. Cette biotine soutient \u00e9galement la production d&#8217;\u00e9nergie cellulaire dans le corps en convertissant les aliments en \u00e9nergie et est n\u00e9cessaire au m\u00e9tabolisme des prot\u00e9ines, des glucides et des graisses. Pour l&#8217;utiliser comme compl\u00e9ment alimentaire pour adultes, il suffit de prendre une (1) g\u00e9lule v\u00e9g\u00e9tale par jour, de pr\u00e9f\u00e9rence avec un repas ou selon les recommandations d&#8217;un professionnel de la sant\u00e9. Cependant, si vous \u00eates enceinte, allaitez, prenez des m\u00e9dicaments, avez une condition m\u00e9dicale ou pr\u00e9voyez de subir des tests de laboratoire cliniques, nous vous conseillons de consulter votre professionnel de la sant\u00e9 avant utilisation. Nous recommandons \u00e9galement de ne pas utiliser des doses de biotine sup\u00e9rieures \u00e0 2 500 mcg par jour sans l&#8217;avis de votre professionnel de la sant\u00e9. Si des effets ind\u00e9sirables surviennent, arr\u00eatez l&#8217;utilisation et consultez votre professionnel de la sant\u00e9. BIOTIN 10 000 MCG est \u00e0 tenir hors de port\u00e9e des enfants et doit \u00eatre rang\u00e9 \u00e0 temp\u00e9rature ambiante. Ne pas utiliser si le sceau ext\u00e9rieur du flacon est manquant ou endommag\u00e9.<\/p>","protected":false},"excerpt":{"rendered":"<p>D\u00e9couvrez BIOTIN 10 000 MCG de la marque SOLGAR, une vitamine B hydrosoluble qui aide \u00e0 maintenir une peau, des ongles et des cheveux sains, ainsi qu&#8217;au bon fonctionnement de certaines enzymes. Cette biotine soutient \u00e9galement la production d&#8217;\u00e9nergie cellulaire dans le corps en convertissant les aliments en \u00e9nergie et est n\u00e9cessaire au m\u00e9tabolisme des<span class=\"read-more-faq\"><a href=\"https:\/\/sakaba.mghosteur.com\/en\/product\/biotin-10-000-mcg\/\">Read More<\/a><\/span><\/p>","protected":false},"featured_media":0,"comment_status":"closed","ping_status":"closed","template":"","meta":[],"product_brand":[],"product_cat":[391,381],"product_tag":[],"class_list":{"0":"post-29768","1":"product","2":"type-product","3":"status-publish","5":"product_cat-aae-bien-etre","6":"product_cat-vitamine-et-complements","8":"first","9":"instock","10":"shipping-taxable","11":"product-type-simple"},"jetpack-related-posts":[{"id":29991,"url":"https:\/\/sakaba.mghosteur.com\/en\/product\/neocell-super-collagen-vitamin-biotin-c-type-1-3-180-tablets\/","url_meta":{"origin":29768,"position":0},"title":"NeoCell Super Collagen + Vitamin Biotin C Type 1 &amp; 3 &#8211; 180 tablets","author":"admin","date":"May 1, 2023","format":false,"excerpt":"Le Super Collag\u00e8ne + Vitamine C & Biotine de NeoCell est une formule pratique pour nourrir votre peau en profondeur. Ce compl\u00e9ment alimentaire contient du collag\u00e8ne de types 1 et 3 pour stimuler la production de collag\u00e8ne et favoriser une peau jeune et belle. La vitamine C fournit \u00e9galement un\u2026","rel":"","context":"Similar post","block_context":{"text":"Similar post","link":""},"img":{"alt_text":"","src":"","width":0,"height":0},"classes":[]},{"id":30002,"url":"https:\/\/sakaba.mghosteur.com\/en\/product\/super-collagen-vitamin-c-biotin-360-tablets\/","url_meta":{"origin":29768,"position":1},"title":"SUPER COLLAGEN +VITAMIN C &amp; BIOTIN 360 TABLETS","author":"admin","date":"May 1, 2023","format":false,"excerpt":"D\u00e9couvrez le Super Collag\u00e8ne de NeoCell, un compl\u00e9ment alimentaire contenant 360 comprim\u00e9s de collag\u00e8ne, vitamine C et biotine. Ce produit vous aide \u00e0 minimiser les rides et ridules en am\u00e9liorant l'\u00e9lasticit\u00e9 de votre peau et en retenant l'humidit\u00e9 dans celle-ci. De plus, il renforce et nourrit vos ligaments, tendons, articulations\u2026","rel":"","context":"Similar post","block_context":{"text":"Similar post","link":""},"img":{"alt_text":"","src":"","width":0,"height":0},"classes":[]},{"id":31886,"url":"https:\/\/sakaba.mghosteur.com\/en\/product\/super-collagen-vitamin-c-biotin-90t\/","url_meta":{"origin":29768,"position":2},"title":"SUPER COLLAGEN + VITAMIN C &amp; BIOTIN 90T","author":"admin","date":"May 10, 2024","format":false,"excerpt":"Les comprim\u00e9s NeoCell Super Collagen sont formul\u00e9s pour soutenir votre beaut\u00e9 radieuse de l'int\u00e9rieur, favoriser la sant\u00e9 des articulations et soutenir les cheveux, la peau et les ongles (1). Avec du collag\u00e8ne nourri \u00e0 l'herbe de types 1 et 3, ces capsules de collag\u00e8ne donnent \u00e0 votre corps les \u00e9l\u00e9ments\u2026","rel":"","context":"Similar post","block_context":{"text":"Similar post","link":""},"img":{"alt_text":"","src":"","width":0,"height":0},"classes":[]},{"id":32048,"url":"https:\/\/sakaba.mghosteur.com\/en\/product\/mielle-rosemary-mint-blend-leave-in-conditionner\/","url_meta":{"origin":29768,"position":3},"title":"MIELLE ROSEMARY MINT BLEND LEAVE IN CONDITIONER","author":"admin","date":"May 13, 2024","format":false,"excerpt":"Infus\u00e9 de biotine et de romarin, ce sans rin\u00e7age hydrate tout en prot\u00e9geant et en hydratant. Avantages cl\u00e9s: Infus\u00e9 de biotine Brillance incroyable Retient l'humidit\u00e9 Comment utiliser? Appliquez une quantit\u00e9 g\u00e9n\u00e9reuse sur les cheveux s\u00e9par\u00e9s. Travaillez le produit avec l'outil de d\u00e9m\u00ealage de votre choix. Ne rincez pas le produit,\u2026","rel":"","context":"Similar post","block_context":{"text":"Similar post","link":""},"img":{"alt_text":"","src":"","width":0,"height":0},"classes":[]},{"id":25025,"url":"https:\/\/sakaba.mghosteur.com\/en\/product\/super-collagen-vitamin-c-biotin\/","url_meta":{"origin":29768,"position":4},"title":"SUPER COLLAGEN +VITAMIN C &#038; BIOTIN","author":"admin","date":"November 11, 2022","format":false,"excerpt":"","rel":"","context":"Similar post","block_context":{"text":"Similar post","link":""},"img":{"alt_text":"","src":"","width":0,"height":0},"classes":[]},{"id":25752,"url":"https:\/\/sakaba.mghosteur.com\/en\/product\/bio-7-biotin-growth-drop\/","url_meta":{"origin":29768,"position":5},"title":"Bio 7 &#8211; Biotin Growth Drop","author":"admin","date":"November 22, 2022","format":false,"excerpt":"","rel":"","context":"Similar post","block_context":{"text":"Similar post","link":""},"img":{"alt_text":"","src":"","width":0,"height":0},"classes":[]}],"_links":{"self":[{"href":"https:\/\/sakaba.mghosteur.com\/en\/wp-json\/wp\/v2\/product\/29768","targetHints":{"allow":["GET"]}}],"collection":[{"href":"https:\/\/sakaba.mghosteur.com\/en\/wp-json\/wp\/v2\/product"}],"about":[{"href":"https:\/\/sakaba.mghosteur.com\/en\/wp-json\/wp\/v2\/types\/product"}],"replies":[{"embeddable":true,"href":"https:\/\/sakaba.mghosteur.com\/en\/wp-json\/wp\/v2\/comments?post=29768"}],"version-history":[{"count":0,"href":"https:\/\/sakaba.mghosteur.com\/en\/wp-json\/wp\/v2\/product\/29768\/revisions"}],"wp:attachment":[{"href":"https:\/\/sakaba.mghosteur.com\/en\/wp-json\/wp\/v2\/media?parent=29768"}],"wp:term":[{"taxonomy":"product_brand","embeddable":true,"href":"https:\/\/sakaba.mghosteur.com\/en\/wp-json\/wp\/v2\/product_brand?post=29768"},{"taxonomy":"product_cat","embeddable":true,"href":"https:\/\/sakaba.mghosteur.com\/en\/wp-json\/wp\/v2\/product_cat?post=29768"},{"taxonomy":"product_tag","embeddable":true,"href":"https:\/\/sakaba.mghosteur.com\/en\/wp-json\/wp\/v2\/product_tag?post=29768"}],"curies":[{"name":"wp","href":"https:\/\/api.w.org\/{rel}","templated":true}]}}