{"id":29775,"date":"2023-04-24T15:04:26","date_gmt":"2023-04-24T15:04:26","guid":{"rendered":"http:\/\/www.sakababeauty.com\/?post_type=product&#038;p=29775"},"modified":"2023-04-24T15:17:24","modified_gmt":"2023-04-24T15:17:24","slug":"calcium-magnesium-plus-zinc","status":"publish","type":"product","link":"https:\/\/sakaba.mghosteur.com\/en\/product\/calcium-magnesium-plus-zinc\/","title":{"rendered":"CALCIUM MAGNESIUM PLUS ZINC"},"content":{"rendered":"<p>D\u00e9couvrez les comprim\u00e9s de Calcium Magn\u00e9sium Plus Zinc de la marque Solgar, un compl\u00e9ment alimentaire essentiel pour soutenir la sant\u00e9 de votre syst\u00e8me squelettique, musculaire, nerveux et immunitaire.<\/p>\n<p>En plus du calcium, ce produit contient du magn\u00e9sium et du zinc, qui sont \u00e9galement n\u00e9cessaires pour maintenir des os et des dents solides et sains*. Une alimentation saine (avec suffisamment de calcium) et une activit\u00e9 physique r\u00e9guli\u00e8re permettent de d\u00e9velopper et de maintenir une bonne sant\u00e9 osseuse. Cela peut r\u00e9duire le risque d&#8217;ost\u00e9oporose plus tard dans la vie.<\/p>\n<p>En prenant ces comprim\u00e9s, vous b\u00e9n\u00e9ficierez \u00e9galement d&#8217;un soutien pour maintenir un syst\u00e8me immunitaire sain et une bonne sant\u00e9 g\u00e9n\u00e9rale*. De plus, cela aide \u00e0 soulager l&#8217;anxi\u00e9t\u00e9 occasionnelle et maintient une fonction nerveuse et musculaire appropri\u00e9e pour soulager les crampes occasionnelles aux jambes*\u2020.<\/p>\n<p>Pour profiter de tous les bienfaits de ces comprim\u00e9s, nous recommandons aux adultes de prendre trois (3) comprim\u00e9s par jour avec un repas. Peut \u00eatre distribu\u00e9 tout au long de la journ\u00e9e ou selon les directives d&#8217;un professionnel de la sant\u00e9. Veuillez consulter votre professionnel de la sant\u00e9 avant de prendre tout compl\u00e9ment alimentaire si vous \u00eates enceinte, allaitez, prenez des m\u00e9dicaments ou avez une condition m\u00e9dicale.<\/p>\n<p>Ne laissez pas un manque de calcium, de magn\u00e9sium et de zinc affecter votre sant\u00e9. Commandez d\u00e8s maintenant les comprim\u00e9s de Calcium Magn\u00e9sium Plus Zinc de Solgar et profitez des bienfaits pour votre corps et votre sant\u00e9.<\/p>","protected":false},"excerpt":{"rendered":"<p>D\u00e9couvrez les comprim\u00e9s de Calcium Magn\u00e9sium Plus Zinc de la marque Solgar, un compl\u00e9ment alimentaire essentiel pour soutenir la sant\u00e9 de votre syst\u00e8me squelettique, musculaire, nerveux et immunitaire. En plus du calcium, ce produit contient du magn\u00e9sium et du zinc, qui sont \u00e9galement n\u00e9cessaires pour maintenir des os et des dents solides et sains*. Une<span class=\"read-more-faq\"><a href=\"https:\/\/sakaba.mghosteur.com\/en\/product\/calcium-magnesium-plus-zinc\/\">Read More<\/a><\/span><\/p>","protected":false},"featured_media":0,"comment_status":"closed","ping_status":"closed","template":"","meta":[],"product_brand":[],"product_cat":[381],"product_tag":[],"class_list":{"0":"post-29775","1":"product","2":"type-product","3":"status-publish","5":"product_cat-vitamine-et-complements","7":"first","8":"instock","9":"shipping-taxable","10":"product-type-simple"},"jetpack-related-posts":[],"_links":{"self":[{"href":"https:\/\/sakaba.mghosteur.com\/en\/wp-json\/wp\/v2\/product\/29775","targetHints":{"allow":["GET"]}}],"collection":[{"href":"https:\/\/sakaba.mghosteur.com\/en\/wp-json\/wp\/v2\/product"}],"about":[{"href":"https:\/\/sakaba.mghosteur.com\/en\/wp-json\/wp\/v2\/types\/product"}],"replies":[{"embeddable":true,"href":"https:\/\/sakaba.mghosteur.com\/en\/wp-json\/wp\/v2\/comments?post=29775"}],"version-history":[{"count":0,"href":"https:\/\/sakaba.mghosteur.com\/en\/wp-json\/wp\/v2\/product\/29775\/revisions"}],"wp:attachment":[{"href":"https:\/\/sakaba.mghosteur.com\/en\/wp-json\/wp\/v2\/media?parent=29775"}],"wp:term":[{"taxonomy":"product_brand","embeddable":true,"href":"https:\/\/sakaba.mghosteur.com\/en\/wp-json\/wp\/v2\/product_brand?post=29775"},{"taxonomy":"product_cat","embeddable":true,"href":"https:\/\/sakaba.mghosteur.com\/en\/wp-json\/wp\/v2\/product_cat?post=29775"},{"taxonomy":"product_tag","embeddable":true,"href":"https:\/\/sakaba.mghosteur.com\/en\/wp-json\/wp\/v2\/product_tag?post=29775"}],"curies":[{"name":"wp","href":"https:\/\/api.w.org\/{rel}","templated":true}]}}