{"id":29792,"date":"2023-04-25T12:47:27","date_gmt":"2023-04-25T12:47:27","guid":{"rendered":"http:\/\/www.sakababeauty.com\/?post_type=product&#038;p=29792"},"modified":"2023-04-25T12:48:42","modified_gmt":"2023-04-25T12:48:42","slug":"solgar-skin-nails-hair","status":"publish","type":"product","link":"https:\/\/sakaba.mghosteur.com\/en\/product\/solgar-skin-nails-hair\/","title":{"rendered":"SOLGAR SKIN NAILS &#038; HAIR"},"content":{"rendered":"<p>D\u00e9couvrez les comprim\u00e9s Peau, Ongles &amp; Cheveux de la marque Solgar, con\u00e7us pour aider \u00e0 maintenir une peau jeune et \u00e9clatante, des cheveux brillants et des ongles sains. Cette formule unique est sp\u00e9cialement con\u00e7ue pour pr\u00e9server votre beaut\u00e9 naturelle de l&#8217;int\u00e9rieur en augmentant la production de collag\u00e8ne et de k\u00e9ratine.<\/p>\n<p>Les mauvaises habitudes de vie, la g\u00e9n\u00e9tique et l&#8217;exposition aux UV peuvent causer un vieillissement pr\u00e9matur\u00e9 et rendre votre peau plus sujette aux rides. Les comprim\u00e9s Skin, Nails &amp; Hair de Solgar sont la solution parfaite pour garder une apparence jeune et saine. En prenant deux comprim\u00e9s faciles chaque jour, vous pouvez am\u00e9liorer non seulement la sant\u00e9 de votre peau, de vos ongles et de vos cheveux, mais aussi votre syst\u00e8me immunitaire.<\/p>\n<p>Ces comprim\u00e9s sont con\u00e7us pour les adultes et peuvent \u00eatre pris de pr\u00e9f\u00e9rence avec un repas, ou selon les recommandations d&#8217;un professionnel de la sant\u00e9. Si vous \u00eates enceinte, allaitez, prenez des m\u00e9dicaments ou avez une condition m\u00e9dicale, il est recommand\u00e9 de consulter votre professionnel de la sant\u00e9 avant de prendre tout compl\u00e9ment alimentaire. Les comprim\u00e9s doivent \u00eatre conserv\u00e9s \u00e0 temp\u00e9rature ambiante et hors de port\u00e9e des enfants. N&#8217;oubliez pas de v\u00e9rifier que le sceau ext\u00e9rieur du flacon est pr\u00e9sent et non endommag\u00e9 avant utilisation.<\/p>","protected":false},"excerpt":{"rendered":"<p>D\u00e9couvrez les comprim\u00e9s Peau, Ongles &amp; Cheveux de la marque Solgar, con\u00e7us pour aider \u00e0 maintenir une peau jeune et \u00e9clatante, des cheveux brillants et des ongles sains. Cette formule unique est sp\u00e9cialement con\u00e7ue pour pr\u00e9server votre beaut\u00e9 naturelle de l&#8217;int\u00e9rieur en augmentant la production de collag\u00e8ne et de k\u00e9ratine. Les mauvaises habitudes de vie,<span class=\"read-more-faq\"><a href=\"https:\/\/sakaba.mghosteur.com\/en\/product\/solgar-skin-nails-hair\/\">Read More<\/a><\/span><\/p>","protected":false},"featured_media":0,"comment_status":"closed","ping_status":"closed","template":"","meta":[],"product_brand":[],"product_cat":[381],"product_tag":[],"class_list":{"0":"post-29792","1":"product","2":"type-product","3":"status-publish","5":"product_cat-vitamine-et-complements","7":"first","8":"instock","9":"shipping-taxable","10":"product-type-simple"},"jetpack-related-posts":[{"id":31918,"url":"https:\/\/sakaba.mghosteur.com\/en\/product\/youtheory-collagen-6000-mg-120-tablets\/","url_meta":{"origin":29792,"position":0},"title":"YOUTHEORY  COLLAGEN 6000 MG 120 TABLETS","author":"admin","date":"May 10, 2024","format":false,"excerpt":"Profitez des cheveux dynamiques, d\u2019une peau jeune, et des ongles sains avec les comprim\u00e9s au collag\u00e8ne et vitamine C de Youtheory. Ce produit aide \u00e0 lutter contre les effets du vieillissement en revitalisant la peau, les cheveux, les ongles, les tendons et les ligaments. Fournissant 6000 mg de peptides de\u2026","rel":"","context":"Similar post","block_context":{"text":"Similar post","link":""},"img":{"alt_text":"","src":"","width":0,"height":0},"classes":[]},{"id":25088,"url":"https:\/\/sakaba.mghosteur.com\/en\/product\/solgar-collagen-hyaluronic-acid-complex\/","url_meta":{"origin":29792,"position":1},"title":"SOLGAR COLLAGEN HYALURONIC ACID COMPLEX","author":"admin","date":"November 11, 2022","format":false,"excerpt":"D\u00e9couvrez le complexe d'acide hyaluronique au collag\u00e8ne de la marque Solgar pour nourrir votre peau de l'int\u00e9rieur. L'acide hyaluronique, pr\u00e9sent en grande quantit\u00e9 dans la peau, les yeux et les articulations, est essentiel \u00e0 l'hydratation de votre corps. Cependant, les rayons UV, le tabagisme, la pollution et le vieillissement peuvent\u2026","rel":"","context":"Similar post","block_context":{"text":"Similar post","link":""},"img":{"alt_text":"","src":"","width":0,"height":0},"classes":[]},{"id":29798,"url":"https:\/\/sakaba.mghosteur.com\/en\/product\/solgar-chelated-zinc-100-tablets\/","url_meta":{"origin":29792,"position":2},"title":"SOLGAR CHELATED ZINC 100 TABLETS","author":"admin","date":"April 25, 2023","format":false,"excerpt":"D\u00e9couvrez les comprim\u00e9s de zinc ch\u00e9lat\u00e9 de la marque Solgar pour soutenir votre bien-\u00eatre g\u00e9n\u00e9ral. Le zinc, un min\u00e9ral et antioxydant essentiel \u00e0 de nombreuses fonctions cl\u00e9s de votre corps, aide \u00e0 maintenir une peau et des yeux sains, ainsi que des fonctions normales du syst\u00e8me immunitaire, squelettique, endocrinien et\u2026","rel":"","context":"Similar post","block_context":{"text":"Similar post","link":""},"img":{"alt_text":"","src":"","width":0,"height":0},"classes":[]},{"id":25019,"url":"https:\/\/sakaba.mghosteur.com\/en\/product\/neocell-collagen-beauty-builder\/","url_meta":{"origin":29792,"position":3},"title":"NEOCELL COLLAGEN BEAUTY BUILDER","author":"admin","date":"November 11, 2022","format":false,"excerpt":"D\u00e9couvrez le NeoCell Collagen Beauty Builder, un suppl\u00e9ment alimentaire con\u00e7u pour renforcer votre beaut\u00e9 int\u00e9rieure. Ce produit est compos\u00e9 de types de collag\u00e8ne 1 et 3, d'acide hyaluronique et de biotine qui favorisent une peau \u00e9clatante et des cheveux et des ongles sains. Chaque portion de ce suppl\u00e9ment contient 3g\u2026","rel":"","context":"Similar post","block_context":{"text":"Similar post","link":""},"img":{"alt_text":"","src":"","width":0,"height":0},"classes":[]},{"id":31886,"url":"https:\/\/sakaba.mghosteur.com\/en\/product\/super-collagen-vitamin-c-biotin-90t\/","url_meta":{"origin":29792,"position":4},"title":"SUPER COLLAGEN + VITAMIN C &amp; BIOTIN 90T","author":"admin","date":"May 10, 2024","format":false,"excerpt":"Les comprim\u00e9s NeoCell Super Collagen sont formul\u00e9s pour soutenir votre beaut\u00e9 radieuse de l'int\u00e9rieur, favoriser la sant\u00e9 des articulations et soutenir les cheveux, la peau et les ongles (1). Avec du collag\u00e8ne nourri \u00e0 l'herbe de types 1 et 3, ces capsules de collag\u00e8ne donnent \u00e0 votre corps les \u00e9l\u00e9ments\u2026","rel":"","context":"Similar post","block_context":{"text":"Similar post","link":""},"img":{"alt_text":"","src":"","width":0,"height":0},"classes":[]},{"id":25086,"url":"https:\/\/sakaba.mghosteur.com\/en\/product\/solgar-chelated-zinc\/","url_meta":{"origin":29792,"position":5},"title":"SOLGAR CHELATED ZINC","author":"admin","date":"November 11, 2022","format":false,"excerpt":"D\u00e9couvrez le compl\u00e9ment alimentaire de zinc ch\u00e9lat\u00e9 de Solgar\u00ae, un min\u00e9ral essentiel pour le maintien de votre sant\u00e9 et de votre bien-\u00eatre g\u00e9n\u00e9ral*. Notre formule hautement absorbable aide \u00e0 soutenir la sant\u00e9 du syst\u00e8me immunitaire*, une peau et des yeux sains*, un go\u00fbt et une vision normaux*, ainsi que des\u2026","rel":"","context":"Similar post","block_context":{"text":"Similar post","link":""},"img":{"alt_text":"","src":"","width":0,"height":0},"classes":[]}],"_links":{"self":[{"href":"https:\/\/sakaba.mghosteur.com\/en\/wp-json\/wp\/v2\/product\/29792","targetHints":{"allow":["GET"]}}],"collection":[{"href":"https:\/\/sakaba.mghosteur.com\/en\/wp-json\/wp\/v2\/product"}],"about":[{"href":"https:\/\/sakaba.mghosteur.com\/en\/wp-json\/wp\/v2\/types\/product"}],"replies":[{"embeddable":true,"href":"https:\/\/sakaba.mghosteur.com\/en\/wp-json\/wp\/v2\/comments?post=29792"}],"version-history":[{"count":0,"href":"https:\/\/sakaba.mghosteur.com\/en\/wp-json\/wp\/v2\/product\/29792\/revisions"}],"wp:attachment":[{"href":"https:\/\/sakaba.mghosteur.com\/en\/wp-json\/wp\/v2\/media?parent=29792"}],"wp:term":[{"taxonomy":"product_brand","embeddable":true,"href":"https:\/\/sakaba.mghosteur.com\/en\/wp-json\/wp\/v2\/product_brand?post=29792"},{"taxonomy":"product_cat","embeddable":true,"href":"https:\/\/sakaba.mghosteur.com\/en\/wp-json\/wp\/v2\/product_cat?post=29792"},{"taxonomy":"product_tag","embeddable":true,"href":"https:\/\/sakaba.mghosteur.com\/en\/wp-json\/wp\/v2\/product_tag?post=29792"}],"curies":[{"name":"wp","href":"https:\/\/api.w.org\/{rel}","templated":true}]}}