{"id":29795,"date":"2023-04-25T13:09:23","date_gmt":"2023-04-25T13:09:23","guid":{"rendered":"http:\/\/www.sakababeauty.com\/?post_type=product&#038;p=29795"},"modified":"2024-08-08T18:33:12","modified_gmt":"2024-08-08T18:33:12","slug":"solgar-b-complex-100","status":"publish","type":"product","link":"https:\/\/sakaba.mghosteur.com\/en\/product\/solgar-b-complex-100\/","title":{"rendered":"SOLGAR B COMPLEX 100"},"content":{"rendered":"<p>D\u00e9couvrez les comprim\u00e9s &#8220;100&#8221; du complexe B de la marque Solgar pour vous aider \u00e0 maintenir un m\u00e9tabolisme \u00e9quilibr\u00e9 et une bonne sant\u00e9 globale. Chaque comprim\u00e9 contient une combinaison de vitamines B essentielles pour transformer les glucides, les lipides et les prot\u00e9ines en \u00e9nergie.<\/p>\n<p>Ce compl\u00e9ment alimentaire est destin\u00e9 aux adultes et est recommand\u00e9 de prendre un comprim\u00e9 par jour, de pr\u00e9f\u00e9rence avec un repas ou selon les conseils d&#8217;un professionnel de la sant\u00e9. Toutefois, les femmes enceintes ou allaitantes ne doivent pas utiliser ce produit. Si vous prenez des m\u00e9dicaments, avez une condition m\u00e9dicale ou pr\u00e9voyez de subir des tests cliniques en laboratoire, il est important de consulter votre professionnel de la sant\u00e9 avant de prendre tout compl\u00e9ment alimentaire.<\/p>\n<p>Veillez \u00e0 ranger le flacon \u00e0 temp\u00e9rature ambiante, \u00e0 l&#8217;abri de la port\u00e9e des enfants. N&#8217;utilisez pas le produit si le sceau ext\u00e9rieur du flacon est manquant ou endommag\u00e9. Si des effets ind\u00e9sirables surviennent, cessez l&#8217;utilisation et consultez votre professionnel de la sant\u00e9. Les suppl\u00e9ments peuvent interagir avec certains m\u00e9dicaments et\/ou interf\u00e9rer avec certains tests de laboratoire, il est donc important de prendre des pr\u00e9cautions. Optez pour les comprim\u00e9s &#8220;100&#8221; du complexe B de Solgar pour une sant\u00e9 optimale.<\/p>","protected":false},"excerpt":{"rendered":"<p>D\u00e9couvrez les comprim\u00e9s &#8220;100&#8221; du complexe B de la marque Solgar pour vous aider \u00e0 maintenir un m\u00e9tabolisme \u00e9quilibr\u00e9 et une bonne sant\u00e9 globale. Chaque comprim\u00e9 contient une combinaison de vitamines B essentielles pour transformer les glucides, les lipides et les prot\u00e9ines en \u00e9nergie. Ce compl\u00e9ment alimentaire est destin\u00e9 aux adultes et est recommand\u00e9 de<span class=\"read-more-faq\"><a href=\"https:\/\/sakaba.mghosteur.com\/en\/product\/solgar-b-complex-100\/\">Read More<\/a><\/span><\/p>","protected":false},"featured_media":0,"comment_status":"closed","ping_status":"closed","template":"","meta":[],"product_brand":[],"product_cat":[391,381],"product_tag":[],"class_list":{"0":"post-29795","1":"product","2":"type-product","3":"status-publish","5":"product_cat-aae-bien-etre","6":"product_cat-vitamine-et-complements","8":"first","9":"instock","10":"shipping-taxable","11":"product-type-simple"},"jetpack-related-posts":[],"_links":{"self":[{"href":"https:\/\/sakaba.mghosteur.com\/en\/wp-json\/wp\/v2\/product\/29795","targetHints":{"allow":["GET"]}}],"collection":[{"href":"https:\/\/sakaba.mghosteur.com\/en\/wp-json\/wp\/v2\/product"}],"about":[{"href":"https:\/\/sakaba.mghosteur.com\/en\/wp-json\/wp\/v2\/types\/product"}],"replies":[{"embeddable":true,"href":"https:\/\/sakaba.mghosteur.com\/en\/wp-json\/wp\/v2\/comments?post=29795"}],"version-history":[{"count":0,"href":"https:\/\/sakaba.mghosteur.com\/en\/wp-json\/wp\/v2\/product\/29795\/revisions"}],"wp:attachment":[{"href":"https:\/\/sakaba.mghosteur.com\/en\/wp-json\/wp\/v2\/media?parent=29795"}],"wp:term":[{"taxonomy":"product_brand","embeddable":true,"href":"https:\/\/sakaba.mghosteur.com\/en\/wp-json\/wp\/v2\/product_brand?post=29795"},{"taxonomy":"product_cat","embeddable":true,"href":"https:\/\/sakaba.mghosteur.com\/en\/wp-json\/wp\/v2\/product_cat?post=29795"},{"taxonomy":"product_tag","embeddable":true,"href":"https:\/\/sakaba.mghosteur.com\/en\/wp-json\/wp\/v2\/product_tag?post=29795"}],"curies":[{"name":"wp","href":"https:\/\/api.w.org\/{rel}","templated":true}]}}