{"id":29801,"date":"2023-04-25T14:05:38","date_gmt":"2023-04-25T14:05:38","guid":{"rendered":"http:\/\/www.sakababeauty.com\/?post_type=product&#038;p=29801"},"modified":"2023-04-25T14:05:39","modified_gmt":"2023-04-25T14:05:39","slug":"solgar-cod-liver-oil-vitamin-ad","status":"publish","type":"product","link":"https:\/\/sakaba.mghosteur.com\/en\/product\/solgar-cod-liver-oil-vitamin-ad\/","title":{"rendered":"SOLGAR COD LIVER OIL VITAMIN A&#038;D"},"content":{"rendered":"","protected":false},"excerpt":{"rendered":"","protected":false},"featured_media":0,"comment_status":"closed","ping_status":"closed","template":"","meta":[],"product_brand":[],"product_cat":[381],"product_tag":[],"class_list":{"0":"post-29801","1":"product","2":"type-product","3":"status-publish","5":"product_cat-vitamine-et-complements","7":"first","8":"instock","9":"shipping-taxable","10":"product-type-simple"},"jetpack-related-posts":[{"id":29814,"url":"https:\/\/sakaba.mghosteur.com\/en\/product\/solgar-vitamin-d3-125mcg-5000-iu\/","url_meta":{"origin":29801,"position":0},"title":"SOLGAR VITAMIN D3 125MCG 5000 IU","author":"admin","date":"April 25, 2023","format":false,"excerpt":"D\u00e9couvrez les g\u00e9lules de vitamine D3 (chol\u00e9calcif\u00e9rol) de la marque Solgar pour maintenir une bonne sant\u00e9. Vivre dans l'h\u00e9misph\u00e8re nord ou utiliser beaucoup de cr\u00e8me solaire peut emp\u00eacher votre corps de produire suffisamment de cette \"vitamine solaire\" par lui-m\u00eame. De plus, la vitamine D est rare dans la plupart des\u2026","rel":"","context":"Similar post","block_context":{"text":"Similar post","link":""},"img":{"alt_text":"","src":"","width":0,"height":0},"classes":[]},{"id":29811,"url":"https:\/\/sakaba.mghosteur.com\/en\/product\/solgar-vitamin-c-1500-mg-with-rose-hips\/","url_meta":{"origin":29801,"position":1},"title":"SOLGAR VITAMIN C 1500 MG WITH ROSE HIPS","author":"admin","date":"April 25, 2023","format":false,"excerpt":"Optimisez votre sant\u00e9 avec les comprim\u00e9s de vitamine C de la marque Solgar, formul\u00e9s avec 1500 mg de vitamine C pure ainsi que des fruits d'\u00e9glantier. La vitamine C est une vitamine essentielle et puissant antioxydant qui joue un r\u00f4le crucial dans le fonctionnement de votre syst\u00e8me immunitaire en stimulant\u2026","rel":"","context":"Similar post","block_context":{"text":"Similar post","link":""},"img":{"alt_text":"","src":"","width":0,"height":0},"classes":[]},{"id":25088,"url":"https:\/\/sakaba.mghosteur.com\/en\/product\/solgar-collagen-hyaluronic-acid-complex\/","url_meta":{"origin":29801,"position":2},"title":"SOLGAR COLLAGEN HYALURONIC ACID COMPLEX","author":"admin","date":"November 11, 2022","format":false,"excerpt":"D\u00e9couvrez le complexe d'acide hyaluronique au collag\u00e8ne de la marque Solgar pour nourrir votre peau de l'int\u00e9rieur. L'acide hyaluronique, pr\u00e9sent en grande quantit\u00e9 dans la peau, les yeux et les articulations, est essentiel \u00e0 l'hydratation de votre corps. Cependant, les rayons UV, le tabagisme, la pollution et le vieillissement peuvent\u2026","rel":"","context":"Similar post","block_context":{"text":"Similar post","link":""},"img":{"alt_text":"","src":"","width":0,"height":0},"classes":[]},{"id":29807,"url":"https:\/\/sakaba.mghosteur.com\/en\/product\/pure-vitamin-c-crystals\/","url_meta":{"origin":29801,"position":3},"title":"PURE  VITAMIN C CRYSTALS","author":"admin","date":"April 25, 2023","format":false,"excerpt":"Les cristaux de vitamine C Solgar\u00ae sont une source pratique de vitamine C pure. La vitamine C est un nutriment important pour la sant\u00e9 de la peau et des articulations gr\u00e2ce \u00e0 ses propri\u00e9t\u00e9s antioxydantes et de soutien immunitaire. En tant qu'antioxydant, elle aide \u00e0 lutter contre les radicaux libres\u2026","rel":"","context":"Similar post","block_context":{"text":"Similar post","link":""},"img":{"alt_text":"","src":"","width":0,"height":0},"classes":[]},{"id":29795,"url":"https:\/\/sakaba.mghosteur.com\/en\/product\/solgar-b-complex-100\/","url_meta":{"origin":29801,"position":4},"title":"SOLGAR B COMPLEX 100","author":"admin","date":"April 25, 2023","format":false,"excerpt":"D\u00e9couvrez les comprim\u00e9s \"100\" du complexe B de la marque Solgar pour vous aider \u00e0 maintenir un m\u00e9tabolisme \u00e9quilibr\u00e9 et une bonne sant\u00e9 globale. Chaque comprim\u00e9 contient une combinaison de vitamines B essentielles pour transformer les glucides, les lipides et les prot\u00e9ines en \u00e9nergie. Ce compl\u00e9ment alimentaire est destin\u00e9 aux\u2026","rel":"","context":"Similar post","block_context":{"text":"Similar post","link":""},"img":{"alt_text":"","src":"","width":0,"height":0},"classes":[]},{"id":29785,"url":"https:\/\/sakaba.mghosteur.com\/en\/product\/omega-3-fish-oil-concentrate\/","url_meta":{"origin":29801,"position":5},"title":"OMEGA 3 FISH OIL CONCENTRATE","author":"admin","date":"April 25, 2023","format":false,"excerpt":"D\u00e9couvrez les g\u00e9lules de concentr\u00e9 d'huile de poisson om\u00e9ga-3 de la marque Solgar pour soutenir votre sant\u00e9 cardiaque. Ces g\u00e9lules sont une source naturelle et concentr\u00e9e d'acides gras essentiels om\u00e9ga-3, qui jouent un r\u00f4le essentiel dans une alimentation saine. Prendre quotidiennement 250 mg de ces g\u00e9lules aide \u00e0 soutenir la\u2026","rel":"","context":"Similar post","block_context":{"text":"Similar post","link":""},"img":{"alt_text":"","src":"","width":0,"height":0},"classes":[]}],"_links":{"self":[{"href":"https:\/\/sakaba.mghosteur.com\/en\/wp-json\/wp\/v2\/product\/29801","targetHints":{"allow":["GET"]}}],"collection":[{"href":"https:\/\/sakaba.mghosteur.com\/en\/wp-json\/wp\/v2\/product"}],"about":[{"href":"https:\/\/sakaba.mghosteur.com\/en\/wp-json\/wp\/v2\/types\/product"}],"replies":[{"embeddable":true,"href":"https:\/\/sakaba.mghosteur.com\/en\/wp-json\/wp\/v2\/comments?post=29801"}],"version-history":[{"count":0,"href":"https:\/\/sakaba.mghosteur.com\/en\/wp-json\/wp\/v2\/product\/29801\/revisions"}],"wp:attachment":[{"href":"https:\/\/sakaba.mghosteur.com\/en\/wp-json\/wp\/v2\/media?parent=29801"}],"wp:term":[{"taxonomy":"product_brand","embeddable":true,"href":"https:\/\/sakaba.mghosteur.com\/en\/wp-json\/wp\/v2\/product_brand?post=29801"},{"taxonomy":"product_cat","embeddable":true,"href":"https:\/\/sakaba.mghosteur.com\/en\/wp-json\/wp\/v2\/product_cat?post=29801"},{"taxonomy":"product_tag","embeddable":true,"href":"https:\/\/sakaba.mghosteur.com\/en\/wp-json\/wp\/v2\/product_tag?post=29801"}],"curies":[{"name":"wp","href":"https:\/\/api.w.org\/{rel}","templated":true}]}}