{"id":29807,"date":"2023-04-25T18:11:22","date_gmt":"2023-04-25T18:11:22","guid":{"rendered":"http:\/\/www.sakababeauty.com\/?post_type=product&#038;p=29807"},"modified":"2023-04-25T18:35:13","modified_gmt":"2023-04-25T18:35:13","slug":"pure-vitamin-c-crystals","status":"publish","type":"product","link":"https:\/\/sakaba.mghosteur.com\/en\/product\/pure-vitamin-c-crystals\/","title":{"rendered":"PURE  VITAMIN C CRYSTALS"},"content":{"rendered":"<p>Les cristaux de vitamine C Solgar\u00ae sont une source pratique de vitamine C pure. La vitamine C est un nutriment important pour la sant\u00e9 de la peau et des articulations gr\u00e2ce \u00e0 ses propri\u00e9t\u00e9s antioxydantes et de soutien immunitaire. En tant qu&#8217;antioxydant, elle aide \u00e0 lutter contre les radicaux libres dans le corps. Les cristaux peuvent \u00eatre ajout\u00e9s \u00e0 un jus ou saupoudr\u00e9s sur les aliments pour une consommation facile. Comme compl\u00e9ment alimentaire pour adultes, prendre un quart (1\/4) de cuill\u00e8re \u00e0 caf\u00e9 par jour, de pr\u00e9f\u00e9rence avec un repas, ou selon les recommandations d&#8217;un professionnel de la sant\u00e9. Consultez votre professionnel de la sant\u00e9 avant de prendre tout compl\u00e9ment alimentaire si vous \u00eates enceinte, allaitez, prenez des m\u00e9dicaments ou avez une condition m\u00e9dicale. Tenir hors de port\u00e9e des enfants et ranger \u00e0 temp\u00e9rature ambiante. Ne pas utiliser si le sceau ext\u00e9rieur du flacon est manquant ou endommag\u00e9. Optez pour les cristaux de vitamine C Solgar\u00ae pour un soutien optimal de votre sant\u00e9 !<\/p>","protected":false},"excerpt":{"rendered":"<p>Les cristaux de vitamine C Solgar\u00ae sont une source pratique de vitamine C pure. La vitamine C est un nutriment important pour la sant\u00e9 de la peau et des articulations gr\u00e2ce \u00e0 ses propri\u00e9t\u00e9s antioxydantes et de soutien immunitaire. En tant qu&#8217;antioxydant, elle aide \u00e0 lutter contre les radicaux libres dans le corps. Les cristaux<span class=\"read-more-faq\"><a href=\"https:\/\/sakaba.mghosteur.com\/en\/product\/pure-vitamin-c-crystals\/\">Read More<\/a><\/span><\/p>","protected":false},"featured_media":0,"comment_status":"closed","ping_status":"closed","template":"","meta":[],"product_brand":[],"product_cat":[381],"product_tag":[],"class_list":{"0":"post-29807","1":"product","2":"type-product","3":"status-publish","5":"product_cat-vitamine-et-complements","7":"first","8":"instock","9":"shipping-taxable","10":"product-type-simple"},"jetpack-related-posts":[{"id":29811,"url":"https:\/\/sakaba.mghosteur.com\/en\/product\/solgar-vitamin-c-1500-mg-with-rose-hips\/","url_meta":{"origin":29807,"position":0},"title":"SOLGAR VITAMIN C 1500 MG WITH ROSE HIPS","author":"admin","date":"April 25, 2023","format":false,"excerpt":"Optimisez votre sant\u00e9 avec les comprim\u00e9s de vitamine C de la marque Solgar, formul\u00e9s avec 1500 mg de vitamine C pure ainsi que des fruits d'\u00e9glantier. La vitamine C est une vitamine essentielle et puissant antioxydant qui joue un r\u00f4le crucial dans le fonctionnement de votre syst\u00e8me immunitaire en stimulant\u2026","rel":"","context":"Similar post","block_context":{"text":"Similar post","link":""},"img":{"alt_text":"","src":"","width":0,"height":0},"classes":[]},{"id":29817,"url":"https:\/\/sakaba.mghosteur.com\/en\/product\/vitamin-c-1000-mg-with-rose-hips\/","url_meta":{"origin":29807,"position":1},"title":"VITAMIN C 1000 MG WITH ROSE HIPS","author":"admin","date":"April 25, 2023","format":false,"excerpt":"Optimisez votre sant\u00e9 avec la vitamine C 1000 mg de la marque Solgar, un nutriment antioxydant essentiel qui contribue au fonctionnement du syst\u00e8me immunitaire en soutenant la vitalit\u00e9 des globules blancs. De plus, cette vitamine joue un r\u00f4le cl\u00e9 dans la formation de collag\u00e8ne, qui est important pour une peau,\u2026","rel":"","context":"Similar post","block_context":{"text":"Similar post","link":""},"img":{"alt_text":"","src":"","width":0,"height":0},"classes":[]},{"id":29771,"url":"https:\/\/sakaba.mghosteur.com\/en\/product\/calcium-600-from-oyster-shell-with-vitamin-d3\/","url_meta":{"origin":29807,"position":2},"title":"CALCIUM 600 FROM OYSTER SHELL WITH VITAMIN D3","author":"admin","date":"April 24, 2023","format":false,"excerpt":"D\u00e9couvrez les comprim\u00e9s de calcium \"600\" de la marque Solgar, un compl\u00e9ment alimentaire essentiel pour une bonne sant\u00e9. Ces comprim\u00e9s de calcium provenant de coquilles d'hu\u00eetres contiennent \u00e9galement de la vitamine D3 pour am\u00e9liorer l'absorption du calcium dans l'organisme. Le calcium est un min\u00e9ral important pour maintenir des os et\u2026","rel":"","context":"Similar post","block_context":{"text":"Similar post","link":""},"img":{"alt_text":"","src":"","width":0,"height":0},"classes":[]},{"id":29814,"url":"https:\/\/sakaba.mghosteur.com\/en\/product\/solgar-vitamin-d3-125mcg-5000-iu\/","url_meta":{"origin":29807,"position":3},"title":"SOLGAR VITAMIN D3 125MCG 5000 IU","author":"admin","date":"April 25, 2023","format":false,"excerpt":"D\u00e9couvrez les g\u00e9lules de vitamine D3 (chol\u00e9calcif\u00e9rol) de la marque Solgar pour maintenir une bonne sant\u00e9. Vivre dans l'h\u00e9misph\u00e8re nord ou utiliser beaucoup de cr\u00e8me solaire peut emp\u00eacher votre corps de produire suffisamment de cette \"vitamine solaire\" par lui-m\u00eame. De plus, la vitamine D est rare dans la plupart des\u2026","rel":"","context":"Similar post","block_context":{"text":"Similar post","link":""},"img":{"alt_text":"","src":"","width":0,"height":0},"classes":[]},{"id":29795,"url":"https:\/\/sakaba.mghosteur.com\/en\/product\/solgar-b-complex-100\/","url_meta":{"origin":29807,"position":4},"title":"SOLGAR B COMPLEX 100","author":"admin","date":"April 25, 2023","format":false,"excerpt":"D\u00e9couvrez les comprim\u00e9s \"100\" du complexe B de la marque Solgar pour vous aider \u00e0 maintenir un m\u00e9tabolisme \u00e9quilibr\u00e9 et une bonne sant\u00e9 globale. Chaque comprim\u00e9 contient une combinaison de vitamines B essentielles pour transformer les glucides, les lipides et les prot\u00e9ines en \u00e9nergie. Ce compl\u00e9ment alimentaire est destin\u00e9 aux\u2026","rel":"","context":"Similar post","block_context":{"text":"Similar post","link":""},"img":{"alt_text":"","src":"","width":0,"height":0},"classes":[]},{"id":29798,"url":"https:\/\/sakaba.mghosteur.com\/en\/product\/solgar-chelated-zinc-100-tablets\/","url_meta":{"origin":29807,"position":5},"title":"SOLGAR CHELATED ZINC 100 TABLETS","author":"admin","date":"April 25, 2023","format":false,"excerpt":"D\u00e9couvrez les comprim\u00e9s de zinc ch\u00e9lat\u00e9 de la marque Solgar pour soutenir votre bien-\u00eatre g\u00e9n\u00e9ral. Le zinc, un min\u00e9ral et antioxydant essentiel \u00e0 de nombreuses fonctions cl\u00e9s de votre corps, aide \u00e0 maintenir une peau et des yeux sains, ainsi que des fonctions normales du syst\u00e8me immunitaire, squelettique, endocrinien et\u2026","rel":"","context":"Similar post","block_context":{"text":"Similar post","link":""},"img":{"alt_text":"","src":"","width":0,"height":0},"classes":[]}],"_links":{"self":[{"href":"https:\/\/sakaba.mghosteur.com\/en\/wp-json\/wp\/v2\/product\/29807","targetHints":{"allow":["GET"]}}],"collection":[{"href":"https:\/\/sakaba.mghosteur.com\/en\/wp-json\/wp\/v2\/product"}],"about":[{"href":"https:\/\/sakaba.mghosteur.com\/en\/wp-json\/wp\/v2\/types\/product"}],"replies":[{"embeddable":true,"href":"https:\/\/sakaba.mghosteur.com\/en\/wp-json\/wp\/v2\/comments?post=29807"}],"version-history":[{"count":0,"href":"https:\/\/sakaba.mghosteur.com\/en\/wp-json\/wp\/v2\/product\/29807\/revisions"}],"wp:attachment":[{"href":"https:\/\/sakaba.mghosteur.com\/en\/wp-json\/wp\/v2\/media?parent=29807"}],"wp:term":[{"taxonomy":"product_brand","embeddable":true,"href":"https:\/\/sakaba.mghosteur.com\/en\/wp-json\/wp\/v2\/product_brand?post=29807"},{"taxonomy":"product_cat","embeddable":true,"href":"https:\/\/sakaba.mghosteur.com\/en\/wp-json\/wp\/v2\/product_cat?post=29807"},{"taxonomy":"product_tag","embeddable":true,"href":"https:\/\/sakaba.mghosteur.com\/en\/wp-json\/wp\/v2\/product_tag?post=29807"}],"curies":[{"name":"wp","href":"https:\/\/api.w.org\/{rel}","templated":true}]}}