{"id":29811,"date":"2023-04-25T18:42:29","date_gmt":"2023-04-25T18:42:29","guid":{"rendered":"http:\/\/www.sakababeauty.com\/?post_type=product&#038;p=29811"},"modified":"2024-09-01T02:25:16","modified_gmt":"2024-09-01T02:25:16","slug":"solgar-vitamin-c-1500-mg-with-rose-hips","status":"publish","type":"product","link":"https:\/\/sakaba.mghosteur.com\/en\/product\/solgar-vitamin-c-1500-mg-with-rose-hips\/","title":{"rendered":"SOLGAR VITAMIN C 1500 MG WITH ROSE HIPS"},"content":{"rendered":"<div class=\"flex-1 overflow-hidden\">\n<div class=\"react-scroll-to-bottom--css-icslv-79elbk h-full dark:bg-gray-800\">\n<div class=\"react-scroll-to-bottom--css-icslv-1n7m0yu\">\n<div class=\"flex flex-col items-center text-sm dark:bg-gray-800\">\n<div class=\"group w-full text-gray-800 dark:text-gray-100 border-b border-black\/10 dark:border-gray-900\/50 bg-gray-50 dark:bg-[#444654]\">\n<div class=\"text-base gap-4 md:gap-6 md:max-w-2xl lg:max-w-xl xl:max-w-3xl p-4 md:py-6 flex lg:px-0 m-auto\">\n<div class=\"relative flex w-[calc(100%-50px)] flex-col gap-1 md:gap-3 lg:w-[calc(100%-115px)]\">\n<div class=\"flex flex-grow flex-col gap-3\">\n<div class=\"min-h-[20px] flex flex-col items-start gap-4 whitespace-pre-wrap break-words\">\n<div class=\"markdown prose w-full break-words dark:prose-invert light\">\n<p>Optimisez votre sant\u00e9 avec les comprim\u00e9s de vitamine C de la marque Solgar, formul\u00e9s avec 1500 mg de vitamine C pure ainsi que des fruits d&#8217;\u00e9glantier. La vitamine C est une vitamine essentielle et puissant antioxydant qui joue un r\u00f4le crucial dans le fonctionnement de votre syst\u00e8me immunitaire en stimulant les globules blancs. Elle participe \u00e9galement \u00e0 la formation de collag\u00e8ne, important pour la sant\u00e9 de la peau, des articulations et des vaisseaux sanguins. Notre formulation exclusive vous garantit une dose optimale de vitamine C pour un bien-\u00eatre maximal. Pour en profiter, prenez un comprim\u00e9 par jour avec un repas ou selon les recommandations de votre professionnel de la sant\u00e9. Avant de prendre tout compl\u00e9ment alimentaire, consultez votre professionnel de la sant\u00e9 si vous \u00eates enceinte, allaitez, prenez des m\u00e9dicaments ou avez un probl\u00e8me de sant\u00e9. Tenir hors de port\u00e9e des enfants et ranger \u00e0 temp\u00e9rature ambiante. N&#8217;h\u00e9sitez plus et optez pour les comprim\u00e9s de vitamine C de Solgar pour une sant\u00e9 optimale !<\/p>\n<\/div>\n<\/div>\n<\/div>\n<div class=\"flex justify-between lg:block\">\n<div class=\"text-gray-400 flex self-end lg:self-center justify-center mt-2 gap-2 md:gap-3 lg:gap-1 lg:absolute lg:top-0 lg:translate-x-full lg:right-0 lg:mt-0 lg:pl-2 visible\"><\/div>\n<\/div>\n<\/div>\n<\/div>\n<\/div>\n<div class=\"w-full h-32 md:h-48 flex-shrink-0\"><\/div>\n<\/div>\n<p><button class=\"cursor-pointer absolute right-6 bottom-[124px] md:bottom-[120px] z-10 rounded-full border border-gray-200 bg-gray-50 text-gray-600 dark:border-white\/10 dark:bg-white\/10 dark:text-gray-200\"><\/button><\/div>\n<\/div>\n<\/div>\n<div class=\"absolute bottom-0 left-0 w-full border-t md:border-t-0 dark:border-white\/20 md:border-transparent md:dark:border-transparent md:bg-vert-light-gradient bg-white dark:bg-gray-800 md:!bg-transparent dark:md:bg-vert-dark-gradient pt-2\">\n<div class=\"relative flex h-full flex-1 items-stretch md:flex-col\">\n<div class=\"\">\n<div class=\"h-full flex ml-1 md:w-full md:m-auto md:mb-2 gap-0 md:gap-2 justify-center\"><\/div>\n<\/div>\n<\/div>\n<\/div>","protected":false},"excerpt":{"rendered":"<p>Optimisez votre sant\u00e9 avec les comprim\u00e9s de vitamine C de la marque Solgar, formul\u00e9s avec 1500 mg de vitamine C pure ainsi que des fruits d&#8217;\u00e9glantier. La vitamine C est une vitamine essentielle et puissant antioxydant qui joue un r\u00f4le crucial dans le fonctionnement de votre syst\u00e8me immunitaire en stimulant les globules blancs. Elle participe<span class=\"read-more-faq\"><a href=\"https:\/\/sakaba.mghosteur.com\/en\/product\/solgar-vitamin-c-1500-mg-with-rose-hips\/\">Read More<\/a><\/span><\/p>","protected":false},"featured_media":0,"comment_status":"closed","ping_status":"closed","template":"","meta":[],"product_brand":[],"product_cat":[391,381],"product_tag":[],"class_list":{"0":"post-29811","1":"product","2":"type-product","3":"status-publish","5":"product_cat-aae-bien-etre","6":"product_cat-vitamine-et-complements","8":"first","9":"instock","10":"shipping-taxable","11":"product-type-simple"},"jetpack-related-posts":[{"id":29817,"url":"https:\/\/sakaba.mghosteur.com\/en\/product\/vitamin-c-1000-mg-with-rose-hips\/","url_meta":{"origin":29811,"position":0},"title":"VITAMIN C 1000 MG WITH ROSE HIPS","author":"admin","date":"April 25, 2023","format":false,"excerpt":"Optimisez votre sant\u00e9 avec la vitamine C 1000 mg de la marque Solgar, un nutriment antioxydant essentiel qui contribue au fonctionnement du syst\u00e8me immunitaire en soutenant la vitalit\u00e9 des globules blancs. De plus, cette vitamine joue un r\u00f4le cl\u00e9 dans la formation de collag\u00e8ne, qui est important pour une peau,\u2026","rel":"","context":"Similar post","block_context":{"text":"Similar post","link":""},"img":{"alt_text":"","src":"","width":0,"height":0},"classes":[]},{"id":29801,"url":"https:\/\/sakaba.mghosteur.com\/en\/product\/solgar-cod-liver-oil-vitamin-ad\/","url_meta":{"origin":29811,"position":1},"title":"SOLGAR COD LIVER OIL VITAMIN A&#038;D","author":"admin","date":"April 25, 2023","format":false,"excerpt":"","rel":"","context":"Similar post","block_context":{"text":"Similar post","link":""},"img":{"alt_text":"","src":"","width":0,"height":0},"classes":[]},{"id":29814,"url":"https:\/\/sakaba.mghosteur.com\/en\/product\/solgar-vitamin-d3-125mcg-5000-iu\/","url_meta":{"origin":29811,"position":2},"title":"SOLGAR VITAMIN D3 125MCG 5000 IU","author":"admin","date":"April 25, 2023","format":false,"excerpt":"D\u00e9couvrez les g\u00e9lules de vitamine D3 (chol\u00e9calcif\u00e9rol) de la marque Solgar pour maintenir une bonne sant\u00e9. Vivre dans l'h\u00e9misph\u00e8re nord ou utiliser beaucoup de cr\u00e8me solaire peut emp\u00eacher votre corps de produire suffisamment de cette \"vitamine solaire\" par lui-m\u00eame. De plus, la vitamine D est rare dans la plupart des\u2026","rel":"","context":"Similar post","block_context":{"text":"Similar post","link":""},"img":{"alt_text":"","src":"","width":0,"height":0},"classes":[]},{"id":29807,"url":"https:\/\/sakaba.mghosteur.com\/en\/product\/pure-vitamin-c-crystals\/","url_meta":{"origin":29811,"position":3},"title":"PURE  VITAMIN C CRYSTALS","author":"admin","date":"April 25, 2023","format":false,"excerpt":"Les cristaux de vitamine C Solgar\u00ae sont une source pratique de vitamine C pure. La vitamine C est un nutriment important pour la sant\u00e9 de la peau et des articulations gr\u00e2ce \u00e0 ses propri\u00e9t\u00e9s antioxydantes et de soutien immunitaire. En tant qu'antioxydant, elle aide \u00e0 lutter contre les radicaux libres\u2026","rel":"","context":"Similar post","block_context":{"text":"Similar post","link":""},"img":{"alt_text":"","src":"","width":0,"height":0},"classes":[]},{"id":25088,"url":"https:\/\/sakaba.mghosteur.com\/en\/product\/solgar-collagen-hyaluronic-acid-complex\/","url_meta":{"origin":29811,"position":4},"title":"SOLGAR COLLAGEN HYALURONIC ACID COMPLEX","author":"admin","date":"November 11, 2022","format":false,"excerpt":"D\u00e9couvrez le complexe d'acide hyaluronique au collag\u00e8ne de la marque Solgar pour nourrir votre peau de l'int\u00e9rieur. L'acide hyaluronique, pr\u00e9sent en grande quantit\u00e9 dans la peau, les yeux et les articulations, est essentiel \u00e0 l'hydratation de votre corps. Cependant, les rayons UV, le tabagisme, la pollution et le vieillissement peuvent\u2026","rel":"","context":"Similar post","block_context":{"text":"Similar post","link":""},"img":{"alt_text":"","src":"","width":0,"height":0},"classes":[]},{"id":29795,"url":"https:\/\/sakaba.mghosteur.com\/en\/product\/solgar-b-complex-100\/","url_meta":{"origin":29811,"position":5},"title":"SOLGAR B COMPLEX 100","author":"admin","date":"April 25, 2023","format":false,"excerpt":"D\u00e9couvrez les comprim\u00e9s \"100\" du complexe B de la marque Solgar pour vous aider \u00e0 maintenir un m\u00e9tabolisme \u00e9quilibr\u00e9 et une bonne sant\u00e9 globale. Chaque comprim\u00e9 contient une combinaison de vitamines B essentielles pour transformer les glucides, les lipides et les prot\u00e9ines en \u00e9nergie. Ce compl\u00e9ment alimentaire est destin\u00e9 aux\u2026","rel":"","context":"Similar post","block_context":{"text":"Similar post","link":""},"img":{"alt_text":"","src":"","width":0,"height":0},"classes":[]}],"_links":{"self":[{"href":"https:\/\/sakaba.mghosteur.com\/en\/wp-json\/wp\/v2\/product\/29811","targetHints":{"allow":["GET"]}}],"collection":[{"href":"https:\/\/sakaba.mghosteur.com\/en\/wp-json\/wp\/v2\/product"}],"about":[{"href":"https:\/\/sakaba.mghosteur.com\/en\/wp-json\/wp\/v2\/types\/product"}],"replies":[{"embeddable":true,"href":"https:\/\/sakaba.mghosteur.com\/en\/wp-json\/wp\/v2\/comments?post=29811"}],"version-history":[{"count":0,"href":"https:\/\/sakaba.mghosteur.com\/en\/wp-json\/wp\/v2\/product\/29811\/revisions"}],"wp:attachment":[{"href":"https:\/\/sakaba.mghosteur.com\/en\/wp-json\/wp\/v2\/media?parent=29811"}],"wp:term":[{"taxonomy":"product_brand","embeddable":true,"href":"https:\/\/sakaba.mghosteur.com\/en\/wp-json\/wp\/v2\/product_brand?post=29811"},{"taxonomy":"product_cat","embeddable":true,"href":"https:\/\/sakaba.mghosteur.com\/en\/wp-json\/wp\/v2\/product_cat?post=29811"},{"taxonomy":"product_tag","embeddable":true,"href":"https:\/\/sakaba.mghosteur.com\/en\/wp-json\/wp\/v2\/product_tag?post=29811"}],"curies":[{"name":"wp","href":"https:\/\/api.w.org\/{rel}","templated":true}]}}