{"id":29814,"date":"2023-04-25T19:04:14","date_gmt":"2023-04-25T19:04:14","guid":{"rendered":"http:\/\/www.sakababeauty.com\/?post_type=product&#038;p=29814"},"modified":"2023-04-25T19:04:15","modified_gmt":"2023-04-25T19:04:15","slug":"solgar-vitamin-d3-125mcg-5000-iu","status":"publish","type":"product","link":"https:\/\/sakaba.mghosteur.com\/en\/product\/solgar-vitamin-d3-125mcg-5000-iu\/","title":{"rendered":"SOLGAR VITAMIN D3 125MCG 5000 IU"},"content":{"rendered":"<p>D\u00e9couvrez les g\u00e9lules de vitamine D3 (chol\u00e9calcif\u00e9rol) de la marque Solgar pour maintenir une bonne sant\u00e9. Vivre dans l&#8217;h\u00e9misph\u00e8re nord ou utiliser beaucoup de cr\u00e8me solaire peut emp\u00eacher votre corps de produire suffisamment de cette &#8220;vitamine solaire&#8221; par lui-m\u00eame. De plus, la vitamine D est rare dans la plupart des aliments. Les suppl\u00e9ments de vitamine D sont donc importants pour maintenir une bonne sant\u00e9, surtout \u00e0 mesure que nous vieillissons et que notre corps a du mal \u00e0 produire et \u00e0 absorber cette vitamine.<\/p>\n<p>Une g\u00e9lule de Solgar\u00ae Vitamine D3 par jour aide \u00e0 maintenir un syst\u00e8me immunitaire sain et une bonne sant\u00e9 g\u00e9n\u00e9rale, des os et des dents solides, ainsi qu&#8217;une fonction nerveuse et musculaire optimale. \u00c9tant donn\u00e9 que la vitamine D est liposoluble, les g\u00e9lules pratiques \u00e0 base d&#8217;huile sont faciles \u00e0 avaler et \u00e0 absorber.<\/p>\n<p>Prenez le contr\u00f4le de votre sant\u00e9 d\u00e8s maintenant avec les g\u00e9lules de vitamine D3 Solgar\u00ae. En tant que compl\u00e9ment alimentaire pour adultes, prenez une g\u00e9lule par jour, de pr\u00e9f\u00e9rence avec un repas, ou selon les recommandations d&#8217;un professionnel de la sant\u00e9. Si vous \u00eates enceinte, allaitez, prenez des m\u00e9dicaments ou avez une condition m\u00e9dicale, veuillez consulter votre professionnel de la sant\u00e9 avant de prendre tout compl\u00e9ment alimentaire. Cesser l&#8217;utilisation et consulter votre professionnel de la sant\u00e9 si des effets ind\u00e9sirables surviennent. Tenir hors de port\u00e9e des enfants et ranger \u00e0 temp\u00e9rature ambiante. Ne pas utiliser si le sceau ext\u00e9rieur du flacon est manquant ou endommag\u00e9. Profitez des bienfaits de la vitamine D avec les g\u00e9lules Solgar\u00ae Vitamine D3 !<\/p>","protected":false},"excerpt":{"rendered":"<p>D\u00e9couvrez les g\u00e9lules de vitamine D3 (chol\u00e9calcif\u00e9rol) de la marque Solgar pour maintenir une bonne sant\u00e9. Vivre dans l&#8217;h\u00e9misph\u00e8re nord ou utiliser beaucoup de cr\u00e8me solaire peut emp\u00eacher votre corps de produire suffisamment de cette &#8220;vitamine solaire&#8221; par lui-m\u00eame. De plus, la vitamine D est rare dans la plupart des aliments. Les suppl\u00e9ments de vitamine<span class=\"read-more-faq\"><a href=\"https:\/\/sakaba.mghosteur.com\/en\/product\/solgar-vitamin-d3-125mcg-5000-iu\/\">Read More<\/a><\/span><\/p>","protected":false},"featured_media":0,"comment_status":"closed","ping_status":"closed","template":"","meta":[],"product_brand":[],"product_cat":[381],"product_tag":[],"class_list":{"0":"post-29814","1":"product","2":"type-product","3":"status-publish","5":"product_cat-vitamine-et-complements","7":"first","8":"instock","9":"shipping-taxable","10":"product-type-simple"},"jetpack-related-posts":[{"id":29771,"url":"https:\/\/sakaba.mghosteur.com\/en\/product\/calcium-600-from-oyster-shell-with-vitamin-d3\/","url_meta":{"origin":29814,"position":0},"title":"CALCIUM 600 FROM OYSTER SHELL WITH VITAMIN D3","author":"admin","date":"April 24, 2023","format":false,"excerpt":"D\u00e9couvrez les comprim\u00e9s de calcium \"600\" de la marque Solgar, un compl\u00e9ment alimentaire essentiel pour une bonne sant\u00e9. Ces comprim\u00e9s de calcium provenant de coquilles d'hu\u00eetres contiennent \u00e9galement de la vitamine D3 pour am\u00e9liorer l'absorption du calcium dans l'organisme. Le calcium est un min\u00e9ral important pour maintenir des os et\u2026","rel":"","context":"Similar post","block_context":{"text":"Similar post","link":""},"img":{"alt_text":"","src":"","width":0,"height":0},"classes":[]},{"id":29785,"url":"https:\/\/sakaba.mghosteur.com\/en\/product\/omega-3-fish-oil-concentrate\/","url_meta":{"origin":29814,"position":1},"title":"OMEGA 3 FISH OIL CONCENTRATE","author":"admin","date":"April 25, 2023","format":false,"excerpt":"D\u00e9couvrez les g\u00e9lules de concentr\u00e9 d'huile de poisson om\u00e9ga-3 de la marque Solgar pour soutenir votre sant\u00e9 cardiaque. Ces g\u00e9lules sont une source naturelle et concentr\u00e9e d'acides gras essentiels om\u00e9ga-3, qui jouent un r\u00f4le essentiel dans une alimentation saine. Prendre quotidiennement 250 mg de ces g\u00e9lules aide \u00e0 soutenir la\u2026","rel":"","context":"Similar post","block_context":{"text":"Similar post","link":""},"img":{"alt_text":"","src":"","width":0,"height":0},"classes":[]},{"id":29768,"url":"https:\/\/sakaba.mghosteur.com\/en\/product\/biotin-10-000-mcg\/","url_meta":{"origin":29814,"position":2},"title":"BIOTIN 10 000 MCG","author":"admin","date":"April 24, 2023","format":false,"excerpt":"D\u00e9couvrez BIOTIN 10 000 MCG de la marque SOLGAR, une vitamine B hydrosoluble qui aide \u00e0 maintenir une peau, des ongles et des cheveux sains, ainsi qu'au bon fonctionnement de certaines enzymes. Cette biotine soutient \u00e9galement la production d'\u00e9nergie cellulaire dans le corps en convertissant les aliments en \u00e9nergie et\u2026","rel":"","context":"Similar post","block_context":{"text":"Similar post","link":""},"img":{"alt_text":"","src":"","width":0,"height":0},"classes":[]},{"id":25088,"url":"https:\/\/sakaba.mghosteur.com\/en\/product\/solgar-collagen-hyaluronic-acid-complex\/","url_meta":{"origin":29814,"position":3},"title":"SOLGAR COLLAGEN HYALURONIC ACID COMPLEX","author":"admin","date":"November 11, 2022","format":false,"excerpt":"D\u00e9couvrez le complexe d'acide hyaluronique au collag\u00e8ne de la marque Solgar pour nourrir votre peau de l'int\u00e9rieur. L'acide hyaluronique, pr\u00e9sent en grande quantit\u00e9 dans la peau, les yeux et les articulations, est essentiel \u00e0 l'hydratation de votre corps. Cependant, les rayons UV, le tabagisme, la pollution et le vieillissement peuvent\u2026","rel":"","context":"Similar post","block_context":{"text":"Similar post","link":""},"img":{"alt_text":"","src":"","width":0,"height":0},"classes":[]},{"id":29798,"url":"https:\/\/sakaba.mghosteur.com\/en\/product\/solgar-chelated-zinc-100-tablets\/","url_meta":{"origin":29814,"position":4},"title":"SOLGAR CHELATED ZINC 100 TABLETS","author":"admin","date":"April 25, 2023","format":false,"excerpt":"D\u00e9couvrez les comprim\u00e9s de zinc ch\u00e9lat\u00e9 de la marque Solgar pour soutenir votre bien-\u00eatre g\u00e9n\u00e9ral. Le zinc, un min\u00e9ral et antioxydant essentiel \u00e0 de nombreuses fonctions cl\u00e9s de votre corps, aide \u00e0 maintenir une peau et des yeux sains, ainsi que des fonctions normales du syst\u00e8me immunitaire, squelettique, endocrinien et\u2026","rel":"","context":"Similar post","block_context":{"text":"Similar post","link":""},"img":{"alt_text":"","src":"","width":0,"height":0},"classes":[]},{"id":29795,"url":"https:\/\/sakaba.mghosteur.com\/en\/product\/solgar-b-complex-100\/","url_meta":{"origin":29814,"position":5},"title":"SOLGAR B COMPLEX 100","author":"admin","date":"April 25, 2023","format":false,"excerpt":"D\u00e9couvrez les comprim\u00e9s \"100\" du complexe B de la marque Solgar pour vous aider \u00e0 maintenir un m\u00e9tabolisme \u00e9quilibr\u00e9 et une bonne sant\u00e9 globale. Chaque comprim\u00e9 contient une combinaison de vitamines B essentielles pour transformer les glucides, les lipides et les prot\u00e9ines en \u00e9nergie. Ce compl\u00e9ment alimentaire est destin\u00e9 aux\u2026","rel":"","context":"Similar post","block_context":{"text":"Similar post","link":""},"img":{"alt_text":"","src":"","width":0,"height":0},"classes":[]}],"_links":{"self":[{"href":"https:\/\/sakaba.mghosteur.com\/en\/wp-json\/wp\/v2\/product\/29814","targetHints":{"allow":["GET"]}}],"collection":[{"href":"https:\/\/sakaba.mghosteur.com\/en\/wp-json\/wp\/v2\/product"}],"about":[{"href":"https:\/\/sakaba.mghosteur.com\/en\/wp-json\/wp\/v2\/types\/product"}],"replies":[{"embeddable":true,"href":"https:\/\/sakaba.mghosteur.com\/en\/wp-json\/wp\/v2\/comments?post=29814"}],"version-history":[{"count":0,"href":"https:\/\/sakaba.mghosteur.com\/en\/wp-json\/wp\/v2\/product\/29814\/revisions"}],"wp:attachment":[{"href":"https:\/\/sakaba.mghosteur.com\/en\/wp-json\/wp\/v2\/media?parent=29814"}],"wp:term":[{"taxonomy":"product_brand","embeddable":true,"href":"https:\/\/sakaba.mghosteur.com\/en\/wp-json\/wp\/v2\/product_brand?post=29814"},{"taxonomy":"product_cat","embeddable":true,"href":"https:\/\/sakaba.mghosteur.com\/en\/wp-json\/wp\/v2\/product_cat?post=29814"},{"taxonomy":"product_tag","embeddable":true,"href":"https:\/\/sakaba.mghosteur.com\/en\/wp-json\/wp\/v2\/product_tag?post=29814"}],"curies":[{"name":"wp","href":"https:\/\/api.w.org\/{rel}","templated":true}]}}