{"id":29817,"date":"2023-04-25T19:24:21","date_gmt":"2023-04-25T19:24:21","guid":{"rendered":"http:\/\/www.sakababeauty.com\/?post_type=product&#038;p=29817"},"modified":"2024-09-01T02:27:23","modified_gmt":"2024-09-01T02:27:23","slug":"vitamin-c-1000-mg-with-rose-hips","status":"publish","type":"product","link":"https:\/\/sakaba.mghosteur.com\/en\/product\/vitamin-c-1000-mg-with-rose-hips\/","title":{"rendered":"VITAMIN C 1000 MG WITH ROSE HIPS"},"content":{"rendered":"<p>Optimisez votre sant\u00e9 avec la vitamine C 1000 mg de la marque Solgar, un nutriment antioxydant essentiel qui contribue au fonctionnement du syst\u00e8me immunitaire en soutenant la vitalit\u00e9 des globules blancs. De plus, cette vitamine joue un r\u00f4le cl\u00e9 dans la formation de collag\u00e8ne, qui est important pour une peau, des articulations et des vaisseaux sanguins sains. Cette formulation de qualit\u00e9 sup\u00e9rieure contient de la vitamine C pure associ\u00e9e aux fruits d&#8217;\u00e9glantier, pour une absorption optimale et des bienfaits renforc\u00e9s. Pour une sant\u00e9 de fer, prenez un comprim\u00e9 par jour, de pr\u00e9f\u00e9rence avec un repas ou selon les recommandations d&#8217;un professionnel de la sant\u00e9. Si vous \u00eates enceinte, allaitez, prenez des m\u00e9dicaments ou avez une condition m\u00e9dicale, veuillez consulter votre professionnel de la sant\u00e9 avant de prendre tout compl\u00e9ment alimentaire. Tenir hors de port\u00e9e des enfants et ranger \u00e0 temp\u00e9rature ambiante. Ne pas utiliser si le sceau ext\u00e9rieur du flacon est manquant ou endommag\u00e9. Offrez-vous la vitamine C 1000 mg avec comprim\u00e9s d&#8217;\u00e9glantier Solgar pour une sant\u00e9 optimale !<\/p>","protected":false},"excerpt":{"rendered":"<p>Optimisez votre sant\u00e9 avec la vitamine C 1000 mg de la marque Solgar, un nutriment antioxydant essentiel qui contribue au fonctionnement du syst\u00e8me immunitaire en soutenant la vitalit\u00e9 des globules blancs. De plus, cette vitamine joue un r\u00f4le cl\u00e9 dans la formation de collag\u00e8ne, qui est important pour une peau, des articulations et des vaisseaux<span class=\"read-more-faq\"><a href=\"https:\/\/sakaba.mghosteur.com\/en\/product\/vitamin-c-1000-mg-with-rose-hips\/\">Read More<\/a><\/span><\/p>","protected":false},"featured_media":0,"comment_status":"closed","ping_status":"closed","template":"","meta":[],"product_brand":[],"product_cat":[391,381],"product_tag":[],"class_list":{"0":"post-29817","1":"product","2":"type-product","3":"status-publish","5":"product_cat-aae-bien-etre","6":"product_cat-vitamine-et-complements","8":"first","9":"instock","10":"shipping-taxable","11":"product-type-simple"},"jetpack-related-posts":[{"id":29811,"url":"https:\/\/sakaba.mghosteur.com\/en\/product\/solgar-vitamin-c-1500-mg-with-rose-hips\/","url_meta":{"origin":29817,"position":0},"title":"SOLGAR VITAMIN C 1500 MG WITH ROSE HIPS","author":"admin","date":"April 25, 2023","format":false,"excerpt":"Optimisez votre sant\u00e9 avec les comprim\u00e9s de vitamine C de la marque Solgar, formul\u00e9s avec 1500 mg de vitamine C pure ainsi que des fruits d'\u00e9glantier. La vitamine C est une vitamine essentielle et puissant antioxydant qui joue un r\u00f4le crucial dans le fonctionnement de votre syst\u00e8me immunitaire en stimulant\u2026","rel":"","context":"Similar post","block_context":{"text":"Similar post","link":""},"img":{"alt_text":"","src":"","width":0,"height":0},"classes":[]},{"id":29814,"url":"https:\/\/sakaba.mghosteur.com\/en\/product\/solgar-vitamin-d3-125mcg-5000-iu\/","url_meta":{"origin":29817,"position":1},"title":"SOLGAR VITAMIN D3 125MCG 5000 IU","author":"admin","date":"April 25, 2023","format":false,"excerpt":"D\u00e9couvrez les g\u00e9lules de vitamine D3 (chol\u00e9calcif\u00e9rol) de la marque Solgar pour maintenir une bonne sant\u00e9. Vivre dans l'h\u00e9misph\u00e8re nord ou utiliser beaucoup de cr\u00e8me solaire peut emp\u00eacher votre corps de produire suffisamment de cette \"vitamine solaire\" par lui-m\u00eame. De plus, la vitamine D est rare dans la plupart des\u2026","rel":"","context":"Similar post","block_context":{"text":"Similar post","link":""},"img":{"alt_text":"","src":"","width":0,"height":0},"classes":[]},{"id":29807,"url":"https:\/\/sakaba.mghosteur.com\/en\/product\/pure-vitamin-c-crystals\/","url_meta":{"origin":29817,"position":2},"title":"PURE  VITAMIN C CRYSTALS","author":"admin","date":"April 25, 2023","format":false,"excerpt":"Les cristaux de vitamine C Solgar\u00ae sont une source pratique de vitamine C pure. La vitamine C est un nutriment important pour la sant\u00e9 de la peau et des articulations gr\u00e2ce \u00e0 ses propri\u00e9t\u00e9s antioxydantes et de soutien immunitaire. En tant qu'antioxydant, elle aide \u00e0 lutter contre les radicaux libres\u2026","rel":"","context":"Similar post","block_context":{"text":"Similar post","link":""},"img":{"alt_text":"","src":"","width":0,"height":0},"classes":[]},{"id":29785,"url":"https:\/\/sakaba.mghosteur.com\/en\/product\/omega-3-fish-oil-concentrate\/","url_meta":{"origin":29817,"position":3},"title":"OMEGA 3 FISH OIL CONCENTRATE","author":"admin","date":"April 25, 2023","format":false,"excerpt":"D\u00e9couvrez les g\u00e9lules de concentr\u00e9 d'huile de poisson om\u00e9ga-3 de la marque Solgar pour soutenir votre sant\u00e9 cardiaque. Ces g\u00e9lules sont une source naturelle et concentr\u00e9e d'acides gras essentiels om\u00e9ga-3, qui jouent un r\u00f4le essentiel dans une alimentation saine. Prendre quotidiennement 250 mg de ces g\u00e9lules aide \u00e0 soutenir la\u2026","rel":"","context":"Similar post","block_context":{"text":"Similar post","link":""},"img":{"alt_text":"","src":"","width":0,"height":0},"classes":[]},{"id":29771,"url":"https:\/\/sakaba.mghosteur.com\/en\/product\/calcium-600-from-oyster-shell-with-vitamin-d3\/","url_meta":{"origin":29817,"position":4},"title":"CALCIUM 600 FROM OYSTER SHELL WITH VITAMIN D3","author":"admin","date":"April 24, 2023","format":false,"excerpt":"D\u00e9couvrez les comprim\u00e9s de calcium \"600\" de la marque Solgar, un compl\u00e9ment alimentaire essentiel pour une bonne sant\u00e9. Ces comprim\u00e9s de calcium provenant de coquilles d'hu\u00eetres contiennent \u00e9galement de la vitamine D3 pour am\u00e9liorer l'absorption du calcium dans l'organisme. Le calcium est un min\u00e9ral important pour maintenir des os et\u2026","rel":"","context":"Similar post","block_context":{"text":"Similar post","link":""},"img":{"alt_text":"","src":"","width":0,"height":0},"classes":[]},{"id":25088,"url":"https:\/\/sakaba.mghosteur.com\/en\/product\/solgar-collagen-hyaluronic-acid-complex\/","url_meta":{"origin":29817,"position":5},"title":"SOLGAR COLLAGEN HYALURONIC ACID COMPLEX","author":"admin","date":"November 11, 2022","format":false,"excerpt":"D\u00e9couvrez le complexe d'acide hyaluronique au collag\u00e8ne de la marque Solgar pour nourrir votre peau de l'int\u00e9rieur. L'acide hyaluronique, pr\u00e9sent en grande quantit\u00e9 dans la peau, les yeux et les articulations, est essentiel \u00e0 l'hydratation de votre corps. Cependant, les rayons UV, le tabagisme, la pollution et le vieillissement peuvent\u2026","rel":"","context":"Similar post","block_context":{"text":"Similar post","link":""},"img":{"alt_text":"","src":"","width":0,"height":0},"classes":[]}],"_links":{"self":[{"href":"https:\/\/sakaba.mghosteur.com\/en\/wp-json\/wp\/v2\/product\/29817","targetHints":{"allow":["GET"]}}],"collection":[{"href":"https:\/\/sakaba.mghosteur.com\/en\/wp-json\/wp\/v2\/product"}],"about":[{"href":"https:\/\/sakaba.mghosteur.com\/en\/wp-json\/wp\/v2\/types\/product"}],"replies":[{"embeddable":true,"href":"https:\/\/sakaba.mghosteur.com\/en\/wp-json\/wp\/v2\/comments?post=29817"}],"version-history":[{"count":0,"href":"https:\/\/sakaba.mghosteur.com\/en\/wp-json\/wp\/v2\/product\/29817\/revisions"}],"wp:attachment":[{"href":"https:\/\/sakaba.mghosteur.com\/en\/wp-json\/wp\/v2\/media?parent=29817"}],"wp:term":[{"taxonomy":"product_brand","embeddable":true,"href":"https:\/\/sakaba.mghosteur.com\/en\/wp-json\/wp\/v2\/product_brand?post=29817"},{"taxonomy":"product_cat","embeddable":true,"href":"https:\/\/sakaba.mghosteur.com\/en\/wp-json\/wp\/v2\/product_cat?post=29817"},{"taxonomy":"product_tag","embeddable":true,"href":"https:\/\/sakaba.mghosteur.com\/en\/wp-json\/wp\/v2\/product_tag?post=29817"}],"curies":[{"name":"wp","href":"https:\/\/api.w.org\/{rel}","templated":true}]}}