{"id":29844,"date":"2023-04-26T13:14:26","date_gmt":"2023-04-26T13:14:26","guid":{"rendered":"http:\/\/www.sakababeauty.com\/?post_type=product&#038;p=29844"},"modified":"2024-08-20T22:12:08","modified_gmt":"2024-08-20T22:12:08","slug":"kojie-san-dream-white-soap-2-bars-65g","status":"publish","type":"product","link":"https:\/\/sakaba.mghosteur.com\/en\/product\/kojie-san-dream-white-soap-2-bars-65g\/","title":{"rendered":"Kojie San Dream White Soap 2 Bars &#8211; 65g"},"content":{"rendered":"<p>D\u00e9couvrez le savon Kojie San Dream White Soap &#8211; 65g, un produit de beaut\u00e9 qui \u00e9claircit la peau tout en r\u00e9duisant l&#8217;apparence des signes de vieillissement. Ce savon contient du collag\u00e8ne et de l&#8217;\u00e9lastine, des substances pr\u00e9sentes dans la peau qui contribuent \u00e0 une apparence plus jeune. Il remplace les enzymes perdues au fil du temps ou d\u00e9truites par l&#8217;exposition aux \u00e9l\u00e9ments. L&#8217;acide kojique naturel r\u00e9v\u00e8le un teint clair et lumineux. Tous ces ingr\u00e9dients puissants mais s\u00fbrs sont d\u00e9livr\u00e9s \u00e0 la peau dans un m\u00e9lange hydratant d&#8217;huile de coco et d&#8217;extraits d&#8217;olive.<\/p>\n<p>Les 2 barres de savon Kojie San Dream White Soap &#8211; 65g chacune, procurent un \u00e9claircissement global pour un \u00e9clat plus jeune. Votre peau para\u00eetra de plus en plus jeune et plus claire avec une utilisation r\u00e9guli\u00e8re. L&#8217;huile de coco conditionne la peau et traite en douceur l&#8217;acn\u00e9, tandis que le parfum luxueux offre une exp\u00e9rience de nettoyage agr\u00e9able. Ce savon est assez doux pour \u00eatre utilis\u00e9 comme nettoyant facial quotidien. Il est exempt de mercure et de m\u00e9taux lourds, pour plus de d\u00e9tails sur les r\u00e9sultats d&#8217;analyse cliquez ici.<\/p>\n<p>Instructions d&#8217;utilisation : Faites mousser le savon et appliquez-le sur les zones \u00e0 traiter. Laissez le savon agir jusqu&#8217;\u00e0 30 secondes. Appliquez une fois par jour et augmentez \u00e0 deux fois par jour si bien tol\u00e9r\u00e9. Si la peau devient s\u00e8che, appliquez une cr\u00e8me hydratante.<\/p>\n<p>S\u00c9CURIT\u00c9 : Avant utilisation, effectuez un TEST DE PATCH pour tester la sensibilit\u00e9 comme suit : faites mousser le savon et appliquez-le sur la zone d&#8217;utilisation pr\u00e9vue pendant jusqu&#8217;\u00e0 30 secondes. Si une \u00e9ruption cutan\u00e9e, une sensation de br\u00fblure, un picotement ou une inflammation se produisent, retirez imm\u00e9diatement le produit de la peau et cessez toute utilisation ult\u00e9rieure.<\/p>\n<p>REMARQUE : Tous les produits \u00e9claircissants pour la peau doivent \u00eatre utilis\u00e9s en conjonction avec un \u00e9cran solaire. Commandez d\u00e8s maintenant le savon Kojie San Dream White Soap &#8211; 65g pour une peau plus claire, plus lumineuse et plus jeune.<\/p>","protected":false},"excerpt":{"rendered":"<p>D\u00e9couvrez le savon Kojie San Dream White Soap &#8211; 65g, un produit de beaut\u00e9 qui \u00e9claircit la peau tout en r\u00e9duisant l&#8217;apparence des signes de vieillissement. Ce savon contient du collag\u00e8ne et de l&#8217;\u00e9lastine, des substances pr\u00e9sentes dans la peau qui contribuent \u00e0 une apparence plus jeune. Il remplace les enzymes perdues au fil du<span class=\"read-more-faq\"><a href=\"https:\/\/sakaba.mghosteur.com\/en\/product\/kojie-san-dream-white-soap-2-bars-65g\/\">Read More<\/a><\/span><\/p>","protected":false},"featured_media":0,"comment_status":"closed","ping_status":"closed","template":"","meta":[],"product_brand":[],"product_cat":[1095,324,291,451],"product_tag":[],"class_list":{"0":"post-29844","1":"product","2":"type-product","3":"status-publish","5":"product_cat-anti-age","6":"product_cat-demaquillant-nettoyant","7":"product_cat-eclaircissant","8":"product_cat-aab-soin-du-visage","10":"first","11":"instock","12":"shipping-taxable","13":"product-type-simple"},"jetpack-related-posts":[{"id":26794,"url":"https:\/\/sakaba.mghosteur.com\/en\/product\/kojic-san-skin-lightening-soap-3-pieces\/","url_meta":{"origin":29844,"position":0},"title":"Kojie San Skin Lightening Kojic Acid Soap 3 Bars","author":"admin","date":"November 28, 2022","format":false,"excerpt":"D\u00e9couvrez le Kojie San Skin Lightening Kojic Acid Soap 3 Bars, un savon \u00e9claircissant de qualit\u00e9 de 65g qui allie des ingr\u00e9dients \u00e9claircissants efficaces avec de l'huile de noix de coco nourrissante et un parfum d'orange frais. La formulation du Kojic acid a \u00e9t\u00e9 d\u00e9couverte lors du traitement du riz\u2026","rel":"","context":"Similar post","block_context":{"text":"Similar post","link":""},"img":{"alt_text":"","src":"","width":0,"height":0},"classes":[]},{"id":29827,"url":"https:\/\/sakaba.mghosteur.com\/en\/product\/kojie-san-skin-lightening-kojic-acid-soap-2-bars-65g-super-savings\/","url_meta":{"origin":29844,"position":1},"title":"Kojie San Skin Lightening Kojic Acid Soap 2 Bars &#8211; 65g-SUPER SAVINGS","author":"admin","date":"April 26, 2023","format":false,"excerpt":"Le savon \u00e9claircissant pour la peau Kojie San est une solution efficace pour r\u00e9duire l'apparence des taches brunes, de la d\u00e9coloration et d'autres imperfections cutan\u00e9es. Sa formulation unique m\u00e9lange des ingr\u00e9dients blanchissants \u00e0 base d'acide kojique avec de l'huile de noix de coco nourrissante et un parfum d'orange frais pour\u2026","rel":"","context":"Similar post","block_context":{"text":"Similar post","link":""},"img":{"alt_text":"","src":"","width":0,"height":0},"classes":[]},{"id":31444,"url":"https:\/\/sakaba.mghosteur.com\/en\/product\/kojie-san-skin-lightening-kojic-acid-soap-3-bars-65g-x-3\/","url_meta":{"origin":29844,"position":2},"title":"Kojie San Skin Lightening Kojic Acid Soap 3 Bars 65g x 3","author":"admin","date":"May 10, 2024","format":false,"excerpt":"D\u00e9couvrez le savon \u00e9claircissant pour la peau Kojie San - 65 g, une formule originale \u00e0 base d'acide kojique qui allie des ingr\u00e9dients blanchissants efficaces \u00e0 de l'huile de noix de coco nourrissante et un parfum d'orange frais. L'acide kojique, d\u00e9couvert lors de la transformation du riz pour la fabrication\u2026","rel":"","context":"Similar post","block_context":{"text":"Similar post","link":""},"img":{"alt_text":"","src":"","width":0,"height":0},"classes":[]},{"id":29837,"url":"https:\/\/sakaba.mghosteur.com\/en\/product\/kojie-san-skin-lightening-kojic-acid-soap-65g\/","url_meta":{"origin":29844,"position":3},"title":"Kojie San Skin Lightening Kojic Acid Soap &#8211; 65g","author":"admin","date":"April 26, 2023","format":false,"excerpt":"Le Savon \u00e9claircissant \u00e0 l'acide kojique de Kojie San - 65g est un produit unique qui m\u00e9lange des ingr\u00e9dients blanchissants efficaces avec de l'huile de noix de coco nourrissante et un parfum d'orange frais. Il est con\u00e7u pour r\u00e9duire rapidement et en toute s\u00e9curit\u00e9 l'apparence des taches brunes, de la\u2026","rel":"","context":"Similar post","block_context":{"text":"Similar post","link":""},"img":{"alt_text":"","src":"","width":0,"height":0},"classes":[]},{"id":29871,"url":"https:\/\/sakaba.mghosteur.com\/en\/product\/kojie-san-skin-lightening-kojic-acid-soap-3-bars-100g\/","url_meta":{"origin":29844,"position":4},"title":"Kojie San Skin Lightening Kojic Acid Soap 3 Bars &#8211; 100g","author":"admin","date":"April 26, 2023","format":false,"excerpt":"D\u00e9couvrez les avantages du Savon Eclaircissant Kojic Acid de Kojie San, avec une formule unique m\u00e9langeant des ingr\u00e9dients \u00e9claircissants efficaces \u00e0 l'huile de noix de coco nourrissante et un parfum frais d'orange. La marque Kojie San a d\u00e9couvert l'acide kojique en traitant du riz pour produire du vin japonais. Les\u2026","rel":"","context":"Similar post","block_context":{"text":"Similar post","link":""},"img":{"alt_text":"","src":"","width":0,"height":0},"classes":[]},{"id":26780,"url":"https:\/\/sakaba.mghosteur.com\/en\/product\/kojic-san-skinlightening-soap-135g\/","url_meta":{"origin":29844,"position":5},"title":"Kojie San Skin Lightening Kojic Acid Soap &#8211; 135G","author":"admin","date":"November 28, 2022","format":false,"excerpt":"D\u00e9couvrez le Savon Eclaircissant Kojie San, un produit de beaut\u00e9 de qualit\u00e9 de 135g qui contient de l'acide kojique comme ingr\u00e9dient actif principal. Cet ingr\u00e9dient naturel de haute qualit\u00e9 aide \u00e0 pr\u00e9venir la production de m\u00e9lanine, rendant ainsi votre peau plus claire et plus l\u00e9g\u00e8re. Le savon Kojie San est\u2026","rel":"","context":"Similar post","block_context":{"text":"Similar post","link":""},"img":{"alt_text":"","src":"","width":0,"height":0},"classes":[]}],"_links":{"self":[{"href":"https:\/\/sakaba.mghosteur.com\/en\/wp-json\/wp\/v2\/product\/29844","targetHints":{"allow":["GET"]}}],"collection":[{"href":"https:\/\/sakaba.mghosteur.com\/en\/wp-json\/wp\/v2\/product"}],"about":[{"href":"https:\/\/sakaba.mghosteur.com\/en\/wp-json\/wp\/v2\/types\/product"}],"replies":[{"embeddable":true,"href":"https:\/\/sakaba.mghosteur.com\/en\/wp-json\/wp\/v2\/comments?post=29844"}],"version-history":[{"count":0,"href":"https:\/\/sakaba.mghosteur.com\/en\/wp-json\/wp\/v2\/product\/29844\/revisions"}],"wp:attachment":[{"href":"https:\/\/sakaba.mghosteur.com\/en\/wp-json\/wp\/v2\/media?parent=29844"}],"wp:term":[{"taxonomy":"product_brand","embeddable":true,"href":"https:\/\/sakaba.mghosteur.com\/en\/wp-json\/wp\/v2\/product_brand?post=29844"},{"taxonomy":"product_cat","embeddable":true,"href":"https:\/\/sakaba.mghosteur.com\/en\/wp-json\/wp\/v2\/product_cat?post=29844"},{"taxonomy":"product_tag","embeddable":true,"href":"https:\/\/sakaba.mghosteur.com\/en\/wp-json\/wp\/v2\/product_tag?post=29844"}],"curies":[{"name":"wp","href":"https:\/\/api.w.org\/{rel}","templated":true}]}}