{"id":29851,"date":"2023-04-26T15:11:50","date_gmt":"2023-04-26T15:11:50","guid":{"rendered":"http:\/\/www.sakababeauty.com\/?post_type=product&#038;p=29851"},"modified":"2024-08-20T22:17:00","modified_gmt":"2024-08-20T22:17:00","slug":"kojie-san-skin-lightening-facial-wash-with-hydromoist","status":"publish","type":"product","link":"https:\/\/sakaba.mghosteur.com\/en\/product\/kojie-san-skin-lightening-facial-wash-with-hydromoist\/","title":{"rendered":"Kojie San Skin Lightening Facial Wash with Hydromoist"},"content":{"rendered":"<p>D\u00e9couvrez le Kojie San Skin Lightening Facial Wash with Hydromoist, un nettoyant pour le visage de qualit\u00e9 de 100g qui \u00e9claircit, restaure et hydrate la peau. L&#8217;acide kojique et la niacinamide travaillent ensemble pour \u00e9claircir et apaiser la peau, laissant votre visage \u00e9clatant et hydrat\u00e9.<\/p>\n<p>Ce nettoyant en bouteille de 100g nettoie en profondeur la peau pour \u00e9liminer les impuret\u00e9s et les r\u00e9sidus de maquillage tout en combattant la production de s\u00e9bum pour aider \u00e0 pr\u00e9venir les points noirs, les points blancs et les \u00e9ruptions cutan\u00e9es. Il lisse et \u00e9claircit les teints in\u00e9gaux et ternes en \u00e9liminant les cellules mortes de la peau.<\/p>\n<p>Dermatologiquement test\u00e9, hypoallerg\u00e9nique et sans paraben, le Kojie San Skin Lightening Facial Wash with Hydromoist est un nettoyant doux pour le visage qui convient \u00e0 tous les types de peau. Pour l&#8217;utiliser, cr\u00e9ez une mousse et massez doucement sur le visage et le cou mouill\u00e9s. Rincez \u00e0 l&#8217;eau. Commandez maintenant et profitez d&#8217;une peau \u00e9clatante et hydrat\u00e9e avec le Kojie San Skin Lightening Facial Wash with Hydromoist de 100g.<\/p>","protected":false},"excerpt":{"rendered":"<p>D\u00e9couvrez le Kojie San Skin Lightening Facial Wash with Hydromoist, un nettoyant pour le visage de qualit\u00e9 de 100g qui \u00e9claircit, restaure et hydrate la peau. L&#8217;acide kojique et la niacinamide travaillent ensemble pour \u00e9claircir et apaiser la peau, laissant votre visage \u00e9clatant et hydrat\u00e9. Ce nettoyant en bouteille de 100g nettoie en profondeur la<span class=\"read-more-faq\"><a href=\"https:\/\/sakaba.mghosteur.com\/en\/product\/kojie-san-skin-lightening-facial-wash-with-hydromoist\/\">Read More<\/a><\/span><\/p>","protected":false},"featured_media":0,"comment_status":"closed","ping_status":"closed","template":"","meta":[],"product_brand":[],"product_cat":[324,291,1018,451],"product_tag":[],"class_list":{"0":"post-29851","1":"product","2":"type-product","3":"status-publish","5":"product_cat-demaquillant-nettoyant","6":"product_cat-eclaircissant","7":"product_cat-aai-produis-coreens","8":"product_cat-aab-soin-du-visage","10":"first","11":"instock","12":"shipping-taxable","13":"product-type-simple"},"jetpack-related-posts":[{"id":29859,"url":"https:\/\/sakaba.mghosteur.com\/en\/product\/kojie-san-skin-lightening-foaming-face-wash-with-hydromoist-150ml\/","url_meta":{"origin":29851,"position":0},"title":"Kojie San Skin Lightening Foaming Face Wash With Hydromoist 150ml","author":"admin","date":"April 26, 2023","format":false,"excerpt":"D\u00e9couvrez le Kojie San Skin Lightening Foaming Face Wash With Hydromoist de 150ml, un produit de beaut\u00e9 de qualit\u00e9 qui nettoie en douceur le visage tout en le rendant plus lumineux. Ce nettoyant pour le visage \u00e0 la mousse l\u00e9g\u00e8re et a\u00e9r\u00e9e nettoie en douceur et \u00e9limine les impuret\u00e9s, la\u2026","rel":"","context":"Similar post","block_context":{"text":"Similar post","link":""},"img":{"alt_text":"","src":"","width":0,"height":0},"classes":[]},{"id":29847,"url":"https:\/\/sakaba.mghosteur.com\/en\/product\/kojie-san-skin-lightening-body-wash-with-hydromoist-300ml\/","url_meta":{"origin":29851,"position":1},"title":"Kojie San Skin Lightening Body Wash With Hydromoist 300ml","author":"admin","date":"April 26, 2023","format":false,"excerpt":"D\u00e9couvrez le Gel Douche Eclaircissant pour le Corps Kojie San de 300ml, un produit de beaut\u00e9 de qualit\u00e9 qui contient de l'acide kojique comme ingr\u00e9dient actif principal. Ce gel douche nettoie efficacement et \u00e9claircit la peau, tout en apportant des ingr\u00e9dients naturels tels que l'extrait de Bengkoang pour aider \u00e0\u2026","rel":"","context":"Similar post","block_context":{"text":"Similar post","link":""},"img":{"alt_text":"","src":"","width":0,"height":0},"classes":[]},{"id":29871,"url":"https:\/\/sakaba.mghosteur.com\/en\/product\/kojie-san-skin-lightening-kojic-acid-soap-3-bars-100g\/","url_meta":{"origin":29851,"position":2},"title":"Kojie San Skin Lightening Kojic Acid Soap 3 Bars &#8211; 100g","author":"admin","date":"April 26, 2023","format":false,"excerpt":"D\u00e9couvrez les avantages du Savon Eclaircissant Kojic Acid de Kojie San, avec une formule unique m\u00e9langeant des ingr\u00e9dients \u00e9claircissants efficaces \u00e0 l'huile de noix de coco nourrissante et un parfum frais d'orange. La marque Kojie San a d\u00e9couvert l'acide kojique en traitant du riz pour produire du vin japonais. Les\u2026","rel":"","context":"Similar post","block_context":{"text":"Similar post","link":""},"img":{"alt_text":"","src":"","width":0,"height":0},"classes":[]},{"id":31439,"url":"https:\/\/sakaba.mghosteur.com\/en\/product\/kojie-san-skin-lightening-cleanser-toner\/","url_meta":{"origin":29851,"position":3},"title":"KOJIE SAN SKIN LIGHTENING CLEANSER +TONER","author":"admin","date":"May 10, 2024","format":false,"excerpt":"D\u00e9couvrez le Kojie San Dual Action Cleanser + Toner - SUPER SAVINGS Profitez des avantages du Kojie San Dual Action Cleanser + Toner Ce nettoyant et tonique combin\u00e9 gardera votre peau fra\u00eeche en \u00e9liminant l'exc\u00e8s de s\u00e9bum. Les ingr\u00e9dients actifs nettoient d\u00e9licatement la peau, resserrent les pores et exfolient la\u2026","rel":"","context":"Similar post","block_context":{"text":"Similar post","link":""},"img":{"alt_text":"","src":"","width":0,"height":0},"classes":[]},{"id":26816,"url":"https:\/\/sakaba.mghosteur.com\/en\/product\/skin-lightening-cleanser-toner\/","url_meta":{"origin":29851,"position":4},"title":"SKIN LIGHTENING CLEANSER +TONER","author":"admin","date":"November 28, 2022","format":false,"excerpt":"D\u00e9couvrez le Kojie San Combined Cleanser and Toner, un nettoyant et tonique \u00e0 double action qui aide \u00e0 garder votre peau fra\u00eeche en \u00e9liminant le s\u00e9bum. La bouteille contient 100 ml (3,38 onces liquides) et les ingr\u00e9dients actifs nettoient en douceur la peau, resserrent les pores et exfolient la couche\u2026","rel":"","context":"Similar post","block_context":{"text":"Similar post","link":""},"img":{"alt_text":"","src":"","width":0,"height":0},"classes":[]},{"id":29827,"url":"https:\/\/sakaba.mghosteur.com\/en\/product\/kojie-san-skin-lightening-kojic-acid-soap-2-bars-65g-super-savings\/","url_meta":{"origin":29851,"position":5},"title":"Kojie San Skin Lightening Kojic Acid Soap 2 Bars &#8211; 65g-SUPER SAVINGS","author":"admin","date":"April 26, 2023","format":false,"excerpt":"Le savon \u00e9claircissant pour la peau Kojie San est une solution efficace pour r\u00e9duire l'apparence des taches brunes, de la d\u00e9coloration et d'autres imperfections cutan\u00e9es. Sa formulation unique m\u00e9lange des ingr\u00e9dients blanchissants \u00e0 base d'acide kojique avec de l'huile de noix de coco nourrissante et un parfum d'orange frais pour\u2026","rel":"","context":"Similar post","block_context":{"text":"Similar post","link":""},"img":{"alt_text":"","src":"","width":0,"height":0},"classes":[]}],"_links":{"self":[{"href":"https:\/\/sakaba.mghosteur.com\/en\/wp-json\/wp\/v2\/product\/29851","targetHints":{"allow":["GET"]}}],"collection":[{"href":"https:\/\/sakaba.mghosteur.com\/en\/wp-json\/wp\/v2\/product"}],"about":[{"href":"https:\/\/sakaba.mghosteur.com\/en\/wp-json\/wp\/v2\/types\/product"}],"replies":[{"embeddable":true,"href":"https:\/\/sakaba.mghosteur.com\/en\/wp-json\/wp\/v2\/comments?post=29851"}],"version-history":[{"count":0,"href":"https:\/\/sakaba.mghosteur.com\/en\/wp-json\/wp\/v2\/product\/29851\/revisions"}],"wp:attachment":[{"href":"https:\/\/sakaba.mghosteur.com\/en\/wp-json\/wp\/v2\/media?parent=29851"}],"wp:term":[{"taxonomy":"product_brand","embeddable":true,"href":"https:\/\/sakaba.mghosteur.com\/en\/wp-json\/wp\/v2\/product_brand?post=29851"},{"taxonomy":"product_cat","embeddable":true,"href":"https:\/\/sakaba.mghosteur.com\/en\/wp-json\/wp\/v2\/product_cat?post=29851"},{"taxonomy":"product_tag","embeddable":true,"href":"https:\/\/sakaba.mghosteur.com\/en\/wp-json\/wp\/v2\/product_tag?post=29851"}],"curies":[{"name":"wp","href":"https:\/\/api.w.org\/{rel}","templated":true}]}}