{"id":29859,"date":"2023-04-26T16:00:14","date_gmt":"2023-04-26T16:00:14","guid":{"rendered":"http:\/\/www.sakababeauty.com\/?post_type=product&#038;p=29859"},"modified":"2024-08-20T22:18:34","modified_gmt":"2024-08-20T22:18:34","slug":"kojie-san-skin-lightening-foaming-face-wash-with-hydromoist-150ml","status":"publish","type":"product","link":"https:\/\/sakaba.mghosteur.com\/en\/product\/kojie-san-skin-lightening-foaming-face-wash-with-hydromoist-150ml\/","title":{"rendered":"Kojie San Skin Lightening Foaming Face Wash With Hydromoist 150ml"},"content":{"rendered":"<p>D\u00e9couvrez le Kojie San Skin Lightening Foaming Face Wash With Hydromoist de 150ml, un produit de beaut\u00e9 de qualit\u00e9 qui nettoie en douceur le visage tout en le rendant plus lumineux.<\/p>\n<p>Ce nettoyant pour le visage \u00e0 la mousse l\u00e9g\u00e8re et a\u00e9r\u00e9e nettoie en douceur et \u00e9limine les impuret\u00e9s, la salet\u00e9 et l&#8217;exc\u00e8s d&#8217;huile de surface du visage, laissant la peau fra\u00eeche et rajeunie. Il aide \u00e9galement \u00e0 apaiser la peau stress\u00e9e apr\u00e8s chaque lavage.<\/p>\n<p>Le Kojie San Skin Lightening Foaming Face Wash With Hydromoist \u00e9claircit en douceur et nettoie la peau. Il laisse la peau douce, lisse, fra\u00eeche et radieuse. Il est test\u00e9 dermatologiquement et est hypoallerg\u00e9nique. Il ne contient pas de savon et de parab\u00e8nes, ce qui le rend adapt\u00e9 \u00e0 tous les types de peaux, y compris les peaux sensibles.<\/p>\n<p>Pour l&#8217;utiliser, il suffit d&#8217;humidifier le visage et les mains avec de l&#8217;eau, de pomper le nettoyant dans vos mains et de travailler jusqu&#8217;\u00e0 ce qu&#8217;il se transforme en une mousse l\u00e9g\u00e8re. Massez la mousse sur la peau avec un mouvement circulaire doux. Rincez abondamment \u00e0 l&#8217;eau.<\/p>\n<p>Offrez \u00e0 votre peau le soin qu&#8217;elle m\u00e9rite avec le Kojie San Skin Lightening Foaming Face Wash With Hydromoist de 150ml, commandez maintenant et profitez d&#8217;une peau lumineuse, douce et radieuse.<\/p>","protected":false},"excerpt":{"rendered":"<p>D\u00e9couvrez le Kojie San Skin Lightening Foaming Face Wash With Hydromoist de 150ml, un produit de beaut\u00e9 de qualit\u00e9 qui nettoie en douceur le visage tout en le rendant plus lumineux. Ce nettoyant pour le visage \u00e0 la mousse l\u00e9g\u00e8re et a\u00e9r\u00e9e nettoie en douceur et \u00e9limine les impuret\u00e9s, la salet\u00e9 et l&#8217;exc\u00e8s d&#8217;huile de<span class=\"read-more-faq\"><a href=\"https:\/\/sakaba.mghosteur.com\/en\/product\/kojie-san-skin-lightening-foaming-face-wash-with-hydromoist-150ml\/\">Read More<\/a><\/span><\/p>","protected":false},"featured_media":0,"comment_status":"closed","ping_status":"closed","template":"","meta":[],"product_brand":[],"product_cat":[324,291,1018,451],"product_tag":[],"class_list":{"0":"post-29859","1":"product","2":"type-product","3":"status-publish","5":"product_cat-demaquillant-nettoyant","6":"product_cat-eclaircissant","7":"product_cat-aai-produis-coreens","8":"product_cat-aab-soin-du-visage","10":"first","11":"instock","12":"shipping-taxable","13":"product-type-simple"},"jetpack-related-posts":[{"id":29851,"url":"https:\/\/sakaba.mghosteur.com\/en\/product\/kojie-san-skin-lightening-facial-wash-with-hydromoist\/","url_meta":{"origin":29859,"position":0},"title":"Kojie San Skin Lightening Facial Wash with Hydromoist","author":"admin","date":"April 26, 2023","format":false,"excerpt":"D\u00e9couvrez le Kojie San Skin Lightening Facial Wash with Hydromoist, un nettoyant pour le visage de qualit\u00e9 de 100g qui \u00e9claircit, restaure et hydrate la peau. L'acide kojique et la niacinamide travaillent ensemble pour \u00e9claircir et apaiser la peau, laissant votre visage \u00e9clatant et hydrat\u00e9. Ce nettoyant en bouteille de\u2026","rel":"","context":"Similar post","block_context":{"text":"Similar post","link":""},"img":{"alt_text":"","src":"","width":0,"height":0},"classes":[]},{"id":29847,"url":"https:\/\/sakaba.mghosteur.com\/en\/product\/kojie-san-skin-lightening-body-wash-with-hydromoist-300ml\/","url_meta":{"origin":29859,"position":1},"title":"Kojie San Skin Lightening Body Wash With Hydromoist 300ml","author":"admin","date":"April 26, 2023","format":false,"excerpt":"D\u00e9couvrez le Gel Douche Eclaircissant pour le Corps Kojie San de 300ml, un produit de beaut\u00e9 de qualit\u00e9 qui contient de l'acide kojique comme ingr\u00e9dient actif principal. Ce gel douche nettoie efficacement et \u00e9claircit la peau, tout en apportant des ingr\u00e9dients naturels tels que l'extrait de Bengkoang pour aider \u00e0\u2026","rel":"","context":"Similar post","block_context":{"text":"Similar post","link":""},"img":{"alt_text":"","src":"","width":0,"height":0},"classes":[]},{"id":26816,"url":"https:\/\/sakaba.mghosteur.com\/en\/product\/skin-lightening-cleanser-toner\/","url_meta":{"origin":29859,"position":2},"title":"SKIN LIGHTENING CLEANSER +TONER","author":"admin","date":"November 28, 2022","format":false,"excerpt":"D\u00e9couvrez le Kojie San Combined Cleanser and Toner, un nettoyant et tonique \u00e0 double action qui aide \u00e0 garder votre peau fra\u00eeche en \u00e9liminant le s\u00e9bum. La bouteille contient 100 ml (3,38 onces liquides) et les ingr\u00e9dients actifs nettoient en douceur la peau, resserrent les pores et exfolient la couche\u2026","rel":"","context":"Similar post","block_context":{"text":"Similar post","link":""},"img":{"alt_text":"","src":"","width":0,"height":0},"classes":[]},{"id":31439,"url":"https:\/\/sakaba.mghosteur.com\/en\/product\/kojie-san-skin-lightening-cleanser-toner\/","url_meta":{"origin":29859,"position":3},"title":"KOJIE SAN SKIN LIGHTENING CLEANSER +TONER","author":"admin","date":"May 10, 2024","format":false,"excerpt":"D\u00e9couvrez le Kojie San Dual Action Cleanser + Toner - SUPER SAVINGS Profitez des avantages du Kojie San Dual Action Cleanser + Toner Ce nettoyant et tonique combin\u00e9 gardera votre peau fra\u00eeche en \u00e9liminant l'exc\u00e8s de s\u00e9bum. Les ingr\u00e9dients actifs nettoient d\u00e9licatement la peau, resserrent les pores et exfolient la\u2026","rel":"","context":"Similar post","block_context":{"text":"Similar post","link":""},"img":{"alt_text":"","src":"","width":0,"height":0},"classes":[]},{"id":29854,"url":"https:\/\/sakaba.mghosteur.com\/en\/product\/kojie-san-exfoliating-face-brush-for-perfect-skin\/","url_meta":{"origin":29859,"position":4},"title":"Kojie San Exfoliating Face Brush for Perfect Skin","author":"admin","date":"April 26, 2023","format":false,"excerpt":"D\u00e9couvrez la nouvelle brosse exfoliante pour le visage de Kojie San pour obtenir une peau parfaite. Fabriqu\u00e9e \u00e0 partir de silicone de qualit\u00e9 alimentaire et respectueuse de l'environnement, cette brosse exfoliante pour le visage est ultra-douce et efficace pour exfolier votre peau sans l'ab\u00eemer. Cette brosse nettoie, \u00e9limine l'apparence des\u2026","rel":"","context":"Similar post","block_context":{"text":"Similar post","link":""},"img":{"alt_text":"","src":"","width":0,"height":0},"classes":[]},{"id":24716,"url":"https:\/\/sakaba.mghosteur.com\/en\/product\/cetaphil-foaming-face-wash-redness\/","url_meta":{"origin":29859,"position":5},"title":"CETAPHIL FOAMING FACE WASH REDNESS","author":"admin","date":"November 10, 2022","format":false,"excerpt":"Peaux sujettes aux rougeurs. Nettoie en douceur sans dess\u00e9cher. Non com\u00e9dog\u00e8ne. Laisse la peau apais\u00e9e et \u00e9quilibr\u00e9e. Sans dess\u00e9cher, ce nettoyant extra doux \u00e9limine la salet\u00e9, les impuret\u00e9s et le maquillage qui peuvent obstruer les pores et irriter les peaux sensibles. Assez doux pour un usage quotidien.","rel":"","context":"Similar post","block_context":{"text":"Similar post","link":""},"img":{"alt_text":"","src":"","width":0,"height":0},"classes":[]}],"_links":{"self":[{"href":"https:\/\/sakaba.mghosteur.com\/en\/wp-json\/wp\/v2\/product\/29859","targetHints":{"allow":["GET"]}}],"collection":[{"href":"https:\/\/sakaba.mghosteur.com\/en\/wp-json\/wp\/v2\/product"}],"about":[{"href":"https:\/\/sakaba.mghosteur.com\/en\/wp-json\/wp\/v2\/types\/product"}],"replies":[{"embeddable":true,"href":"https:\/\/sakaba.mghosteur.com\/en\/wp-json\/wp\/v2\/comments?post=29859"}],"version-history":[{"count":0,"href":"https:\/\/sakaba.mghosteur.com\/en\/wp-json\/wp\/v2\/product\/29859\/revisions"}],"wp:attachment":[{"href":"https:\/\/sakaba.mghosteur.com\/en\/wp-json\/wp\/v2\/media?parent=29859"}],"wp:term":[{"taxonomy":"product_brand","embeddable":true,"href":"https:\/\/sakaba.mghosteur.com\/en\/wp-json\/wp\/v2\/product_brand?post=29859"},{"taxonomy":"product_cat","embeddable":true,"href":"https:\/\/sakaba.mghosteur.com\/en\/wp-json\/wp\/v2\/product_cat?post=29859"},{"taxonomy":"product_tag","embeddable":true,"href":"https:\/\/sakaba.mghosteur.com\/en\/wp-json\/wp\/v2\/product_tag?post=29859"}],"curies":[{"name":"wp","href":"https:\/\/api.w.org\/{rel}","templated":true}]}}