{"id":29866,"date":"2023-04-26T16:55:41","date_gmt":"2023-04-26T16:55:41","guid":{"rendered":"http:\/\/www.sakababeauty.com\/?post_type=product&#038;p=29866"},"modified":"2024-08-20T22:21:25","modified_gmt":"2024-08-20T22:21:25","slug":"kojie-san-savon-eclaircissant-a-lacide-kojique-2-barres-135g","status":"publish","type":"product","link":"https:\/\/sakaba.mghosteur.com\/en\/product\/kojie-san-savon-eclaircissant-a-lacide-kojique-2-barres-135g\/","title":{"rendered":"Kojie San Skin Lightening Kojic Acid Soap 2 Bars &#8211; 135g"},"content":{"rendered":"<p>Le savon \u00e9claircissant \u00e0 l&#8217;acide kojique de Kojie San est un produit de qualit\u00e9 de 135g, pr\u00e9sent\u00e9 en deux barres. Sa formule unique combine des ingr\u00e9dients blanchissants puissants avec de l&#8217;huile de noix de coco nourrissante pour r\u00e9duire rapidement et en toute s\u00e9curit\u00e9 l&#8217;apparence des taches brunes, de la d\u00e9coloration et d&#8217;autres imperfections cutan\u00e9es. Convient pour une utilisation sur le visage et le corps, le savon \u00e9claircissant Kojie San r\u00e9duit \u00e9galement l&#8217;apparence des marques rouges et des cicatrices, pour une peau d&#8217;apparence plus uniforme. Sans mercure ni m\u00e9taux lourds, ce produit est s\u00fbr et facile \u00e0 utiliser. Pour de meilleurs r\u00e9sultats, faire mousser le savon et appliquer sur les zones \u00e0 traiter une fois par jour, en augmentant \u00e0 deux fois par jour si bien tol\u00e9r\u00e9. Il est recommand\u00e9 d&#8217;appliquer une cr\u00e8me hydratante apr\u00e8s utilisation pour \u00e9viter la s\u00e9cheresse. Avant utilisation, effectuez un test de sensibilit\u00e9 et utilisez toujours un \u00e9cran solaire en conjonction avec ce produit.<\/p>","protected":false},"excerpt":{"rendered":"<p>Le savon \u00e9claircissant \u00e0 l&#8217;acide kojique de Kojie San est un produit de qualit\u00e9 de 135g, pr\u00e9sent\u00e9 en deux barres. Sa formule unique combine des ingr\u00e9dients blanchissants puissants avec de l&#8217;huile de noix de coco nourrissante pour r\u00e9duire rapidement et en toute s\u00e9curit\u00e9 l&#8217;apparence des taches brunes, de la d\u00e9coloration et d&#8217;autres imperfections cutan\u00e9es. Convient<span class=\"read-more-faq\"><a href=\"https:\/\/sakaba.mghosteur.com\/en\/product\/kojie-san-savon-eclaircissant-a-lacide-kojique-2-barres-135g\/\">Read More<\/a><\/span><\/p>","protected":false},"featured_media":0,"comment_status":"closed","ping_status":"closed","template":"","meta":[],"product_brand":[],"product_cat":[293,324,291,1018,451],"product_tag":[],"class_list":{"0":"post-29866","1":"product","2":"type-product","3":"status-publish","5":"product_cat-anti-taches","6":"product_cat-demaquillant-nettoyant","7":"product_cat-eclaircissant","8":"product_cat-aai-produis-coreens","9":"product_cat-aab-soin-du-visage","11":"first","12":"instock","13":"shipping-taxable","14":"product-type-simple"},"jetpack-related-posts":[{"id":29837,"url":"https:\/\/sakaba.mghosteur.com\/en\/product\/kojie-san-skin-lightening-kojic-acid-soap-65g\/","url_meta":{"origin":29866,"position":0},"title":"Kojie San Skin Lightening Kojic Acid Soap &#8211; 65g","author":"admin","date":"April 26, 2023","format":false,"excerpt":"Le Savon \u00e9claircissant \u00e0 l'acide kojique de Kojie San - 65g est un produit unique qui m\u00e9lange des ingr\u00e9dients blanchissants efficaces avec de l'huile de noix de coco nourrissante et un parfum d'orange frais. Il est con\u00e7u pour r\u00e9duire rapidement et en toute s\u00e9curit\u00e9 l'apparence des taches brunes, de la\u2026","rel":"","context":"Similar post","block_context":{"text":"Similar post","link":""},"img":{"alt_text":"","src":"","width":0,"height":0},"classes":[]},{"id":29871,"url":"https:\/\/sakaba.mghosteur.com\/en\/product\/kojie-san-skin-lightening-kojic-acid-soap-3-bars-100g\/","url_meta":{"origin":29866,"position":1},"title":"Kojie San Skin Lightening Kojic Acid Soap 3 Bars &#8211; 100g","author":"admin","date":"April 26, 2023","format":false,"excerpt":"D\u00e9couvrez les avantages du Savon Eclaircissant Kojic Acid de Kojie San, avec une formule unique m\u00e9langeant des ingr\u00e9dients \u00e9claircissants efficaces \u00e0 l'huile de noix de coco nourrissante et un parfum frais d'orange. La marque Kojie San a d\u00e9couvert l'acide kojique en traitant du riz pour produire du vin japonais. Les\u2026","rel":"","context":"Similar post","block_context":{"text":"Similar post","link":""},"img":{"alt_text":"","src":"","width":0,"height":0},"classes":[]},{"id":29844,"url":"https:\/\/sakaba.mghosteur.com\/en\/product\/kojie-san-dream-white-soap-2-bars-65g\/","url_meta":{"origin":29866,"position":2},"title":"Kojie San Dream White Soap 2 Bars &#8211; 65g","author":"admin","date":"April 26, 2023","format":false,"excerpt":"D\u00e9couvrez le savon Kojie San Dream White Soap - 65g, un produit de beaut\u00e9 qui \u00e9claircit la peau tout en r\u00e9duisant l'apparence des signes de vieillissement. Ce savon contient du collag\u00e8ne et de l'\u00e9lastine, des substances pr\u00e9sentes dans la peau qui contribuent \u00e0 une apparence plus jeune. Il remplace les\u2026","rel":"","context":"Similar post","block_context":{"text":"Similar post","link":""},"img":{"alt_text":"","src":"","width":0,"height":0},"classes":[]},{"id":29827,"url":"https:\/\/sakaba.mghosteur.com\/en\/product\/kojie-san-skin-lightening-kojic-acid-soap-2-bars-65g-super-savings\/","url_meta":{"origin":29866,"position":3},"title":"Kojie San Skin Lightening Kojic Acid Soap 2 Bars &#8211; 65g-SUPER SAVINGS","author":"admin","date":"April 26, 2023","format":false,"excerpt":"Le savon \u00e9claircissant pour la peau Kojie San est une solution efficace pour r\u00e9duire l'apparence des taches brunes, de la d\u00e9coloration et d'autres imperfections cutan\u00e9es. Sa formulation unique m\u00e9lange des ingr\u00e9dients blanchissants \u00e0 base d'acide kojique avec de l'huile de noix de coco nourrissante et un parfum d'orange frais pour\u2026","rel":"","context":"Similar post","block_context":{"text":"Similar post","link":""},"img":{"alt_text":"","src":"","width":0,"height":0},"classes":[]},{"id":26794,"url":"https:\/\/sakaba.mghosteur.com\/en\/product\/kojic-san-skin-lightening-soap-3-pieces\/","url_meta":{"origin":29866,"position":4},"title":"Kojie San Skin Lightening Kojic Acid Soap 3 Bars","author":"admin","date":"November 28, 2022","format":false,"excerpt":"D\u00e9couvrez le Kojie San Skin Lightening Kojic Acid Soap 3 Bars, un savon \u00e9claircissant de qualit\u00e9 de 65g qui allie des ingr\u00e9dients \u00e9claircissants efficaces avec de l'huile de noix de coco nourrissante et un parfum d'orange frais. La formulation du Kojic acid a \u00e9t\u00e9 d\u00e9couverte lors du traitement du riz\u2026","rel":"","context":"Similar post","block_context":{"text":"Similar post","link":""},"img":{"alt_text":"","src":"","width":0,"height":0},"classes":[]},{"id":31444,"url":"https:\/\/sakaba.mghosteur.com\/en\/product\/kojie-san-skin-lightening-kojic-acid-soap-3-bars-65g-x-3\/","url_meta":{"origin":29866,"position":5},"title":"Kojie San Skin Lightening Kojic Acid Soap 3 Bars 65g x 3","author":"admin","date":"May 10, 2024","format":false,"excerpt":"D\u00e9couvrez le savon \u00e9claircissant pour la peau Kojie San - 65 g, une formule originale \u00e0 base d'acide kojique qui allie des ingr\u00e9dients blanchissants efficaces \u00e0 de l'huile de noix de coco nourrissante et un parfum d'orange frais. L'acide kojique, d\u00e9couvert lors de la transformation du riz pour la fabrication\u2026","rel":"","context":"Similar post","block_context":{"text":"Similar post","link":""},"img":{"alt_text":"","src":"","width":0,"height":0},"classes":[]}],"_links":{"self":[{"href":"https:\/\/sakaba.mghosteur.com\/en\/wp-json\/wp\/v2\/product\/29866","targetHints":{"allow":["GET"]}}],"collection":[{"href":"https:\/\/sakaba.mghosteur.com\/en\/wp-json\/wp\/v2\/product"}],"about":[{"href":"https:\/\/sakaba.mghosteur.com\/en\/wp-json\/wp\/v2\/types\/product"}],"replies":[{"embeddable":true,"href":"https:\/\/sakaba.mghosteur.com\/en\/wp-json\/wp\/v2\/comments?post=29866"}],"version-history":[{"count":0,"href":"https:\/\/sakaba.mghosteur.com\/en\/wp-json\/wp\/v2\/product\/29866\/revisions"}],"wp:attachment":[{"href":"https:\/\/sakaba.mghosteur.com\/en\/wp-json\/wp\/v2\/media?parent=29866"}],"wp:term":[{"taxonomy":"product_brand","embeddable":true,"href":"https:\/\/sakaba.mghosteur.com\/en\/wp-json\/wp\/v2\/product_brand?post=29866"},{"taxonomy":"product_cat","embeddable":true,"href":"https:\/\/sakaba.mghosteur.com\/en\/wp-json\/wp\/v2\/product_cat?post=29866"},{"taxonomy":"product_tag","embeddable":true,"href":"https:\/\/sakaba.mghosteur.com\/en\/wp-json\/wp\/v2\/product_tag?post=29866"}],"curies":[{"name":"wp","href":"https:\/\/api.w.org\/{rel}","templated":true}]}}