{"id":29871,"date":"2023-04-26T18:30:01","date_gmt":"2023-04-26T18:30:01","guid":{"rendered":"http:\/\/www.sakababeauty.com\/?post_type=product&#038;p=29871"},"modified":"2024-08-20T22:25:48","modified_gmt":"2024-08-20T22:25:48","slug":"kojie-san-skin-lightening-kojic-acid-soap-3-bars-100g","status":"publish","type":"product","link":"https:\/\/sakaba.mghosteur.com\/en\/product\/kojie-san-skin-lightening-kojic-acid-soap-3-bars-100g\/","title":{"rendered":"Kojie San Skin Lightening Kojic Acid Soap 3 Bars &#8211; 100g"},"content":{"rendered":"<p>D\u00e9couvrez les avantages du Savon Eclaircissant Kojic Acid de Kojie San, avec une formule unique m\u00e9langeant des ingr\u00e9dients \u00e9claircissants efficaces \u00e0 l&#8217;huile de noix de coco nourrissante et un parfum frais d&#8217;orange. La marque Kojie San a d\u00e9couvert l&#8217;acide kojique en traitant du riz pour produire du vin japonais. Les ingr\u00e9dients naturels de ce savon ont prouv\u00e9 leur efficacit\u00e9 pour r\u00e9v\u00e9ler rapidement une peau plus claire en r\u00e9duisant les taches sombres, la d\u00e9coloration et autres imperfections*.<\/p>\n<p>Chaque paquet contient 3 barres de savon de 100g chacune, adapt\u00e9es \u00e0 une utilisation sur le visage et le corps. L&#8217;huile de noix de coco hydratante pr\u00e9pare la peau pour une absorption maximale de l&#8217;acide kojique, r\u00e9duisant ainsi l&#8217;apparition des taches brunes, des taches de rousseur et des autres signes de dommages caus\u00e9s par le soleil. Il aide \u00e9galement \u00e0 att\u00e9nuer l&#8217;apparence des cicatrices et des marques rouges.<\/p>\n<p>Une utilisation continue de ce savon \u00e9claircissant donnera une peau plus claire et plus lumineuse. Il est sans mercure et sans m\u00e9taux lourds, pour conna\u00eetre les r\u00e9sultats d&#8217;analyse cliquez ici.<\/p>\n<p>Pour l&#8217;utiliser, faites mousser le savon et appliquez sur les zones \u00e0 traiter. Laissez agir jusqu&#8217;\u00e0 30 secondes, puis rincez. Utilisez une fois par jour et augmentez \u00e0 deux fois par jour si bien tol\u00e9r\u00e9. En cas de s\u00e9cheresse, suivez avec une cr\u00e8me hydratante.<\/p>\n<p>AVERTISSEMENT : Avant l&#8217;utilisation, faites un test de sensibilit\u00e9 en appliquant le savon sur une petite zone de peau pendant 30 secondes. Si des rougeurs, des br\u00fblures, des picotements ou une inflammation surviennent, retirez imm\u00e9diatement le produit de la peau et arr\u00eatez toutes les utilisations ult\u00e9rieures.<\/p>\n<p>REMARQUE : Tous les produits \u00e9claircissants doivent \u00eatre utilis\u00e9s en conjonction avec un \u00e9cran solaire. Commandez maintenant et profitez d&#8217;une peau plus claire et uniforme avec le Savon Eclaircissant Kojic Acid de Kojie San.<\/p>","protected":false},"excerpt":{"rendered":"<p>D\u00e9couvrez les avantages du Savon Eclaircissant Kojic Acid de Kojie San, avec une formule unique m\u00e9langeant des ingr\u00e9dients \u00e9claircissants efficaces \u00e0 l&#8217;huile de noix de coco nourrissante et un parfum frais d&#8217;orange. La marque Kojie San a d\u00e9couvert l&#8217;acide kojique en traitant du riz pour produire du vin japonais. Les ingr\u00e9dients naturels de ce savon<span class=\"read-more-faq\"><a href=\"https:\/\/sakaba.mghosteur.com\/en\/product\/kojie-san-skin-lightening-kojic-acid-soap-3-bars-100g\/\">Read More<\/a><\/span><\/p>","protected":false},"featured_media":0,"comment_status":"closed","ping_status":"closed","template":"","meta":[],"product_brand":[],"product_cat":[293,324,291,1018,451],"product_tag":[],"class_list":{"0":"post-29871","1":"product","2":"type-product","3":"status-publish","5":"product_cat-anti-taches","6":"product_cat-demaquillant-nettoyant","7":"product_cat-eclaircissant","8":"product_cat-aai-produis-coreens","9":"product_cat-aab-soin-du-visage","11":"first","12":"instock","13":"shipping-taxable","14":"product-type-simple"},"jetpack-related-posts":[{"id":31444,"url":"https:\/\/sakaba.mghosteur.com\/en\/product\/kojie-san-skin-lightening-kojic-acid-soap-3-bars-65g-x-3\/","url_meta":{"origin":29871,"position":0},"title":"Kojie San Skin Lightening Kojic Acid Soap 3 Bars 65g x 3","author":"admin","date":"May 10, 2024","format":false,"excerpt":"D\u00e9couvrez le savon \u00e9claircissant pour la peau Kojie San - 65 g, une formule originale \u00e0 base d'acide kojique qui allie des ingr\u00e9dients blanchissants efficaces \u00e0 de l'huile de noix de coco nourrissante et un parfum d'orange frais. L'acide kojique, d\u00e9couvert lors de la transformation du riz pour la fabrication\u2026","rel":"","context":"Similar post","block_context":{"text":"Similar post","link":""},"img":{"alt_text":"","src":"","width":0,"height":0},"classes":[]},{"id":29827,"url":"https:\/\/sakaba.mghosteur.com\/en\/product\/kojie-san-skin-lightening-kojic-acid-soap-2-bars-65g-super-savings\/","url_meta":{"origin":29871,"position":1},"title":"Kojie San Skin Lightening Kojic Acid Soap 2 Bars &#8211; 65g-SUPER SAVINGS","author":"admin","date":"April 26, 2023","format":false,"excerpt":"Le savon \u00e9claircissant pour la peau Kojie San est une solution efficace pour r\u00e9duire l'apparence des taches brunes, de la d\u00e9coloration et d'autres imperfections cutan\u00e9es. Sa formulation unique m\u00e9lange des ingr\u00e9dients blanchissants \u00e0 base d'acide kojique avec de l'huile de noix de coco nourrissante et un parfum d'orange frais pour\u2026","rel":"","context":"Similar post","block_context":{"text":"Similar post","link":""},"img":{"alt_text":"","src":"","width":0,"height":0},"classes":[]},{"id":29837,"url":"https:\/\/sakaba.mghosteur.com\/en\/product\/kojie-san-skin-lightening-kojic-acid-soap-65g\/","url_meta":{"origin":29871,"position":2},"title":"Kojie San Skin Lightening Kojic Acid Soap &#8211; 65g","author":"admin","date":"April 26, 2023","format":false,"excerpt":"Le Savon \u00e9claircissant \u00e0 l'acide kojique de Kojie San - 65g est un produit unique qui m\u00e9lange des ingr\u00e9dients blanchissants efficaces avec de l'huile de noix de coco nourrissante et un parfum d'orange frais. Il est con\u00e7u pour r\u00e9duire rapidement et en toute s\u00e9curit\u00e9 l'apparence des taches brunes, de la\u2026","rel":"","context":"Similar post","block_context":{"text":"Similar post","link":""},"img":{"alt_text":"","src":"","width":0,"height":0},"classes":[]},{"id":26794,"url":"https:\/\/sakaba.mghosteur.com\/en\/product\/kojic-san-skin-lightening-soap-3-pieces\/","url_meta":{"origin":29871,"position":3},"title":"Kojie San Skin Lightening Kojic Acid Soap 3 Bars","author":"admin","date":"November 28, 2022","format":false,"excerpt":"D\u00e9couvrez le Kojie San Skin Lightening Kojic Acid Soap 3 Bars, un savon \u00e9claircissant de qualit\u00e9 de 65g qui allie des ingr\u00e9dients \u00e9claircissants efficaces avec de l'huile de noix de coco nourrissante et un parfum d'orange frais. La formulation du Kojic acid a \u00e9t\u00e9 d\u00e9couverte lors du traitement du riz\u2026","rel":"","context":"Similar post","block_context":{"text":"Similar post","link":""},"img":{"alt_text":"","src":"","width":0,"height":0},"classes":[]},{"id":29866,"url":"https:\/\/sakaba.mghosteur.com\/en\/product\/kojie-san-savon-eclaircissant-a-lacide-kojique-2-barres-135g\/","url_meta":{"origin":29871,"position":4},"title":"Kojie San Skin Lightening Kojic Acid Soap 2 Bars &#8211; 135g","author":"admin","date":"April 26, 2023","format":false,"excerpt":"Le savon \u00e9claircissant \u00e0 l'acide kojique de Kojie San est un produit de qualit\u00e9 de 135g, pr\u00e9sent\u00e9 en deux barres. Sa formule unique combine des ingr\u00e9dients blanchissants puissants avec de l'huile de noix de coco nourrissante pour r\u00e9duire rapidement et en toute s\u00e9curit\u00e9 l'apparence des taches brunes, de la d\u00e9coloration\u2026","rel":"","context":"Similar post","block_context":{"text":"Similar post","link":""},"img":{"alt_text":"","src":"","width":0,"height":0},"classes":[]},{"id":26780,"url":"https:\/\/sakaba.mghosteur.com\/en\/product\/kojic-san-skinlightening-soap-135g\/","url_meta":{"origin":29871,"position":5},"title":"Kojie San Skin Lightening Kojic Acid Soap &#8211; 135G","author":"admin","date":"November 28, 2022","format":false,"excerpt":"D\u00e9couvrez le Savon Eclaircissant Kojie San, un produit de beaut\u00e9 de qualit\u00e9 de 135g qui contient de l'acide kojique comme ingr\u00e9dient actif principal. Cet ingr\u00e9dient naturel de haute qualit\u00e9 aide \u00e0 pr\u00e9venir la production de m\u00e9lanine, rendant ainsi votre peau plus claire et plus l\u00e9g\u00e8re. Le savon Kojie San est\u2026","rel":"","context":"Similar post","block_context":{"text":"Similar post","link":""},"img":{"alt_text":"","src":"","width":0,"height":0},"classes":[]}],"_links":{"self":[{"href":"https:\/\/sakaba.mghosteur.com\/en\/wp-json\/wp\/v2\/product\/29871","targetHints":{"allow":["GET"]}}],"collection":[{"href":"https:\/\/sakaba.mghosteur.com\/en\/wp-json\/wp\/v2\/product"}],"about":[{"href":"https:\/\/sakaba.mghosteur.com\/en\/wp-json\/wp\/v2\/types\/product"}],"replies":[{"embeddable":true,"href":"https:\/\/sakaba.mghosteur.com\/en\/wp-json\/wp\/v2\/comments?post=29871"}],"version-history":[{"count":0,"href":"https:\/\/sakaba.mghosteur.com\/en\/wp-json\/wp\/v2\/product\/29871\/revisions"}],"wp:attachment":[{"href":"https:\/\/sakaba.mghosteur.com\/en\/wp-json\/wp\/v2\/media?parent=29871"}],"wp:term":[{"taxonomy":"product_brand","embeddable":true,"href":"https:\/\/sakaba.mghosteur.com\/en\/wp-json\/wp\/v2\/product_brand?post=29871"},{"taxonomy":"product_cat","embeddable":true,"href":"https:\/\/sakaba.mghosteur.com\/en\/wp-json\/wp\/v2\/product_cat?post=29871"},{"taxonomy":"product_tag","embeddable":true,"href":"https:\/\/sakaba.mghosteur.com\/en\/wp-json\/wp\/v2\/product_tag?post=29871"}],"curies":[{"name":"wp","href":"https:\/\/api.w.org\/{rel}","templated":true}]}}