{"id":29878,"date":"2023-04-26T19:02:18","date_gmt":"2023-04-26T19:02:18","guid":{"rendered":"http:\/\/www.sakababeauty.com\/?post_type=product&#038;p=29878"},"modified":"2024-08-20T22:14:07","modified_gmt":"2024-08-20T22:14:07","slug":"kojie-san-face-lightening-cream","status":"publish","type":"product","link":"https:\/\/sakaba.mghosteur.com\/en\/product\/kojie-san-face-lightening-cream\/","title":{"rendered":"Kojie San Face Lightening Cream"},"content":{"rendered":"<p>D\u00e9couvrez la Cr\u00e8me Eclaircissante pour le Visage Kojie San, un produit de beaut\u00e9 l\u00e9ger de 30g formul\u00e9 avec des \u00e9glantiers et de la vitamine E pour une hydratation douce et non grasse. La cr\u00e8me est infus\u00e9e avec de l&#8217;acide kojique enti\u00e8rement naturel, qui \u00e9claircit d\u00e9licatement et en toute s\u00e9curit\u00e9 la peau.<\/p>\n<p>Cette cr\u00e8me pour le visage a de nombreux avantages, notamment l&#8217;\u00e9claircissement de la peau et la r\u00e9duction de l&#8217;apparence des taches sombres. Elle diminue \u00e9galement la chance de nouvelles imperfections cutan\u00e9es, restaure la souplesse de la peau, l&#8217;hydrate et am\u00e9liore sa sant\u00e9 globale pour un teint visiblement ros\u00e9.<\/p>\n<p>La Cr\u00e8me Eclaircissante pour le Visage Kojie San est exempte de mercure et de m\u00e9taux lourds, et les r\u00e9sultats d&#8217;analyse sont disponibles sur notre site web. Appliquez avec les bouts des doigts en massant en mouvements circulaires, en \u00e9tant particuli\u00e8rement diligent dans les zones pr\u00e9sentant des rides et des ridules. Utilisez le matin et avant de vous coucher. Commandez maintenant et profitez d&#8217;une peau \u00e9clatante avec la Cr\u00e8me Eclaircissante pour le Visage Kojie San.<\/p>","protected":false},"excerpt":{"rendered":"<p>D\u00e9couvrez la Cr\u00e8me Eclaircissante pour le Visage Kojie San, un produit de beaut\u00e9 l\u00e9ger de 30g formul\u00e9 avec des \u00e9glantiers et de la vitamine E pour une hydratation douce et non grasse. La cr\u00e8me est infus\u00e9e avec de l&#8217;acide kojique enti\u00e8rement naturel, qui \u00e9claircit d\u00e9licatement et en toute s\u00e9curit\u00e9 la peau. Cette cr\u00e8me pour le<span class=\"read-more-faq\"><a href=\"https:\/\/sakaba.mghosteur.com\/en\/product\/kojie-san-face-lightening-cream\/\">Read More<\/a><\/span><\/p>","protected":false},"featured_media":0,"comment_status":"closed","ping_status":"closed","template":"","meta":[],"product_brand":[],"product_cat":[293,291,331,1018,451],"product_tag":[],"class_list":{"0":"post-29878","1":"product","2":"type-product","3":"status-publish","5":"product_cat-anti-taches","6":"product_cat-eclaircissant","7":"product_cat-hydratant-visage","8":"product_cat-aai-produis-coreens","9":"product_cat-aab-soin-du-visage","11":"first","12":"instock","13":"shipping-taxable","14":"product-type-simple"},"jetpack-related-posts":[{"id":29866,"url":"https:\/\/sakaba.mghosteur.com\/en\/product\/kojie-san-savon-eclaircissant-a-lacide-kojique-2-barres-135g\/","url_meta":{"origin":29878,"position":0},"title":"Kojie San Skin Lightening Kojic Acid Soap 2 Bars &#8211; 135g","author":"admin","date":"April 26, 2023","format":false,"excerpt":"Le savon \u00e9claircissant \u00e0 l'acide kojique de Kojie San est un produit de qualit\u00e9 de 135g, pr\u00e9sent\u00e9 en deux barres. Sa formule unique combine des ingr\u00e9dients blanchissants puissants avec de l'huile de noix de coco nourrissante pour r\u00e9duire rapidement et en toute s\u00e9curit\u00e9 l'apparence des taches brunes, de la d\u00e9coloration\u2026","rel":"","context":"Similar post","block_context":{"text":"Similar post","link":""},"img":{"alt_text":"","src":"","width":0,"height":0},"classes":[]},{"id":29871,"url":"https:\/\/sakaba.mghosteur.com\/en\/product\/kojie-san-skin-lightening-kojic-acid-soap-3-bars-100g\/","url_meta":{"origin":29878,"position":1},"title":"Kojie San Skin Lightening Kojic Acid Soap 3 Bars &#8211; 100g","author":"admin","date":"April 26, 2023","format":false,"excerpt":"D\u00e9couvrez les avantages du Savon Eclaircissant Kojic Acid de Kojie San, avec une formule unique m\u00e9langeant des ingr\u00e9dients \u00e9claircissants efficaces \u00e0 l'huile de noix de coco nourrissante et un parfum frais d'orange. La marque Kojie San a d\u00e9couvert l'acide kojique en traitant du riz pour produire du vin japonais. Les\u2026","rel":"","context":"Similar post","block_context":{"text":"Similar post","link":""},"img":{"alt_text":"","src":"","width":0,"height":0},"classes":[]},{"id":29851,"url":"https:\/\/sakaba.mghosteur.com\/en\/product\/kojie-san-skin-lightening-facial-wash-with-hydromoist\/","url_meta":{"origin":29878,"position":2},"title":"Kojie San Skin Lightening Facial Wash with Hydromoist","author":"admin","date":"April 26, 2023","format":false,"excerpt":"D\u00e9couvrez le Kojie San Skin Lightening Facial Wash with Hydromoist, un nettoyant pour le visage de qualit\u00e9 de 100g qui \u00e9claircit, restaure et hydrate la peau. L'acide kojique et la niacinamide travaillent ensemble pour \u00e9claircir et apaiser la peau, laissant votre visage \u00e9clatant et hydrat\u00e9. Ce nettoyant en bouteille de\u2026","rel":"","context":"Similar post","block_context":{"text":"Similar post","link":""},"img":{"alt_text":"","src":"","width":0,"height":0},"classes":[]},{"id":26794,"url":"https:\/\/sakaba.mghosteur.com\/en\/product\/kojic-san-skin-lightening-soap-3-pieces\/","url_meta":{"origin":29878,"position":3},"title":"Kojie San Skin Lightening Kojic Acid Soap 3 Bars","author":"admin","date":"November 28, 2022","format":false,"excerpt":"D\u00e9couvrez le Kojie San Skin Lightening Kojic Acid Soap 3 Bars, un savon \u00e9claircissant de qualit\u00e9 de 65g qui allie des ingr\u00e9dients \u00e9claircissants efficaces avec de l'huile de noix de coco nourrissante et un parfum d'orange frais. La formulation du Kojic acid a \u00e9t\u00e9 d\u00e9couverte lors du traitement du riz\u2026","rel":"","context":"Similar post","block_context":{"text":"Similar post","link":""},"img":{"alt_text":"","src":"","width":0,"height":0},"classes":[]},{"id":29844,"url":"https:\/\/sakaba.mghosteur.com\/en\/product\/kojie-san-dream-white-soap-2-bars-65g\/","url_meta":{"origin":29878,"position":4},"title":"Kojie San Dream White Soap 2 Bars &#8211; 65g","author":"admin","date":"April 26, 2023","format":false,"excerpt":"D\u00e9couvrez le savon Kojie San Dream White Soap - 65g, un produit de beaut\u00e9 qui \u00e9claircit la peau tout en r\u00e9duisant l'apparence des signes de vieillissement. Ce savon contient du collag\u00e8ne et de l'\u00e9lastine, des substances pr\u00e9sentes dans la peau qui contribuent \u00e0 une apparence plus jeune. Il remplace les\u2026","rel":"","context":"Similar post","block_context":{"text":"Similar post","link":""},"img":{"alt_text":"","src":"","width":0,"height":0},"classes":[]},{"id":26780,"url":"https:\/\/sakaba.mghosteur.com\/en\/product\/kojic-san-skinlightening-soap-135g\/","url_meta":{"origin":29878,"position":5},"title":"Kojie San Skin Lightening Kojic Acid Soap &#8211; 135G","author":"admin","date":"November 28, 2022","format":false,"excerpt":"D\u00e9couvrez le Savon Eclaircissant Kojie San, un produit de beaut\u00e9 de qualit\u00e9 de 135g qui contient de l'acide kojique comme ingr\u00e9dient actif principal. Cet ingr\u00e9dient naturel de haute qualit\u00e9 aide \u00e0 pr\u00e9venir la production de m\u00e9lanine, rendant ainsi votre peau plus claire et plus l\u00e9g\u00e8re. Le savon Kojie San est\u2026","rel":"","context":"Similar post","block_context":{"text":"Similar post","link":""},"img":{"alt_text":"","src":"","width":0,"height":0},"classes":[]}],"_links":{"self":[{"href":"https:\/\/sakaba.mghosteur.com\/en\/wp-json\/wp\/v2\/product\/29878","targetHints":{"allow":["GET"]}}],"collection":[{"href":"https:\/\/sakaba.mghosteur.com\/en\/wp-json\/wp\/v2\/product"}],"about":[{"href":"https:\/\/sakaba.mghosteur.com\/en\/wp-json\/wp\/v2\/types\/product"}],"replies":[{"embeddable":true,"href":"https:\/\/sakaba.mghosteur.com\/en\/wp-json\/wp\/v2\/comments?post=29878"}],"version-history":[{"count":0,"href":"https:\/\/sakaba.mghosteur.com\/en\/wp-json\/wp\/v2\/product\/29878\/revisions"}],"wp:attachment":[{"href":"https:\/\/sakaba.mghosteur.com\/en\/wp-json\/wp\/v2\/media?parent=29878"}],"wp:term":[{"taxonomy":"product_brand","embeddable":true,"href":"https:\/\/sakaba.mghosteur.com\/en\/wp-json\/wp\/v2\/product_brand?post=29878"},{"taxonomy":"product_cat","embeddable":true,"href":"https:\/\/sakaba.mghosteur.com\/en\/wp-json\/wp\/v2\/product_cat?post=29878"},{"taxonomy":"product_tag","embeddable":true,"href":"https:\/\/sakaba.mghosteur.com\/en\/wp-json\/wp\/v2\/product_tag?post=29878"}],"curies":[{"name":"wp","href":"https:\/\/api.w.org\/{rel}","templated":true}]}}