{"id":29883,"date":"2023-04-27T11:34:29","date_gmt":"2023-04-27T11:34:29","guid":{"rendered":"http:\/\/www.sakababeauty.com\/?post_type=product&#038;p=29883"},"modified":"2024-08-22T00:42:18","modified_gmt":"2024-08-22T00:42:18","slug":"healthy-white-uv-lightening-100-ml","status":"publish","type":"product","link":"https:\/\/sakaba.mghosteur.com\/en\/product\/healthy-white-uv-lightening-100-ml\/","title":{"rendered":"HEALTHY WHITE UV LIGHTENING 100 ML"},"content":{"rendered":"<p>D\u00e9couvrez la lotion \u00e9claircissante UV Vaseline Healthy White, sp\u00e9cialement con\u00e7ue pour rendre votre peau plus lumineuse en seulement deux semaines d&#8217;utilisation r\u00e9guli\u00e8re, deux fois par jour. Gr\u00e2ce \u00e0 son \u00e9cran solaire int\u00e9gr\u00e9, cette lotion emp\u00eache votre peau de noircir tout en hydratant en profondeur gr\u00e2ce \u00e0 son s\u00e9rum de yaourt. Sa composition contient des ingr\u00e9dients tels que la glyc\u00e9rine, l&#8217;acide st\u00e9arique et la niacinamide pour une peau plus douce et plus \u00e9clatante. Utilisez-le sur toutes les parties de votre corps tous les jours en fonction de vos besoins. Offrez \u00e0 votre peau la luminosit\u00e9 qu&#8217;elle m\u00e9rite avec Vaseline Healthy White Eclaircissant UV 100ml.<\/p>","protected":false},"excerpt":{"rendered":"<p>D\u00e9couvrez la lotion \u00e9claircissante UV Vaseline Healthy White, sp\u00e9cialement con\u00e7ue pour rendre votre peau plus lumineuse en seulement deux semaines d&#8217;utilisation r\u00e9guli\u00e8re, deux fois par jour. Gr\u00e2ce \u00e0 son \u00e9cran solaire int\u00e9gr\u00e9, cette lotion emp\u00eache votre peau de noircir tout en hydratant en profondeur gr\u00e2ce \u00e0 son s\u00e9rum de yaourt. Sa composition contient des ingr\u00e9dients<span class=\"read-more-faq\"><a href=\"https:\/\/sakaba.mghosteur.com\/en\/product\/healthy-white-uv-lightening-100-ml\/\">Read More<\/a><\/span><\/p>","protected":false},"featured_media":0,"comment_status":"closed","ping_status":"closed","template":"","meta":[],"product_brand":[],"product_cat":[447,291,1061],"product_tag":[],"class_list":{"0":"post-29883","1":"product","2":"type-product","3":"status-publish","5":"product_cat-aac-bain-et-corps","6":"product_cat-eclaircissant","7":"product_cat-lait-huile_corporelle","9":"first","10":"instock","11":"shipping-taxable","12":"product-type-simple"},"jetpack-related-posts":[{"id":31547,"url":"https:\/\/sakaba.mghosteur.com\/en\/product\/vaseline-glutha-hya-serum-burst-lotion-overnight-radiance-repair\/","url_meta":{"origin":29883,"position":0},"title":"VASELINE GLUTHA HYA SERUM BURST LOTION OVERNIGHT RADIANCE REPAIR","author":"admin","date":"May 10, 2024","format":false,"excerpt":"D\u00e9couvrez le Lotion Eclat Nuit R\u00e9paratrice Vaseline\u00ae Gluta-Hya Serum Burst, une solution aussi puissante que 10 masques en feuille, mais avec une texture l\u00e9g\u00e8re qui \u00e9clate en gouttelettes d'eau pour une absorption en profondeur par votre peau. Ressentez la diff\u00e9rence avec une peau plus \u00e9clatante et repulp\u00e9e. Avantages : Formul\u00e9\u2026","rel":"","context":"Similar post","block_context":{"text":"Similar post","link":""},"img":{"alt_text":"","src":"","width":0,"height":0},"classes":[]},{"id":31538,"url":"https:\/\/sakaba.mghosteur.com\/en\/product\/vaseline-gluta-hya-flawless-glow-serum-in-lotion-200ml\/","url_meta":{"origin":29883,"position":1},"title":"VASELINE GLUTA HYA FLAWLESS GLOW SERUM IN LOTION  200ml","author":"admin","date":"May 10, 2024","format":false,"excerpt":"VASELINE GLUTA-HYA SERUM BURST LOTION FLAWLESS BRIGHT D\u00e9tails: Propuls\u00e9 par la technologie GlutaGlow, qui est 10 fois plus puissante que la vitamine C+. Le 10X Pro-R\u00e9tinol* est r\u00e9put\u00e9 pour son aide \u00e0 exfolier les cellules mortes de la peau, favorisant ainsi une peau unifi\u00e9e. Avantages: La technologie GlutaGlow, 10 fois\u2026","rel":"","context":"Similar post","block_context":{"text":"Similar post","link":""},"img":{"alt_text":"","src":"","width":0,"height":0},"classes":[]},{"id":31523,"url":"https:\/\/sakaba.mghosteur.com\/en\/product\/vaseline-daily-brightening-even-tone-lotion-200ml\/","url_meta":{"origin":29883,"position":2},"title":"VASELINE DAILY BRIGHTENING EVEN TONE LOTION 200ML","author":"admin","date":"May 10, 2024","format":false,"excerpt":"VASELINE DAILY BRIGHTENING LOTION D\u00e9tails La lotion Vaseline Healthy Bright est reconnue comme l'une des meilleures lotions \u00e9claircissantes pour la peau, aidant \u00e0 soigner* la peau s\u00e8che et endommag\u00e9e tout en restaurant naturellement son \u00e9clat en seulement 2 semaines. Avantages Obtenez une peau radieuse en seulement 2 semaines. Une lotion\u2026","rel":"","context":"Similar post","block_context":{"text":"Similar post","link":""},"img":{"alt_text":"","src":"","width":0,"height":0},"classes":[]},{"id":26244,"url":"https:\/\/sakaba.mghosteur.com\/en\/product\/lighten-up-plus-lightening-body-lotion\/","url_meta":{"origin":29883,"position":3},"title":"LIGHTEN UP PLUS LIGHTENING BODY LOTION","author":"admin","date":"November 24, 2022","format":false,"excerpt":"Lighten Up PLUS Lightening Body Lotion est le produit parfait pour ceux qui cherchent \u00e0 uniformiser leur teint et \u00e0 \u00e9claircir leur peau en seulement 7 jours. Cette luxueuse lotion pour le corps hydrate en profondeur la peau tout en la clarifiant et en r\u00e9duisant les taches brunes. Elle contient\u2026","rel":"","context":"Similar post","block_context":{"text":"Similar post","link":""},"img":{"alt_text":"","src":"","width":0,"height":0},"classes":[]},{"id":31544,"url":"https:\/\/sakaba.mghosteur.com\/en\/product\/vaseline-gluta-hya-dewy-radiance-serum-in-lotion\/","url_meta":{"origin":29883,"position":4},"title":"VASELINE GLUTA HYA DEWY RADIANCE SERUM IN LOTION","author":"admin","date":"May 10, 2024","format":false,"excerpt":"D\u00e9couvrez le Vaseline\u00ae Gluta-Hya Serum Burst Lotion Dewy Radiance, un \u00e9lixir de beaut\u00e9 r\u00e9volutionnaire enrichi par la technologie GlutaGlow, offrant une puissance dix fois sup\u00e9rieure \u00e0 celle de la vitamine C+. Cette lotion est con\u00e7ue pour sublimer votre peau avec \u00e9clat. Les b\u00e9n\u00e9fices de cette lotion sont multiples. Gr\u00e2ce \u00e0\u2026","rel":"","context":"Similar post","block_context":{"text":"Similar post","link":""},"img":{"alt_text":"","src":"","width":0,"height":0},"classes":[]},{"id":29844,"url":"https:\/\/sakaba.mghosteur.com\/en\/product\/kojie-san-dream-white-soap-2-bars-65g\/","url_meta":{"origin":29883,"position":5},"title":"Kojie San Dream White Soap 2 Bars &#8211; 65g","author":"admin","date":"April 26, 2023","format":false,"excerpt":"D\u00e9couvrez le savon Kojie San Dream White Soap - 65g, un produit de beaut\u00e9 qui \u00e9claircit la peau tout en r\u00e9duisant l'apparence des signes de vieillissement. Ce savon contient du collag\u00e8ne et de l'\u00e9lastine, des substances pr\u00e9sentes dans la peau qui contribuent \u00e0 une apparence plus jeune. Il remplace les\u2026","rel":"","context":"Similar post","block_context":{"text":"Similar post","link":""},"img":{"alt_text":"","src":"","width":0,"height":0},"classes":[]}],"_links":{"self":[{"href":"https:\/\/sakaba.mghosteur.com\/en\/wp-json\/wp\/v2\/product\/29883","targetHints":{"allow":["GET"]}}],"collection":[{"href":"https:\/\/sakaba.mghosteur.com\/en\/wp-json\/wp\/v2\/product"}],"about":[{"href":"https:\/\/sakaba.mghosteur.com\/en\/wp-json\/wp\/v2\/types\/product"}],"replies":[{"embeddable":true,"href":"https:\/\/sakaba.mghosteur.com\/en\/wp-json\/wp\/v2\/comments?post=29883"}],"version-history":[{"count":0,"href":"https:\/\/sakaba.mghosteur.com\/en\/wp-json\/wp\/v2\/product\/29883\/revisions"}],"wp:attachment":[{"href":"https:\/\/sakaba.mghosteur.com\/en\/wp-json\/wp\/v2\/media?parent=29883"}],"wp:term":[{"taxonomy":"product_brand","embeddable":true,"href":"https:\/\/sakaba.mghosteur.com\/en\/wp-json\/wp\/v2\/product_brand?post=29883"},{"taxonomy":"product_cat","embeddable":true,"href":"https:\/\/sakaba.mghosteur.com\/en\/wp-json\/wp\/v2\/product_cat?post=29883"},{"taxonomy":"product_tag","embeddable":true,"href":"https:\/\/sakaba.mghosteur.com\/en\/wp-json\/wp\/v2\/product_tag?post=29883"}],"curies":[{"name":"wp","href":"https:\/\/api.w.org\/{rel}","templated":true}]}}