{"id":29890,"date":"2023-04-27T12:56:59","date_gmt":"2023-04-27T12:56:59","guid":{"rendered":"http:\/\/www.sakababeauty.com\/?post_type=product&#038;p=29890"},"modified":"2024-09-01T14:05:25","modified_gmt":"2024-09-01T14:05:25","slug":"vaseline-100-pure-petroleum-jelly-50g","status":"publish","type":"product","link":"https:\/\/sakaba.mghosteur.com\/en\/product\/vaseline-100-pure-petroleum-jelly-50g\/","title":{"rendered":"VASELINE 100% PURE PETROLEUM JELLY 50G"},"content":{"rendered":"<p>D\u00e9couvrez la gel\u00e9e de p\u00e9trole Vaseline\u00ae, une solution efficace pour prendre soin de votre peau s\u00e8che, ab\u00eem\u00e9e ou craquel\u00e9e. Sa formule triplement purifi\u00e9e est cliniquement prouv\u00e9e pour aider \u00e0 gu\u00e9rir les dommages cutan\u00e9s en cr\u00e9ant une barri\u00e8re protectrice et en emprisonnant l&#8217;humidit\u00e9. Cette gel\u00e9e hypoallerg\u00e9nique et non com\u00e9dog\u00e8ne est parfaite pour apaiser les coupures, les \u00e9raflures, les br\u00fblures et les cicatrices mineures. Elle est \u00e9galement id\u00e9ale pour les peaux sensibles, car elle est sans parfum et ses propri\u00e9t\u00e9s non irritantes garantissent un soulagement de la peau. De plus, elle peut \u00eatre utilis\u00e9e de diff\u00e9rentes mani\u00e8res, telles qu&#8217;adoucir les l\u00e8vres gerc\u00e9es, gu\u00e9rir les tatouages et prot\u00e9ger la peau irrit\u00e9e. Essayez la gel\u00e9e de p\u00e9trole Vaseline\u00ae et ressentez la diff\u00e9rence sur votre peau. Pour utiliser, appliquez une petite quantit\u00e9 sur votre peau et massez jusqu&#8217;\u00e0 absorption compl\u00e8te. R\u00e9p\u00e9tez tout au long de la journ\u00e9e, en insistant sur les zones s\u00e8ches telles que les mains, les pieds, les l\u00e8vres et les coudes.<\/p>","protected":false},"excerpt":{"rendered":"<p>D\u00e9couvrez la gel\u00e9e de p\u00e9trole Vaseline\u00ae, une solution efficace pour prendre soin de votre peau s\u00e8che, ab\u00eem\u00e9e ou craquel\u00e9e. Sa formule triplement purifi\u00e9e est cliniquement prouv\u00e9e pour aider \u00e0 gu\u00e9rir les dommages cutan\u00e9s en cr\u00e9ant une barri\u00e8re protectrice et en emprisonnant l&#8217;humidit\u00e9. Cette gel\u00e9e hypoallerg\u00e9nique et non com\u00e9dog\u00e8ne est parfaite pour apaiser les coupures, les<span class=\"read-more-faq\"><a href=\"https:\/\/sakaba.mghosteur.com\/en\/product\/vaseline-100-pure-petroleum-jelly-50g\/\">Read More<\/a><\/span><\/p>","protected":false},"featured_media":0,"comment_status":"closed","ping_status":"closed","template":"","meta":[],"product_brand":[],"product_cat":[447,1061,388],"product_tag":[],"class_list":{"0":"post-29890","1":"product","2":"type-product","3":"status-publish","5":"product_cat-aac-bain-et-corps","6":"product_cat-lait-huile_corporelle","7":"product_cat-peaux-seches","9":"first","10":"instock","11":"shipping-taxable","12":"product-type-simple"},"jetpack-related-posts":[{"id":29887,"url":"https:\/\/sakaba.mghosteur.com\/en\/product\/vaseline-100-healing-petroleum-jelly-212g\/","url_meta":{"origin":29890,"position":0},"title":"VASELINE 100% HEALING PETROLEUM JELLY 212G","author":"admin","date":"April 27, 2023","format":false,"excerpt":"D\u00e9couvrez la gel\u00e9e cicatrisante originale de la marque Vaseline pour une peau hydrat\u00e9e et soign\u00e9e. Cette gel\u00e9e est triplement purifi\u00e9e et 100 % pure pour aider \u00e0 gu\u00e9rir les peaux ab\u00eem\u00e9es, craquel\u00e9es et s\u00e8ches. Elle cr\u00e9e une barri\u00e8re protectrice et favorise le processus naturel de gu\u00e9rison de la peau gr\u00e2ce\u2026","rel":"","context":"Similar post","block_context":{"text":"Similar post","link":""},"img":{"alt_text":"","src":"","width":0,"height":0},"classes":[]},{"id":31530,"url":"https:\/\/sakaba.mghosteur.com\/en\/product\/vaseline-cocoa-butter-healing-jelly-212g\/","url_meta":{"origin":29890,"position":1},"title":"VASELINE COCOA BUTTER HEALING JELLY 212G","author":"admin","date":"May 10, 2024","format":false,"excerpt":"D\u00e9couvrez cette gel\u00e9e cicatrisante Vaseline, une solution pour la peau s\u00e8che et terne. Enrichie en beurre de cacao, cette formule ravive et nourrit la peau, lui redonnant un \u00e9clat radieux et une apparence saine. Id\u00e9ale pour les peaux s\u00e8ches et ternes, cette gel\u00e9e cicatrisante est fabriqu\u00e9e avec de la vaseline\u2026","rel":"","context":"Similar post","block_context":{"text":"Similar post","link":""},"img":{"alt_text":"","src":"","width":0,"height":0},"classes":[]},{"id":24257,"url":"https:\/\/sakaba.mghosteur.com\/en\/product\/vaseline-original-healing-jelly\/","url_meta":{"origin":29890,"position":2},"title":"VASELINE ORIGINAL HEALING JELLY","author":"admin","date":"November 9, 2022","format":false,"excerpt":"Vaseline Original Healing Jelly est un protecteur cutan\u00e9 \u00e0 base de p\u00e9trole blanc qui est utilis\u00e9 pour prot\u00e9ger, aider \u00e0 gu\u00e9rir et retenir l'humidit\u00e9 de la peau s\u00e8che et craquel\u00e9e depuis 1870. Il est triplement purifi\u00e9 et hypoallerg\u00e9nique, et est le produit id\u00e9al pour une multitude d'utilisations, y compris comme\u2026","rel":"","context":"Similar post","block_context":{"text":"Similar post","link":""},"img":{"alt_text":"","src":"","width":0,"height":0},"classes":[]},{"id":31550,"url":"https:\/\/sakaba.mghosteur.com\/en\/product\/vaseline-lip-therapy-original\/","url_meta":{"origin":29890,"position":3},"title":"VASELINE LIP THERAPY ORIGINAL","author":"admin","date":"May 10, 2024","format":false,"excerpt":"Le baume \u00e0 l\u00e8vres Vaseline Lip Therapy Mini Original est un incontournable pour garder vos l\u00e8vres hydrat\u00e9es et en bonne sant\u00e9. Cliniquement prouv\u00e9 pour gu\u00e9rir les l\u00e8vres s\u00e8ches, sa formule non collante et douce fond d\u00e9licatement sur vos l\u00e8vres, procurant un soulagement durable. Pr\u00e9sent\u00e9 dans un emballage embl\u00e9matique, ce baume\u2026","rel":"","context":"Similar post","block_context":{"text":"Similar post","link":""},"img":{"alt_text":"","src":"","width":0,"height":0},"classes":[]},{"id":29936,"url":"https:\/\/sakaba.mghosteur.com\/en\/product\/vaseline-intensive-care-cocoa-body-butter\/","url_meta":{"origin":29890,"position":4},"title":"VASELINE INTENSIVE CARE COCOA BODY BUTTER","author":"admin","date":"April 28, 2023","format":false,"excerpt":"La lotion pour le corps Vaseline Intensive Care Cocoa Body Butter est une formule riche \u00e0 base de beurre de cacao et de beurre de karit\u00e9, combin\u00e9e \u00e0 un m\u00e9lange sp\u00e9cial de micro-gouttelettes de gel\u00e9e de vaseline et d'humectants pour hydrater et aider \u00e0 gu\u00e9rir la peau s\u00e8che. Cette cr\u00e8me\u2026","rel":"","context":"Similar post","block_context":{"text":"Similar post","link":""},"img":{"alt_text":"","src":"","width":0,"height":0},"classes":[]},{"id":29893,"url":"https:\/\/sakaba.mghosteur.com\/en\/product\/vaseline-advanced-repair-unscented-600ml\/","url_meta":{"origin":29890,"position":5},"title":"VASELINE ADVANCED REPAIR UNSCENTED 600ML","author":"admin","date":"April 27, 2023","format":false,"excerpt":"La lotion inodore Vaseline Intensive Care Advanced Repair est sp\u00e9cialement con\u00e7ue pour hydrater les peaux s\u00e8ches et tenaces. Test\u00e9e par des dermatologues, elle procure une hydratation cicatrisante rapide pour une peau douce et d'apparence saine. Sa formule \u00e0 absorption rapide contient des microgouttelettes de gel\u00e9e Vaseline et des lipides ultra-hydratants\u2026","rel":"","context":"Similar post","block_context":{"text":"Similar post","link":""},"img":{"alt_text":"","src":"","width":0,"height":0},"classes":[]}],"_links":{"self":[{"href":"https:\/\/sakaba.mghosteur.com\/en\/wp-json\/wp\/v2\/product\/29890","targetHints":{"allow":["GET"]}}],"collection":[{"href":"https:\/\/sakaba.mghosteur.com\/en\/wp-json\/wp\/v2\/product"}],"about":[{"href":"https:\/\/sakaba.mghosteur.com\/en\/wp-json\/wp\/v2\/types\/product"}],"replies":[{"embeddable":true,"href":"https:\/\/sakaba.mghosteur.com\/en\/wp-json\/wp\/v2\/comments?post=29890"}],"version-history":[{"count":0,"href":"https:\/\/sakaba.mghosteur.com\/en\/wp-json\/wp\/v2\/product\/29890\/revisions"}],"wp:attachment":[{"href":"https:\/\/sakaba.mghosteur.com\/en\/wp-json\/wp\/v2\/media?parent=29890"}],"wp:term":[{"taxonomy":"product_brand","embeddable":true,"href":"https:\/\/sakaba.mghosteur.com\/en\/wp-json\/wp\/v2\/product_brand?post=29890"},{"taxonomy":"product_cat","embeddable":true,"href":"https:\/\/sakaba.mghosteur.com\/en\/wp-json\/wp\/v2\/product_cat?post=29890"},{"taxonomy":"product_tag","embeddable":true,"href":"https:\/\/sakaba.mghosteur.com\/en\/wp-json\/wp\/v2\/product_tag?post=29890"}],"curies":[{"name":"wp","href":"https:\/\/api.w.org\/{rel}","templated":true}]}}