{"id":29893,"date":"2023-04-27T13:17:08","date_gmt":"2023-04-27T13:17:08","guid":{"rendered":"http:\/\/www.sakababeauty.com\/?post_type=product&#038;p=29893"},"modified":"2024-09-01T14:06:25","modified_gmt":"2024-09-01T14:06:25","slug":"vaseline-advanced-repair-unscented-600ml","status":"publish","type":"product","link":"https:\/\/sakaba.mghosteur.com\/en\/product\/vaseline-advanced-repair-unscented-600ml\/","title":{"rendered":"VASELINE ADVANCED REPAIR UNSCENTED 600ML"},"content":{"rendered":"<div class=\"group w-full text-gray-800 dark:text-gray-100 border-b border-black\/10 dark:border-gray-900\/50 bg-gray-50 dark:bg-[#444654]\">\n<div class=\"text-base gap-4 md:gap-6 md:max-w-2xl lg:max-w-xl xl:max-w-3xl p-4 md:py-6 flex lg:px-0 m-auto\">\n<div class=\"relative flex w-[calc(100%-50px)] flex-col gap-1 md:gap-3 lg:w-[calc(100%-115px)]\">\n<div class=\"flex flex-grow flex-col gap-3\">\n<div class=\"min-h-[20px] flex flex-col items-start gap-4 whitespace-pre-wrap break-words\">\n<div class=\"markdown prose w-full break-words dark:prose-invert light\">\n<p>La lotion inodore Vaseline Intensive Care Advanced Repair est sp\u00e9cialement con\u00e7ue pour hydrater les peaux s\u00e8ches et tenaces. Test\u00e9e par des dermatologues, elle procure une hydratation cicatrisante rapide pour une peau douce et d&#8217;apparence saine. Sa formule \u00e0 absorption rapide contient des microgouttelettes de gel\u00e9e Vaseline et des lipides ultra-hydratants pour fortifier la barri\u00e8re cutan\u00e9e et reconstituer l&#8217;hydratation. Cette lotion pour le corps fournit une hydratation longue dur\u00e9e de 48 heures, et aide \u00e0 garder la peau saine et hydrat\u00e9e. Non parfum\u00e9e, elle s&#8217;absorbe rapidement pour une hydratation riche sans sensation de gras, ce qui la rend id\u00e9ale pour un usage quotidien. Test\u00e9 cliniquement pour fournir 90% d&#8217;hydratation de la peau en plus par rapport \u00e0 une peau non trait\u00e9e. De plus, le flacon de lotion est fabriqu\u00e9 \u00e0 partir de 50 % de plastique recycl\u00e9. Utilisez-la en pompant ou en pressant la lotion de la bouteille et en l&#8217;\u00e9talant uniform\u00e9ment sur vos mains et votre corps jusqu&#8217;\u00e0 absorption. Appliquez quotidiennement pour des r\u00e9sultats optimaux et une peau d&#8217;apparence plus saine.<\/p>\n<\/div>\n<\/div>\n<\/div>\n<\/div>\n<\/div>\n<\/div>","protected":false},"excerpt":{"rendered":"<p>La lotion inodore Vaseline Intensive Care Advanced Repair est sp\u00e9cialement con\u00e7ue pour hydrater les peaux s\u00e8ches et tenaces. Test\u00e9e par des dermatologues, elle procure une hydratation cicatrisante rapide pour une peau douce et d&#8217;apparence saine. Sa formule \u00e0 absorption rapide contient des microgouttelettes de gel\u00e9e Vaseline et des lipides ultra-hydratants pour fortifier la barri\u00e8re cutan\u00e9e<span class=\"read-more-faq\"><a href=\"https:\/\/sakaba.mghosteur.com\/en\/product\/vaseline-advanced-repair-unscented-600ml\/\">Read More<\/a><\/span><\/p>","protected":false},"featured_media":0,"comment_status":"closed","ping_status":"closed","template":"","meta":[],"product_brand":[],"product_cat":[447,1061,388],"product_tag":[],"class_list":{"0":"post-29893","1":"product","2":"type-product","3":"status-publish","5":"product_cat-aac-bain-et-corps","6":"product_cat-lait-huile_corporelle","7":"product_cat-peaux-seches","9":"first","10":"instock","11":"shipping-taxable","12":"product-type-simple"},"jetpack-related-posts":[{"id":31559,"url":"https:\/\/sakaba.mghosteur.com\/en\/product\/vaseline-nourishing-moisture-600ml\/","url_meta":{"origin":29893,"position":0},"title":"VASELINE NOURISHING MOISTURE 600ML","author":"admin","date":"May 10, 2024","format":false,"excerpt":"D\u00e9couvrez la lotion hydratante nourrissante Vaseline Intensive Care, une solution innovante pour revitaliser votre peau. Formul\u00e9e avec de l'extrait d'avoine pur, cette lotion est sp\u00e9cialement con\u00e7ue pour r\u00e9tablir l'hydratation de votre peau. Test\u00e9e par des dermatologues, sa formule \u00e0 absorption rapide assure 48 heures d'hydratation, laissant votre peau douce et\u2026","rel":"","context":"Similar post","block_context":{"text":"Similar post","link":""},"img":{"alt_text":"","src":"","width":0,"height":0},"classes":[]},{"id":29902,"url":"https:\/\/sakaba.mghosteur.com\/en\/product\/vaseline-cocoa-radiant-body-lotion-600ml\/","url_meta":{"origin":29893,"position":1},"title":"VASELINE COCOA RADIANT BODY LOTION 600ML","author":"admin","date":"April 27, 2023","format":false,"excerpt":"D\u00e9couvrez la lotion Vaseline Intensive Care Cocoa Radiant, sp\u00e9cialement con\u00e7ue pour aider \u00e0 rajeunir la peau terne et s\u00e8che. Sa formule \u00e0 absorption rapide, test\u00e9e par des dermatologues, procure 48 heures d'hydratation pour un \u00e9clat radieux et durable. Cette lotion est id\u00e9ale pour les peaux s\u00e8ches et ternes. Elle contient\u2026","rel":"","context":"Similar post","block_context":{"text":"Similar post","link":""},"img":{"alt_text":"","src":"","width":0,"height":0},"classes":[]},{"id":29907,"url":"https:\/\/sakaba.mghosteur.com\/en\/product\/vaseline-cocoa-radiant-body-lotion-947ml\/","url_meta":{"origin":29893,"position":2},"title":"VASELINE COCOA RADIANT BODY LOTION 947ML","author":"admin","date":"April 27, 2023","format":false,"excerpt":"D\u00e9couvrez la lotion Vaseline Intensive Care Cocoa Radiant, sp\u00e9cialement con\u00e7ue pour aider \u00e0 rajeunir la peau terne et s\u00e8che. Sa formule \u00e0 absorption rapide, test\u00e9e par des dermatologues, procure 48 heures d\u2019hydratation pour un \u00e9clat radieux et durable. Cette lotion est id\u00e9ale pour les peaux s\u00e8ches et ternes. Elle contient\u2026","rel":"","context":"Similar post","block_context":{"text":"Similar post","link":""},"img":{"alt_text":"","src":"","width":0,"height":0},"classes":[]},{"id":29910,"url":"https:\/\/sakaba.mghosteur.com\/en\/product\/vaseline-cocoa-radiant-body-lotion-295ml\/","url_meta":{"origin":29893,"position":3},"title":"VASELINE COCOA RADIANT BODY LOTION 295ML","author":"admin","date":"April 27, 2023","format":false,"excerpt":"D\u00e9couvrez la lotion Vaseline Intensive Care Cocoa Radiant, sp\u00e9cialement con\u00e7ue pour aider \u00e0 rajeunir la peau terne et s\u00e8che. Sa formule \u00e0 absorption rapide, test\u00e9e par des dermatologues, procure 48 heures d\u2019hydratation pour un \u00e9clat radieux et durable. Cette lotion est id\u00e9ale pour les peaux s\u00e8ches et ternes. Elle contient\u2026","rel":"","context":"Similar post","block_context":{"text":"Similar post","link":""},"img":{"alt_text":"","src":"","width":0,"height":0},"classes":[]},{"id":29933,"url":"https:\/\/sakaba.mghosteur.com\/en\/product\/vaseline-soothing-hyration-600-ml\/","url_meta":{"origin":29893,"position":4},"title":"VASELINE SOOTHING HYRATION 600 ML","author":"admin","date":"April 28, 2023","format":false,"excerpt":"D\u00e9couvrez la lotion pour le corps hydratante apaisante Vaseline Intensive Care, sp\u00e9cialement con\u00e7ue pour les peaux s\u00e8ches et d\u00e9shydrat\u00e9es. Cette lotion pour le corps contient des lipides ultra-hydratants qui aident \u00e0 renforcer la barri\u00e8re cutan\u00e9e et \u00e0 reconstituer l'hydratation de votre peau. L'extrait d'aloe vera \u00e0 1 % contenu dans\u2026","rel":"","context":"Similar post","block_context":{"text":"Similar post","link":""},"img":{"alt_text":"","src":"","width":0,"height":0},"classes":[]},{"id":29899,"url":"https:\/\/sakaba.mghosteur.com\/en\/product\/vaseline-calm-healing-600ml\/","url_meta":{"origin":29893,"position":5},"title":"VASELINE CALM HEALING 600ML","author":"admin","date":"April 27, 2023","format":false,"excerpt":"D\u00e9couvrez la lotion apaisante Vaseline Intensive Care pour une peau s\u00e8che et stress\u00e9e. Cette lotion test\u00e9e par des dermatologues est con\u00e7ue pour aider \u00e0 gu\u00e9rir et \u00e0 restaurer la peau s\u00e8che tout en procurant un moment de d\u00e9tente gr\u00e2ce \u00e0 son l\u00e9ger parfum de lavande. Elle contient de l'extrait de\u2026","rel":"","context":"Similar post","block_context":{"text":"Similar post","link":""},"img":{"alt_text":"","src":"","width":0,"height":0},"classes":[]}],"_links":{"self":[{"href":"https:\/\/sakaba.mghosteur.com\/en\/wp-json\/wp\/v2\/product\/29893","targetHints":{"allow":["GET"]}}],"collection":[{"href":"https:\/\/sakaba.mghosteur.com\/en\/wp-json\/wp\/v2\/product"}],"about":[{"href":"https:\/\/sakaba.mghosteur.com\/en\/wp-json\/wp\/v2\/types\/product"}],"replies":[{"embeddable":true,"href":"https:\/\/sakaba.mghosteur.com\/en\/wp-json\/wp\/v2\/comments?post=29893"}],"version-history":[{"count":0,"href":"https:\/\/sakaba.mghosteur.com\/en\/wp-json\/wp\/v2\/product\/29893\/revisions"}],"wp:attachment":[{"href":"https:\/\/sakaba.mghosteur.com\/en\/wp-json\/wp\/v2\/media?parent=29893"}],"wp:term":[{"taxonomy":"product_brand","embeddable":true,"href":"https:\/\/sakaba.mghosteur.com\/en\/wp-json\/wp\/v2\/product_brand?post=29893"},{"taxonomy":"product_cat","embeddable":true,"href":"https:\/\/sakaba.mghosteur.com\/en\/wp-json\/wp\/v2\/product_cat?post=29893"},{"taxonomy":"product_tag","embeddable":true,"href":"https:\/\/sakaba.mghosteur.com\/en\/wp-json\/wp\/v2\/product_tag?post=29893"}],"curies":[{"name":"wp","href":"https:\/\/api.w.org\/{rel}","templated":true}]}}