{"id":29899,"date":"2023-04-27T13:34:19","date_gmt":"2023-04-27T13:34:19","guid":{"rendered":"http:\/\/www.sakababeauty.com\/?post_type=product&#038;p=29899"},"modified":"2024-09-01T14:07:24","modified_gmt":"2024-09-01T14:07:24","slug":"vaseline-calm-healing-600ml","status":"publish","type":"product","link":"https:\/\/sakaba.mghosteur.com\/en\/product\/vaseline-calm-healing-600ml\/","title":{"rendered":"VASELINE CALM HEALING 600ML"},"content":{"rendered":"<div class=\"flex-1 overflow-hidden\">\n<div class=\"react-scroll-to-bottom--css-namgi-79elbk h-full dark:bg-gray-800\">\n<div class=\"react-scroll-to-bottom--css-namgi-1n7m0yu\">\n<div class=\"flex flex-col items-center text-sm dark:bg-gray-800\">\n<div class=\"group w-full text-gray-800 dark:text-gray-100 border-b border-black\/10 dark:border-gray-900\/50 bg-gray-50 dark:bg-[#444654]\">\n<div class=\"text-base gap-4 md:gap-6 md:max-w-2xl lg:max-w-xl xl:max-w-3xl p-4 md:py-6 flex lg:px-0 m-auto\">\n<div class=\"relative flex w-[calc(100%-50px)] flex-col gap-1 md:gap-3 lg:w-[calc(100%-115px)]\">\n<div class=\"flex flex-grow flex-col gap-3\">\n<div class=\"min-h-[20px] flex flex-col items-start gap-4 whitespace-pre-wrap break-words\">\n<div class=\"markdown prose w-full break-words dark:prose-invert light\">\n<p>D\u00e9couvrez la lotion apaisante Vaseline Intensive Care pour une peau s\u00e8che et stress\u00e9e. Cette lotion test\u00e9e par des dermatologues est con\u00e7ue pour aider \u00e0 gu\u00e9rir et \u00e0 restaurer la peau s\u00e8che tout en procurant un moment de d\u00e9tente gr\u00e2ce \u00e0 son l\u00e9ger parfum de lavande. Elle contient de l&#8217;extrait de lavande apaisant et des lipides ultra-hydratants qui renforcent la barri\u00e8re cutan\u00e9e et reconstituent l&#8217;hydratation de la peau. Cette lotion pour le corps Vaseline est con\u00e7ue pour une utilisation quotidienne et procure jusqu&#8217;\u00e0 48 heures d&#8217;hydratation. Elle s&#8217;absorbe rapidement pour une hydratation riche sans sensation de gras, ce qui en fait un excellent ajout \u00e0 votre routine quotidienne de soins de la peau s\u00e8che. Test\u00e9e cliniquement pour fournir 90% d&#8217;hydratation de la peau en plus par rapport \u00e0 une peau non trait\u00e9e, cette lotion est \u00e9galement \u00e9cologique avec son flacon fabriqu\u00e9 \u00e0 partir de 50 % de plastique recycl\u00e9. Pour une peau d&#8217;apparence plus saine, pompez ou pressez la lotion de la bouteille et \u00e9talez uniform\u00e9ment sur votre corps jusqu&#8217;\u00e0 absorption. Appliquez quotidiennement pour de meilleurs r\u00e9sultats.<\/p>\n<\/div>\n<\/div>\n<\/div>\n<\/div>\n<\/div>\n<\/div>\n<\/div>\n<\/div>\n<\/div>\n<\/div>\n<div class=\"absolute bottom-0 left-0 w-full border-t md:border-t-0 dark:border-white\/20 md:border-transparent md:dark:border-transparent md:bg-vert-light-gradient bg-white dark:bg-gray-800 md:!bg-transparent dark:md:bg-vert-dark-gradient pt-2\">\n<div class=\"relative flex h-full flex-1 items-stretch md:flex-col\">\n<div class=\"\">\n<div class=\"h-full flex ml-1 md:w-full md:m-auto md:mb-2 gap-0 md:gap-2 justify-center\"><\/div>\n<\/div>\n<\/div>\n<\/div>","protected":false},"excerpt":{"rendered":"<p>D\u00e9couvrez la lotion apaisante Vaseline Intensive Care pour une peau s\u00e8che et stress\u00e9e. Cette lotion test\u00e9e par des dermatologues est con\u00e7ue pour aider \u00e0 gu\u00e9rir et \u00e0 restaurer la peau s\u00e8che tout en procurant un moment de d\u00e9tente gr\u00e2ce \u00e0 son l\u00e9ger parfum de lavande. Elle contient de l&#8217;extrait de lavande apaisant et des lipides<span class=\"read-more-faq\"><a href=\"https:\/\/sakaba.mghosteur.com\/en\/product\/vaseline-calm-healing-600ml\/\">Read More<\/a><\/span><\/p>","protected":false},"featured_media":0,"comment_status":"closed","ping_status":"closed","template":"","meta":[],"product_brand":[],"product_cat":[447,1061,388],"product_tag":[],"class_list":{"0":"post-29899","1":"product","2":"type-product","3":"status-publish","5":"product_cat-aac-bain-et-corps","6":"product_cat-lait-huile_corporelle","7":"product_cat-peaux-seches","9":"first","10":"instock","11":"shipping-taxable","12":"product-type-simple"},"jetpack-related-posts":[{"id":29933,"url":"https:\/\/sakaba.mghosteur.com\/en\/product\/vaseline-soothing-hyration-600-ml\/","url_meta":{"origin":29899,"position":0},"title":"VASELINE SOOTHING HYRATION 600 ML","author":"admin","date":"April 28, 2023","format":false,"excerpt":"D\u00e9couvrez la lotion pour le corps hydratante apaisante Vaseline Intensive Care, sp\u00e9cialement con\u00e7ue pour les peaux s\u00e8ches et d\u00e9shydrat\u00e9es. Cette lotion pour le corps contient des lipides ultra-hydratants qui aident \u00e0 renforcer la barri\u00e8re cutan\u00e9e et \u00e0 reconstituer l'hydratation de votre peau. L'extrait d'aloe vera \u00e0 1 % contenu dans\u2026","rel":"","context":"Similar post","block_context":{"text":"Similar post","link":""},"img":{"alt_text":"","src":"","width":0,"height":0},"classes":[]},{"id":29936,"url":"https:\/\/sakaba.mghosteur.com\/en\/product\/vaseline-intensive-care-cocoa-body-butter\/","url_meta":{"origin":29899,"position":1},"title":"VASELINE INTENSIVE CARE COCOA BODY BUTTER","author":"admin","date":"April 28, 2023","format":false,"excerpt":"La lotion pour le corps Vaseline Intensive Care Cocoa Body Butter est une formule riche \u00e0 base de beurre de cacao et de beurre de karit\u00e9, combin\u00e9e \u00e0 un m\u00e9lange sp\u00e9cial de micro-gouttelettes de gel\u00e9e de vaseline et d'humectants pour hydrater et aider \u00e0 gu\u00e9rir la peau s\u00e8che. Cette cr\u00e8me\u2026","rel":"","context":"Similar post","block_context":{"text":"Similar post","link":""},"img":{"alt_text":"","src":"","width":0,"height":0},"classes":[]},{"id":31523,"url":"https:\/\/sakaba.mghosteur.com\/en\/product\/vaseline-daily-brightening-even-tone-lotion-200ml\/","url_meta":{"origin":29899,"position":2},"title":"VASELINE DAILY BRIGHTENING EVEN TONE LOTION 200ML","author":"admin","date":"May 10, 2024","format":false,"excerpt":"VASELINE DAILY BRIGHTENING LOTION D\u00e9tails La lotion Vaseline Healthy Bright est reconnue comme l'une des meilleures lotions \u00e9claircissantes pour la peau, aidant \u00e0 soigner* la peau s\u00e8che et endommag\u00e9e tout en restaurant naturellement son \u00e9clat en seulement 2 semaines. Avantages Obtenez une peau radieuse en seulement 2 semaines. Une lotion\u2026","rel":"","context":"Similar post","block_context":{"text":"Similar post","link":""},"img":{"alt_text":"","src":"","width":0,"height":0},"classes":[]},{"id":29902,"url":"https:\/\/sakaba.mghosteur.com\/en\/product\/vaseline-cocoa-radiant-body-lotion-600ml\/","url_meta":{"origin":29899,"position":3},"title":"VASELINE COCOA RADIANT BODY LOTION 600ML","author":"admin","date":"April 27, 2023","format":false,"excerpt":"D\u00e9couvrez la lotion Vaseline Intensive Care Cocoa Radiant, sp\u00e9cialement con\u00e7ue pour aider \u00e0 rajeunir la peau terne et s\u00e8che. Sa formule \u00e0 absorption rapide, test\u00e9e par des dermatologues, procure 48 heures d'hydratation pour un \u00e9clat radieux et durable. Cette lotion est id\u00e9ale pour les peaux s\u00e8ches et ternes. Elle contient\u2026","rel":"","context":"Similar post","block_context":{"text":"Similar post","link":""},"img":{"alt_text":"","src":"","width":0,"height":0},"classes":[]},{"id":29907,"url":"https:\/\/sakaba.mghosteur.com\/en\/product\/vaseline-cocoa-radiant-body-lotion-947ml\/","url_meta":{"origin":29899,"position":4},"title":"VASELINE COCOA RADIANT BODY LOTION 947ML","author":"admin","date":"April 27, 2023","format":false,"excerpt":"D\u00e9couvrez la lotion Vaseline Intensive Care Cocoa Radiant, sp\u00e9cialement con\u00e7ue pour aider \u00e0 rajeunir la peau terne et s\u00e8che. Sa formule \u00e0 absorption rapide, test\u00e9e par des dermatologues, procure 48 heures d\u2019hydratation pour un \u00e9clat radieux et durable. Cette lotion est id\u00e9ale pour les peaux s\u00e8ches et ternes. Elle contient\u2026","rel":"","context":"Similar post","block_context":{"text":"Similar post","link":""},"img":{"alt_text":"","src":"","width":0,"height":0},"classes":[]},{"id":29910,"url":"https:\/\/sakaba.mghosteur.com\/en\/product\/vaseline-cocoa-radiant-body-lotion-295ml\/","url_meta":{"origin":29899,"position":5},"title":"VASELINE COCOA RADIANT BODY LOTION 295ML","author":"admin","date":"April 27, 2023","format":false,"excerpt":"D\u00e9couvrez la lotion Vaseline Intensive Care Cocoa Radiant, sp\u00e9cialement con\u00e7ue pour aider \u00e0 rajeunir la peau terne et s\u00e8che. Sa formule \u00e0 absorption rapide, test\u00e9e par des dermatologues, procure 48 heures d\u2019hydratation pour un \u00e9clat radieux et durable. Cette lotion est id\u00e9ale pour les peaux s\u00e8ches et ternes. Elle contient\u2026","rel":"","context":"Similar post","block_context":{"text":"Similar post","link":""},"img":{"alt_text":"","src":"","width":0,"height":0},"classes":[]}],"_links":{"self":[{"href":"https:\/\/sakaba.mghosteur.com\/en\/wp-json\/wp\/v2\/product\/29899","targetHints":{"allow":["GET"]}}],"collection":[{"href":"https:\/\/sakaba.mghosteur.com\/en\/wp-json\/wp\/v2\/product"}],"about":[{"href":"https:\/\/sakaba.mghosteur.com\/en\/wp-json\/wp\/v2\/types\/product"}],"replies":[{"embeddable":true,"href":"https:\/\/sakaba.mghosteur.com\/en\/wp-json\/wp\/v2\/comments?post=29899"}],"version-history":[{"count":0,"href":"https:\/\/sakaba.mghosteur.com\/en\/wp-json\/wp\/v2\/product\/29899\/revisions"}],"wp:attachment":[{"href":"https:\/\/sakaba.mghosteur.com\/en\/wp-json\/wp\/v2\/media?parent=29899"}],"wp:term":[{"taxonomy":"product_brand","embeddable":true,"href":"https:\/\/sakaba.mghosteur.com\/en\/wp-json\/wp\/v2\/product_brand?post=29899"},{"taxonomy":"product_cat","embeddable":true,"href":"https:\/\/sakaba.mghosteur.com\/en\/wp-json\/wp\/v2\/product_cat?post=29899"},{"taxonomy":"product_tag","embeddable":true,"href":"https:\/\/sakaba.mghosteur.com\/en\/wp-json\/wp\/v2\/product_tag?post=29899"}],"curies":[{"name":"wp","href":"https:\/\/api.w.org\/{rel}","templated":true}]}}