{"id":29940,"date":"2023-04-28T17:25:43","date_gmt":"2023-04-28T17:25:43","guid":{"rendered":"http:\/\/www.sakababeauty.com\/?post_type=product&#038;p=29940"},"modified":"2023-04-28T17:26:28","modified_gmt":"2023-04-28T17:26:28","slug":"hada-labo-gokujyun-emulsion-blanchissante-penetrante-medicamenteuse-premium","status":"publish","type":"product","link":"https:\/\/sakaba.mghosteur.com\/en\/product\/hada-labo-gokujyun-emulsion-blanchissante-penetrante-medicamenteuse-premium\/","title":{"rendered":"Hada Labo Gokujyun \u00c9mulsion Blanchissante P\u00e9n\u00e9trante M\u00e9dicamenteuse Premium"},"content":{"rendered":"<p>D\u00e9couvrez l&#8217;\u00c9mulsion Blanchissante P\u00e9n\u00e9trante M\u00e9dicamenteuse Premium HadaLabo Gokujyun, un produit innovant de la marque HadaLabo. Cette essence\/s\u00e9rum l\u00e9g\u00e8rement acide est infus\u00e9e de sept sortes d&#8217;acides hyaluroniques pour offrir une hydratation instantan\u00e9e et longue dur\u00e9e. Sa texture riche et soyeuse procure une sensation agr\u00e9able \u00e0 la peau.<\/p>\n<p>Cette \u00e9mulsion est sans parfum, colorant, huiles essentielles, alcool et parab\u00e8nes, ce qui la rend adapt\u00e9e aux peaux sensibles. Elle hydrate durablement la peau, la laissant confortable tout au long de la journ\u00e9e. Elle peut m\u00eame remplacer un s\u00e9rum hydratant.<\/p>\n<p>L&#8217;emballage de cette \u00e9mulsion utilise des mat\u00e9riaux respectueux de l&#8217;environnement, ce qui en fait un choix \u00e9cologique. Le rapport quantit\u00e9\/qualit\u00e9\/prix de ce produit est imbattable. Offrez \u00e0 votre peau une hydratation de qualit\u00e9 avec l&#8217;\u00c9mulsion Blanchissante P\u00e9n\u00e9trante M\u00e9dicamenteuse Premium HadaLabo Gokujyun.<\/p>","protected":false},"excerpt":{"rendered":"<p>D\u00e9couvrez l&#8217;\u00c9mulsion Blanchissante P\u00e9n\u00e9trante M\u00e9dicamenteuse Premium HadaLabo Gokujyun, un produit innovant de la marque HadaLabo. Cette essence\/s\u00e9rum l\u00e9g\u00e8rement acide est infus\u00e9e de sept sortes d&#8217;acides hyaluroniques pour offrir une hydratation instantan\u00e9e et longue dur\u00e9e. Sa texture riche et soyeuse procure une sensation agr\u00e9able \u00e0 la peau. Cette \u00e9mulsion est sans parfum, colorant, huiles essentielles, alcool<span class=\"read-more-faq\"><a href=\"https:\/\/sakaba.mghosteur.com\/en\/product\/hada-labo-gokujyun-emulsion-blanchissante-penetrante-medicamenteuse-premium\/\">Read More<\/a><\/span><\/p>","protected":false},"featured_media":0,"comment_status":"closed","ping_status":"closed","template":"","meta":[],"product_brand":[],"product_cat":[15],"product_tag":[],"class_list":{"0":"post-29940","1":"product","2":"type-product","3":"status-publish","5":"product_cat-uncategorized","7":"first","8":"instock","9":"shipping-taxable","10":"product-type-simple"},"jetpack-related-posts":[{"id":27103,"url":"https:\/\/sakaba.mghosteur.com\/en\/product\/goku-jyun\/","url_meta":{"origin":29940,"position":0},"title":"HadaLabo Gokujyun Alpha Emulsion Raffermissante","author":"admin","date":"November 28, 2022","format":false,"excerpt":"D\u00e9couvrez l'Emulsion Raffermissante HadaLabo Gokujyun Alpha, le produit phare de la marque HadaLabo, qui s'engage \u00e0 offrir des soins anti-\u00e2ge de qualit\u00e9. Cette \u00e9mulsion est formul\u00e9e avec de l'\u00e9lastine de bas poids mol\u00e9culaire, un ingr\u00e9dient hydratant qui aide \u00e0 restaurer l'\u00e9lasticit\u00e9 de la peau, ainsi que de l'acide hyaluronique 3D,\u2026","rel":"","context":"Similar post","block_context":{"text":"Similar post","link":""},"img":{"alt_text":"","src":"","width":0,"height":0},"classes":[]},{"id":27087,"url":"https:\/\/sakaba.mghosteur.com\/en\/product\/hadalabo-gokujjun-lotion-rose\/","url_meta":{"origin":29940,"position":1},"title":"HADALABO GOKUJJUN LOTION ROSE","author":"admin","date":"November 28, 2022","format":false,"excerpt":"D\u00e9couvrez la Lotion Rose HadaLabo Gokujyun, une lotion hydratante japonaise de haute qualit\u00e9 qui constitue la base de votre routine d'hydratation. Cette lotion est enrichie en Super Acide Hyaluronique, un ingr\u00e9dient hydratant exceptionnel, pour une peau plus lisse et plus douce. La Lotion Rose HadaLabo Gokujyun peut \u00eatre utilis\u00e9e comme\u2026","rel":"","context":"Similar post","block_context":{"text":"Similar post","link":""},"img":{"alt_text":"","src":"","width":0,"height":0},"classes":[]},{"id":27109,"url":"https:\/\/sakaba.mghosteur.com\/en\/product\/hadalabo-moisturizing-cream\/","url_meta":{"origin":29940,"position":2},"title":"HADALABO MOISTURIZING CREAM","author":"admin","date":"November 28, 2022","format":false,"excerpt":"D\u00e9couvrez la Super Cr\u00e8me Hydratante \u00e0 l'Acide Hyaluronique de ROHTO Hadalabo Gokujyun, un produit de qualit\u00e9 de la marque HadaLabo. Cette cr\u00e8me de 50g est formul\u00e9e avec de l'acide hyaluronique super hydratant qui permet de maintenir une hydratation intense de la peau. Cette cr\u00e8me gel enrobe la peau avec une\u2026","rel":"","context":"Similar post","block_context":{"text":"Similar post","link":""},"img":{"alt_text":"","src":"","width":0,"height":0},"classes":[]},{"id":27106,"url":"https:\/\/sakaba.mghosteur.com\/en\/product\/hadalabo-premium-shiro-jyun-premium\/","url_meta":{"origin":29940,"position":3},"title":"HADALABO PREMIUM SHIRO JYUN PREMIUM","author":"admin","date":"November 28, 2022","format":false,"excerpt":"D\u00e9couvrez la lotion HadaLabo Premium Shiro Jyun Premium, un produit de qualit\u00e9 de la marque HadaLabo, qui contient de l'acide hyaluronique, des d\u00e9riv\u00e9s de vitamine C et de la vitamine E pour hydrater la peau. Elle est \u00e9galement enrichie en acide tranexamique, un ingr\u00e9dient \u00e9claircissant reconnu, pour un teint plus\u2026","rel":"","context":"Similar post","block_context":{"text":"Similar post","link":""},"img":{"alt_text":"","src":"","width":0,"height":0},"classes":[]},{"id":29943,"url":"https:\/\/sakaba.mghosteur.com\/en\/product\/hadalabo-anti-aging-hydrator-3\/","url_meta":{"origin":29940,"position":4},"title":"HADALABO ANTI AGING HYDRATOR","author":"admin","date":"April 28, 2023","format":false,"excerpt":"D\u00e9couvrez l'Hydratant Anti-\u00c2ge HadaLabo, un produit de qualit\u00e9 de la marque HadaLabo qui aide \u00e0 augmenter la fermet\u00e9 et l'\u00e9lasticit\u00e9 de la peau. Ce produit fournit une hydratation profonde gr\u00e2ce \u00e0 la synergie du Super Hyaluronic Acid\u2122, du complexe de r\u00e9tinol et du collag\u00e8ne pour r\u00e9parer et combattre les signes\u2026","rel":"","context":"Similar post","block_context":{"text":"Similar post","link":""},"img":{"alt_text":"","src":"","width":0,"height":0},"classes":[]},{"id":27453,"url":"https:\/\/sakaba.mghosteur.com\/en\/product\/the-ordinary-granactive-retinoid-2-emulsion\/","url_meta":{"origin":29940,"position":5},"title":"The ordinary GRANACTIVE RETINOID 2% EMULSION","author":"admin","date":"November 29, 2022","format":false,"excerpt":"La Granactive R\u00e9tino\u00efde 2% \u00c9mulsion de la marque The Ordinary est un s\u00e9rum cr\u00e9meux con\u00e7u pour cibler les signes visibles du vieillissement. Ce s\u00e9rum contient un actif r\u00e9tino\u00efde hautement avanc\u00e9, l'un des meilleurs ingr\u00e9dients pour la peau, qui am\u00e9liore l'apparence des ridules fines et dynamiques r\u00e9sultant d'une perte de collag\u00e8ne\u2026","rel":"","context":"Similar post","block_context":{"text":"Similar post","link":""},"img":{"alt_text":"","src":"","width":0,"height":0},"classes":[]}],"_links":{"self":[{"href":"https:\/\/sakaba.mghosteur.com\/en\/wp-json\/wp\/v2\/product\/29940","targetHints":{"allow":["GET"]}}],"collection":[{"href":"https:\/\/sakaba.mghosteur.com\/en\/wp-json\/wp\/v2\/product"}],"about":[{"href":"https:\/\/sakaba.mghosteur.com\/en\/wp-json\/wp\/v2\/types\/product"}],"replies":[{"embeddable":true,"href":"https:\/\/sakaba.mghosteur.com\/en\/wp-json\/wp\/v2\/comments?post=29940"}],"version-history":[{"count":0,"href":"https:\/\/sakaba.mghosteur.com\/en\/wp-json\/wp\/v2\/product\/29940\/revisions"}],"wp:attachment":[{"href":"https:\/\/sakaba.mghosteur.com\/en\/wp-json\/wp\/v2\/media?parent=29940"}],"wp:term":[{"taxonomy":"product_brand","embeddable":true,"href":"https:\/\/sakaba.mghosteur.com\/en\/wp-json\/wp\/v2\/product_brand?post=29940"},{"taxonomy":"product_cat","embeddable":true,"href":"https:\/\/sakaba.mghosteur.com\/en\/wp-json\/wp\/v2\/product_cat?post=29940"},{"taxonomy":"product_tag","embeddable":true,"href":"https:\/\/sakaba.mghosteur.com\/en\/wp-json\/wp\/v2\/product_tag?post=29940"}],"curies":[{"name":"wp","href":"https:\/\/api.w.org\/{rel}","templated":true}]}}