{"id":29943,"date":"2023-04-28T17:49:11","date_gmt":"2023-04-28T17:49:11","guid":{"rendered":"http:\/\/www.sakababeauty.com\/?post_type=product&#038;p=29943"},"modified":"2023-04-28T17:51:05","modified_gmt":"2023-04-28T17:51:05","slug":"hadalabo-anti-aging-hydrator-3","status":"publish","type":"product","link":"https:\/\/sakaba.mghosteur.com\/en\/product\/hadalabo-anti-aging-hydrator-3\/","title":{"rendered":"HADALABO ANTI AGING HYDRATOR"},"content":{"rendered":"<p>D\u00e9couvrez l&#8217;Hydratant Anti-\u00c2ge HadaLabo, un produit de qualit\u00e9 de la marque HadaLabo qui aide \u00e0 augmenter la fermet\u00e9 et l&#8217;\u00e9lasticit\u00e9 de la peau. Ce produit fournit une hydratation profonde gr\u00e2ce \u00e0 la synergie du Super Hyaluronic Acid\u2122, du complexe de r\u00e9tinol et du collag\u00e8ne pour r\u00e9parer et combattre les signes de vieillissement.<\/p>\n<p>Sa formule l\u00e9g\u00e8re et unique ressemble \u00e0 un s\u00e9rum et s&#8217;absorbe instantan\u00e9ment pour une peau velout\u00e9e, plus ferme et renouvel\u00e9e. Vous pouvez l&#8217;utiliser seul ou suivi d&#8217;un hydratant plus \u00e9pais. Ce produit est non gras, sans parfum, parab\u00e8nes, colorants et huile min\u00e9rale, et convient \u00e0 tous les types de peau.<\/p>\n<p>Pour des r\u00e9sultats optimaux, vous pouvez utiliser cet hydratant chaque fois que votre peau a besoin d&#8217;\u00eatre hydrat\u00e9e. Appliquez quelques gouttes sur les paumes et tapotez sur le visage et le cou jusqu&#8217;\u00e0 absorption compl\u00e8te. Avec l&#8217;Hydratant Anti-\u00c2ge HadaLabo, vous aurez une peau plus ferme, plus hydrat\u00e9e et plus jeune.<\/p>","protected":false},"excerpt":{"rendered":"<p>D\u00e9couvrez l&#8217;Hydratant Anti-\u00c2ge HadaLabo, un produit de qualit\u00e9 de la marque HadaLabo qui aide \u00e0 augmenter la fermet\u00e9 et l&#8217;\u00e9lasticit\u00e9 de la peau. Ce produit fournit une hydratation profonde gr\u00e2ce \u00e0 la synergie du Super Hyaluronic Acid\u2122, du complexe de r\u00e9tinol et du collag\u00e8ne pour r\u00e9parer et combattre les signes de vieillissement. Sa formule l\u00e9g\u00e8re<span class=\"read-more-faq\"><a href=\"https:\/\/sakaba.mghosteur.com\/en\/product\/hadalabo-anti-aging-hydrator-3\/\">Read More<\/a><\/span><\/p>","protected":false},"featured_media":0,"comment_status":"closed","ping_status":"closed","template":"","meta":[],"product_brand":[],"product_cat":[377],"product_tag":[],"class_list":{"0":"post-29943","1":"product","2":"type-product","3":"status-publish","5":"product_cat-bath-body-works","7":"first","8":"instock","9":"shipping-taxable","10":"product-type-simple"},"jetpack-related-posts":[],"_links":{"self":[{"href":"https:\/\/sakaba.mghosteur.com\/en\/wp-json\/wp\/v2\/product\/29943","targetHints":{"allow":["GET"]}}],"collection":[{"href":"https:\/\/sakaba.mghosteur.com\/en\/wp-json\/wp\/v2\/product"}],"about":[{"href":"https:\/\/sakaba.mghosteur.com\/en\/wp-json\/wp\/v2\/types\/product"}],"replies":[{"embeddable":true,"href":"https:\/\/sakaba.mghosteur.com\/en\/wp-json\/wp\/v2\/comments?post=29943"}],"version-history":[{"count":0,"href":"https:\/\/sakaba.mghosteur.com\/en\/wp-json\/wp\/v2\/product\/29943\/revisions"}],"wp:attachment":[{"href":"https:\/\/sakaba.mghosteur.com\/en\/wp-json\/wp\/v2\/media?parent=29943"}],"wp:term":[{"taxonomy":"product_brand","embeddable":true,"href":"https:\/\/sakaba.mghosteur.com\/en\/wp-json\/wp\/v2\/product_brand?post=29943"},{"taxonomy":"product_cat","embeddable":true,"href":"https:\/\/sakaba.mghosteur.com\/en\/wp-json\/wp\/v2\/product_cat?post=29943"},{"taxonomy":"product_tag","embeddable":true,"href":"https:\/\/sakaba.mghosteur.com\/en\/wp-json\/wp\/v2\/product_tag?post=29943"}],"curies":[{"name":"wp","href":"https:\/\/api.w.org\/{rel}","templated":true}]}}