{"id":29949,"date":"2023-04-29T10:52:35","date_gmt":"2023-04-29T10:52:35","guid":{"rendered":"http:\/\/www.sakababeauty.com\/?post_type=product&#038;p=29949"},"modified":"2023-04-29T10:52:35","modified_gmt":"2023-04-29T10:52:35","slug":"rohto-mentholatum-hada-labo-goku-jyun-nettoyant-moussant-visage-acide-hyaluronique","status":"publish","type":"product","link":"https:\/\/sakaba.mghosteur.com\/en\/product\/rohto-mentholatum-hada-labo-goku-jyun-nettoyant-moussant-visage-acide-hyaluronique\/","title":{"rendered":"Rohto Mentholatum Hada Labo Goku-jyun Nettoyant Moussant Visage Acide Hyaluronique"},"content":{"rendered":"<p>D\u00e9couvrez le Nettoyant Moussant Visage Rohto Mentholatum Hada Labo Goku-jyun \u00e0 l&#8217;acide hyaluronique, un produit indispensable pour pr\u00e9server l&#8217;hydratation naturelle de votre peau tout en la nettoyant. Avec sa formule moussante instantan\u00e9e et facile \u00e0 masser, ce nettoyant vous permet de vous laver le visage sans dess\u00e9cher votre peau.<\/p>\n<p>Utilisez-le matin et soir pour profiter d&#8217;une peau plus douce et plus souple au quotidien. Pratique et luxueux \u00e0 la fois, ce nettoyant est disponible en flacon de 160 ml. Sa formule contient des ingr\u00e9dients tels que l&#8217;eau, le PEG-8, le butyl\u00e8ne glycol, le polyglyc\u00e9ryl-10 laurate, le TEA-cocoyl alaninate, le sodium cocoamphoacetate, la glyc\u00e9rine, le disodium cocoyl glutamate, l&#8217;hyaluronate d&#8217;hydroxypropyltrimonium, le m\u00e9thylparaben, l&#8217;ac\u00e9tylate de sodium hyaluronate ac\u00e9tyl\u00e9 et l&#8217;hyaluronide ac\u00e9tyl\u00e9 de sodium.<\/p>\n<p>Veuillez noter que cette liste d&#8217;ingr\u00e9dients est applicable \u00e0 toutes les variantes de ce produit et que les ingr\u00e9dients peuvent varier selon l&#8217;option sp\u00e9cifique du produit. Pour conna\u00eetre la liste d&#8217;ingr\u00e9dients la plus r\u00e9cente, veuillez consulter l&#8217;emballage du produit.<\/p>","protected":false},"excerpt":{"rendered":"<p>D\u00e9couvrez le Nettoyant Moussant Visage Rohto Mentholatum Hada Labo Goku-jyun \u00e0 l&#8217;acide hyaluronique, un produit indispensable pour pr\u00e9server l&#8217;hydratation naturelle de votre peau tout en la nettoyant. Avec sa formule moussante instantan\u00e9e et facile \u00e0 masser, ce nettoyant vous permet de vous laver le visage sans dess\u00e9cher votre peau. Utilisez-le matin et soir pour profiter<span class=\"read-more-faq\"><a href=\"https:\/\/sakaba.mghosteur.com\/en\/product\/rohto-mentholatum-hada-labo-goku-jyun-nettoyant-moussant-visage-acide-hyaluronique\/\">Read More<\/a><\/span><\/p>","protected":false},"featured_media":0,"comment_status":"closed","ping_status":"closed","template":"","meta":[],"product_brand":[],"product_cat":[377],"product_tag":[],"class_list":{"0":"post-29949","1":"product","2":"type-product","3":"status-publish","5":"product_cat-bath-body-works","7":"first","8":"instock","9":"shipping-taxable","10":"product-type-simple"},"jetpack-related-posts":[{"id":27091,"url":"https:\/\/sakaba.mghosteur.com\/en\/product\/hadalabo-shiro-jyun\/","url_meta":{"origin":29949,"position":0},"title":"Rohto Hada Labo Shirojyun Lotion Blanchissante Moist","author":"admin","date":"November 28, 2022","format":false,"excerpt":"D\u00e9couvrez la lotion blanchissante Moist Hada Labo Shirojyun de Rohto, formul\u00e9e avec de l'arbutine, un ingr\u00e9dient naturellement blanchissant qui aide \u00e0 minimiser la formation de m\u00e9lanine. Cette lotion pour le visage est sp\u00e9cialement con\u00e7ue pour estomper les taches brunes et le teint in\u00e9gal et terne, pour un grain de peau\u2026","rel":"","context":"Similar post","block_context":{"text":"Similar post","link":""},"img":{"alt_text":"","src":"","width":0,"height":0},"classes":[]},{"id":29956,"url":"https:\/\/sakaba.mghosteur.com\/en\/product\/rohto-hadalabo-gokujun-cleansing-oil\/","url_meta":{"origin":29949,"position":1},"title":"ROHTO Hadalabo Gokujun Cleansing Oil","author":"admin","date":"April 29, 2023","format":false,"excerpt":"D\u00e9couvrez le ROHTO Hadalabo Gokujun Cleansing Oil, un produit de qualit\u00e9 de la marque HadaLabo. Cette huile de nettoyage \u00e0 base d'olive est l\u00e9g\u00e8re et sans parfum, et contient de l'acide hyaluronique pour une hydratation en profondeur de votre peau. Gr\u00e2ce \u00e0 sa formule \u00e0 base d'huile, ce nettoyant dissout\u2026","rel":"","context":"Similar post","block_context":{"text":"Similar post","link":""},"img":{"alt_text":"","src":"","width":0,"height":0},"classes":[]},{"id":24175,"url":"https:\/\/sakaba.mghosteur.com\/en\/product\/cerave-foaming-facial-cleanser-for-normal\/","url_meta":{"origin":29949,"position":2},"title":"CERAVE FOAMING FACIAL CLEANSER FOR NORMAL","author":"admin","date":"November 9, 2022","format":false,"excerpt":"Le nettoyant moussant pour le visage CeraVe est sp\u00e9cialement con\u00e7u pour les peaux normales \u00e0 grasses avec un contr\u00f4le de l'huile pour aider \u00e0 maintenir l'\u00e9quilibre de votre peau. Sa formule l\u00e9g\u00e8re et non dess\u00e9chante est facilement absorb\u00e9e par la peau pour nettoyer en profondeur tout en maintenant la barri\u00e8re\u2026","rel":"","context":"Similar post","block_context":{"text":"Similar post","link":""},"img":{"alt_text":"","src":"","width":0,"height":0},"classes":[]},{"id":32096,"url":"https:\/\/sakaba.mghosteur.com\/en\/product\/naturium-the-booster-hyaluronic-acid-body-wash-500ml\/","url_meta":{"origin":29949,"position":3},"title":"NATURIUM THE BOOSTER HYALURONIC ACID BODY WASH 500ml","author":"admin","date":"May 13, 2024","format":false,"excerpt":"Le gel nettoyant ultra-hydratant pour le corps stimule l'hydratation pour aider \u00e0 r\u00e9duire la s\u00e9cheresse et l'irritation pour une peau d'apparence plus saine. Formul\u00e9 avec de l'acide hyaluronique hydrolys\u00e9 et sept poids mol\u00e9culaires d'hyaluronate de sodium, ce gel nettoyant riche procure une hydratation essentielle. De plus, 30 % de glyc\u00e9rine,\u2026","rel":"","context":"Similar post","block_context":{"text":"Similar post","link":""},"img":{"alt_text":"","src":"","width":0,"height":0},"classes":[]},{"id":24009,"url":"https:\/\/sakaba.mghosteur.com\/en\/product\/neutrogena-hydro-boost-hydrating-cleansing-gel\/","url_meta":{"origin":29949,"position":4},"title":"NEUTROGENA HYDRO BOOST HYDRATING CLEANSING GEL","author":"admin","date":"November 9, 2022","format":false,"excerpt":"D\u00e9couvrez le Gel Nettoyant et D\u00e9maquillant sans Huile de Neutrogena, le compagnon parfait pour une peau d'apparence saine et hydrat\u00e9e. Ce nettoyant pour le visage l\u00e9ger est formul\u00e9 avec de l'acide hyaluronique, offrant une hydratation en profondeur pour une peau douce et \u00e9clatante. Il \u00e9limine efficacement les impuret\u00e9s, l'exc\u00e8s de\u2026","rel":"","context":"Similar post","block_context":{"text":"Similar post","link":""},"img":{"alt_text":"","src":"","width":0,"height":0},"classes":[]},{"id":24153,"url":"https:\/\/sakaba.mghosteur.com\/en\/product\/cerave-renewing-sa-cleanser-473ml\/","url_meta":{"origin":29949,"position":5},"title":"CERAVE RENEWING SA CLEANSER 473ML","author":"admin","date":"November 9, 2022","format":false,"excerpt":"Le nettoyant SA r\u00e9g\u00e9n\u00e9rant de la marque CeraVe est la solution parfaite pour une peau lisse et saine. Sa formule douce et moussante contenant de l'acide salicylique aide \u00e0 exfolier votre peau en douceur tout en \u00e9liminant les impuret\u00e9s et en adoucissant les zones rugueuses. Ce nettoyant est enrichi en\u2026","rel":"","context":"Similar post","block_context":{"text":"Similar post","link":""},"img":{"alt_text":"","src":"","width":0,"height":0},"classes":[]}],"_links":{"self":[{"href":"https:\/\/sakaba.mghosteur.com\/en\/wp-json\/wp\/v2\/product\/29949","targetHints":{"allow":["GET"]}}],"collection":[{"href":"https:\/\/sakaba.mghosteur.com\/en\/wp-json\/wp\/v2\/product"}],"about":[{"href":"https:\/\/sakaba.mghosteur.com\/en\/wp-json\/wp\/v2\/types\/product"}],"replies":[{"embeddable":true,"href":"https:\/\/sakaba.mghosteur.com\/en\/wp-json\/wp\/v2\/comments?post=29949"}],"version-history":[{"count":0,"href":"https:\/\/sakaba.mghosteur.com\/en\/wp-json\/wp\/v2\/product\/29949\/revisions"}],"wp:attachment":[{"href":"https:\/\/sakaba.mghosteur.com\/en\/wp-json\/wp\/v2\/media?parent=29949"}],"wp:term":[{"taxonomy":"product_brand","embeddable":true,"href":"https:\/\/sakaba.mghosteur.com\/en\/wp-json\/wp\/v2\/product_brand?post=29949"},{"taxonomy":"product_cat","embeddable":true,"href":"https:\/\/sakaba.mghosteur.com\/en\/wp-json\/wp\/v2\/product_cat?post=29949"},{"taxonomy":"product_tag","embeddable":true,"href":"https:\/\/sakaba.mghosteur.com\/en\/wp-json\/wp\/v2\/product_tag?post=29949"}],"curies":[{"name":"wp","href":"https:\/\/api.w.org\/{rel}","templated":true}]}}