{"id":29956,"date":"2023-04-29T11:25:29","date_gmt":"2023-04-29T11:25:29","guid":{"rendered":"http:\/\/www.sakababeauty.com\/?post_type=product&#038;p=29956"},"modified":"2023-04-29T11:37:38","modified_gmt":"2023-04-29T11:37:38","slug":"rohto-hadalabo-gokujun-cleansing-oil","status":"publish","type":"product","link":"https:\/\/sakaba.mghosteur.com\/en\/product\/rohto-hadalabo-gokujun-cleansing-oil\/","title":{"rendered":"ROHTO Hadalabo Gokujun Cleansing Oil"},"content":{"rendered":"<p>D\u00e9couvrez le ROHTO Hadalabo Gokujun Cleansing Oil, un produit de qualit\u00e9 de la marque HadaLabo. Cette huile de nettoyage \u00e0 base d&#8217;olive est l\u00e9g\u00e8re et sans parfum, et contient de l&#8217;acide hyaluronique pour une hydratation en profondeur de votre peau.<\/p>\n<p>Gr\u00e2ce \u00e0 sa formule \u00e0 base d&#8217;huile, ce nettoyant dissout efficacement le maquillage, les impuret\u00e9s et l&#8217;exc\u00e8s de s\u00e9bum, laissant votre peau parfaitement propre et fra\u00eeche. L&#8217;huile d&#8217;olive nourrit la peau tout en la nettoyant en douceur, et l&#8217;acide hyaluronique aide \u00e0 retenir l&#8217;hydratation pour une peau plus souple et plus \u00e9clatante.<\/p>\n<p>Le ROHTO Hadalabo Gokujun Cleansing Oil est id\u00e9al pour tous les types de peau, m\u00eame les plus sensibles. Essayez-le d\u00e8s maintenant pour une peau propre et hydrat\u00e9e en profondeur.<\/p>","protected":false},"excerpt":{"rendered":"<p>D\u00e9couvrez le ROHTO Hadalabo Gokujun Cleansing Oil, un produit de qualit\u00e9 de la marque HadaLabo. Cette huile de nettoyage \u00e0 base d&#8217;olive est l\u00e9g\u00e8re et sans parfum, et contient de l&#8217;acide hyaluronique pour une hydratation en profondeur de votre peau. Gr\u00e2ce \u00e0 sa formule \u00e0 base d&#8217;huile, ce nettoyant dissout efficacement le maquillage, les impuret\u00e9s<span class=\"read-more-faq\"><a href=\"https:\/\/sakaba.mghosteur.com\/en\/product\/rohto-hadalabo-gokujun-cleansing-oil\/\">Read More<\/a><\/span><\/p>","protected":false},"featured_media":0,"comment_status":"closed","ping_status":"closed","template":"","meta":[],"product_brand":[],"product_cat":[446],"product_tag":[],"class_list":{"0":"post-29956","1":"product","2":"type-product","3":"status-publish","5":"product_cat-nettoyant","7":"first","8":"instock","9":"shipping-taxable","10":"product-type-simple"},"jetpack-related-posts":[{"id":27109,"url":"https:\/\/sakaba.mghosteur.com\/en\/product\/hadalabo-moisturizing-cream\/","url_meta":{"origin":29956,"position":0},"title":"HADALABO MOISTURIZING CREAM","author":"admin","date":"November 28, 2022","format":false,"excerpt":"D\u00e9couvrez la Super Cr\u00e8me Hydratante \u00e0 l'Acide Hyaluronique de ROHTO Hadalabo Gokujyun, un produit de qualit\u00e9 de la marque HadaLabo. Cette cr\u00e8me de 50g est formul\u00e9e avec de l'acide hyaluronique super hydratant qui permet de maintenir une hydratation intense de la peau. Cette cr\u00e8me gel enrobe la peau avec une\u2026","rel":"","context":"Similar post","block_context":{"text":"Similar post","link":""},"img":{"alt_text":"","src":"","width":0,"height":0},"classes":[]},{"id":27091,"url":"https:\/\/sakaba.mghosteur.com\/en\/product\/hadalabo-shiro-jyun\/","url_meta":{"origin":29956,"position":1},"title":"Rohto Hada Labo Shirojyun Lotion Blanchissante Moist","author":"admin","date":"November 28, 2022","format":false,"excerpt":"D\u00e9couvrez la lotion blanchissante Moist Hada Labo Shirojyun de Rohto, formul\u00e9e avec de l'arbutine, un ingr\u00e9dient naturellement blanchissant qui aide \u00e0 minimiser la formation de m\u00e9lanine. Cette lotion pour le visage est sp\u00e9cialement con\u00e7ue pour estomper les taches brunes et le teint in\u00e9gal et terne, pour un grain de peau\u2026","rel":"","context":"Similar post","block_context":{"text":"Similar post","link":""},"img":{"alt_text":"","src":"","width":0,"height":0},"classes":[]},{"id":27106,"url":"https:\/\/sakaba.mghosteur.com\/en\/product\/hadalabo-premium-shiro-jyun-premium\/","url_meta":{"origin":29956,"position":2},"title":"HADALABO PREMIUM SHIRO JYUN PREMIUM","author":"admin","date":"November 28, 2022","format":false,"excerpt":"D\u00e9couvrez la lotion HadaLabo Premium Shiro Jyun Premium, un produit de qualit\u00e9 de la marque HadaLabo, qui contient de l'acide hyaluronique, des d\u00e9riv\u00e9s de vitamine C et de la vitamine E pour hydrater la peau. Elle est \u00e9galement enrichie en acide tranexamique, un ingr\u00e9dient \u00e9claircissant reconnu, pour un teint plus\u2026","rel":"","context":"Similar post","block_context":{"text":"Similar post","link":""},"img":{"alt_text":"","src":"","width":0,"height":0},"classes":[]},{"id":27087,"url":"https:\/\/sakaba.mghosteur.com\/en\/product\/hadalabo-gokujjun-lotion-rose\/","url_meta":{"origin":29956,"position":3},"title":"HADALABO GOKUJJUN LOTION ROSE","author":"admin","date":"November 28, 2022","format":false,"excerpt":"D\u00e9couvrez la Lotion Rose HadaLabo Gokujyun, une lotion hydratante japonaise de haute qualit\u00e9 qui constitue la base de votre routine d'hydratation. Cette lotion est enrichie en Super Acide Hyaluronique, un ingr\u00e9dient hydratant exceptionnel, pour une peau plus lisse et plus douce. La Lotion Rose HadaLabo Gokujyun peut \u00eatre utilis\u00e9e comme\u2026","rel":"","context":"Similar post","block_context":{"text":"Similar post","link":""},"img":{"alt_text":"","src":"","width":0,"height":0},"classes":[]},{"id":27103,"url":"https:\/\/sakaba.mghosteur.com\/en\/product\/goku-jyun\/","url_meta":{"origin":29956,"position":4},"title":"HadaLabo Gokujyun Alpha Emulsion Raffermissante","author":"admin","date":"November 28, 2022","format":false,"excerpt":"D\u00e9couvrez l'Emulsion Raffermissante HadaLabo Gokujyun Alpha, le produit phare de la marque HadaLabo, qui s'engage \u00e0 offrir des soins anti-\u00e2ge de qualit\u00e9. Cette \u00e9mulsion est formul\u00e9e avec de l'\u00e9lastine de bas poids mol\u00e9culaire, un ingr\u00e9dient hydratant qui aide \u00e0 restaurer l'\u00e9lasticit\u00e9 de la peau, ainsi que de l'acide hyaluronique 3D,\u2026","rel":"","context":"Similar post","block_context":{"text":"Similar post","link":""},"img":{"alt_text":"","src":"","width":0,"height":0},"classes":[]},{"id":29949,"url":"https:\/\/sakaba.mghosteur.com\/en\/product\/rohto-mentholatum-hada-labo-goku-jyun-nettoyant-moussant-visage-acide-hyaluronique\/","url_meta":{"origin":29956,"position":5},"title":"Rohto Mentholatum Hada Labo Goku-jyun Nettoyant Moussant Visage Acide Hyaluronique","author":"admin","date":"April 29, 2023","format":false,"excerpt":"D\u00e9couvrez le Nettoyant Moussant Visage Rohto Mentholatum Hada Labo Goku-jyun \u00e0 l'acide hyaluronique, un produit indispensable pour pr\u00e9server l'hydratation naturelle de votre peau tout en la nettoyant. Avec sa formule moussante instantan\u00e9e et facile \u00e0 masser, ce nettoyant vous permet de vous laver le visage sans dess\u00e9cher votre peau. Utilisez-le\u2026","rel":"","context":"Similar post","block_context":{"text":"Similar post","link":""},"img":{"alt_text":"","src":"","width":0,"height":0},"classes":[]}],"_links":{"self":[{"href":"https:\/\/sakaba.mghosteur.com\/en\/wp-json\/wp\/v2\/product\/29956","targetHints":{"allow":["GET"]}}],"collection":[{"href":"https:\/\/sakaba.mghosteur.com\/en\/wp-json\/wp\/v2\/product"}],"about":[{"href":"https:\/\/sakaba.mghosteur.com\/en\/wp-json\/wp\/v2\/types\/product"}],"replies":[{"embeddable":true,"href":"https:\/\/sakaba.mghosteur.com\/en\/wp-json\/wp\/v2\/comments?post=29956"}],"version-history":[{"count":0,"href":"https:\/\/sakaba.mghosteur.com\/en\/wp-json\/wp\/v2\/product\/29956\/revisions"}],"wp:attachment":[{"href":"https:\/\/sakaba.mghosteur.com\/en\/wp-json\/wp\/v2\/media?parent=29956"}],"wp:term":[{"taxonomy":"product_brand","embeddable":true,"href":"https:\/\/sakaba.mghosteur.com\/en\/wp-json\/wp\/v2\/product_brand?post=29956"},{"taxonomy":"product_cat","embeddable":true,"href":"https:\/\/sakaba.mghosteur.com\/en\/wp-json\/wp\/v2\/product_cat?post=29956"},{"taxonomy":"product_tag","embeddable":true,"href":"https:\/\/sakaba.mghosteur.com\/en\/wp-json\/wp\/v2\/product_tag?post=29956"}],"curies":[{"name":"wp","href":"https:\/\/api.w.org\/{rel}","templated":true}]}}