{"id":29963,"date":"2023-04-29T14:42:19","date_gmt":"2023-04-29T14:42:19","guid":{"rendered":"http:\/\/www.sakababeauty.com\/?post_type=product&#038;p=29963"},"modified":"2023-04-29T14:43:27","modified_gmt":"2023-04-29T14:43:27","slug":"traitement-de-nuit-hada-labo-tokyo","status":"publish","type":"product","link":"https:\/\/sakaba.mghosteur.com\/en\/product\/traitement-de-nuit-hada-labo-tokyo\/","title":{"rendered":"Traitement de nuit Hada Labo Tokyo"},"content":{"rendered":"<p>D\u00e9couvrez le Traitement de Nuit Hada Labo Tokyo, un produit phare de la marque HadaLabo. Ce contenant de 1,76 oz est un traitement de nuit anti-\u00e2ge qui hydrate, r\u00e9pare et raffermit votre peau pendant que vous dormez.<\/p>\n<p>Les ingr\u00e9dients cl\u00e9s de cette cr\u00e8me pour le visage tout-en-un incluent l&#8217;acide super hyaluronique (TM), le complexe de peptides de soja, le collag\u00e8ne et le ch\u00e8vrefeuille japonais. La formule l\u00e9g\u00e8re et non grasse s&#8217;absorbe facilement pour une utilisation confortable toute la nuit.<\/p>\n<p>En outre, notre traitement de nuit est exempt de parfums, de parab\u00e8nes, de colorants et d&#8217;huile min\u00e9rale, afin de vous offrir une exp\u00e9rience de soin de la peau naturelle et efficace. Donnez \u00e0 votre peau le soin qu&#8217;elle m\u00e9rite avec le Traitement de Nuit Hada Labo Tokyo.<\/p>","protected":false},"excerpt":{"rendered":"<p>D\u00e9couvrez le Traitement de Nuit Hada Labo Tokyo, un produit phare de la marque HadaLabo. Ce contenant de 1,76 oz est un traitement de nuit anti-\u00e2ge qui hydrate, r\u00e9pare et raffermit votre peau pendant que vous dormez. Les ingr\u00e9dients cl\u00e9s de cette cr\u00e8me pour le visage tout-en-un incluent l&#8217;acide super hyaluronique (TM), le complexe de<span class=\"read-more-faq\"><a href=\"https:\/\/sakaba.mghosteur.com\/en\/product\/traitement-de-nuit-hada-labo-tokyo\/\">Read More<\/a><\/span><\/p>","protected":false},"featured_media":0,"comment_status":"closed","ping_status":"closed","template":"","meta":[],"product_brand":[],"product_cat":[377],"product_tag":[],"class_list":{"0":"post-29963","1":"product","2":"type-product","3":"status-publish","5":"product_cat-bath-body-works","7":"first","8":"instock","9":"shipping-taxable","10":"product-type-simple"},"jetpack-related-posts":[{"id":29966,"url":"https:\/\/sakaba.mghosteur.com\/en\/product\/hada-labo-tokyo-skin-plumping-gel-cream-with-super-hyaluronic-acid-collagen\/","url_meta":{"origin":29963,"position":0},"title":"Hada Labo Tokyo Skin Plumping Gel Cream with Super Hyaluronic Acid &#038; Collagen","author":"admin","date":"April 29, 2023","format":false,"excerpt":"D\u00e9couvrez le traitement de nuit anti-\u00e2ge Hada Labo Tokyo pour une peau hydrat\u00e9e, r\u00e9par\u00e9e et raffermie pendant votre sommeil. Ce gel-cr\u00e8me repulpant pour la peau est formul\u00e9 avec des ingr\u00e9dients cl\u00e9s tels que l'acide super hyaluronique (TM), le complexe de peptides de soja, le collag\u00e8ne et le ch\u00e8vrefeuille japonais. Cette\u2026","rel":"","context":"Similar post","block_context":{"text":"Similar post","link":""},"img":{"alt_text":"","src":"","width":0,"height":0},"classes":[]},{"id":32093,"url":"https:\/\/sakaba.mghosteur.com\/en\/product\/by-wishtrend-vitamin-a-mazing\/","url_meta":{"origin":29963,"position":1},"title":"BY WISHTREND VITAMIN A-MAZING","author":"admin","date":"May 13, 2024","format":false,"excerpt":"La cr\u00e8me de nuit Vitamin A-mazing Bakuchiol de Wishtrend est une cr\u00e8me de nuit tout-en-un qui contient de la vitamine A pour nourrir la peau, du r\u00e9tinal pour r\u00e9duire les irritations cutan\u00e9es et du bakuchiol pour am\u00e9liorer l'\u00e9lasticit\u00e9 de la peau et l'apparence de la peau terne. Elle convient \u00e0\u2026","rel":"","context":"Similar post","block_context":{"text":"Similar post","link":""},"img":{"alt_text":"","src":"","width":0,"height":0},"classes":[]},{"id":31363,"url":"https:\/\/sakaba.mghosteur.com\/en\/product\/paula-choice-super-hydrate-overnight-mask\/","url_meta":{"origin":29963,"position":2},"title":"PAULA CHOICE SUPER HYDRATE OVERNIGHT MASK","author":"admin","date":"May 10, 2024","format":false,"excerpt":"Masque Nuit Super Hydratant \u00c0 la recherche d'un soin adapt\u00e9 \u00e0 votre peau ? D\u00e9couvrez notre Masque Nuit Super Hydratant, con\u00e7u pour r\u00e9pondre aux besoins de tous les types de peaux, notamment celles sujettes aux rougeurs et \u00e0 la sensibilit\u00e9. Ce masque agit en profondeur pour hydrater intens\u00e9ment les peaux\u2026","rel":"","context":"Similar post","block_context":{"text":"Similar post","link":""},"img":{"alt_text":"","src":"","width":0,"height":0},"classes":[]},{"id":27371,"url":"https:\/\/sakaba.mghosteur.com\/en\/product\/the-inkey-list-c-50-blemish-night-treatment\/","url_meta":{"origin":29963,"position":3},"title":"THE INKEY LIST C-50 BLEMISH NIGHT TREATMENT","author":"admin","date":"November 29, 2022","format":false,"excerpt":"Le traitement de nuit anti-imperfections C-50 de The Inkey List est la solution id\u00e9ale pour ceux qui cherchent \u00e0 traiter leur peau pendant leur sommeil. Avec une formule efficace et puissante, ce traitement de gel de nuit travaille dur pour r\u00e9duire les \u00e9ruptions cutan\u00e9es, d\u00e9sobstruer les pores et r\u00e9duire l'apparence\u2026","rel":"","context":"Similar post","block_context":{"text":"Similar post","link":""},"img":{"alt_text":"","src":"","width":0,"height":0},"classes":[]},{"id":31459,"url":"https:\/\/sakaba.mghosteur.com\/en\/product\/laneige-bouncy-firm-sleepling-mask-masque-de-nuit-60ml\/","url_meta":{"origin":29963,"position":4},"title":"LANEIGE BOUNCY &amp; FIRM SLEEPLING MASK MASQUE DE NUIT 60ML","author":"admin","date":"May 10, 2024","format":false,"excerpt":"D\u00e9couvrez le masque de nuit Bouncy & Firm de Laneige, un alli\u00e9 pour r\u00e9v\u00e9ler l'\u00e9clat naturel de votre peau. Ce masque nocturne est sp\u00e9cialement formul\u00e9 pour revitaliser et raffermir votre peau pendant que vous dormez. Enrichi d'un complexe \u00e0 base de pivoine et de collag\u00e8ne\u2122 ainsi que de peptides, il\u2026","rel":"","context":"Similar post","block_context":{"text":"Similar post","link":""},"img":{"alt_text":"","src":"","width":0,"height":0},"classes":[]},{"id":23905,"url":"https:\/\/sakaba.mghosteur.com\/en\/product\/cerave-skin-renewing-night-cream\/","url_meta":{"origin":29963,"position":5},"title":"CERAVE SKIN RENEWING NIGHT CREAM","author":"admin","date":"November 9, 2022","format":false,"excerpt":"La cr\u00e8me de nuit r\u00e9g\u00e9n\u00e9rante pour la peau CeraVe est un produit incontournable pour ceux qui recherchent une peau plus douce et rafra\u00eechie. Elle a \u00e9t\u00e9 d\u00e9velopp\u00e9e en collaboration avec des dermatologues pour aider \u00e0 restaurer la barri\u00e8re cutan\u00e9e pendant la nuit, lorsque la peau est la plus r\u00e9ceptive. Cette\u2026","rel":"","context":"Similar post","block_context":{"text":"Similar post","link":""},"img":{"alt_text":"","src":"","width":0,"height":0},"classes":[]}],"_links":{"self":[{"href":"https:\/\/sakaba.mghosteur.com\/en\/wp-json\/wp\/v2\/product\/29963","targetHints":{"allow":["GET"]}}],"collection":[{"href":"https:\/\/sakaba.mghosteur.com\/en\/wp-json\/wp\/v2\/product"}],"about":[{"href":"https:\/\/sakaba.mghosteur.com\/en\/wp-json\/wp\/v2\/types\/product"}],"replies":[{"embeddable":true,"href":"https:\/\/sakaba.mghosteur.com\/en\/wp-json\/wp\/v2\/comments?post=29963"}],"version-history":[{"count":0,"href":"https:\/\/sakaba.mghosteur.com\/en\/wp-json\/wp\/v2\/product\/29963\/revisions"}],"wp:attachment":[{"href":"https:\/\/sakaba.mghosteur.com\/en\/wp-json\/wp\/v2\/media?parent=29963"}],"wp:term":[{"taxonomy":"product_brand","embeddable":true,"href":"https:\/\/sakaba.mghosteur.com\/en\/wp-json\/wp\/v2\/product_brand?post=29963"},{"taxonomy":"product_cat","embeddable":true,"href":"https:\/\/sakaba.mghosteur.com\/en\/wp-json\/wp\/v2\/product_cat?post=29963"},{"taxonomy":"product_tag","embeddable":true,"href":"https:\/\/sakaba.mghosteur.com\/en\/wp-json\/wp\/v2\/product_tag?post=29963"}],"curies":[{"name":"wp","href":"https:\/\/api.w.org\/{rel}","templated":true}]}}