{"id":29966,"date":"2023-04-29T15:43:02","date_gmt":"2023-04-29T15:43:02","guid":{"rendered":"http:\/\/www.sakababeauty.com\/?post_type=product&#038;p=29966"},"modified":"2023-04-29T16:00:19","modified_gmt":"2023-04-29T16:00:19","slug":"hada-labo-tokyo-skin-plumping-gel-cream-with-super-hyaluronic-acid-collagen","status":"publish","type":"product","link":"https:\/\/sakaba.mghosteur.com\/en\/product\/hada-labo-tokyo-skin-plumping-gel-cream-with-super-hyaluronic-acid-collagen\/","title":{"rendered":"Hada Labo Tokyo Skin Plumping Gel Cream with Super Hyaluronic Acid &#038; Collagen"},"content":{"rendered":"<p>D\u00e9couvrez le traitement de nuit anti-\u00e2ge Hada Labo Tokyo pour une peau hydrat\u00e9e, r\u00e9par\u00e9e et raffermie pendant votre sommeil. Ce gel-cr\u00e8me repulpant pour la peau est formul\u00e9 avec des ingr\u00e9dients cl\u00e9s tels que l&#8217;acide super hyaluronique (TM), le complexe de peptides de soja, le collag\u00e8ne et le ch\u00e8vrefeuille japonais. Cette formule l\u00e9g\u00e8re et non grasse s&#8217;absorbe facilement pour une hydratation longue dur\u00e9e et un renforcement des niveaux d&#8217;hydratation naturels de la peau.<\/p>\n<p>Ce traitement raffermissant pour la peau est sans parfum, parab\u00e8nes, colorants et huile min\u00e9rale, pour une simplicit\u00e9 maximale et une efficacit\u00e9 optimale. Sa texture soyeuse laisse votre visage plus doux et plus lisse, pr\u00eat pour une application de maquillage impeccable. R\u00e9duisez efficacement l&#8217;apparence des rides et des ridules avec cette cr\u00e8me hydratante pour le visage tout-en-un, qui combine la puissance d&#8217;un s\u00e9rum avec l&#8217;hydratation intense d&#8217;une cr\u00e8me hydratante.<\/p>\n<p>Appliquez ce gel-cr\u00e8me repulpant sur votre visage et votre cou matin et soir pour une peau hydrat\u00e9e, douce et lisse. Offrez \u00e0 votre peau le meilleur avec le traitement de nuit anti-\u00e2ge Hada Labo Tokyo.<\/p>","protected":false},"excerpt":{"rendered":"<p>D\u00e9couvrez le traitement de nuit anti-\u00e2ge Hada Labo Tokyo pour une peau hydrat\u00e9e, r\u00e9par\u00e9e et raffermie pendant votre sommeil. Ce gel-cr\u00e8me repulpant pour la peau est formul\u00e9 avec des ingr\u00e9dients cl\u00e9s tels que l&#8217;acide super hyaluronique (TM), le complexe de peptides de soja, le collag\u00e8ne et le ch\u00e8vrefeuille japonais. Cette formule l\u00e9g\u00e8re et non grasse<span class=\"read-more-faq\"><a href=\"https:\/\/sakaba.mghosteur.com\/en\/product\/hada-labo-tokyo-skin-plumping-gel-cream-with-super-hyaluronic-acid-collagen\/\">Read More<\/a><\/span><\/p>","protected":false},"featured_media":0,"comment_status":"closed","ping_status":"closed","template":"","meta":[],"product_brand":[],"product_cat":[15],"product_tag":[],"class_list":{"0":"post-29966","1":"product","2":"type-product","3":"status-publish","5":"product_cat-uncategorized","7":"first","8":"instock","9":"shipping-taxable","10":"product-type-simple"},"jetpack-related-posts":[{"id":29963,"url":"https:\/\/sakaba.mghosteur.com\/en\/product\/traitement-de-nuit-hada-labo-tokyo\/","url_meta":{"origin":29966,"position":0},"title":"Traitement de nuit Hada Labo Tokyo","author":"admin","date":"April 29, 2023","format":false,"excerpt":"D\u00e9couvrez le Traitement de Nuit Hada Labo Tokyo, un produit phare de la marque HadaLabo. Ce contenant de 1,76 oz est un traitement de nuit anti-\u00e2ge qui hydrate, r\u00e9pare et raffermit votre peau pendant que vous dormez. Les ingr\u00e9dients cl\u00e9s de cette cr\u00e8me pour le visage tout-en-un incluent l'acide super\u2026","rel":"","context":"Similar post","block_context":{"text":"Similar post","link":""},"img":{"alt_text":"","src":"","width":0,"height":0},"classes":[]},{"id":31403,"url":"https:\/\/sakaba.mghosteur.com\/en\/product\/paulas-choice-pro-collagen-multi-peptide-booster\/","url_meta":{"origin":29966,"position":1},"title":"PAULA&#8217;S CHOICE PRO-COLLAGEN MULTI-PEPTIDE BOOSTER","author":"admin","date":"May 10, 2024","format":false,"excerpt":"Pro-Collagen Multi-Peptide Booster Reconstruisez, renforcez et raffermissez votre peau en profondeur gr\u00e2ce \u00e0 six peptides pro-collag\u00e8ne. Ce booster offre un soutien multicouche pour des r\u00e9sultats imm\u00e9diats et durables. Le complexe peptidique de pointe agit en profondeur pour offrir un soutien multicouche, lissant visiblement les rides en seulement 15 minutes. Cliniquement\u2026","rel":"","context":"Similar post","block_context":{"text":"Similar post","link":""},"img":{"alt_text":"","src":"","width":0,"height":0},"classes":[]},{"id":29949,"url":"https:\/\/sakaba.mghosteur.com\/en\/product\/rohto-mentholatum-hada-labo-goku-jyun-nettoyant-moussant-visage-acide-hyaluronique\/","url_meta":{"origin":29966,"position":2},"title":"Rohto Mentholatum Hada Labo Goku-jyun Nettoyant Moussant Visage Acide Hyaluronique","author":"admin","date":"April 29, 2023","format":false,"excerpt":"D\u00e9couvrez le Nettoyant Moussant Visage Rohto Mentholatum Hada Labo Goku-jyun \u00e0 l'acide hyaluronique, un produit indispensable pour pr\u00e9server l'hydratation naturelle de votre peau tout en la nettoyant. Avec sa formule moussante instantan\u00e9e et facile \u00e0 masser, ce nettoyant vous permet de vous laver le visage sans dess\u00e9cher votre peau. Utilisez-le\u2026","rel":"","context":"Similar post","block_context":{"text":"Similar post","link":""},"img":{"alt_text":"","src":"","width":0,"height":0},"classes":[]},{"id":31734,"url":"https:\/\/sakaba.mghosteur.com\/en\/product\/medix-clinical-solution-collagen-hyauluronic-acid\/","url_meta":{"origin":29966,"position":3},"title":"MEDIX CLINICAL SOLUTION COLLAGEN+ HYAULURONIC ACID","author":"admin","date":"May 10, 2024","format":false,"excerpt":"Repulpez et raffermissez votre peau avec ce s\u00e9rum enrichi en collag\u00e8ne, ciblant efficacement les rides et ridules tout en hydratant en profondeur. Gr\u00e2ce \u00e0 sa formule unique associant le pouvoir du collag\u00e8ne \u00e0 des extraits naturels aux vertus nutritives, votre peau retrouve \u00e9clat et fermet\u00e9. L'Aloe Vera apaise et hydrate,\u2026","rel":"","context":"Similar post","block_context":{"text":"Similar post","link":""},"img":{"alt_text":"","src":"","width":0,"height":0},"classes":[]},{"id":56102,"url":"https:\/\/sakaba.mghosteur.com\/en\/product\/advanced-clinicals-green-coffee-bean-oil-thermo-firming-cream\/","url_meta":{"origin":29966,"position":4},"title":"Advanced Clinicals Green Coffee Bean Oil Thermo-Firming Cream","author":"Sope DIA","date":"January 2, 2026","format":false,"excerpt":"Cr\u00e8me \u00e0 l'huile de caf\u00e9 vert : hydrate visiblement pour une peau plus ferme et lisse. Ce lait corporel thermo-raffermissant hydrate intens\u00e9ment la peau, lui donnant un aspect plus rebondi et raffermi. L'hydratation suppl\u00e9mentaire favorise un effet liftant et lisse, pour une peau visiblement renouvel\u00e9e. Id\u00e9al pour les femmes et\u2026","rel":"","context":"Similar post","block_context":{"text":"Similar post","link":""},"img":{"alt_text":"","src":"","width":0,"height":0},"classes":[]},{"id":27622,"url":"https:\/\/sakaba.mghosteur.com\/en\/product\/age-correcting-eye-cream\/","url_meta":{"origin":29966,"position":5},"title":"AGE CORRECTING EYE CREAM","author":"admin","date":"November 29, 2022","format":false,"excerpt":"La marque HadaLabo vous pr\u00e9sente sa cr\u00e8me contour des yeux anti-\u00e2ge, une formule l\u00e9g\u00e8re et multifonctionnelle con\u00e7ue pour traiter les principaux signes de l'\u00e2ge et de la fatigue pour transformer visiblement toute la zone des yeux. Cette cr\u00e8me de 0,5 oz est id\u00e9ale pour restaurer l'humidit\u00e9, lisser les rides et\u2026","rel":"","context":"Similar post","block_context":{"text":"Similar post","link":""},"img":{"alt_text":"","src":"","width":0,"height":0},"classes":[]}],"_links":{"self":[{"href":"https:\/\/sakaba.mghosteur.com\/en\/wp-json\/wp\/v2\/product\/29966","targetHints":{"allow":["GET"]}}],"collection":[{"href":"https:\/\/sakaba.mghosteur.com\/en\/wp-json\/wp\/v2\/product"}],"about":[{"href":"https:\/\/sakaba.mghosteur.com\/en\/wp-json\/wp\/v2\/types\/product"}],"replies":[{"embeddable":true,"href":"https:\/\/sakaba.mghosteur.com\/en\/wp-json\/wp\/v2\/comments?post=29966"}],"version-history":[{"count":0,"href":"https:\/\/sakaba.mghosteur.com\/en\/wp-json\/wp\/v2\/product\/29966\/revisions"}],"wp:attachment":[{"href":"https:\/\/sakaba.mghosteur.com\/en\/wp-json\/wp\/v2\/media?parent=29966"}],"wp:term":[{"taxonomy":"product_brand","embeddable":true,"href":"https:\/\/sakaba.mghosteur.com\/en\/wp-json\/wp\/v2\/product_brand?post=29966"},{"taxonomy":"product_cat","embeddable":true,"href":"https:\/\/sakaba.mghosteur.com\/en\/wp-json\/wp\/v2\/product_cat?post=29966"},{"taxonomy":"product_tag","embeddable":true,"href":"https:\/\/sakaba.mghosteur.com\/en\/wp-json\/wp\/v2\/product_tag?post=29966"}],"curies":[{"name":"wp","href":"https:\/\/api.w.org\/{rel}","templated":true}]}}