{"id":29971,"date":"2023-05-01T12:04:32","date_gmt":"2023-05-01T12:04:32","guid":{"rendered":"http:\/\/www.sakababeauty.com\/?post_type=product&#038;p=29971"},"modified":"2024-08-08T03:24:44","modified_gmt":"2024-08-08T03:24:44","slug":"neocell-collagen-c-pomegranate-liquid","status":"publish","type":"product","link":"https:\/\/sakaba.mghosteur.com\/en\/product\/neocell-collagen-c-pomegranate-liquid\/","title":{"rendered":"NEOCELL COLLAGEN + C POMEGRANATE LIQUID"},"content":{"rendered":"<p>D\u00e9couvrez NeoCell Collag\u00e8ne + C Grenade Liquide, un suppl\u00e9ment de collag\u00e8ne de haute qualit\u00e9 con\u00e7u pour soutenir la sant\u00e9 de votre peau, de vos cheveux, de vos ongles et de vos articulations. Avec 4g de collag\u00e8ne de type 1 et 3 par portion, ce produit peut aider \u00e0 stimuler la formation de collag\u00e8ne pour favoriser une belle peau et renforcer les articulations. En plus de la grenade, du th\u00e9 vert, de la canneberge et du sureau, NeoCell Collag\u00e8ne + C Grenade Liquide contient \u00e9galement de la vitamine C pour des bienfaits antioxydants suppl\u00e9mentaires. Les petits peptides de collag\u00e8ne biodisponibles contenus dans ce liquide peuvent \u00eatre facilement absorb\u00e9s par votre corps, vous aidant ainsi \u00e0 transformer votre force int\u00e9rieure en beaut\u00e9 ext\u00e9rieure. Ce produit est fabriqu\u00e9 \u00e0 partir de bovins \u00e9lev\u00e9s \u00e0 l&#8217;herbe, nourris \u00e0 l&#8217;herbe et est test\u00e9 par Igen\u2122 pour assurer qu&#8217;il est non-OGM. Essayez NeoCell Collag\u00e8ne + C Grenade Liquide d\u00e8s maintenant et r\u00e9veillez votre beaut\u00e9 int\u00e9rieure en ajoutant une cuill\u00e8re \u00e0 soupe \u00e0 votre eau ou \u00e0 votre jus pr\u00e9f\u00e9r\u00e9.<\/p>","protected":false},"excerpt":{"rendered":"<p>D\u00e9couvrez NeoCell Collag\u00e8ne + C Grenade Liquide, un suppl\u00e9ment de collag\u00e8ne de haute qualit\u00e9 con\u00e7u pour soutenir la sant\u00e9 de votre peau, de vos cheveux, de vos ongles et de vos articulations. Avec 4g de collag\u00e8ne de type 1 et 3 par portion, ce produit peut aider \u00e0 stimuler la formation de collag\u00e8ne pour favoriser<span class=\"read-more-faq\"><a href=\"https:\/\/sakaba.mghosteur.com\/en\/product\/neocell-collagen-c-pomegranate-liquid\/\">Read More<\/a><\/span><\/p>","protected":false},"featured_media":0,"comment_status":"closed","ping_status":"closed","template":"","meta":[],"product_brand":[],"product_cat":[391,381],"product_tag":[],"class_list":{"0":"post-29971","1":"product","2":"type-product","3":"status-publish","5":"product_cat-aae-bien-etre","6":"product_cat-vitamine-et-complements","8":"first","9":"instock","10":"shipping-taxable","11":"product-type-simple"},"jetpack-related-posts":[{"id":29984,"url":"https:\/\/sakaba.mghosteur.com\/en\/product\/neocell-hyaluronic-acid-with-vitamin-c-liquid-473m\/","url_meta":{"origin":29971,"position":0},"title":"NEOCELL HYALURONIC ACID WITH VITAMIN C LIQUID 473M","author":"admin","date":"May 1, 2023","format":false,"excerpt":"D\u00e9couvrez la poudre Super Collagen Plus NeoCell, un suppl\u00e9ment de collag\u00e8ne contenant 12 g de collag\u00e8ne par portion, avec des types de collag\u00e8ne 1 et 3. Ce produit comprend 15 portions par contenant et est certifi\u00e9 Keto + Sans Gluten pour s'adapter \u00e0 votre style de vie sain. La poudre\u2026","rel":"","context":"Similar post","block_context":{"text":"Similar post","link":""},"img":{"alt_text":"","src":"","width":0,"height":0},"classes":[]},{"id":31886,"url":"https:\/\/sakaba.mghosteur.com\/en\/product\/super-collagen-vitamin-c-biotin-90t\/","url_meta":{"origin":29971,"position":1},"title":"SUPER COLLAGEN + VITAMIN C &amp; BIOTIN 90T","author":"admin","date":"May 10, 2024","format":false,"excerpt":"Les comprim\u00e9s NeoCell Super Collagen sont formul\u00e9s pour soutenir votre beaut\u00e9 radieuse de l'int\u00e9rieur, favoriser la sant\u00e9 des articulations et soutenir les cheveux, la peau et les ongles (1). Avec du collag\u00e8ne nourri \u00e0 l'herbe de types 1 et 3, ces capsules de collag\u00e8ne donnent \u00e0 votre corps les \u00e9l\u00e9ments\u2026","rel":"","context":"Similar post","block_context":{"text":"Similar post","link":""},"img":{"alt_text":"","src":"","width":0,"height":0},"classes":[]},{"id":29994,"url":"https:\/\/sakaba.mghosteur.com\/en\/product\/neocell-super-collagen-peptides-400g\/","url_meta":{"origin":29971,"position":2},"title":"NEOCELL SUPER COLLAGEN PEPTIDES 400G","author":"admin","date":"May 1, 2023","format":false,"excerpt":"D\u00e9couvrez la poudre de peptides de Super Collag\u00e8ne NeoCell, un suppl\u00e9ment de collag\u00e8ne hydrolys\u00e9 nourri \u00e0 l'herbe pour une beaut\u00e9 int\u00e9rieure \u00e9clatante. Contenant 10 000 mg de collag\u00e8ne de types 1 et 3 par portion, ce compl\u00e9ment alimentaire soutient la sant\u00e9 de votre peau, de vos cheveux, de vos ongles\u2026","rel":"","context":"Similar post","block_context":{"text":"Similar post","link":""},"img":{"alt_text":"","src":"","width":0,"height":0},"classes":[]},{"id":29991,"url":"https:\/\/sakaba.mghosteur.com\/en\/product\/neocell-super-collagen-vitamin-biotin-c-type-1-3-180-tablets\/","url_meta":{"origin":29971,"position":3},"title":"NeoCell Super Collagen + Vitamin Biotin C Type 1 &amp; 3 &#8211; 180 tablets","author":"admin","date":"May 1, 2023","format":false,"excerpt":"Le Super Collag\u00e8ne + Vitamine C & Biotine de NeoCell est une formule pratique pour nourrir votre peau en profondeur. Ce compl\u00e9ment alimentaire contient du collag\u00e8ne de types 1 et 3 pour stimuler la production de collag\u00e8ne et favoriser une peau jeune et belle. La vitamine C fournit \u00e9galement un\u2026","rel":"","context":"Similar post","block_context":{"text":"Similar post","link":""},"img":{"alt_text":"","src":"","width":0,"height":0},"classes":[]},{"id":29997,"url":"https:\/\/sakaba.mghosteur.com\/en\/product\/neocell-super-collagen-type-1-3-powder\/","url_meta":{"origin":29971,"position":4},"title":"NeoCell Super Collagen Type 1 &amp; 3 Powder","author":"admin","date":"May 1, 2023","format":false,"excerpt":"D\u00e9couvrez notre Poudre de Peptides de Super Collag\u00e8ne NeoCell, pr\u00e9f\u00e9r\u00e9e de nos clients pour son efficacit\u00e9 \u00e0 faire ressortir votre \u00e9clat int\u00e9rieur. Avec 10 grammes de collag\u00e8ne de types 1 et 3 facilement absorb\u00e9 et hydrolys\u00e9, notre poudre favorise une peau, des cheveux et des ongles sains et radieux. Notre\u2026","rel":"","context":"Similar post","block_context":{"text":"Similar post","link":""},"img":{"alt_text":"","src":"","width":0,"height":0},"classes":[]},{"id":30002,"url":"https:\/\/sakaba.mghosteur.com\/en\/product\/super-collagen-vitamin-c-biotin-360-tablets\/","url_meta":{"origin":29971,"position":5},"title":"SUPER COLLAGEN +VITAMIN C &amp; BIOTIN 360 TABLETS","author":"admin","date":"May 1, 2023","format":false,"excerpt":"D\u00e9couvrez le Super Collag\u00e8ne de NeoCell, un compl\u00e9ment alimentaire contenant 360 comprim\u00e9s de collag\u00e8ne, vitamine C et biotine. Ce produit vous aide \u00e0 minimiser les rides et ridules en am\u00e9liorant l'\u00e9lasticit\u00e9 de votre peau et en retenant l'humidit\u00e9 dans celle-ci. De plus, il renforce et nourrit vos ligaments, tendons, articulations\u2026","rel":"","context":"Similar post","block_context":{"text":"Similar post","link":""},"img":{"alt_text":"","src":"","width":0,"height":0},"classes":[]}],"_links":{"self":[{"href":"https:\/\/sakaba.mghosteur.com\/en\/wp-json\/wp\/v2\/product\/29971","targetHints":{"allow":["GET"]}}],"collection":[{"href":"https:\/\/sakaba.mghosteur.com\/en\/wp-json\/wp\/v2\/product"}],"about":[{"href":"https:\/\/sakaba.mghosteur.com\/en\/wp-json\/wp\/v2\/types\/product"}],"replies":[{"embeddable":true,"href":"https:\/\/sakaba.mghosteur.com\/en\/wp-json\/wp\/v2\/comments?post=29971"}],"version-history":[{"count":0,"href":"https:\/\/sakaba.mghosteur.com\/en\/wp-json\/wp\/v2\/product\/29971\/revisions"}],"wp:attachment":[{"href":"https:\/\/sakaba.mghosteur.com\/en\/wp-json\/wp\/v2\/media?parent=29971"}],"wp:term":[{"taxonomy":"product_brand","embeddable":true,"href":"https:\/\/sakaba.mghosteur.com\/en\/wp-json\/wp\/v2\/product_brand?post=29971"},{"taxonomy":"product_cat","embeddable":true,"href":"https:\/\/sakaba.mghosteur.com\/en\/wp-json\/wp\/v2\/product_cat?post=29971"},{"taxonomy":"product_tag","embeddable":true,"href":"https:\/\/sakaba.mghosteur.com\/en\/wp-json\/wp\/v2\/product_tag?post=29971"}],"curies":[{"name":"wp","href":"https:\/\/api.w.org\/{rel}","templated":true}]}}