{"id":29981,"date":"2023-05-01T14:37:44","date_gmt":"2023-05-01T14:37:44","guid":{"rendered":"http:\/\/www.sakababeauty.com\/?post_type=product&#038;p=29981"},"modified":"2024-08-08T03:30:04","modified_gmt":"2024-08-08T03:30:04","slug":"neocell-gummy-glow","status":"publish","type":"product","link":"https:\/\/sakaba.mghosteur.com\/en\/product\/neocell-gummy-glow\/","title":{"rendered":"Neocell Gummy Glow"},"content":{"rendered":"<p>D\u00e9couvrez le Gummy Glow NeoCell au collag\u00e8ne et biotine pour une peau radieuse, des cheveux et des ongles sains. Avec 2,5g de collag\u00e8ne type 1 &amp; 3, ce compl\u00e9ment alimentaire est une v\u00e9ritable science du collag\u00e8ne, \u00e9tudi\u00e9 cliniquement pour des r\u00e9sultats visibles. Sans gluten et test\u00e9 Igen sans ogm, il contient \u00e9galement d&#8217;autres ar\u00f4mes naturels pour une exp\u00e9rience gustative agr\u00e9able. Le contenu est Nsf test\u00e9 et certifi\u00e9 pour une qualit\u00e9 sup\u00e9rieure. Laissez votre beaut\u00e9 int\u00e9rieure briller avec le Collagen Gummy de NeoCell.<\/p>","protected":false},"excerpt":{"rendered":"<p>D\u00e9couvrez le Gummy Glow NeoCell au collag\u00e8ne et biotine pour une peau radieuse, des cheveux et des ongles sains. Avec 2,5g de collag\u00e8ne type 1 &amp; 3, ce compl\u00e9ment alimentaire est une v\u00e9ritable science du collag\u00e8ne, \u00e9tudi\u00e9 cliniquement pour des r\u00e9sultats visibles. Sans gluten et test\u00e9 Igen sans ogm, il contient \u00e9galement d&#8217;autres ar\u00f4mes naturels<span class=\"read-more-faq\"><a href=\"https:\/\/sakaba.mghosteur.com\/en\/product\/neocell-gummy-glow\/\">Read More<\/a><\/span><\/p>","protected":false},"featured_media":0,"comment_status":"closed","ping_status":"closed","template":"","meta":[],"product_brand":[],"product_cat":[391,381],"product_tag":[],"class_list":{"0":"post-29981","1":"product","2":"type-product","3":"status-publish","5":"product_cat-aae-bien-etre","6":"product_cat-vitamine-et-complements","8":"first","9":"instock","10":"shipping-taxable","11":"product-type-simple"},"jetpack-related-posts":[{"id":29971,"url":"https:\/\/sakaba.mghosteur.com\/en\/product\/neocell-collagen-c-pomegranate-liquid\/","url_meta":{"origin":29981,"position":0},"title":"NEOCELL COLLAGEN + C POMEGRANATE LIQUID","author":"admin","date":"May 1, 2023","format":false,"excerpt":"D\u00e9couvrez NeoCell Collag\u00e8ne + C Grenade Liquide, un suppl\u00e9ment de collag\u00e8ne de haute qualit\u00e9 con\u00e7u pour soutenir la sant\u00e9 de votre peau, de vos cheveux, de vos ongles et de vos articulations. Avec 4g de collag\u00e8ne de type 1 et 3 par portion, ce produit peut aider \u00e0 stimuler la\u2026","rel":"","context":"Similar post","block_context":{"text":"Similar post","link":""},"img":{"alt_text":"","src":"","width":0,"height":0},"classes":[]},{"id":25019,"url":"https:\/\/sakaba.mghosteur.com\/en\/product\/neocell-collagen-beauty-builder\/","url_meta":{"origin":29981,"position":1},"title":"NEOCELL COLLAGEN BEAUTY BUILDER","author":"admin","date":"November 11, 2022","format":false,"excerpt":"D\u00e9couvrez le NeoCell Collagen Beauty Builder, un suppl\u00e9ment alimentaire con\u00e7u pour renforcer votre beaut\u00e9 int\u00e9rieure. Ce produit est compos\u00e9 de types de collag\u00e8ne 1 et 3, d'acide hyaluronique et de biotine qui favorisent une peau \u00e9clatante et des cheveux et des ongles sains. Chaque portion de ce suppl\u00e9ment contient 3g\u2026","rel":"","context":"Similar post","block_context":{"text":"Similar post","link":""},"img":{"alt_text":"","src":"","width":0,"height":0},"classes":[]},{"id":29988,"url":"https:\/\/sakaba.mghosteur.com\/en\/product\/neocell-marine-collagene-120-capsules\/","url_meta":{"origin":29981,"position":2},"title":"NEOCELL MARINE C\u00d4LLAGENE 120 CAPSULES","author":"admin","date":"May 1, 2023","format":false,"excerpt":"D\u00e9couvrez le Collag\u00e8ne Marin NeoCell, un compl\u00e9ment alimentaire haut de gamme formul\u00e9 pour favoriser une peau saine et hydrat\u00e9e. Avec 2 000mg de collag\u00e8ne marin, cet ingr\u00e9dient cl\u00e9 est responsable de l'int\u00e9grit\u00e9 structurelle de la peau. Associ\u00e9 \u00e0 l'acide hyaluronique et le Vita-Mineral Youth Boost, ce complexe de soutien au\u2026","rel":"","context":"Similar post","block_context":{"text":"Similar post","link":""},"img":{"alt_text":"","src":"","width":0,"height":0},"classes":[]},{"id":31907,"url":"https:\/\/sakaba.mghosteur.com\/en\/product\/neocell-super-collagen-type-1-3-powder-200g\/","url_meta":{"origin":29981,"position":3},"title":"NeoCell Super Collagen Type 1 &amp; 3 Powder 200g","author":"admin","date":"May 10, 2024","format":false,"excerpt":"HAUT DOSAGE : Une dose, 2 mesures, de Super Collagen Peptides de Neocell contient 10000mg de collag\u00e8ne que vous pouvez apporter \u00e0 votre corps quotidiennement BONNE BIODISPONIBILIT\u00c9 : Neocell Super Collagen Peptides se caract\u00e9rise par une bonne biodisponibilit\u00e9 et convient \u00e0 un mode de vie soucieux de l'alimentation HAUTE QUALIT\u00c9\u2026","rel":"","context":"Similar post","block_context":{"text":"Similar post","link":""},"img":{"alt_text":"","src":"","width":0,"height":0},"classes":[]},{"id":29991,"url":"https:\/\/sakaba.mghosteur.com\/en\/product\/neocell-super-collagen-vitamin-biotin-c-type-1-3-180-tablets\/","url_meta":{"origin":29981,"position":4},"title":"NeoCell Super Collagen + Vitamin Biotin C Type 1 &amp; 3 &#8211; 180 tablets","author":"admin","date":"May 1, 2023","format":false,"excerpt":"Le Super Collag\u00e8ne + Vitamine C & Biotine de NeoCell est une formule pratique pour nourrir votre peau en profondeur. Ce compl\u00e9ment alimentaire contient du collag\u00e8ne de types 1 et 3 pour stimuler la production de collag\u00e8ne et favoriser une peau jeune et belle. La vitamine C fournit \u00e9galement un\u2026","rel":"","context":"Similar post","block_context":{"text":"Similar post","link":""},"img":{"alt_text":"","src":"","width":0,"height":0},"classes":[]},{"id":30000,"url":"https:\/\/sakaba.mghosteur.com\/en\/product\/neocell-super-collagen-with-aloe-300g-powder\/","url_meta":{"origin":29981,"position":5},"title":"NEOCELL SUPER COLLAGEN WITH ALOE 300G POWDER","author":"admin","date":"May 1, 2023","format":false,"excerpt":"D\u00e9couvrez NeoCell Super Collag\u00e8ne avec Alo\u00e8s, une formule exclusive de collag\u00e8ne de type 1 et 3 qui soutient une belle peau et des cheveux et ongles sains*. Cette formule contient \u00e9galement de l'alo\u00e8s, un ingr\u00e9dient utilis\u00e9 depuis des si\u00e8cles dans la m\u00e9decine ayurv\u00e9dique pour favoriser l'\u00e9clat naturel du corps de\u2026","rel":"","context":"Similar post","block_context":{"text":"Similar post","link":""},"img":{"alt_text":"","src":"","width":0,"height":0},"classes":[]}],"_links":{"self":[{"href":"https:\/\/sakaba.mghosteur.com\/en\/wp-json\/wp\/v2\/product\/29981","targetHints":{"allow":["GET"]}}],"collection":[{"href":"https:\/\/sakaba.mghosteur.com\/en\/wp-json\/wp\/v2\/product"}],"about":[{"href":"https:\/\/sakaba.mghosteur.com\/en\/wp-json\/wp\/v2\/types\/product"}],"replies":[{"embeddable":true,"href":"https:\/\/sakaba.mghosteur.com\/en\/wp-json\/wp\/v2\/comments?post=29981"}],"version-history":[{"count":0,"href":"https:\/\/sakaba.mghosteur.com\/en\/wp-json\/wp\/v2\/product\/29981\/revisions"}],"wp:attachment":[{"href":"https:\/\/sakaba.mghosteur.com\/en\/wp-json\/wp\/v2\/media?parent=29981"}],"wp:term":[{"taxonomy":"product_brand","embeddable":true,"href":"https:\/\/sakaba.mghosteur.com\/en\/wp-json\/wp\/v2\/product_brand?post=29981"},{"taxonomy":"product_cat","embeddable":true,"href":"https:\/\/sakaba.mghosteur.com\/en\/wp-json\/wp\/v2\/product_cat?post=29981"},{"taxonomy":"product_tag","embeddable":true,"href":"https:\/\/sakaba.mghosteur.com\/en\/wp-json\/wp\/v2\/product_tag?post=29981"}],"curies":[{"name":"wp","href":"https:\/\/api.w.org\/{rel}","templated":true}]}}