{"id":29988,"date":"2023-05-01T16:34:10","date_gmt":"2023-05-01T16:34:10","guid":{"rendered":"http:\/\/www.sakababeauty.com\/?post_type=product&#038;p=29988"},"modified":"2024-08-08T03:26:39","modified_gmt":"2024-08-08T03:26:39","slug":"neocell-marine-collagene-120-capsules","status":"publish","type":"product","link":"https:\/\/sakaba.mghosteur.com\/en\/product\/neocell-marine-collagene-120-capsules\/","title":{"rendered":"NEOCELL MARINE C\u00d4LLAGENE 120 CAPSULES"},"content":{"rendered":"<p>D\u00e9couvrez le Collag\u00e8ne Marin NeoCell, un compl\u00e9ment alimentaire haut de gamme formul\u00e9 pour favoriser une peau saine et hydrat\u00e9e. Avec 2 000mg de collag\u00e8ne marin, cet ingr\u00e9dient cl\u00e9 est responsable de l&#8217;int\u00e9grit\u00e9 structurelle de la peau. Associ\u00e9 \u00e0 l&#8217;acide hyaluronique et le Vita-Mineral Youth Boost, ce complexe de soutien au collag\u00e8ne est con\u00e7u pour favoriser une peau jeune et radieuse. Sans OGM ni gluten, ce nutricosm\u00e9tique est certifi\u00e9 BPM pour une qualit\u00e9 sup\u00e9rieure. Prenez quatre (4) capsules par jour pour une absorption maximale, de pr\u00e9f\u00e9rence \u00e0 jeun. Offrez \u00e0 votre peau l&#8217;hydratation dont elle a besoin avec le Collag\u00e8ne Marin NeoCell.<\/p>","protected":false},"excerpt":{"rendered":"<p>D\u00e9couvrez le Collag\u00e8ne Marin NeoCell, un compl\u00e9ment alimentaire haut de gamme formul\u00e9 pour favoriser une peau saine et hydrat\u00e9e. Avec 2 000mg de collag\u00e8ne marin, cet ingr\u00e9dient cl\u00e9 est responsable de l&#8217;int\u00e9grit\u00e9 structurelle de la peau. Associ\u00e9 \u00e0 l&#8217;acide hyaluronique et le Vita-Mineral Youth Boost, ce complexe de soutien au collag\u00e8ne est con\u00e7u pour favoriser<span class=\"read-more-faq\"><a href=\"https:\/\/sakaba.mghosteur.com\/en\/product\/neocell-marine-collagene-120-capsules\/\">Read More<\/a><\/span><\/p>","protected":false},"featured_media":0,"comment_status":"closed","ping_status":"closed","template":"","meta":[],"product_brand":[],"product_cat":[391,381],"product_tag":[],"class_list":{"0":"post-29988","1":"product","2":"type-product","3":"status-publish","5":"product_cat-aae-bien-etre","6":"product_cat-vitamine-et-complements","8":"first","9":"instock","10":"shipping-taxable","11":"product-type-simple"},"jetpack-related-posts":[],"_links":{"self":[{"href":"https:\/\/sakaba.mghosteur.com\/en\/wp-json\/wp\/v2\/product\/29988","targetHints":{"allow":["GET"]}}],"collection":[{"href":"https:\/\/sakaba.mghosteur.com\/en\/wp-json\/wp\/v2\/product"}],"about":[{"href":"https:\/\/sakaba.mghosteur.com\/en\/wp-json\/wp\/v2\/types\/product"}],"replies":[{"embeddable":true,"href":"https:\/\/sakaba.mghosteur.com\/en\/wp-json\/wp\/v2\/comments?post=29988"}],"version-history":[{"count":0,"href":"https:\/\/sakaba.mghosteur.com\/en\/wp-json\/wp\/v2\/product\/29988\/revisions"}],"wp:attachment":[{"href":"https:\/\/sakaba.mghosteur.com\/en\/wp-json\/wp\/v2\/media?parent=29988"}],"wp:term":[{"taxonomy":"product_brand","embeddable":true,"href":"https:\/\/sakaba.mghosteur.com\/en\/wp-json\/wp\/v2\/product_brand?post=29988"},{"taxonomy":"product_cat","embeddable":true,"href":"https:\/\/sakaba.mghosteur.com\/en\/wp-json\/wp\/v2\/product_cat?post=29988"},{"taxonomy":"product_tag","embeddable":true,"href":"https:\/\/sakaba.mghosteur.com\/en\/wp-json\/wp\/v2\/product_tag?post=29988"}],"curies":[{"name":"wp","href":"https:\/\/api.w.org\/{rel}","templated":true}]}}