{"id":29991,"date":"2023-05-01T16:38:22","date_gmt":"2023-05-01T16:38:22","guid":{"rendered":"http:\/\/www.sakababeauty.com\/?post_type=product&#038;p=29991"},"modified":"2024-08-08T03:28:32","modified_gmt":"2024-08-08T03:28:32","slug":"neocell-super-collagen-vitamin-biotin-c-type-1-3-180-tablets","status":"publish","type":"product","link":"https:\/\/sakaba.mghosteur.com\/en\/product\/neocell-super-collagen-vitamin-biotin-c-type-1-3-180-tablets\/","title":{"rendered":"NeoCell Super Collagen + Vitamin Biotin C Type 1 &amp; 3 &#8211; 180 tablets"},"content":{"rendered":"<p>Le Super Collag\u00e8ne + Vitamine C &amp; Biotine de NeoCell est une formule pratique pour nourrir votre peau en profondeur. Ce compl\u00e9ment alimentaire contient du collag\u00e8ne de types 1 et 3 pour stimuler la production de collag\u00e8ne et favoriser une peau jeune et belle. La vitamine C fournit \u00e9galement un soutien antioxydant pour lutter contre les radicaux libres. De plus, la biotine aide \u00e0 favoriser la sant\u00e9 des cheveux, des ongles et des articulations. Prenez soin de vous avec le Super Collag\u00e8ne + Vitamine C &amp; Biotine de NeoCell.<\/p>","protected":false},"excerpt":{"rendered":"<p>Le Super Collag\u00e8ne + Vitamine C &amp; Biotine de NeoCell est une formule pratique pour nourrir votre peau en profondeur. Ce compl\u00e9ment alimentaire contient du collag\u00e8ne de types 1 et 3 pour stimuler la production de collag\u00e8ne et favoriser une peau jeune et belle. La vitamine C fournit \u00e9galement un soutien antioxydant pour lutter contre<span class=\"read-more-faq\"><a href=\"https:\/\/sakaba.mghosteur.com\/en\/product\/neocell-super-collagen-vitamin-biotin-c-type-1-3-180-tablets\/\">Read More<\/a><\/span><\/p>","protected":false},"featured_media":0,"comment_status":"closed","ping_status":"closed","template":"","meta":[],"product_brand":[],"product_cat":[391,381],"product_tag":[],"class_list":{"0":"post-29991","1":"product","2":"type-product","3":"status-publish","5":"product_cat-aae-bien-etre","6":"product_cat-vitamine-et-complements","8":"first","9":"instock","10":"shipping-taxable","11":"product-type-simple"},"jetpack-related-posts":[{"id":31886,"url":"https:\/\/sakaba.mghosteur.com\/en\/product\/super-collagen-vitamin-c-biotin-90t\/","url_meta":{"origin":29991,"position":0},"title":"SUPER COLLAGEN + VITAMIN C &amp; BIOTIN 90T","author":"admin","date":"May 10, 2024","format":false,"excerpt":"Les comprim\u00e9s NeoCell Super Collagen sont formul\u00e9s pour soutenir votre beaut\u00e9 radieuse de l'int\u00e9rieur, favoriser la sant\u00e9 des articulations et soutenir les cheveux, la peau et les ongles (1). Avec du collag\u00e8ne nourri \u00e0 l'herbe de types 1 et 3, ces capsules de collag\u00e8ne donnent \u00e0 votre corps les \u00e9l\u00e9ments\u2026","rel":"","context":"Similar post","block_context":{"text":"Similar post","link":""},"img":{"alt_text":"","src":"","width":0,"height":0},"classes":[]},{"id":30002,"url":"https:\/\/sakaba.mghosteur.com\/en\/product\/super-collagen-vitamin-c-biotin-360-tablets\/","url_meta":{"origin":29991,"position":1},"title":"SUPER COLLAGEN +VITAMIN C &amp; BIOTIN 360 TABLETS","author":"admin","date":"May 1, 2023","format":false,"excerpt":"D\u00e9couvrez le Super Collag\u00e8ne de NeoCell, un compl\u00e9ment alimentaire contenant 360 comprim\u00e9s de collag\u00e8ne, vitamine C et biotine. Ce produit vous aide \u00e0 minimiser les rides et ridules en am\u00e9liorant l'\u00e9lasticit\u00e9 de votre peau et en retenant l'humidit\u00e9 dans celle-ci. De plus, il renforce et nourrit vos ligaments, tendons, articulations\u2026","rel":"","context":"Similar post","block_context":{"text":"Similar post","link":""},"img":{"alt_text":"","src":"","width":0,"height":0},"classes":[]},{"id":25019,"url":"https:\/\/sakaba.mghosteur.com\/en\/product\/neocell-collagen-beauty-builder\/","url_meta":{"origin":29991,"position":2},"title":"NEOCELL COLLAGEN BEAUTY BUILDER","author":"admin","date":"November 11, 2022","format":false,"excerpt":"D\u00e9couvrez le NeoCell Collagen Beauty Builder, un suppl\u00e9ment alimentaire con\u00e7u pour renforcer votre beaut\u00e9 int\u00e9rieure. Ce produit est compos\u00e9 de types de collag\u00e8ne 1 et 3, d'acide hyaluronique et de biotine qui favorisent une peau \u00e9clatante et des cheveux et des ongles sains. Chaque portion de ce suppl\u00e9ment contient 3g\u2026","rel":"","context":"Similar post","block_context":{"text":"Similar post","link":""},"img":{"alt_text":"","src":"","width":0,"height":0},"classes":[]},{"id":29981,"url":"https:\/\/sakaba.mghosteur.com\/en\/product\/neocell-gummy-glow\/","url_meta":{"origin":29991,"position":3},"title":"Neocell Gummy Glow","author":"admin","date":"May 1, 2023","format":false,"excerpt":"D\u00e9couvrez le Gummy Glow NeoCell au collag\u00e8ne et biotine pour une peau radieuse, des cheveux et des ongles sains. Avec 2,5g de collag\u00e8ne type 1 & 3, ce compl\u00e9ment alimentaire est une v\u00e9ritable science du collag\u00e8ne, \u00e9tudi\u00e9 cliniquement pour des r\u00e9sultats visibles. Sans gluten et test\u00e9 Igen sans ogm, il\u2026","rel":"","context":"Similar post","block_context":{"text":"Similar post","link":""},"img":{"alt_text":"","src":"","width":0,"height":0},"classes":[]},{"id":29997,"url":"https:\/\/sakaba.mghosteur.com\/en\/product\/neocell-super-collagen-type-1-3-powder\/","url_meta":{"origin":29991,"position":4},"title":"NeoCell Super Collagen Type 1 &amp; 3 Powder","author":"admin","date":"May 1, 2023","format":false,"excerpt":"D\u00e9couvrez notre Poudre de Peptides de Super Collag\u00e8ne NeoCell, pr\u00e9f\u00e9r\u00e9e de nos clients pour son efficacit\u00e9 \u00e0 faire ressortir votre \u00e9clat int\u00e9rieur. Avec 10 grammes de collag\u00e8ne de types 1 et 3 facilement absorb\u00e9 et hydrolys\u00e9, notre poudre favorise une peau, des cheveux et des ongles sains et radieux. Notre\u2026","rel":"","context":"Similar post","block_context":{"text":"Similar post","link":""},"img":{"alt_text":"","src":"","width":0,"height":0},"classes":[]},{"id":25025,"url":"https:\/\/sakaba.mghosteur.com\/en\/product\/super-collagen-vitamin-c-biotin\/","url_meta":{"origin":29991,"position":5},"title":"SUPER COLLAGEN +VITAMIN C &#038; BIOTIN","author":"admin","date":"November 11, 2022","format":false,"excerpt":"","rel":"","context":"Similar post","block_context":{"text":"Similar post","link":""},"img":{"alt_text":"","src":"","width":0,"height":0},"classes":[]}],"_links":{"self":[{"href":"https:\/\/sakaba.mghosteur.com\/en\/wp-json\/wp\/v2\/product\/29991","targetHints":{"allow":["GET"]}}],"collection":[{"href":"https:\/\/sakaba.mghosteur.com\/en\/wp-json\/wp\/v2\/product"}],"about":[{"href":"https:\/\/sakaba.mghosteur.com\/en\/wp-json\/wp\/v2\/types\/product"}],"replies":[{"embeddable":true,"href":"https:\/\/sakaba.mghosteur.com\/en\/wp-json\/wp\/v2\/comments?post=29991"}],"version-history":[{"count":0,"href":"https:\/\/sakaba.mghosteur.com\/en\/wp-json\/wp\/v2\/product\/29991\/revisions"}],"wp:attachment":[{"href":"https:\/\/sakaba.mghosteur.com\/en\/wp-json\/wp\/v2\/media?parent=29991"}],"wp:term":[{"taxonomy":"product_brand","embeddable":true,"href":"https:\/\/sakaba.mghosteur.com\/en\/wp-json\/wp\/v2\/product_brand?post=29991"},{"taxonomy":"product_cat","embeddable":true,"href":"https:\/\/sakaba.mghosteur.com\/en\/wp-json\/wp\/v2\/product_cat?post=29991"},{"taxonomy":"product_tag","embeddable":true,"href":"https:\/\/sakaba.mghosteur.com\/en\/wp-json\/wp\/v2\/product_tag?post=29991"}],"curies":[{"name":"wp","href":"https:\/\/api.w.org\/{rel}","templated":true}]}}