{"id":29997,"date":"2023-05-01T17:33:52","date_gmt":"2023-05-01T17:33:52","guid":{"rendered":"http:\/\/www.sakababeauty.com\/?post_type=product&#038;p=29997"},"modified":"2024-08-08T03:29:18","modified_gmt":"2024-08-08T03:29:18","slug":"neocell-super-collagen-type-1-3-powder","status":"publish","type":"product","link":"https:\/\/sakaba.mghosteur.com\/en\/product\/neocell-super-collagen-type-1-3-powder\/","title":{"rendered":"NeoCell Super Collagen Type 1 &amp; 3 Powder"},"content":{"rendered":"<p>D\u00e9couvrez notre Poudre de Peptides de Super Collag\u00e8ne NeoCell, pr\u00e9f\u00e9r\u00e9e de nos clients pour son efficacit\u00e9 \u00e0 faire ressortir votre \u00e9clat int\u00e9rieur. Avec 10 grammes de collag\u00e8ne de types 1 et 3 facilement absorb\u00e9 et hydrolys\u00e9, notre poudre favorise une peau, des cheveux et des ongles sains et radieux. Notre formule se m\u00e9lange facilement et sans saveur dans vos boissons pr\u00e9f\u00e9r\u00e9es pour une utilisation quotidienne pratique.<\/p>\n<p>Le collag\u00e8ne est essentiel pour la sant\u00e9 de la peau et, \u00e0 mesure que nous vieillissons, nos r\u00e9serves naturelles diminuent. Notre Poudre de Peptides de Super Collag\u00e8ne a \u00e9t\u00e9 sp\u00e9cialement formul\u00e9e pour soutenir une peau saine, radieuse et d&#8217;apparence plus jeune et favoriser la production de collag\u00e8ne de votre corps. Avec une portion quotidienne de 10 grammes, vous pouvez profiter de tous les bienfaits de la beaut\u00e9.<\/p>\n<p>Notre formule de peptides de collag\u00e8ne hydrolys\u00e9s est facilement absorb\u00e9e par votre corps, fournissant les \u00e9l\u00e9ments de base n\u00e9cessaires pour cr\u00e9er son propre collag\u00e8ne et d&#8217;autres prot\u00e9ines essentielles. Nous avons s\u00e9lectionn\u00e9 les types de collag\u00e8ne 1 et 3, les plus connus pour leurs bienfaits pour la beaut\u00e9, pour renforcer la matrice fondamentale de la peau, des cheveux, des ongles, des tendons, des ligaments et des os.<\/p>\n<p>Prenez quotidiennement notre Poudre de Peptides de Super Collag\u00e8ne NeoCell pour activer votre beaut\u00e9 int\u00e9rieure et aider \u00e0 promouvoir la production de collag\u00e8ne. Versez deux cuill\u00e8res dans n&#8217;importe quel liquide chaud ou froid, m\u00e9langez bien et profitez de tous les bienfaits pour une peau jeune et radieuse.<\/p>","protected":false},"excerpt":{"rendered":"<p>D\u00e9couvrez notre Poudre de Peptides de Super Collag\u00e8ne NeoCell, pr\u00e9f\u00e9r\u00e9e de nos clients pour son efficacit\u00e9 \u00e0 faire ressortir votre \u00e9clat int\u00e9rieur. Avec 10 grammes de collag\u00e8ne de types 1 et 3 facilement absorb\u00e9 et hydrolys\u00e9, notre poudre favorise une peau, des cheveux et des ongles sains et radieux. Notre formule se m\u00e9lange facilement et<span class=\"read-more-faq\"><a href=\"https:\/\/sakaba.mghosteur.com\/en\/product\/neocell-super-collagen-type-1-3-powder\/\">Read More<\/a><\/span><\/p>","protected":false},"featured_media":0,"comment_status":"closed","ping_status":"closed","template":"","meta":[],"product_brand":[],"product_cat":[391,381],"product_tag":[],"class_list":{"0":"post-29997","1":"product","2":"type-product","3":"status-publish","5":"product_cat-aae-bien-etre","6":"product_cat-vitamine-et-complements","8":"first","9":"instock","10":"shipping-taxable","11":"product-type-simple"},"jetpack-related-posts":[{"id":29994,"url":"https:\/\/sakaba.mghosteur.com\/en\/product\/neocell-super-collagen-peptides-400g\/","url_meta":{"origin":29997,"position":0},"title":"NEOCELL SUPER COLLAGEN PEPTIDES 400G","author":"admin","date":"May 1, 2023","format":false,"excerpt":"D\u00e9couvrez la poudre de peptides de Super Collag\u00e8ne NeoCell, un suppl\u00e9ment de collag\u00e8ne hydrolys\u00e9 nourri \u00e0 l'herbe pour une beaut\u00e9 int\u00e9rieure \u00e9clatante. Contenant 10 000 mg de collag\u00e8ne de types 1 et 3 par portion, ce compl\u00e9ment alimentaire soutient la sant\u00e9 de votre peau, de vos cheveux, de vos ongles\u2026","rel":"","context":"Similar post","block_context":{"text":"Similar post","link":""},"img":{"alt_text":"","src":"","width":0,"height":0},"classes":[]},{"id":30000,"url":"https:\/\/sakaba.mghosteur.com\/en\/product\/neocell-super-collagen-with-aloe-300g-powder\/","url_meta":{"origin":29997,"position":1},"title":"NEOCELL SUPER COLLAGEN WITH ALOE 300G POWDER","author":"admin","date":"May 1, 2023","format":false,"excerpt":"D\u00e9couvrez NeoCell Super Collag\u00e8ne avec Alo\u00e8s, une formule exclusive de collag\u00e8ne de type 1 et 3 qui soutient une belle peau et des cheveux et ongles sains*. Cette formule contient \u00e9galement de l'alo\u00e8s, un ingr\u00e9dient utilis\u00e9 depuis des si\u00e8cles dans la m\u00e9decine ayurv\u00e9dique pour favoriser l'\u00e9clat naturel du corps de\u2026","rel":"","context":"Similar post","block_context":{"text":"Similar post","link":""},"img":{"alt_text":"","src":"","width":0,"height":0},"classes":[]},{"id":29984,"url":"https:\/\/sakaba.mghosteur.com\/en\/product\/neocell-hyaluronic-acid-with-vitamin-c-liquid-473m\/","url_meta":{"origin":29997,"position":2},"title":"NEOCELL HYALURONIC ACID WITH VITAMIN C LIQUID 473M","author":"admin","date":"May 1, 2023","format":false,"excerpt":"D\u00e9couvrez la poudre Super Collagen Plus NeoCell, un suppl\u00e9ment de collag\u00e8ne contenant 12 g de collag\u00e8ne par portion, avec des types de collag\u00e8ne 1 et 3. Ce produit comprend 15 portions par contenant et est certifi\u00e9 Keto + Sans Gluten pour s'adapter \u00e0 votre style de vie sain. La poudre\u2026","rel":"","context":"Similar post","block_context":{"text":"Similar post","link":""},"img":{"alt_text":"","src":"","width":0,"height":0},"classes":[]},{"id":31894,"url":"https:\/\/sakaba.mghosteur.com\/en\/product\/neocell-super-collagene-peptides-powder-dietary\/","url_meta":{"origin":29997,"position":3},"title":"NEOCELL SUPER COLLAGENE PEPTIDES POWDER DIETARY","author":"admin","date":"May 10, 2024","format":false,"excerpt":"Nourrissez votre beaut\u00e9 int\u00e9rieure avec la poudre de peptides de super collag\u00e8ne NeoCell. \u00c0 mesure que nous vieillissons, la r\u00e9ticulation et l\u2019\u00e9puisement du collag\u00e8ne peuvent entra\u00eener des signes courants de vieillissement au niveau de la peau, des muscles, des tendons, des ligaments et des os. Mais notre poudre de super\u2026","rel":"","context":"Similar post","block_context":{"text":"Similar post","link":""},"img":{"alt_text":"","src":"","width":0,"height":0},"classes":[]},{"id":31886,"url":"https:\/\/sakaba.mghosteur.com\/en\/product\/super-collagen-vitamin-c-biotin-90t\/","url_meta":{"origin":29997,"position":4},"title":"SUPER COLLAGEN + VITAMIN C &amp; BIOTIN 90T","author":"admin","date":"May 10, 2024","format":false,"excerpt":"Les comprim\u00e9s NeoCell Super Collagen sont formul\u00e9s pour soutenir votre beaut\u00e9 radieuse de l'int\u00e9rieur, favoriser la sant\u00e9 des articulations et soutenir les cheveux, la peau et les ongles (1). Avec du collag\u00e8ne nourri \u00e0 l'herbe de types 1 et 3, ces capsules de collag\u00e8ne donnent \u00e0 votre corps les \u00e9l\u00e9ments\u2026","rel":"","context":"Similar post","block_context":{"text":"Similar post","link":""},"img":{"alt_text":"","src":"","width":0,"height":0},"classes":[]},{"id":31907,"url":"https:\/\/sakaba.mghosteur.com\/en\/product\/neocell-super-collagen-type-1-3-powder-200g\/","url_meta":{"origin":29997,"position":5},"title":"NeoCell Super Collagen Type 1 &amp; 3 Powder 200g","author":"admin","date":"May 10, 2024","format":false,"excerpt":"HAUT DOSAGE : Une dose, 2 mesures, de Super Collagen Peptides de Neocell contient 10000mg de collag\u00e8ne que vous pouvez apporter \u00e0 votre corps quotidiennement BONNE BIODISPONIBILIT\u00c9 : Neocell Super Collagen Peptides se caract\u00e9rise par une bonne biodisponibilit\u00e9 et convient \u00e0 un mode de vie soucieux de l'alimentation HAUTE QUALIT\u00c9\u2026","rel":"","context":"Similar post","block_context":{"text":"Similar post","link":""},"img":{"alt_text":"","src":"","width":0,"height":0},"classes":[]}],"_links":{"self":[{"href":"https:\/\/sakaba.mghosteur.com\/en\/wp-json\/wp\/v2\/product\/29997","targetHints":{"allow":["GET"]}}],"collection":[{"href":"https:\/\/sakaba.mghosteur.com\/en\/wp-json\/wp\/v2\/product"}],"about":[{"href":"https:\/\/sakaba.mghosteur.com\/en\/wp-json\/wp\/v2\/types\/product"}],"replies":[{"embeddable":true,"href":"https:\/\/sakaba.mghosteur.com\/en\/wp-json\/wp\/v2\/comments?post=29997"}],"version-history":[{"count":0,"href":"https:\/\/sakaba.mghosteur.com\/en\/wp-json\/wp\/v2\/product\/29997\/revisions"}],"wp:attachment":[{"href":"https:\/\/sakaba.mghosteur.com\/en\/wp-json\/wp\/v2\/media?parent=29997"}],"wp:term":[{"taxonomy":"product_brand","embeddable":true,"href":"https:\/\/sakaba.mghosteur.com\/en\/wp-json\/wp\/v2\/product_brand?post=29997"},{"taxonomy":"product_cat","embeddable":true,"href":"https:\/\/sakaba.mghosteur.com\/en\/wp-json\/wp\/v2\/product_cat?post=29997"},{"taxonomy":"product_tag","embeddable":true,"href":"https:\/\/sakaba.mghosteur.com\/en\/wp-json\/wp\/v2\/product_tag?post=29997"}],"curies":[{"name":"wp","href":"https:\/\/api.w.org\/{rel}","templated":true}]}}