{"id":30000,"date":"2023-05-01T17:56:55","date_gmt":"2023-05-01T17:56:55","guid":{"rendered":"http:\/\/www.sakababeauty.com\/?post_type=product&#038;p=30000"},"modified":"2024-08-08T03:27:38","modified_gmt":"2024-08-08T03:27:38","slug":"neocell-super-collagen-with-aloe-300g-powder","status":"publish","type":"product","link":"https:\/\/sakaba.mghosteur.com\/en\/product\/neocell-super-collagen-with-aloe-300g-powder\/","title":{"rendered":"NEOCELL SUPER COLLAGEN WITH ALOE 300G POWDER"},"content":{"rendered":"<p>D\u00e9couvrez NeoCell Super Collag\u00e8ne avec Alo\u00e8s, une formule exclusive de collag\u00e8ne de type 1 et 3 qui soutient une belle peau et des cheveux et ongles sains*. Cette formule contient \u00e9galement de l&#8217;alo\u00e8s, un ingr\u00e9dient utilis\u00e9 depuis des si\u00e8cles dans la m\u00e9decine ayurv\u00e9dique pour favoriser l&#8217;\u00e9clat naturel du corps de l&#8217;int\u00e9rieur*. Avec 10 grammes de poudre de collag\u00e8ne bovin hydrolys\u00e9 par portion, cette formule aide \u00e0 soutenir la production de collag\u00e8ne et fournit des acides amin\u00e9s essentiels* pour une peau et des cheveux sains. La poudre est non aromatis\u00e9e et inodore, parfait pour \u00eatre m\u00e9lang\u00e9e \u00e0 n&#8217;importe quelle boisson chaude ou froide. Essayez NeoCell Super Collag\u00e8ne avec Alo\u00e8s d\u00e8s aujourd&#8217;hui et d\u00e9couvrez les avantages d&#8217;une marque de collag\u00e8ne de confiance depuis 1998.<\/p>","protected":false},"excerpt":{"rendered":"<p>D\u00e9couvrez NeoCell Super Collag\u00e8ne avec Alo\u00e8s, une formule exclusive de collag\u00e8ne de type 1 et 3 qui soutient une belle peau et des cheveux et ongles sains*. Cette formule contient \u00e9galement de l&#8217;alo\u00e8s, un ingr\u00e9dient utilis\u00e9 depuis des si\u00e8cles dans la m\u00e9decine ayurv\u00e9dique pour favoriser l&#8217;\u00e9clat naturel du corps de l&#8217;int\u00e9rieur*. Avec 10 grammes de<span class=\"read-more-faq\"><a href=\"https:\/\/sakaba.mghosteur.com\/en\/product\/neocell-super-collagen-with-aloe-300g-powder\/\">Read More<\/a><\/span><\/p>","protected":false},"featured_media":0,"comment_status":"closed","ping_status":"closed","template":"","meta":[],"product_brand":[],"product_cat":[391,381],"product_tag":[],"class_list":{"0":"post-30000","1":"product","2":"type-product","3":"status-publish","5":"product_cat-aae-bien-etre","6":"product_cat-vitamine-et-complements","8":"first","9":"instock","10":"shipping-taxable","11":"product-type-simple"},"jetpack-related-posts":[{"id":29997,"url":"https:\/\/sakaba.mghosteur.com\/en\/product\/neocell-super-collagen-type-1-3-powder\/","url_meta":{"origin":30000,"position":0},"title":"NeoCell Super Collagen Type 1 &amp; 3 Powder","author":"admin","date":"May 1, 2023","format":false,"excerpt":"D\u00e9couvrez notre Poudre de Peptides de Super Collag\u00e8ne NeoCell, pr\u00e9f\u00e9r\u00e9e de nos clients pour son efficacit\u00e9 \u00e0 faire ressortir votre \u00e9clat int\u00e9rieur. Avec 10 grammes de collag\u00e8ne de types 1 et 3 facilement absorb\u00e9 et hydrolys\u00e9, notre poudre favorise une peau, des cheveux et des ongles sains et radieux. Notre\u2026","rel":"","context":"Similar post","block_context":{"text":"Similar post","link":""},"img":{"alt_text":"","src":"","width":0,"height":0},"classes":[]},{"id":29984,"url":"https:\/\/sakaba.mghosteur.com\/en\/product\/neocell-hyaluronic-acid-with-vitamin-c-liquid-473m\/","url_meta":{"origin":30000,"position":1},"title":"NEOCELL HYALURONIC ACID WITH VITAMIN C LIQUID 473M","author":"admin","date":"May 1, 2023","format":false,"excerpt":"D\u00e9couvrez la poudre Super Collagen Plus NeoCell, un suppl\u00e9ment de collag\u00e8ne contenant 12 g de collag\u00e8ne par portion, avec des types de collag\u00e8ne 1 et 3. Ce produit comprend 15 portions par contenant et est certifi\u00e9 Keto + Sans Gluten pour s'adapter \u00e0 votre style de vie sain. La poudre\u2026","rel":"","context":"Similar post","block_context":{"text":"Similar post","link":""},"img":{"alt_text":"","src":"","width":0,"height":0},"classes":[]},{"id":29994,"url":"https:\/\/sakaba.mghosteur.com\/en\/product\/neocell-super-collagen-peptides-400g\/","url_meta":{"origin":30000,"position":2},"title":"NEOCELL SUPER COLLAGEN PEPTIDES 400G","author":"admin","date":"May 1, 2023","format":false,"excerpt":"D\u00e9couvrez la poudre de peptides de Super Collag\u00e8ne NeoCell, un suppl\u00e9ment de collag\u00e8ne hydrolys\u00e9 nourri \u00e0 l'herbe pour une beaut\u00e9 int\u00e9rieure \u00e9clatante. Contenant 10 000 mg de collag\u00e8ne de types 1 et 3 par portion, ce compl\u00e9ment alimentaire soutient la sant\u00e9 de votre peau, de vos cheveux, de vos ongles\u2026","rel":"","context":"Similar post","block_context":{"text":"Similar post","link":""},"img":{"alt_text":"","src":"","width":0,"height":0},"classes":[]},{"id":31894,"url":"https:\/\/sakaba.mghosteur.com\/en\/product\/neocell-super-collagene-peptides-powder-dietary\/","url_meta":{"origin":30000,"position":3},"title":"NEOCELL SUPER COLLAGENE PEPTIDES POWDER DIETARY","author":"admin","date":"May 10, 2024","format":false,"excerpt":"Nourrissez votre beaut\u00e9 int\u00e9rieure avec la poudre de peptides de super collag\u00e8ne NeoCell. \u00c0 mesure que nous vieillissons, la r\u00e9ticulation et l\u2019\u00e9puisement du collag\u00e8ne peuvent entra\u00eener des signes courants de vieillissement au niveau de la peau, des muscles, des tendons, des ligaments et des os. Mais notre poudre de super\u2026","rel":"","context":"Similar post","block_context":{"text":"Similar post","link":""},"img":{"alt_text":"","src":"","width":0,"height":0},"classes":[]},{"id":31886,"url":"https:\/\/sakaba.mghosteur.com\/en\/product\/super-collagen-vitamin-c-biotin-90t\/","url_meta":{"origin":30000,"position":4},"title":"SUPER COLLAGEN + VITAMIN C &amp; BIOTIN 90T","author":"admin","date":"May 10, 2024","format":false,"excerpt":"Les comprim\u00e9s NeoCell Super Collagen sont formul\u00e9s pour soutenir votre beaut\u00e9 radieuse de l'int\u00e9rieur, favoriser la sant\u00e9 des articulations et soutenir les cheveux, la peau et les ongles (1). Avec du collag\u00e8ne nourri \u00e0 l'herbe de types 1 et 3, ces capsules de collag\u00e8ne donnent \u00e0 votre corps les \u00e9l\u00e9ments\u2026","rel":"","context":"Similar post","block_context":{"text":"Similar post","link":""},"img":{"alt_text":"","src":"","width":0,"height":0},"classes":[]},{"id":29991,"url":"https:\/\/sakaba.mghosteur.com\/en\/product\/neocell-super-collagen-vitamin-biotin-c-type-1-3-180-tablets\/","url_meta":{"origin":30000,"position":5},"title":"NeoCell Super Collagen + Vitamin Biotin C Type 1 &amp; 3 &#8211; 180 tablets","author":"admin","date":"May 1, 2023","format":false,"excerpt":"Le Super Collag\u00e8ne + Vitamine C & Biotine de NeoCell est une formule pratique pour nourrir votre peau en profondeur. Ce compl\u00e9ment alimentaire contient du collag\u00e8ne de types 1 et 3 pour stimuler la production de collag\u00e8ne et favoriser une peau jeune et belle. La vitamine C fournit \u00e9galement un\u2026","rel":"","context":"Similar post","block_context":{"text":"Similar post","link":""},"img":{"alt_text":"","src":"","width":0,"height":0},"classes":[]}],"_links":{"self":[{"href":"https:\/\/sakaba.mghosteur.com\/en\/wp-json\/wp\/v2\/product\/30000","targetHints":{"allow":["GET"]}}],"collection":[{"href":"https:\/\/sakaba.mghosteur.com\/en\/wp-json\/wp\/v2\/product"}],"about":[{"href":"https:\/\/sakaba.mghosteur.com\/en\/wp-json\/wp\/v2\/types\/product"}],"replies":[{"embeddable":true,"href":"https:\/\/sakaba.mghosteur.com\/en\/wp-json\/wp\/v2\/comments?post=30000"}],"version-history":[{"count":0,"href":"https:\/\/sakaba.mghosteur.com\/en\/wp-json\/wp\/v2\/product\/30000\/revisions"}],"wp:attachment":[{"href":"https:\/\/sakaba.mghosteur.com\/en\/wp-json\/wp\/v2\/media?parent=30000"}],"wp:term":[{"taxonomy":"product_brand","embeddable":true,"href":"https:\/\/sakaba.mghosteur.com\/en\/wp-json\/wp\/v2\/product_brand?post=30000"},{"taxonomy":"product_cat","embeddable":true,"href":"https:\/\/sakaba.mghosteur.com\/en\/wp-json\/wp\/v2\/product_cat?post=30000"},{"taxonomy":"product_tag","embeddable":true,"href":"https:\/\/sakaba.mghosteur.com\/en\/wp-json\/wp\/v2\/product_tag?post=30000"}],"curies":[{"name":"wp","href":"https:\/\/api.w.org\/{rel}","templated":true}]}}