{"id":30010,"date":"2023-05-02T11:06:41","date_gmt":"2023-05-02T11:06:41","guid":{"rendered":"http:\/\/www.sakababeauty.com\/?post_type=product&#038;p=30010"},"modified":"2023-05-02T11:32:23","modified_gmt":"2023-05-02T11:32:23","slug":"satin-skinz-b-beau-l-glutathione-500mg-capsule","status":"publish","type":"product","link":"https:\/\/sakaba.mghosteur.com\/en\/product\/satin-skinz-b-beau-l-glutathione-500mg-capsule\/","title":{"rendered":"SATIN SKINZ B BEAU L GLUTATHIONE 500MG CAPSULE"},"content":{"rendered":"<p>D\u00e9couvrez le B&#8217;beau L-Glutathion de Satin Skin, une g\u00e9lule qui aide \u00e0 am\u00e9liorer l&#8217;\u00e9tat de votre peau. Associ\u00e9 \u00e0 2 g\u00e9lules de B&#8217;beau Vitamine C Plus, ce compl\u00e9ment alimentaire est id\u00e9al pour votre routine matinale. Pour des r\u00e9sultats optimaux, \u00e9vitez la caf\u00e9ine, les boissons gazeuses, l&#8217;alcool, les cigarettes et adoptez un mode de vie sain. Il est \u00e9galement important de dormir suffisamment et de bien s&#8217;hydrater en buvant au moins 2 \u00e0 3 litres d&#8217;eau par jour. Gardez \u00e0 l&#8217;esprit que les r\u00e9sultats peuvent varier en fonction de votre taux m\u00e9tabolique individuel et que vous remarquerez peut-\u00eatre des changements dans l&#8217;\u00e9tat de votre peau apr\u00e8s environ un mois de consommation r\u00e9guli\u00e8re.<\/p>","protected":false},"excerpt":{"rendered":"<p>D\u00e9couvrez le B&#8217;beau L-Glutathion de Satin Skin, une g\u00e9lule qui aide \u00e0 am\u00e9liorer l&#8217;\u00e9tat de votre peau. Associ\u00e9 \u00e0 2 g\u00e9lules de B&#8217;beau Vitamine C Plus, ce compl\u00e9ment alimentaire est id\u00e9al pour votre routine matinale. Pour des r\u00e9sultats optimaux, \u00e9vitez la caf\u00e9ine, les boissons gazeuses, l&#8217;alcool, les cigarettes et adoptez un mode de vie sain.<span class=\"read-more-faq\"><a href=\"https:\/\/sakaba.mghosteur.com\/en\/product\/satin-skinz-b-beau-l-glutathione-500mg-capsule\/\">Read More<\/a><\/span><\/p>","protected":false},"featured_media":0,"comment_status":"closed","ping_status":"closed","template":"","meta":[],"product_brand":[],"product_cat":[381],"product_tag":[],"class_list":{"0":"post-30010","1":"product","2":"type-product","3":"status-publish","5":"product_cat-vitamine-et-complements","7":"first","8":"instock","9":"shipping-taxable","10":"product-type-simple"},"jetpack-related-posts":[{"id":30014,"url":"https:\/\/sakaba.mghosteur.com\/en\/product\/satin-skinz-b-beau-vitamin-c-plus-capsule\/","url_meta":{"origin":30010,"position":0},"title":"SATIN SKINZ B BEAU VITAMIN C PLUS CAPSULE","author":"admin","date":"May 2, 2023","format":false,"excerpt":"D\u00e9couvrez la vitamine C Plus B'BEAU de Satin Skin pour une peau rayonnante et en sant\u00e9. Pour consommer, prenez 2 g\u00e9lules le matin en combinaison avec 1 g\u00e9lule de L-Glutathion B'BEAU. Pour des r\u00e9sultats optimaux, \u00e9vitez les boissons caf\u00e9in\u00e9es, gazeuses et alcoolis\u00e9es, ainsi que la cigarette, et optez plut\u00f4t pour\u2026","rel":"","context":"Similar post","block_context":{"text":"Similar post","link":""},"img":{"alt_text":"","src":"","width":0,"height":0},"classes":[]},{"id":23834,"url":"https:\/\/sakaba.mghosteur.com\/en\/product\/satin-skinz-b-beau\/","url_meta":{"origin":30010,"position":1},"title":"SATIN SKINZ B BEAU PWITEZ PEARL 500MG CAPSULE","author":"admin","date":"November 8, 2022","format":false,"excerpt":"D\u00e9couvrez la perle B'Beau Pwitez de Satin Skin, le l\u00e9gendaire roi des tr\u00e9sors de l'oc\u00e9an de perle. Si vous avez des probl\u00e8mes de peau tels que la haute teneur en m\u00e9lanine, les taches de rousseur, la peau s\u00e8che et squameuse, la peau sujette \u00e0 l'acn\u00e9, le visage fatigu\u00e9 et p\u00e2le,\u2026","rel":"","context":"Similar post","block_context":{"text":"Similar post","link":""},"img":{"alt_text":"","src":"","width":0,"height":0},"classes":[]},{"id":23822,"url":"https:\/\/sakaba.mghosteur.com\/en\/product\/satin-skinz-glutathione-plus-astaxanthin-plus\/","url_meta":{"origin":30010,"position":2},"title":"SATIN SKINZ GLUTATHIONE PLUS ASTAXANTHIN PLUS","author":"admin","date":"November 8, 2022","format":false,"excerpt":"Satin Skinz Glutathione Plus & Astaxanthin Plus est un produit de beaut\u00e9 innovant qui offre une multitude d'avantages pour votre peau. Ce produit de la marque Satin Skinz est compos\u00e9 d'un m\u00e9lange d'ingr\u00e9dients soigneusement s\u00e9lectionn\u00e9s pour vous aider \u00e0 obtenir une peau plus jeune et plus lumineuse. Le glutathion est\u2026","rel":"","context":"Similar post","block_context":{"text":"Similar post","link":""},"img":{"alt_text":"","src":"","width":0,"height":0},"classes":[]},{"id":23826,"url":"https:\/\/sakaba.mghosteur.com\/en\/product\/satin-skinz-hithion-plus\/","url_meta":{"origin":30010,"position":3},"title":"SATIN SKINZ HITHION PLUS","author":"admin","date":"November 8, 2022","format":false,"excerpt":"Le produit Satin Skinz Hithion Plus de la marque Satin Skin est une formule de blanchiment avanc\u00e9e, sp\u00e9cialement con\u00e7ue pour les peaux brunes \u00e0 tr\u00e8s fonc\u00e9es. Elle est dix fois plus puissante que le L-Glutathion et est formul\u00e9e avec des ingr\u00e9dients de haute qualit\u00e9 tels que la Pureway C, l'Appleh\u00e9non,\u2026","rel":"","context":"Similar post","block_context":{"text":"Similar post","link":""},"img":{"alt_text":"","src":"","width":0,"height":0},"classes":[]},{"id":26322,"url":"https:\/\/sakaba.mghosteur.com\/en\/product\/triple-white-soap-with-kojic-placenta-glutathione\/","url_meta":{"origin":30010,"position":4},"title":"TRIPLE WHITE SOAP WITH KOJIC PLACENTA GLUTATHIONE","author":"admin","date":"November 24, 2022","format":false,"excerpt":"Ce savon triplement \u00e9claircissant convient aux peaux moins sensibles. Il est plus fort que le savon au glutathion ordinaire mais donne un r\u00e9sultat similaire. Si vous constatez une desquamation, celle-ci ne devrait pas durer plus d'une semaine. Ce savon est cr\u00e9\u00e9 par une m\u00e9thode de traitement \u00e0 froid pour garantir\u2026","rel":"","context":"Similar post","block_context":{"text":"Similar post","link":""},"img":{"alt_text":"","src":"","width":0,"height":0},"classes":[]},{"id":29785,"url":"https:\/\/sakaba.mghosteur.com\/en\/product\/omega-3-fish-oil-concentrate\/","url_meta":{"origin":30010,"position":5},"title":"OMEGA 3 FISH OIL CONCENTRATE","author":"admin","date":"April 25, 2023","format":false,"excerpt":"D\u00e9couvrez les g\u00e9lules de concentr\u00e9 d'huile de poisson om\u00e9ga-3 de la marque Solgar pour soutenir votre sant\u00e9 cardiaque. Ces g\u00e9lules sont une source naturelle et concentr\u00e9e d'acides gras essentiels om\u00e9ga-3, qui jouent un r\u00f4le essentiel dans une alimentation saine. Prendre quotidiennement 250 mg de ces g\u00e9lules aide \u00e0 soutenir la\u2026","rel":"","context":"Similar post","block_context":{"text":"Similar post","link":""},"img":{"alt_text":"","src":"","width":0,"height":0},"classes":[]}],"_links":{"self":[{"href":"https:\/\/sakaba.mghosteur.com\/en\/wp-json\/wp\/v2\/product\/30010","targetHints":{"allow":["GET"]}}],"collection":[{"href":"https:\/\/sakaba.mghosteur.com\/en\/wp-json\/wp\/v2\/product"}],"about":[{"href":"https:\/\/sakaba.mghosteur.com\/en\/wp-json\/wp\/v2\/types\/product"}],"replies":[{"embeddable":true,"href":"https:\/\/sakaba.mghosteur.com\/en\/wp-json\/wp\/v2\/comments?post=30010"}],"version-history":[{"count":0,"href":"https:\/\/sakaba.mghosteur.com\/en\/wp-json\/wp\/v2\/product\/30010\/revisions"}],"wp:attachment":[{"href":"https:\/\/sakaba.mghosteur.com\/en\/wp-json\/wp\/v2\/media?parent=30010"}],"wp:term":[{"taxonomy":"product_brand","embeddable":true,"href":"https:\/\/sakaba.mghosteur.com\/en\/wp-json\/wp\/v2\/product_brand?post=30010"},{"taxonomy":"product_cat","embeddable":true,"href":"https:\/\/sakaba.mghosteur.com\/en\/wp-json\/wp\/v2\/product_cat?post=30010"},{"taxonomy":"product_tag","embeddable":true,"href":"https:\/\/sakaba.mghosteur.com\/en\/wp-json\/wp\/v2\/product_tag?post=30010"}],"curies":[{"name":"wp","href":"https:\/\/api.w.org\/{rel}","templated":true}]}}