{"id":30109,"date":"2023-05-03T13:09:03","date_gmt":"2023-05-03T13:09:03","guid":{"rendered":"http:\/\/www.sakababeauty.com\/?post_type=product&#038;p=30109"},"modified":"2023-05-03T13:09:03","modified_gmt":"2023-05-03T13:09:03","slug":"dr-bronners-savon-pure-castille-amande","status":"publish","type":"product","link":"https:\/\/sakaba.mghosteur.com\/en\/product\/dr-bronners-savon-pure-castille-amande\/","title":{"rendered":"Dr. Bronners SAVON PURE CASTILLE Amande"},"content":{"rendered":"<p><span>Chaud, r\u00e9confortant et l\u00e9g\u00e8rement sucr\u00e9 &amp; comme le massepain ou l&#8217;amaretto\u00a0!\u00a0Notre pain de savon Amande Pure-Castile est fabriqu\u00e9 avec des ingr\u00e9dients certifi\u00e9s issus du commerce \u00e9quitable et de l&#8217;huile de graines de chanvre biologique pour une mousse douce et lisse qui ne dess\u00e8che pas votre peau.\u00a0Biod\u00e9gradable dans un emballage 100% recycl\u00e9 post-consommation.<\/span><\/p>\n<h3 class=\"is-open\"><span>UTILISATIONS SUGG\u00c9R\u00c9ES<\/span><\/h3>\n<p><span>Les savons en barre Pure-Castile de Dr. Bronner&#8217;s sont biod\u00e9gradables, v\u00e9g\u00e9taliens, doux et polyvalents, parfaits pour laver le corps, le visage ou les cheveux\u00a0!\u00a0Profitez de seulement 2 produits cosm\u00e9tiques, de suffisamment de sommeil et des savons magiques du Dr Bronner pour nettoyer instantan\u00e9ment le corps, l&#8217;esprit, l&#8217;\u00e2me et l&#8217;esprit.\u00a0Tout-Un\u00a0<\/span><\/p>","protected":false},"excerpt":{"rendered":"<p>Chaud, r\u00e9confortant et l\u00e9g\u00e8rement sucr\u00e9 &amp; comme le massepain ou l&#8217;amaretto\u00a0!\u00a0Notre pain de savon Amande Pure-Castile est fabriqu\u00e9 avec des ingr\u00e9dients certifi\u00e9s issus du commerce \u00e9quitable et de l&#8217;huile de graines de chanvre biologique pour une mousse douce et lisse qui ne dess\u00e8che pas votre peau.\u00a0Biod\u00e9gradable dans un emballage 100% recycl\u00e9 post-consommation. UTILISATIONS SUGG\u00c9R\u00c9ES Les<span class=\"read-more-faq\"><a href=\"https:\/\/sakaba.mghosteur.com\/en\/product\/dr-bronners-savon-pure-castille-amande\/\">Read More<\/a><\/span><\/p>","protected":false},"featured_media":0,"comment_status":"closed","ping_status":"closed","template":"","meta":[],"product_brand":[],"product_cat":[15],"product_tag":[],"class_list":{"0":"post-30109","1":"product","2":"type-product","3":"status-publish","5":"product_cat-uncategorized","7":"first","8":"instock","9":"shipping-taxable","10":"product-type-simple"},"jetpack-related-posts":[{"id":25294,"url":"https:\/\/sakaba.mghosteur.com\/en\/product\/dr-bronners-pure-castile-bar-soap\/","url_meta":{"origin":30109,"position":0},"title":"Dr. Bronners SAVON PURE CASTILLE B\u00e9b\u00e9 non parfum\u00e9","author":"admin","date":"November 14, 2022","format":false,"excerpt":"Sans parfum ajout\u00e9 et avec le double d'huile d'olive, notre pain de savon de Castille pur pour b\u00e9b\u00e9 est bon pour les peaux sensibles et les b\u00e9b\u00e9s aussi (mais pas sans d\u00e9chirure\u00a0!).\u00a0Le savon en barre Pure-Castile de Dr. Bronner's est fabriqu\u00e9 avec des ingr\u00e9dients certifi\u00e9s issus du commerce \u00e9quitable et\u2026","rel":"","context":"Similar post","block_context":{"text":"Similar post","link":""},"img":{"alt_text":"","src":"","width":0,"height":0},"classes":[]},{"id":30119,"url":"https:\/\/sakaba.mghosteur.com\/en\/product\/dr-bronners-pure-castile-bar-soap-rose\/","url_meta":{"origin":30109,"position":1},"title":"Dr. Bronners PURE-CASTILE BAR SOAP Rose","author":"admin","date":"May 3, 2023","format":false,"excerpt":"Floral et frais, avec un soup\u00e7on de douceur, notre savon en barre Rose Pure-Castile est fabriqu\u00e9 avec des ingr\u00e9dients certifi\u00e9s issus du commerce \u00e9quitable et de l'huile de graines de chanvre biologique cultiv\u00e9e aux \u00c9tats-Unis pour une mousse douce et lisse qui ne dess\u00e8che pas votre peau.\u00a0Biod\u00e9gradable dans un emballage\u2026","rel":"","context":"Similar post","block_context":{"text":"Similar post","link":""},"img":{"alt_text":"","src":"","width":0,"height":0},"classes":[]},{"id":30123,"url":"https:\/\/sakaba.mghosteur.com\/en\/product\/dr-bronners-savon-pure-castille-eucalyptus\/","url_meta":{"origin":30109,"position":2},"title":"Dr. Bronners SAVON PURE CASTILLE Eucalyptus","author":"admin","date":"May 3, 2023","format":false,"excerpt":"Terreux et chaleureux, avec une puissante explosion de menthol pour ouvrir les voies respiratoires et concentrer l'esprit\u00a0!\u00a0Parfum\u00e9 uniquement avec de l'huile d'eucalyptus biologique, notre pain de savon Eucalyptus Pure-Castile est fabriqu\u00e9 avec des ingr\u00e9dients certifi\u00e9s issus du commerce \u00e9quitable et de l'huile de graines de chanvre biologique cultiv\u00e9e aux \u00c9tats-Unis\u2026","rel":"","context":"Similar post","block_context":{"text":"Similar post","link":""},"img":{"alt_text":"","src":"","width":0,"height":0},"classes":[]},{"id":30115,"url":"https:\/\/sakaba.mghosteur.com\/en\/product\/dr-bronners-pure-castile-bar-soap-tea-tree\/","url_meta":{"origin":30109,"position":3},"title":"Dr. Bronners PURE-CASTILE BAR SOAP Tea Tree","author":"admin","date":"May 3, 2023","format":false,"excerpt":"Bois\u00e9 et m\u00e9dicinal, notre pain de savon Pure Castille \u00e0 l'arbre \u00e0 th\u00e9 contient de l'huile d'arbre \u00e0 th\u00e9 pure, id\u00e9ale pour les peaux \u00e0 tendance acn\u00e9ique et les pellicules\u00a0!\u00a0Le savon en barre Pure-Castile de Dr. Bronner's est fabriqu\u00e9 avec des ingr\u00e9dients certifi\u00e9s issus du commerce \u00e9quitable et de l'huile\u2026","rel":"","context":"Similar post","block_context":{"text":"Similar post","link":""},"img":{"alt_text":"","src":"","width":0,"height":0},"classes":[]},{"id":30112,"url":"https:\/\/sakaba.mghosteur.com\/en\/product\/dr-bronners-savon-pure-castille-agrumes\/","url_meta":{"origin":30109,"position":4},"title":"Dr. Bronners SAVON PURE CASTILLE Agrumes","author":"admin","date":"May 3, 2023","format":false,"excerpt":"Odeur fra\u00eeche et lumineuse - un m\u00e9lange revigorant d'huiles biologiques d'orange, de citron et de citron vert\u00a0!\u00a0Notre pain de savon Citrus Pure-Castile est fabriqu\u00e9 avec des ingr\u00e9dients certifi\u00e9s issus du commerce \u00e9quitable et de l'huile de graines de chanvre biologique cultiv\u00e9e aux \u00c9tats-Unis pour une mousse douce et lisse qui\u2026","rel":"","context":"Similar post","block_context":{"text":"Similar post","link":""},"img":{"alt_text":"","src":"","width":0,"height":0},"classes":[]},{"id":30127,"url":"https:\/\/sakaba.mghosteur.com\/en\/product\/savon-pure-castille-fleur-de-cerisier\/","url_meta":{"origin":30109,"position":5},"title":"Dr. Bronners SAVON PURE CASTILLE fleur de cerisier","author":"admin","date":"May 3, 2023","format":false,"excerpt":"Gai et lumineux - parfums subtils de cerisier et de fleurs de cerisier - l'odeur du printemps !\u00a0Le savon en pain Pure-Castile Cherry Blossom de Dr. Bronner's est fabriqu\u00e9 avec des ingr\u00e9dients certifi\u00e9s issus du commerce \u00e9quitable et de l'huile de graines de chanvre biologique cultiv\u00e9e aux \u00c9tats-Unis pour une\u2026","rel":"","context":"Similar post","block_context":{"text":"Similar post","link":""},"img":{"alt_text":"","src":"","width":0,"height":0},"classes":[]}],"_links":{"self":[{"href":"https:\/\/sakaba.mghosteur.com\/en\/wp-json\/wp\/v2\/product\/30109","targetHints":{"allow":["GET"]}}],"collection":[{"href":"https:\/\/sakaba.mghosteur.com\/en\/wp-json\/wp\/v2\/product"}],"about":[{"href":"https:\/\/sakaba.mghosteur.com\/en\/wp-json\/wp\/v2\/types\/product"}],"replies":[{"embeddable":true,"href":"https:\/\/sakaba.mghosteur.com\/en\/wp-json\/wp\/v2\/comments?post=30109"}],"version-history":[{"count":0,"href":"https:\/\/sakaba.mghosteur.com\/en\/wp-json\/wp\/v2\/product\/30109\/revisions"}],"wp:attachment":[{"href":"https:\/\/sakaba.mghosteur.com\/en\/wp-json\/wp\/v2\/media?parent=30109"}],"wp:term":[{"taxonomy":"product_brand","embeddable":true,"href":"https:\/\/sakaba.mghosteur.com\/en\/wp-json\/wp\/v2\/product_brand?post=30109"},{"taxonomy":"product_cat","embeddable":true,"href":"https:\/\/sakaba.mghosteur.com\/en\/wp-json\/wp\/v2\/product_cat?post=30109"},{"taxonomy":"product_tag","embeddable":true,"href":"https:\/\/sakaba.mghosteur.com\/en\/wp-json\/wp\/v2\/product_tag?post=30109"}],"curies":[{"name":"wp","href":"https:\/\/api.w.org\/{rel}","templated":true}]}}