{"id":30146,"date":"2023-05-03T15:32:09","date_gmt":"2023-05-03T15:32:09","guid":{"rendered":"http:\/\/www.sakababeauty.com\/?post_type=product&#038;p=30146"},"modified":"2024-08-14T00:33:30","modified_gmt":"2024-08-14T00:33:30","slug":"dr-teal-s-body-wash-glow-radiance","status":"publish","type":"product","link":"https:\/\/sakaba.mghosteur.com\/en\/product\/dr-teal-s-body-wash-glow-radiance\/","title":{"rendered":"DR TEALS GLOW &amp; RADIANCE WITH VITAMIN C &amp; CITRUS"},"content":{"rendered":"<h3>Gel douche<\/h3>\n<div class=\"content-main\">\n<h4>\u00c9tancher la peau assoiff\u00e9e<\/h4>\n<p>Le gel douche ultra-hydratant Dr Teal&#8217;s hydrate et revitalise la peau, lui redonnant sa douceur d&#8217;origine.\u00a0L&#8217;aloe vera, le beurre de karit\u00e9 et la vitamine E nourrissent et hydratent, tandis que le sel d&#8217;Epsom pur (sulfate de magn\u00e9sium USP) aide \u00e0 soulager les muscles fatigu\u00e9s et endoloris.<\/p>\n<h5>DIRECTIONS<\/h5>\n<p>Pour une exp\u00e9rience rafra\u00eechissante de type spa, appliquez une petite quantit\u00e9 de nettoyant pour le corps sur les mains, une d\u00e9barbouillette ou un pouf.\u00a0Massez doucement sur tout votre corps pour une ultra-hydratation et un rajeunissement total.<\/p>\n<h5>PARFUMS POUR L&#8217;AROMATH\u00c9RAPIE<\/h5>\n<p>Lavande, Eucalyptus &amp; Menthe verte, et Gingembre &amp; Argile<\/p>\n<\/div>","protected":false},"excerpt":{"rendered":"<p>Gel douche \u00c9tancher la peau assoiff\u00e9e Le gel douche ultra-hydratant Dr Teal&#8217;s hydrate et revitalise la peau, lui redonnant sa douceur d&#8217;origine.\u00a0L&#8217;aloe vera, le beurre de karit\u00e9 et la vitamine E nourrissent et hydratent, tandis que le sel d&#8217;Epsom pur (sulfate de magn\u00e9sium USP) aide \u00e0 soulager les muscles fatigu\u00e9s et endoloris. DIRECTIONS Pour une<span class=\"read-more-faq\"><a href=\"https:\/\/sakaba.mghosteur.com\/en\/product\/dr-teal-s-body-wash-glow-radiance\/\">Read More<\/a><\/span><\/p>","protected":false},"featured_media":0,"comment_status":"closed","ping_status":"closed","template":"","meta":[],"product_brand":[],"product_cat":[358,447],"product_tag":[],"class_list":{"0":"post-30146","1":"product","2":"type-product","3":"status-publish","5":"product_cat-bain-douche","6":"product_cat-aac-bain-et-corps","8":"first","9":"instock","10":"shipping-taxable","11":"product-type-simple"},"jetpack-related-posts":[{"id":31780,"url":"https:\/\/sakaba.mghosteur.com\/en\/product\/olay-ceramide-gel-de-douche-591ml\/","url_meta":{"origin":30146,"position":0},"title":"OLAY CERAMIDE GEL DE DOUCHE 591ML","author":"admin","date":"May 10, 2024","format":false,"excerpt":"R\u00e9v\u00e9lez une peau belle et saine avec le nettoyant pour le corps nettoyant et fortifiant Olay avec complexe de c\u00e9ramides et de vitamine B3. Cette formule avanc\u00e9e hydrate en profondeur pour aider \u00e0 renforcer la barri\u00e8re d'hydratation de votre peau et la laisser douce et r\u00e9g\u00e9n\u00e9r\u00e9e. Gr\u00e2ce \u00e0 la technologie\u2026","rel":"","context":"Similar post","block_context":{"text":"Similar post","link":""},"img":{"alt_text":"","src":"","width":0,"height":0},"classes":[]},{"id":32096,"url":"https:\/\/sakaba.mghosteur.com\/en\/product\/naturium-the-booster-hyaluronic-acid-body-wash-500ml\/","url_meta":{"origin":30146,"position":1},"title":"NATURIUM THE BOOSTER HYALURONIC ACID BODY WASH 500ml","author":"admin","date":"May 13, 2024","format":false,"excerpt":"Le gel nettoyant ultra-hydratant pour le corps stimule l'hydratation pour aider \u00e0 r\u00e9duire la s\u00e9cheresse et l'irritation pour une peau d'apparence plus saine. Formul\u00e9 avec de l'acide hyaluronique hydrolys\u00e9 et sept poids mol\u00e9culaires d'hyaluronate de sodium, ce gel nettoyant riche procure une hydratation essentielle. De plus, 30 % de glyc\u00e9rine,\u2026","rel":"","context":"Similar post","block_context":{"text":"Similar post","link":""},"img":{"alt_text":"","src":"","width":0,"height":0},"classes":[]},{"id":31824,"url":"https:\/\/sakaba.mghosteur.com\/en\/product\/olay-regenerist-niacinamide-gel-de-douche-591ml\/","url_meta":{"origin":30146,"position":2},"title":"OLAY REGENERIST NIACINAMIDE  GEL DE DOUCHE 591ML","author":"admin","date":"May 10, 2024","format":false,"excerpt":"Nettoyant hydratant pour le corps Olay Age Defying avec niacinamide. La formule avanc\u00e9e du nettoyant pour le corps d'Olay nettoie et hydrate pour une peau visiblement souple et lisse en r\u00e9duisant l'apparence des ridules. Infus\u00e9e de leur complexe de vitamine B3, cette formule \u00e9limine les impuret\u00e9s de la journ\u00e9e et\u2026","rel":"","context":"Similar post","block_context":{"text":"Similar post","link":""},"img":{"alt_text":"","src":"","width":0,"height":0},"classes":[]},{"id":31860,"url":"https:\/\/sakaba.mghosteur.com\/en\/product\/olay-vitamin-c-gel-de-douche-591ml\/","url_meta":{"origin":30146,"position":3},"title":"OLAY VITAMIN C GEL DE DOUCHE 591ML","author":"admin","date":"May 10, 2024","format":false,"excerpt":"Faites mousser votre peau avec luxe \u00e0 chaque douche. Le nettoyant pour le corps nettoyant et \u00e9claircissant Olay, avec sa mousse riche et cr\u00e9meuse, impr\u00e8gne votre peau d\u2019ingr\u00e9dients de soin, la laissant douce et soyeuse au toucher. Il est enrichi de vitamine C et de vitamine B3 pour donner \u00e0\u2026","rel":"","context":"Similar post","block_context":{"text":"Similar post","link":""},"img":{"alt_text":"","src":"","width":0,"height":0},"classes":[]},{"id":31830,"url":"https:\/\/sakaba.mghosteur.com\/en\/product\/olay-retinol-gel-de-douche-591ml\/","url_meta":{"origin":30146,"position":4},"title":"OLAY RETINOL GEL DE DOUCHE 591ML","author":"admin","date":"May 10, 2024","format":false,"excerpt":"Le nettoyant pour le corps de nuit Olay Cleansing & Renewing Retinol est un nettoyant pour le corps qui contient du r\u00e9tinol et un complexe de vitamines con\u00e7u pour hydrater la peau pendant la nuit. Il est suffisamment doux pour une utilisation quotidienne et contient des ingr\u00e9dients hydratants.","rel":"","context":"Similar post","block_context":{"text":"Similar post","link":""},"img":{"alt_text":"","src":"","width":0,"height":0},"classes":[]},{"id":32162,"url":"https:\/\/sakaba.mghosteur.com\/en\/product\/tree-hut-gel-de-douche-vitamine-c-brighten-tone\/","url_meta":{"origin":30146,"position":5},"title":"TREE HUT GEL DE DOUCHE VITAMINE C BRIGHTEN + TONE","author":"admin","date":"May 13, 2024","format":false,"excerpt":"Rafra\u00eechissez votre routine de douche avec le gel nettoyant moussant Tree Hut au parfum \u00e9clatant de vitamine C. Enveloppez votre corps d'une mousse luxueuse qui nourrit la peau et laisse un parfum longue dur\u00e9e. Les produits nettoyants Tree Hut sont infus\u00e9s de complexe d'huiles hydratantes, riche en huiles d'avocat, de\u2026","rel":"","context":"Similar post","block_context":{"text":"Similar post","link":""},"img":{"alt_text":"","src":"","width":0,"height":0},"classes":[]}],"_links":{"self":[{"href":"https:\/\/sakaba.mghosteur.com\/en\/wp-json\/wp\/v2\/product\/30146","targetHints":{"allow":["GET"]}}],"collection":[{"href":"https:\/\/sakaba.mghosteur.com\/en\/wp-json\/wp\/v2\/product"}],"about":[{"href":"https:\/\/sakaba.mghosteur.com\/en\/wp-json\/wp\/v2\/types\/product"}],"replies":[{"embeddable":true,"href":"https:\/\/sakaba.mghosteur.com\/en\/wp-json\/wp\/v2\/comments?post=30146"}],"version-history":[{"count":0,"href":"https:\/\/sakaba.mghosteur.com\/en\/wp-json\/wp\/v2\/product\/30146\/revisions"}],"wp:attachment":[{"href":"https:\/\/sakaba.mghosteur.com\/en\/wp-json\/wp\/v2\/media?parent=30146"}],"wp:term":[{"taxonomy":"product_brand","embeddable":true,"href":"https:\/\/sakaba.mghosteur.com\/en\/wp-json\/wp\/v2\/product_brand?post=30146"},{"taxonomy":"product_cat","embeddable":true,"href":"https:\/\/sakaba.mghosteur.com\/en\/wp-json\/wp\/v2\/product_cat?post=30146"},{"taxonomy":"product_tag","embeddable":true,"href":"https:\/\/sakaba.mghosteur.com\/en\/wp-json\/wp\/v2\/product_tag?post=30146"}],"curies":[{"name":"wp","href":"https:\/\/api.w.org\/{rel}","templated":true}]}}