{"id":30150,"date":"2023-05-03T15:45:08","date_gmt":"2023-05-03T15:45:08","guid":{"rendered":"http:\/\/www.sakababeauty.com\/?post_type=product&#038;p=30150"},"modified":"2024-08-14T00:33:51","modified_gmt":"2024-08-14T00:33:51","slug":"dr-teal-s-skin-therapy-collagen-radiant-skin","status":"publish","type":"product","link":"https:\/\/sakaba.mghosteur.com\/en\/product\/dr-teal-s-skin-therapy-collagen-radiant-skin\/","title":{"rendered":"Dr Teal s SKIN THERAPY COLLAGEN + RADIANT SKIN"},"content":{"rendered":"<div class=\"mb3\">\n<div class=\"dangerous-html mb3\">\n<p><span>e bain au collag\u00e8ne + lait pour la peau radieux de Dr Teal&#8217;s Skin Therapy avec acide hyaluronique et vitamine C est compos\u00e9 d&#8217;un m\u00e9lange nourrissant de lait de coco et de lait d&#8217;amande pour d\u00e9tendre l&#8217;esprit, apaiser le corps et nourrir votre peau.\u00a0Notre formule Radiant Skin combine du collag\u00e8ne avec de l&#8217;acide hyaluronique, de la vitamine C et des huiles essentielles pour adoucir la peau et favoriser un \u00e9clat naturel.\u00a0Jamais test\u00e9s sur les animaux et sans parab\u00e8nes ni silicones, nous fabriquons nos savons de bain pour r\u00e9duire votre stress et favoriser toutes les formes de bien-\u00eatre.\u00a0Am\u00e9liorez votre exp\u00e9rience d&#8217;apaisement de la peau avec notre autre produit de soutien au collag\u00e8ne, Dr Teal&#8217;s Skin Therapy Collagen + Radiant Skin Salt Soak.<\/span><\/p>\n<\/div>\n<\/div>\n<div class=\"mb3\">\n<div class=\"dangerous-html mb3\">\n<ul>\n<li><span>Nourrit et adoucit la peau, favorisant un \u00e9clat naturel<\/span><\/li>\n<li><span>Fabriqu\u00e9 avec du lait de coco et du lait d&#8217;amande<\/span><\/li>\n<li><span>Contient des huiles essentielles d&#8217;orange et de c\u00e8dre pour aider \u00e0 soulager le stress et am\u00e9liorer votre humeur<\/span><\/li>\n<li><span>Sans parab\u00e8nes, sans silicones<\/span><\/li>\n<li><span>Bouteille fabriqu\u00e9e avec 50 % de plastique recycl\u00e9 (sans le couvercle)<\/span><\/li>\n<\/ul>\n<\/div>\n<\/div>","protected":false},"excerpt":{"rendered":"<p>e bain au collag\u00e8ne + lait pour la peau radieux de Dr Teal&#8217;s Skin Therapy avec acide hyaluronique et vitamine C est compos\u00e9 d&#8217;un m\u00e9lange nourrissant de lait de coco et de lait d&#8217;amande pour d\u00e9tendre l&#8217;esprit, apaiser le corps et nourrir votre peau.\u00a0Notre formule Radiant Skin combine du collag\u00e8ne avec de l&#8217;acide hyaluronique, de<span class=\"read-more-faq\"><a href=\"https:\/\/sakaba.mghosteur.com\/en\/product\/dr-teal-s-skin-therapy-collagen-radiant-skin\/\">Read More<\/a><\/span><\/p>","protected":false},"featured_media":0,"comment_status":"closed","ping_status":"closed","template":"","meta":[],"product_brand":[],"product_cat":[358,447],"product_tag":[],"class_list":{"0":"post-30150","1":"product","2":"type-product","3":"status-publish","5":"product_cat-bain-douche","6":"product_cat-aac-bain-et-corps","8":"first","9":"instock","10":"shipping-taxable","11":"product-type-simple"},"jetpack-related-posts":[{"id":30157,"url":"https:\/\/sakaba.mghosteur.com\/en\/product\/dr-teals-body-lotion-vitamin-c\/","url_meta":{"origin":30150,"position":0},"title":"Dr Teal&#8217;s Body Lotion Vitamin C","author":"admin","date":"May 3, 2023","format":false,"excerpt":"Lotion Radieuse pour le Corps \u00e0 la Vitamine C La lotion pour le corps du Dr Teal est formul\u00e9e avec des ingr\u00e9dients hydratants et des huiles essentielles b\u00e9n\u00e9fiques pour nourrir et renouveler la peau.\u00a0Ce m\u00e9lange r\u00e9parateur apaisera le stress et aidera \u00e0 r\u00e9tablir l'\u00e9quilibre naturel de votre peau.\u00a0La vitamine C\u2026","rel":"","context":"Similar post","block_context":{"text":"Similar post","link":""},"img":{"alt_text":"","src":"","width":0,"height":0},"classes":[]},{"id":26804,"url":"https:\/\/sakaba.mghosteur.com\/en\/product\/skin-lightening-body-lotion\/","url_meta":{"origin":30150,"position":1},"title":"SKIN LIGHTENING BODY LOTION","author":"admin","date":"November 28, 2022","format":false,"excerpt":"La lotion \u00e9claircissante pour le corps Kojie San KOJIC est une solution id\u00e9ale pour ceux qui cherchent \u00e0 \u00e9claircir leur peau et \u00e0 r\u00e9duire les taches brunes. Avec son principal ingr\u00e9dient actif, l'acide kojique, cette lotion est formul\u00e9e pour blanchir naturellement la peau tout en la contient hydrat\u00e9e et saine.\u2026","rel":"","context":"Similar post","block_context":{"text":"Similar post","link":""},"img":{"alt_text":"","src":"","width":0,"height":0},"classes":[]},{"id":31432,"url":"https:\/\/sakaba.mghosteur.com\/en\/product\/kojie-san-skin-lightening-body-lotion\/","url_meta":{"origin":30150,"position":2},"title":"KOJIE SAN SKIN LIGHTENING BODY LOTION","author":"admin","date":"May 10, 2024","format":false,"excerpt":"D\u00e9couvrez la lotion \u00e9claircissante pour le corps Kojie-San dans sa version GRANDE bouteille de 200 g. Ce produit renferme un m\u00e9lange pr\u00e9cieux d'ingr\u00e9dients naturels, dont l'acide kojique, l'huile de rose musqu\u00e9e, le collag\u00e8ne et la vitamine E, pour une peau visiblement jeune et \u00e9clatante de sant\u00e9. Contenance : 200g Action\u2026","rel":"","context":"Similar post","block_context":{"text":"Similar post","link":""},"img":{"alt_text":"","src":"","width":0,"height":0},"classes":[]},{"id":30040,"url":"https:\/\/sakaba.mghosteur.com\/en\/product\/jergens-oil-infused-skin-firming\/","url_meta":{"origin":30150,"position":3},"title":"JERGENS OIL INFUSED SKIN FIRMING","author":"admin","date":"May 2, 2023","format":false,"excerpt":"D\u00e9couvrez la Lotion pour le corps raffermissante de Jergens, con\u00e7ue pour les peaux s\u00e8ches et test\u00e9e par des dermatologues. Cette lotion est enrichie en collag\u00e8ne et \u00e9lastine pour aider \u00e0 raffermir la peau et lui donner une apparence plus lisse et tonique. Offrez \u00e0 votre peau une hydratation exceptionnelle avec\u2026","rel":"","context":"Similar post","block_context":{"text":"Similar post","link":""},"img":{"alt_text":"","src":"","width":0,"height":0},"classes":[]},{"id":32195,"url":"https:\/\/sakaba.mghosteur.com\/en\/product\/tree-hut-whippep-shea-boby-butter-watermelon\/","url_meta":{"origin":30150,"position":4},"title":"TREE HUT WHIPPEP BOBY BUTTER WATERMELON","author":"admin","date":"May 13, 2024","format":false,"excerpt":"Imaginez une peau lisse et hydrat\u00e9e sans le poids des beurres corporels traditionnels. Le beurre corporel de karit\u00e9 fouett\u00e9 \u00e0 la past\u00e8que Tree Hut est le soin parfait pour la peau apr\u00e8s le bain ou comme rafra\u00eechisseur de peau. Il laissera votre peau douce et avec une odeur incroyable !\u2026","rel":"","context":"Similar post","block_context":{"text":"Similar post","link":""},"img":{"alt_text":"","src":"","width":0,"height":0},"classes":[]},{"id":32076,"url":"https:\/\/sakaba.mghosteur.com\/en\/product\/naturium-skin-renewing-retinol-body-lotion-414ml\/","url_meta":{"origin":30150,"position":5},"title":"NATURIUM SKIN RENEWING RETINOL BODY LOTION 414ML","author":"admin","date":"May 13, 2024","format":false,"excerpt":"La lotion corporelle au r\u00e9tinol favorise le renouvellement cutan\u00e9, am\u00e9liorant la texture, le teint et la fermet\u00e9 de la peau. Formul\u00e9e avec un complexe de r\u00e9tinol pur stabilis\u00e9 encapsul\u00e9 et de l'allanto\u00efne apaisante pour la peau, cette lotion laisse la peau douce, souple et nourrie tout en r\u00e9duisant les rougeurs\u2026","rel":"","context":"Similar post","block_context":{"text":"Similar post","link":""},"img":{"alt_text":"","src":"","width":0,"height":0},"classes":[]}],"_links":{"self":[{"href":"https:\/\/sakaba.mghosteur.com\/en\/wp-json\/wp\/v2\/product\/30150","targetHints":{"allow":["GET"]}}],"collection":[{"href":"https:\/\/sakaba.mghosteur.com\/en\/wp-json\/wp\/v2\/product"}],"about":[{"href":"https:\/\/sakaba.mghosteur.com\/en\/wp-json\/wp\/v2\/types\/product"}],"replies":[{"embeddable":true,"href":"https:\/\/sakaba.mghosteur.com\/en\/wp-json\/wp\/v2\/comments?post=30150"}],"version-history":[{"count":0,"href":"https:\/\/sakaba.mghosteur.com\/en\/wp-json\/wp\/v2\/product\/30150\/revisions"}],"wp:attachment":[{"href":"https:\/\/sakaba.mghosteur.com\/en\/wp-json\/wp\/v2\/media?parent=30150"}],"wp:term":[{"taxonomy":"product_brand","embeddable":true,"href":"https:\/\/sakaba.mghosteur.com\/en\/wp-json\/wp\/v2\/product_brand?post=30150"},{"taxonomy":"product_cat","embeddable":true,"href":"https:\/\/sakaba.mghosteur.com\/en\/wp-json\/wp\/v2\/product_cat?post=30150"},{"taxonomy":"product_tag","embeddable":true,"href":"https:\/\/sakaba.mghosteur.com\/en\/wp-json\/wp\/v2\/product_tag?post=30150"}],"curies":[{"name":"wp","href":"https:\/\/api.w.org\/{rel}","templated":true}]}}