{"id":30153,"date":"2023-05-03T15:52:48","date_gmt":"2023-05-03T15:52:48","guid":{"rendered":"http:\/\/www.sakababeauty.com\/?post_type=product&#038;p=30153"},"modified":"2024-08-14T00:31:48","modified_gmt":"2024-08-14T00:31:48","slug":"dr-teal-salt-scrub-glow-radiance","status":"publish","type":"product","link":"https:\/\/sakaba.mghosteur.com\/en\/product\/dr-teal-salt-scrub-glow-radiance\/","title":{"rendered":"DR TEAL SALT SCRUB GLOW &amp; RADIANCE"},"content":{"rendered":"<p><span>Le Soak Glow &amp; Radiance de Dr Teal combine du sel d&#8217;Epsom pur avec de la vitamine C et des huiles essentielles d&#8217;agrumes pour revitaliser les muscles fatigu\u00e9s et endoloris.\u00a0La vitamine C favorise une peau jeune et \u00e9clatante et les huiles essentielles d&#8217;agrumes am\u00e9liorent votre humeur pendant que vous vous trempez.\u00a0Ajoutez simplement le bain hydratant \u00e0 l&#8217;eau chaude et laissez-vous d\u00e9tendre pour un traitement rajeunissant.\u00a0Le sel peut \u00eatre utilis\u00e9 de diverses autres mani\u00e8res, du bain de pieds au gommage corporel.<\/span><\/p>\n<h5><span>DIRECTIONS<\/span><\/h5>\n<p><span>Faites tremper les muscles endoloris.\u00a0Versez au moins 2 tasses de sel d&#8217;Epsom du Dr Teal sous l&#8217;eau chaude du bain.\u00a0Faire tremper pendant 20 minutes pour soulager les muscles endoloris<\/span><\/p>","protected":false},"excerpt":{"rendered":"<p>Le Soak Glow &amp; Radiance de Dr Teal combine du sel d&#8217;Epsom pur avec de la vitamine C et des huiles essentielles d&#8217;agrumes pour revitaliser les muscles fatigu\u00e9s et endoloris.\u00a0La vitamine C favorise une peau jeune et \u00e9clatante et les huiles essentielles d&#8217;agrumes am\u00e9liorent votre humeur pendant que vous vous trempez.\u00a0Ajoutez simplement le bain hydratant<span class=\"read-more-faq\"><a href=\"https:\/\/sakaba.mghosteur.com\/en\/product\/dr-teal-salt-scrub-glow-radiance\/\">Read More<\/a><\/span><\/p>","protected":false},"featured_media":0,"comment_status":"closed","ping_status":"closed","template":"","meta":[],"product_brand":[],"product_cat":[358,447],"product_tag":[],"class_list":{"0":"post-30153","1":"product","2":"type-product","3":"status-publish","5":"product_cat-bain-douche","6":"product_cat-aac-bain-et-corps","8":"first","9":"instock","10":"shipping-taxable","11":"product-type-simple"},"jetpack-related-posts":[{"id":25680,"url":"https:\/\/sakaba.mghosteur.com\/en\/product\/dr-teals-pure-epsom-salt-therapeutic-soak-eases-aches-pai\/","url_meta":{"origin":30153,"position":0},"title":"Dr Teal&#8217;s Ultra-Fine Pure Epsom Salt Therapeutic Soak Ease Aches &amp; Pains","author":"admin","date":"November 14, 2022","format":false,"excerpt":"Puret\u00e9 garantie : 100 % sulfate de magn\u00e9sium USP.\u00a0Apaise les muscles endoloris et les pieds fatigu\u00e9s.\u00a0Cristaux ultra-fins \u00e0 dissolution rapide.\u00a0Le sel d'Epsom du Dr Teal est compos\u00e9 de sulfate de magn\u00e9sium naturel de qualit\u00e9 pharmaceutique USP pour le soulagement et le bien-\u00eatre de tout le corps.\u00a0Utilisez Dr Teal's pour revitaliser\u2026","rel":"","context":"Similar post","block_context":{"text":"Similar post","link":""},"img":{"alt_text":"","src":"","width":0,"height":0},"classes":[]},{"id":30146,"url":"https:\/\/sakaba.mghosteur.com\/en\/product\/dr-teal-s-body-wash-glow-radiance\/","url_meta":{"origin":30153,"position":1},"title":"DR TEALS GLOW &amp; RADIANCE WITH VITAMIN C &amp; CITRUS","author":"admin","date":"May 3, 2023","format":false,"excerpt":"Gel douche \u00c9tancher la peau assoiff\u00e9e Le gel douche ultra-hydratant Dr Teal's hydrate et revitalise la peau, lui redonnant sa douceur d'origine.\u00a0L'aloe vera, le beurre de karit\u00e9 et la vitamine E nourrissent et hydratent, tandis que le sel d'Epsom pur (sulfate de magn\u00e9sium USP) aide \u00e0 soulager les muscles fatigu\u00e9s\u2026","rel":"","context":"Similar post","block_context":{"text":"Similar post","link":""},"img":{"alt_text":"","src":"","width":0,"height":0},"classes":[]},{"id":25559,"url":"https:\/\/sakaba.mghosteur.com\/en\/product\/dr-teals-foaming-bath-with-pure-epsom-salt-soothe-sleep\/","url_meta":{"origin":30153,"position":2},"title":"DR TEAL&#8217;S FOAMING BATH WITH PURE EPSOM SALT SOOTHE SLEEP","author":"admin","date":"November 14, 2022","format":false,"excerpt":"Bain moussant apaisant et sommeil au sel pur d'Epsom Le bain moussant\u00a0Dr Teal's\u00a0\u00ae transforme votre bain en un spa relaxant avec des huiles essentielles pour apaiser les sens, revitaliser les muscles fatigu\u00e9s et endoloris et aider \u00e0 soulager le stress.\u00a0L'essence de lavande a des propri\u00e9t\u00e9s apaisantes reconnues pour favoriser une\u2026","rel":"","context":"Similar post","block_context":{"text":"Similar post","link":""},"img":{"alt_text":"","src":"","width":0,"height":0},"classes":[]},{"id":56161,"url":"https:\/\/sakaba.mghosteur.com\/en\/product\/dr-teals-body-lotion-glow-radiance\/","url_meta":{"origin":30153,"position":3},"title":"Dr Teal&#8217;s Body Lotion  Glow &#038; Radiance","author":"Sope DIA","date":"January 2, 2026","format":false,"excerpt":"La lotion corporelle au sel d'Epsom pur du Dr Teal offre un m\u00e9lange parfait pour des soins complets de la peau. Obtenez une peau \u00e9clatante et jeune gr\u00e2ce aux effets de la vitamine C Profitez des bienfaits stimulants des huiles essentielles d'agrumes sur votre moral. L'association d'aloe vera, de beurre\u2026","rel":"","context":"Similar post","block_context":{"text":"Similar post","link":""},"img":{"alt_text":"","src":"","width":0,"height":0},"classes":[]},{"id":25561,"url":"https:\/\/sakaba.mghosteur.com\/en\/product\/dr-teals-foaming-bath-with-pure-epsom-salt-hemp-seed-oil\/","url_meta":{"origin":30153,"position":4},"title":"DR TEAL&#8217;S FOAMING BATH WITH PURE EPSOM SALT HEMP SEED OIL","author":"admin","date":"November 14, 2022","format":false,"excerpt":"Bain moussant au sel pur d'Epsom et \u00e0 l'huile de graines de chanvre Le bain moussant du Dr Teal transforme votre bain en une exp\u00e9rience relaxante avec des huiles essentielles apaisantes pour apaiser les sens et aider \u00e0 soulager le stress.\u00a0L'huile de graines de chanvre hydrate et nourrit la peau,\u2026","rel":"","context":"Similar post","block_context":{"text":"Similar post","link":""},"img":{"alt_text":"","src":"","width":0,"height":0},"classes":[]},{"id":56164,"url":"https:\/\/sakaba.mghosteur.com\/en\/product\/dr-teals-pink-himalayan-salt-scrub-glow-radiance\/","url_meta":{"origin":30153,"position":5},"title":"Dr Teal&#8217;s Pink Himalayan Salt Scrub  Glow &#038; Radiance","author":"Sope DIA","date":"January 2, 2026","format":false,"excerpt":"Illuminez et revitalisez votre peau avec le Dr Teal\u2019s Glow & Radiance Pink Himalayan Salt Scrub. Sa formule associe le sel rose de l\u2019Himalaya, riche en min\u00e9raux, \u00e0 la vitamine C pour lisser, purifier et stimuler la r\u00e9g\u00e9n\u00e9ration cellulaire. Infus\u00e9 d\u2019huiles essentielles d\u2019agrumes vivifiants, ce gommage d\u00e9gage un parfum frais\u2026","rel":"","context":"Similar post","block_context":{"text":"Similar post","link":""},"img":{"alt_text":"","src":"","width":0,"height":0},"classes":[]}],"_links":{"self":[{"href":"https:\/\/sakaba.mghosteur.com\/en\/wp-json\/wp\/v2\/product\/30153","targetHints":{"allow":["GET"]}}],"collection":[{"href":"https:\/\/sakaba.mghosteur.com\/en\/wp-json\/wp\/v2\/product"}],"about":[{"href":"https:\/\/sakaba.mghosteur.com\/en\/wp-json\/wp\/v2\/types\/product"}],"replies":[{"embeddable":true,"href":"https:\/\/sakaba.mghosteur.com\/en\/wp-json\/wp\/v2\/comments?post=30153"}],"version-history":[{"count":0,"href":"https:\/\/sakaba.mghosteur.com\/en\/wp-json\/wp\/v2\/product\/30153\/revisions"}],"wp:attachment":[{"href":"https:\/\/sakaba.mghosteur.com\/en\/wp-json\/wp\/v2\/media?parent=30153"}],"wp:term":[{"taxonomy":"product_brand","embeddable":true,"href":"https:\/\/sakaba.mghosteur.com\/en\/wp-json\/wp\/v2\/product_brand?post=30153"},{"taxonomy":"product_cat","embeddable":true,"href":"https:\/\/sakaba.mghosteur.com\/en\/wp-json\/wp\/v2\/product_cat?post=30153"},{"taxonomy":"product_tag","embeddable":true,"href":"https:\/\/sakaba.mghosteur.com\/en\/wp-json\/wp\/v2\/product_tag?post=30153"}],"curies":[{"name":"wp","href":"https:\/\/api.w.org\/{rel}","templated":true}]}}