{"id":30171,"date":"2023-05-03T18:28:07","date_gmt":"2023-05-03T18:28:07","guid":{"rendered":"http:\/\/www.sakababeauty.com\/?post_type=product&#038;p=30171"},"modified":"2024-08-08T18:33:59","modified_gmt":"2024-08-08T18:33:59","slug":"vital-proteins-collagen-peptides-360-capsules","status":"publish","type":"product","link":"https:\/\/sakaba.mghosteur.com\/en\/product\/vital-proteins-collagen-peptides-360-capsules\/","title":{"rendered":"VITAL PROTEINS COLLAGEN PEPTIDES 360 CAPSULES"},"content":{"rendered":"<p>Les g\u00e9lules de peptides de collag\u00e8ne Vital Proteins sont un moyen facile et pratique pour aider votre corps \u00e0 stimuler sa production de collag\u00e8ne. Format id\u00e9al pour vous suivre lors de vos d\u00e9placements.<\/p>\n<p>Nous proposons \u00e9galement des peptides de collag\u00e8ne en poudre, disponibles en pots de\u00a0<a href=\"https:\/\/www.vitalproteins.fr\/peptides-de-collagene\/12870151.html\" target=\"_blank\" rel=\"noopener\">567g<\/a>\u00a0et\u00a0<a href=\"https:\/\/www.vitalproteins.fr\/peptides-de-collagene\/12853609.html\" target=\"_blank\" rel=\"noopener\">284g<\/a>, en\u00a0<a href=\"https:\/\/www.vitalproteins.fr\/peptides-de-collagene-boite-de-sticks\/12706223.html\" target=\"_blank\" rel=\"noopener\">sachet<\/a>s, ainsi qu\u2019une version \u00e0 la\u00a0<a href=\"https:\/\/www.vitalproteins.fr\/peptides-de-collagene-vanille-et-eau-de-coco\/12706225.html\" target=\"_blank\" rel=\"noopener\">vanille<\/a>.<\/p>\n<p><strong>Le collag\u00e8ne\u202f: la prot\u00e9ine la plus abondante du corps<\/strong><\/p>\n<p>Le collag\u00e8ne repr\u00e9sente 30% des prot\u00e9ines du corps et 70% de la peau. On en trouve dans tous les tissus conjonctifs, tendons, ligaments, os, peau, cheveux et ongles. A partir de 25 ans, la capacit\u00e9 de notre organisme \u00e0 produire du collag\u00e8ne diminue, ce qui impacte directement la qualit\u00e9 de nos tissus. C&#8217;est pour cette raison que nous avons d\u00e9velopp\u00e9 les produits Vital Proteins, hautement concentr\u00e9 en collag\u00e8ne pour vous offrir un maximum de bienfaits<\/p>\n<div class=\"productDescription_contentPropertyHeading productDescription_contentPropertyHeading-tabbed\" data-tab-title=\"Conseils d\u2019utilisation\">Conseils d\u2019utilisation<\/div>\n<div id=\"product-description-content-lg-15\" class=\"productDescription_contentProperties productDescription_contentProperties_list\" data-item-content=\"\" aria-labelledby=\"product-description-heading-lg-15\">\n<div class=\"productDescription_synopsisContent\">\n<div class=\"athenaProductPageSynopsisContent\">\n<p>Prendre 6g\u00e9lules par jou<\/p>\n<\/div>\n<\/div>\n<\/div>","protected":false},"excerpt":{"rendered":"<p>Les g\u00e9lules de peptides de collag\u00e8ne Vital Proteins sont un moyen facile et pratique pour aider votre corps \u00e0 stimuler sa production de collag\u00e8ne. Format id\u00e9al pour vous suivre lors de vos d\u00e9placements. Nous proposons \u00e9galement des peptides de collag\u00e8ne en poudre, disponibles en pots de\u00a0567g\u00a0et\u00a0284g, en\u00a0sachets, ainsi qu\u2019une version \u00e0 la\u00a0vanille. Le collag\u00e8ne\u202f: la<span class=\"read-more-faq\"><a href=\"https:\/\/sakaba.mghosteur.com\/en\/product\/vital-proteins-collagen-peptides-360-capsules\/\">Read More<\/a><\/span><\/p>","protected":false},"featured_media":0,"comment_status":"closed","ping_status":"closed","template":"","meta":[],"product_brand":[],"product_cat":[391,381],"product_tag":[],"class_list":{"0":"post-30171","1":"product","2":"type-product","3":"status-publish","5":"product_cat-aae-bien-etre","6":"product_cat-vitamine-et-complements","8":"first","9":"instock","10":"shipping-taxable","11":"product-type-simple"},"jetpack-related-posts":[{"id":30175,"url":"https:\/\/sakaba.mghosteur.com\/en\/product\/vital-proteins-collagene-a-boire-complement-alimentaire-peptides-de-collagene-hydrolyses-non-aromatise\/","url_meta":{"origin":30171,"position":0},"title":"Vital Proteins, Collag\u00e8ne \u00e0 boire, Compl\u00e9ment Alimentaire, Peptides de Collag\u00e8ne Hydrolys\u00e9s, Non Aromatis\u00e9","author":"admin","date":"May 3, 2023","format":false,"excerpt":"Qu'est-ce que le collag\u00e8ne ? Le collag\u00e8ne est la prot\u00e9ine la plus pr\u00e9sente dans le corps, il contribue \u00e0 maintenir l'\u00e9lasticit\u00e9 de la peau, \u00e0 r\u00e9duire les signes de fatigue li\u00e9s \u00e0 l'\u00e2ge, \u00e0 fortifier les cheveux. Notre synth\u00e8se de collag\u00e8ne diminue avec l'\u00e2ge, c'est pourquoi il est important d'ajouter\u2026","rel":"","context":"Similar post","block_context":{"text":"Similar post","link":""},"img":{"alt_text":"","src":"","width":0,"height":0},"classes":[]},{"id":31897,"url":"https:\/\/sakaba.mghosteur.com\/en\/product\/vital-proteins-collagene-peptided-poudre-265g-25000\/","url_meta":{"origin":30171,"position":1},"title":"Vital Proteins, COLLAGENE PEPTIDED POUDRE 265G 25000","author":"admin","date":"May 10, 2024","format":false,"excerpt":"Envie de booster votre scoop ? Atteignez cette formule trois fois plus agr\u00e9able. En plus du collag\u00e8ne, qui favorise la sant\u00e9 des cheveux, des ongles, de la peau et des articulations**, notre poudre Original Collagen Peptides contient de l'acide hyaluronique et de la vitamine C, des ingr\u00e9dients puissants qui procurent\u2026","rel":"","context":"Similar post","block_context":{"text":"Similar post","link":""},"img":{"alt_text":"","src":"","width":0,"height":0},"classes":[]},{"id":30180,"url":"https:\/\/sakaba.mghosteur.com\/en\/product\/vital-proteins-marine-collagene-221g\/","url_meta":{"origin":30171,"position":2},"title":"VITAL PROTEINS MARINE COLLAGENE 221G","author":"admin","date":"May 3, 2023","format":false,"excerpt":"Qu'est-ce que le collag\u00e8ne ---- Le collag\u00e8ne est la prot\u00e9ine la plus pr\u00e9sente dans le corps*, il aide \u00e0 maintenir l'\u00e9lasticit\u00e9 de la peau, \u00e0 r\u00e9duire les signes de fatigue li\u00e9s \u00e0 l'\u00e2ge et \u00e0 fortifier les cheveux. Notre synth\u00e8se de collag\u00e8ne diminue avec l\u2019\u00e2ge**. C'est pourquoi il est important\u2026","rel":"","context":"Similar post","block_context":{"text":"Similar post","link":""},"img":{"alt_text":"","src":"","width":0,"height":0},"classes":[]},{"id":31894,"url":"https:\/\/sakaba.mghosteur.com\/en\/product\/neocell-super-collagene-peptides-powder-dietary\/","url_meta":{"origin":30171,"position":3},"title":"NEOCELL SUPER COLLAGENE PEPTIDES POWDER DIETARY","author":"admin","date":"May 10, 2024","format":false,"excerpt":"Nourrissez votre beaut\u00e9 int\u00e9rieure avec la poudre de peptides de super collag\u00e8ne NeoCell. \u00c0 mesure que nous vieillissons, la r\u00e9ticulation et l\u2019\u00e9puisement du collag\u00e8ne peuvent entra\u00eener des signes courants de vieillissement au niveau de la peau, des muscles, des tendons, des ligaments et des os. Mais notre poudre de super\u2026","rel":"","context":"Similar post","block_context":{"text":"Similar post","link":""},"img":{"alt_text":"","src":"","width":0,"height":0},"classes":[]},{"id":29997,"url":"https:\/\/sakaba.mghosteur.com\/en\/product\/neocell-super-collagen-type-1-3-powder\/","url_meta":{"origin":30171,"position":4},"title":"NeoCell Super Collagen Type 1 &amp; 3 Powder","author":"admin","date":"May 1, 2023","format":false,"excerpt":"D\u00e9couvrez notre Poudre de Peptides de Super Collag\u00e8ne NeoCell, pr\u00e9f\u00e9r\u00e9e de nos clients pour son efficacit\u00e9 \u00e0 faire ressortir votre \u00e9clat int\u00e9rieur. Avec 10 grammes de collag\u00e8ne de types 1 et 3 facilement absorb\u00e9 et hydrolys\u00e9, notre poudre favorise une peau, des cheveux et des ongles sains et radieux. Notre\u2026","rel":"","context":"Similar post","block_context":{"text":"Similar post","link":""},"img":{"alt_text":"","src":"","width":0,"height":0},"classes":[]},{"id":31915,"url":"https:\/\/sakaba.mghosteur.com\/en\/product\/youtheory-collagen-6000-mg-290-tablets\/","url_meta":{"origin":30171,"position":5},"title":"YOUTHEORY COLLAGEN 6000 MG 290 TABLETS","author":"admin","date":"May 10, 2024","format":false,"excerpt":"Formule pour la peau, les cheveux & les ongles 6000\u00a0mg Enrichi en vitamine\u00a0C Compl\u00e9ment alimentaire Sans produits laitiers Sans soja Ingr\u00e9dients sans gluten Sans agents de remplissage ni agents liants 6000\u00a0mg de collag\u00e8ne par portion Restaure les prot\u00e9ines synonymes de beaut\u00e9 Lutte contre le vieillissement de la peau Revitalise la\u2026","rel":"","context":"Similar post","block_context":{"text":"Similar post","link":""},"img":{"alt_text":"","src":"","width":0,"height":0},"classes":[]}],"_links":{"self":[{"href":"https:\/\/sakaba.mghosteur.com\/en\/wp-json\/wp\/v2\/product\/30171","targetHints":{"allow":["GET"]}}],"collection":[{"href":"https:\/\/sakaba.mghosteur.com\/en\/wp-json\/wp\/v2\/product"}],"about":[{"href":"https:\/\/sakaba.mghosteur.com\/en\/wp-json\/wp\/v2\/types\/product"}],"replies":[{"embeddable":true,"href":"https:\/\/sakaba.mghosteur.com\/en\/wp-json\/wp\/v2\/comments?post=30171"}],"version-history":[{"count":0,"href":"https:\/\/sakaba.mghosteur.com\/en\/wp-json\/wp\/v2\/product\/30171\/revisions"}],"wp:attachment":[{"href":"https:\/\/sakaba.mghosteur.com\/en\/wp-json\/wp\/v2\/media?parent=30171"}],"wp:term":[{"taxonomy":"product_brand","embeddable":true,"href":"https:\/\/sakaba.mghosteur.com\/en\/wp-json\/wp\/v2\/product_brand?post=30171"},{"taxonomy":"product_cat","embeddable":true,"href":"https:\/\/sakaba.mghosteur.com\/en\/wp-json\/wp\/v2\/product_cat?post=30171"},{"taxonomy":"product_tag","embeddable":true,"href":"https:\/\/sakaba.mghosteur.com\/en\/wp-json\/wp\/v2\/product_tag?post=30171"}],"curies":[{"name":"wp","href":"https:\/\/api.w.org\/{rel}","templated":true}]}}