{"id":30175,"date":"2023-05-03T18:52:13","date_gmt":"2023-05-03T18:52:13","guid":{"rendered":"http:\/\/www.sakababeauty.com\/?post_type=product&#038;p=30175"},"modified":"2024-08-08T18:35:44","modified_gmt":"2024-08-08T18:35:44","slug":"vital-proteins-collagene-a-boire-complement-alimentaire-peptides-de-collagene-hydrolyses-non-aromatise","status":"publish","type":"product","link":"https:\/\/sakaba.mghosteur.com\/en\/product\/vital-proteins-collagene-a-boire-complement-alimentaire-peptides-de-collagene-hydrolyses-non-aromatise\/","title":{"rendered":"Vital Proteins, Collag\u00e8ne \u00e0 boire, Compl\u00e9ment Alimentaire, Peptides de Collag\u00e8ne Hydrolys\u00e9s, Non Aromatis\u00e9"},"content":{"rendered":"<ul class=\"a-unordered-list a-vertical a-spacing-mini\">\n<li class=\"a-spacing-mini\"><span class=\"a-list-item\">Qu&#8217;est-ce que le collag\u00e8ne ? Le collag\u00e8ne est la prot\u00e9ine la plus pr\u00e9sente dans le corps, il contribue \u00e0 maintenir l&#8217;\u00e9lasticit\u00e9 de la peau, \u00e0 r\u00e9duire les signes de fatigue li\u00e9s \u00e0 l&#8217;\u00e2ge, \u00e0 fortifier les cheveux. Notre synth\u00e8se de collag\u00e8ne diminue avec l&#8217;\u00e2ge, c&#8217;est pourquoi il est important d&#8217;ajouter du collag\u00e8ne \u00e0 son alimentation.<\/span><\/li>\n<li class=\"a-spacing-mini\"><span class=\"a-list-item\">Qualit\u00e9 : Collag\u00e8ne de qualit\u00e9 sup\u00e9rieure hautement biodisponible pour une assimilation rapide par l&#8217;organisme.<\/span><\/li>\n<li class=\"a-spacing-mini\"><span class=\"a-list-item\">Efficacit\u00e9 : Une concentration optimale bas\u00e9e sur des \u00e9tudes cliniques pour maximiser les b\u00e9n\u00e9fices sur la beaut\u00e9 de la peau, des cheveux et des ongles et les performances physiques.<\/span><\/li>\n<li class=\"a-spacing-mini\"><span class=\"a-list-item\">Facile \u00e0 utiliser : sans go\u00fbt et sans odeur ce collag\u00e8ne en poudre s&#8217;ajoute facilement \u00e0 vos boissons chaudes et froides du quotidien. Ajoutez 1 \u00e0 2 cuill\u00e8res de collag\u00e8ne au caf\u00e9, smoothies ou dans d&#8217;autres recettes, remuez et d\u00e9gustez !<\/span><\/li>\n<li class=\"a-spacing-mini\"><span class=\"a-list-item\">Vital Proteins : Depuis 2013, Vital Proteins propose des produits \u00e0 base de collag\u00e8ne de haute qualit\u00e9 qui respectent des principes fondamentaux de qualit\u00e9, d&#8217;efficacit\u00e9 et de transparence dans l&#8217;approvisionnement des ingr\u00e9dients.<\/span><\/li>\n<\/ul>","protected":false},"excerpt":{"rendered":"<p>Qu&#8217;est-ce que le collag\u00e8ne ? Le collag\u00e8ne est la prot\u00e9ine la plus pr\u00e9sente dans le corps, il contribue \u00e0 maintenir l&#8217;\u00e9lasticit\u00e9 de la peau, \u00e0 r\u00e9duire les signes de fatigue li\u00e9s \u00e0 l&#8217;\u00e2ge, \u00e0 fortifier les cheveux. Notre synth\u00e8se de collag\u00e8ne diminue avec l&#8217;\u00e2ge, c&#8217;est pourquoi il est important d&#8217;ajouter du collag\u00e8ne \u00e0 son alimentation.<span class=\"read-more-faq\"><a href=\"https:\/\/sakaba.mghosteur.com\/en\/product\/vital-proteins-collagene-a-boire-complement-alimentaire-peptides-de-collagene-hydrolyses-non-aromatise\/\">Read More<\/a><\/span><\/p>","protected":false},"featured_media":0,"comment_status":"closed","ping_status":"closed","template":"","meta":[],"product_brand":[],"product_cat":[391,381],"product_tag":[],"class_list":{"0":"post-30175","1":"product","2":"type-product","3":"status-publish","5":"product_cat-aae-bien-etre","6":"product_cat-vitamine-et-complements","8":"first","9":"instock","10":"shipping-taxable","11":"product-type-simple"},"jetpack-related-posts":[{"id":30180,"url":"https:\/\/sakaba.mghosteur.com\/en\/product\/vital-proteins-marine-collagene-221g\/","url_meta":{"origin":30175,"position":0},"title":"VITAL PROTEINS MARINE COLLAGENE 221G","author":"admin","date":"May 3, 2023","format":false,"excerpt":"Qu'est-ce que le collag\u00e8ne ---- Le collag\u00e8ne est la prot\u00e9ine la plus pr\u00e9sente dans le corps*, il aide \u00e0 maintenir l'\u00e9lasticit\u00e9 de la peau, \u00e0 r\u00e9duire les signes de fatigue li\u00e9s \u00e0 l'\u00e2ge et \u00e0 fortifier les cheveux. Notre synth\u00e8se de collag\u00e8ne diminue avec l\u2019\u00e2ge**. C'est pourquoi il est important\u2026","rel":"","context":"Similar post","block_context":{"text":"Similar post","link":""},"img":{"alt_text":"","src":"","width":0,"height":0},"classes":[]},{"id":30171,"url":"https:\/\/sakaba.mghosteur.com\/en\/product\/vital-proteins-collagen-peptides-360-capsules\/","url_meta":{"origin":30175,"position":1},"title":"VITAL PROTEINS COLLAGEN PEPTIDES 360 CAPSULES","author":"admin","date":"May 3, 2023","format":false,"excerpt":"Les g\u00e9lules de peptides de collag\u00e8ne Vital Proteins sont un moyen facile et pratique pour aider votre corps \u00e0 stimuler sa production de collag\u00e8ne. Format id\u00e9al pour vous suivre lors de vos d\u00e9placements. Nous proposons \u00e9galement des peptides de collag\u00e8ne en poudre, disponibles en pots de\u00a0567g\u00a0et\u00a0284g, en\u00a0sachets, ainsi qu\u2019une version\u2026","rel":"","context":"Similar post","block_context":{"text":"Similar post","link":""},"img":{"alt_text":"","src":"","width":0,"height":0},"classes":[]},{"id":29971,"url":"https:\/\/sakaba.mghosteur.com\/en\/product\/neocell-collagen-c-pomegranate-liquid\/","url_meta":{"origin":30175,"position":2},"title":"NEOCELL COLLAGEN + C POMEGRANATE LIQUID","author":"admin","date":"May 1, 2023","format":false,"excerpt":"D\u00e9couvrez NeoCell Collag\u00e8ne + C Grenade Liquide, un suppl\u00e9ment de collag\u00e8ne de haute qualit\u00e9 con\u00e7u pour soutenir la sant\u00e9 de votre peau, de vos cheveux, de vos ongles et de vos articulations. Avec 4g de collag\u00e8ne de type 1 et 3 par portion, ce produit peut aider \u00e0 stimuler la\u2026","rel":"","context":"Similar post","block_context":{"text":"Similar post","link":""},"img":{"alt_text":"","src":"","width":0,"height":0},"classes":[]},{"id":29997,"url":"https:\/\/sakaba.mghosteur.com\/en\/product\/neocell-super-collagen-type-1-3-powder\/","url_meta":{"origin":30175,"position":3},"title":"NeoCell Super Collagen Type 1 &amp; 3 Powder","author":"admin","date":"May 1, 2023","format":false,"excerpt":"D\u00e9couvrez notre Poudre de Peptides de Super Collag\u00e8ne NeoCell, pr\u00e9f\u00e9r\u00e9e de nos clients pour son efficacit\u00e9 \u00e0 faire ressortir votre \u00e9clat int\u00e9rieur. Avec 10 grammes de collag\u00e8ne de types 1 et 3 facilement absorb\u00e9 et hydrolys\u00e9, notre poudre favorise une peau, des cheveux et des ongles sains et radieux. Notre\u2026","rel":"","context":"Similar post","block_context":{"text":"Similar post","link":""},"img":{"alt_text":"","src":"","width":0,"height":0},"classes":[]},{"id":31915,"url":"https:\/\/sakaba.mghosteur.com\/en\/product\/youtheory-collagen-6000-mg-290-tablets\/","url_meta":{"origin":30175,"position":4},"title":"YOUTHEORY COLLAGEN 6000 MG 290 TABLETS","author":"admin","date":"May 10, 2024","format":false,"excerpt":"Formule pour la peau, les cheveux & les ongles 6000\u00a0mg Enrichi en vitamine\u00a0C Compl\u00e9ment alimentaire Sans produits laitiers Sans soja Ingr\u00e9dients sans gluten Sans agents de remplissage ni agents liants 6000\u00a0mg de collag\u00e8ne par portion Restaure les prot\u00e9ines synonymes de beaut\u00e9 Lutte contre le vieillissement de la peau Revitalise la\u2026","rel":"","context":"Similar post","block_context":{"text":"Similar post","link":""},"img":{"alt_text":"","src":"","width":0,"height":0},"classes":[]},{"id":31886,"url":"https:\/\/sakaba.mghosteur.com\/en\/product\/super-collagen-vitamin-c-biotin-90t\/","url_meta":{"origin":30175,"position":5},"title":"SUPER COLLAGEN + VITAMIN C &amp; BIOTIN 90T","author":"admin","date":"May 10, 2024","format":false,"excerpt":"Les comprim\u00e9s NeoCell Super Collagen sont formul\u00e9s pour soutenir votre beaut\u00e9 radieuse de l'int\u00e9rieur, favoriser la sant\u00e9 des articulations et soutenir les cheveux, la peau et les ongles (1). Avec du collag\u00e8ne nourri \u00e0 l'herbe de types 1 et 3, ces capsules de collag\u00e8ne donnent \u00e0 votre corps les \u00e9l\u00e9ments\u2026","rel":"","context":"Similar post","block_context":{"text":"Similar post","link":""},"img":{"alt_text":"","src":"","width":0,"height":0},"classes":[]}],"_links":{"self":[{"href":"https:\/\/sakaba.mghosteur.com\/en\/wp-json\/wp\/v2\/product\/30175","targetHints":{"allow":["GET"]}}],"collection":[{"href":"https:\/\/sakaba.mghosteur.com\/en\/wp-json\/wp\/v2\/product"}],"about":[{"href":"https:\/\/sakaba.mghosteur.com\/en\/wp-json\/wp\/v2\/types\/product"}],"replies":[{"embeddable":true,"href":"https:\/\/sakaba.mghosteur.com\/en\/wp-json\/wp\/v2\/comments?post=30175"}],"version-history":[{"count":0,"href":"https:\/\/sakaba.mghosteur.com\/en\/wp-json\/wp\/v2\/product\/30175\/revisions"}],"wp:attachment":[{"href":"https:\/\/sakaba.mghosteur.com\/en\/wp-json\/wp\/v2\/media?parent=30175"}],"wp:term":[{"taxonomy":"product_brand","embeddable":true,"href":"https:\/\/sakaba.mghosteur.com\/en\/wp-json\/wp\/v2\/product_brand?post=30175"},{"taxonomy":"product_cat","embeddable":true,"href":"https:\/\/sakaba.mghosteur.com\/en\/wp-json\/wp\/v2\/product_cat?post=30175"},{"taxonomy":"product_tag","embeddable":true,"href":"https:\/\/sakaba.mghosteur.com\/en\/wp-json\/wp\/v2\/product_tag?post=30175"}],"curies":[{"name":"wp","href":"https:\/\/api.w.org\/{rel}","templated":true}]}}