{"id":30180,"date":"2023-05-03T18:56:01","date_gmt":"2023-05-03T18:56:01","guid":{"rendered":"http:\/\/www.sakababeauty.com\/?post_type=product&#038;p=30180"},"modified":"2024-08-08T18:34:48","modified_gmt":"2024-08-08T18:34:48","slug":"vital-proteins-marine-collagene-221g","status":"publish","type":"product","link":"https:\/\/sakaba.mghosteur.com\/en\/product\/vital-proteins-marine-collagene-221g\/","title":{"rendered":"VITAL PROTEINS MARINE COLLAGENE 221G"},"content":{"rendered":"<ul class=\"a-unordered-list a-vertical a-spacing-mini\">\n<li class=\"a-spacing-mini\"><span class=\"a-list-item\">Qu&#8217;est-ce que le collag\u00e8ne &#8212;- Le collag\u00e8ne est la prot\u00e9ine la plus pr\u00e9sente dans le corps*, il aide \u00e0 maintenir l&#8217;\u00e9lasticit\u00e9 de la peau, \u00e0 r\u00e9duire les signes de fatigue li\u00e9s \u00e0 l&#8217;\u00e2ge et \u00e0 fortifier les cheveux. Notre synth\u00e8se de collag\u00e8ne diminue avec l\u2019\u00e2ge**. C&#8217;est pourquoi il est important d&#8217;ajouter du collag\u00e8ne \u00e0 votre alimentation.<\/span><\/li>\n<li class=\"a-spacing-mini\"><span class=\"a-list-item\">Facile \u00e0 utiliser &#8212;- Nous conseillons d&#8217;ajouter 6 \u00e0 12g (1 \u00e0 2 cuill\u00e8res*) de collag\u00e8ne \u00e0 votre routine quotidienne. Ajoutez une \u00e0 deux cuill\u00e8res dans la boisson de votre choix ou \u00e0 d\u2019autres recettes au gr\u00e9 de vos envies et profitez !<\/span><\/li>\n<li class=\"a-spacing-mini\"><span class=\"a-list-item\">Nutrition cl\u00e9 &#8212;- 1 seul ingr\u00e9dient : collag\u00e8ne d&#8217;origine marine.<\/span><\/li>\n<li class=\"a-spacing-mini\"><span class=\"a-list-item\">Ajoutez 1 mesure \u00e0 de l&#8217;eau, \u00e0 votre lait non laitier pr\u00e9f\u00e9r\u00e9 et \u00e0 d&#8217;autres recettes et savourez !<\/span><\/li>\n<\/ul>","protected":false},"excerpt":{"rendered":"<p>Qu&#8217;est-ce que le collag\u00e8ne &#8212;- Le collag\u00e8ne est la prot\u00e9ine la plus pr\u00e9sente dans le corps*, il aide \u00e0 maintenir l&#8217;\u00e9lasticit\u00e9 de la peau, \u00e0 r\u00e9duire les signes de fatigue li\u00e9s \u00e0 l&#8217;\u00e2ge et \u00e0 fortifier les cheveux. Notre synth\u00e8se de collag\u00e8ne diminue avec l\u2019\u00e2ge**. C&#8217;est pourquoi il est important d&#8217;ajouter du collag\u00e8ne \u00e0 votre<span class=\"read-more-faq\"><a href=\"https:\/\/sakaba.mghosteur.com\/en\/product\/vital-proteins-marine-collagene-221g\/\">Read More<\/a><\/span><\/p>","protected":false},"featured_media":0,"comment_status":"closed","ping_status":"closed","template":"","meta":[],"product_brand":[],"product_cat":[391,381],"product_tag":[],"class_list":{"0":"post-30180","1":"product","2":"type-product","3":"status-publish","5":"product_cat-aae-bien-etre","6":"product_cat-vitamine-et-complements","8":"first","9":"instock","10":"shipping-taxable","11":"product-type-simple"},"jetpack-related-posts":[{"id":30175,"url":"https:\/\/sakaba.mghosteur.com\/en\/product\/vital-proteins-collagene-a-boire-complement-alimentaire-peptides-de-collagene-hydrolyses-non-aromatise\/","url_meta":{"origin":30180,"position":0},"title":"Vital Proteins, Collag\u00e8ne \u00e0 boire, Compl\u00e9ment Alimentaire, Peptides de Collag\u00e8ne Hydrolys\u00e9s, Non Aromatis\u00e9","author":"admin","date":"May 3, 2023","format":false,"excerpt":"Qu'est-ce que le collag\u00e8ne ? Le collag\u00e8ne est la prot\u00e9ine la plus pr\u00e9sente dans le corps, il contribue \u00e0 maintenir l'\u00e9lasticit\u00e9 de la peau, \u00e0 r\u00e9duire les signes de fatigue li\u00e9s \u00e0 l'\u00e2ge, \u00e0 fortifier les cheveux. Notre synth\u00e8se de collag\u00e8ne diminue avec l'\u00e2ge, c'est pourquoi il est important d'ajouter\u2026","rel":"","context":"Similar post","block_context":{"text":"Similar post","link":""},"img":{"alt_text":"","src":"","width":0,"height":0},"classes":[]},{"id":29984,"url":"https:\/\/sakaba.mghosteur.com\/en\/product\/neocell-hyaluronic-acid-with-vitamin-c-liquid-473m\/","url_meta":{"origin":30180,"position":1},"title":"NEOCELL HYALURONIC ACID WITH VITAMIN C LIQUID 473M","author":"admin","date":"May 1, 2023","format":false,"excerpt":"D\u00e9couvrez la poudre Super Collagen Plus NeoCell, un suppl\u00e9ment de collag\u00e8ne contenant 12 g de collag\u00e8ne par portion, avec des types de collag\u00e8ne 1 et 3. Ce produit comprend 15 portions par contenant et est certifi\u00e9 Keto + Sans Gluten pour s'adapter \u00e0 votre style de vie sain. La poudre\u2026","rel":"","context":"Similar post","block_context":{"text":"Similar post","link":""},"img":{"alt_text":"","src":"","width":0,"height":0},"classes":[]},{"id":29971,"url":"https:\/\/sakaba.mghosteur.com\/en\/product\/neocell-collagen-c-pomegranate-liquid\/","url_meta":{"origin":30180,"position":2},"title":"NEOCELL COLLAGEN + C POMEGRANATE LIQUID","author":"admin","date":"May 1, 2023","format":false,"excerpt":"D\u00e9couvrez NeoCell Collag\u00e8ne + C Grenade Liquide, un suppl\u00e9ment de collag\u00e8ne de haute qualit\u00e9 con\u00e7u pour soutenir la sant\u00e9 de votre peau, de vos cheveux, de vos ongles et de vos articulations. Avec 4g de collag\u00e8ne de type 1 et 3 par portion, ce produit peut aider \u00e0 stimuler la\u2026","rel":"","context":"Similar post","block_context":{"text":"Similar post","link":""},"img":{"alt_text":"","src":"","width":0,"height":0},"classes":[]},{"id":29994,"url":"https:\/\/sakaba.mghosteur.com\/en\/product\/neocell-super-collagen-peptides-400g\/","url_meta":{"origin":30180,"position":3},"title":"NEOCELL SUPER COLLAGEN PEPTIDES 400G","author":"admin","date":"May 1, 2023","format":false,"excerpt":"D\u00e9couvrez la poudre de peptides de Super Collag\u00e8ne NeoCell, un suppl\u00e9ment de collag\u00e8ne hydrolys\u00e9 nourri \u00e0 l'herbe pour une beaut\u00e9 int\u00e9rieure \u00e9clatante. Contenant 10 000 mg de collag\u00e8ne de types 1 et 3 par portion, ce compl\u00e9ment alimentaire soutient la sant\u00e9 de votre peau, de vos cheveux, de vos ongles\u2026","rel":"","context":"Similar post","block_context":{"text":"Similar post","link":""},"img":{"alt_text":"","src":"","width":0,"height":0},"classes":[]},{"id":29997,"url":"https:\/\/sakaba.mghosteur.com\/en\/product\/neocell-super-collagen-type-1-3-powder\/","url_meta":{"origin":30180,"position":4},"title":"NeoCell Super Collagen Type 1 &amp; 3 Powder","author":"admin","date":"May 1, 2023","format":false,"excerpt":"D\u00e9couvrez notre Poudre de Peptides de Super Collag\u00e8ne NeoCell, pr\u00e9f\u00e9r\u00e9e de nos clients pour son efficacit\u00e9 \u00e0 faire ressortir votre \u00e9clat int\u00e9rieur. Avec 10 grammes de collag\u00e8ne de types 1 et 3 facilement absorb\u00e9 et hydrolys\u00e9, notre poudre favorise une peau, des cheveux et des ongles sains et radieux. Notre\u2026","rel":"","context":"Similar post","block_context":{"text":"Similar post","link":""},"img":{"alt_text":"","src":"","width":0,"height":0},"classes":[]},{"id":31886,"url":"https:\/\/sakaba.mghosteur.com\/en\/product\/super-collagen-vitamin-c-biotin-90t\/","url_meta":{"origin":30180,"position":5},"title":"SUPER COLLAGEN + VITAMIN C &amp; BIOTIN 90T","author":"admin","date":"May 10, 2024","format":false,"excerpt":"Les comprim\u00e9s NeoCell Super Collagen sont formul\u00e9s pour soutenir votre beaut\u00e9 radieuse de l'int\u00e9rieur, favoriser la sant\u00e9 des articulations et soutenir les cheveux, la peau et les ongles (1). Avec du collag\u00e8ne nourri \u00e0 l'herbe de types 1 et 3, ces capsules de collag\u00e8ne donnent \u00e0 votre corps les \u00e9l\u00e9ments\u2026","rel":"","context":"Similar post","block_context":{"text":"Similar post","link":""},"img":{"alt_text":"","src":"","width":0,"height":0},"classes":[]}],"_links":{"self":[{"href":"https:\/\/sakaba.mghosteur.com\/en\/wp-json\/wp\/v2\/product\/30180","targetHints":{"allow":["GET"]}}],"collection":[{"href":"https:\/\/sakaba.mghosteur.com\/en\/wp-json\/wp\/v2\/product"}],"about":[{"href":"https:\/\/sakaba.mghosteur.com\/en\/wp-json\/wp\/v2\/types\/product"}],"replies":[{"embeddable":true,"href":"https:\/\/sakaba.mghosteur.com\/en\/wp-json\/wp\/v2\/comments?post=30180"}],"version-history":[{"count":0,"href":"https:\/\/sakaba.mghosteur.com\/en\/wp-json\/wp\/v2\/product\/30180\/revisions"}],"wp:attachment":[{"href":"https:\/\/sakaba.mghosteur.com\/en\/wp-json\/wp\/v2\/media?parent=30180"}],"wp:term":[{"taxonomy":"product_brand","embeddable":true,"href":"https:\/\/sakaba.mghosteur.com\/en\/wp-json\/wp\/v2\/product_brand?post=30180"},{"taxonomy":"product_cat","embeddable":true,"href":"https:\/\/sakaba.mghosteur.com\/en\/wp-json\/wp\/v2\/product_cat?post=30180"},{"taxonomy":"product_tag","embeddable":true,"href":"https:\/\/sakaba.mghosteur.com\/en\/wp-json\/wp\/v2\/product_tag?post=30180"}],"curies":[{"name":"wp","href":"https:\/\/api.w.org\/{rel}","templated":true}]}}