{"id":30184,"date":"2023-05-04T10:28:45","date_gmt":"2023-05-04T10:28:45","guid":{"rendered":"http:\/\/www.sakababeauty.com\/?post_type=product&#038;p=30184"},"modified":"2023-05-04T10:28:46","modified_gmt":"2023-05-04T10:28:46","slug":"necessaire-the-body-serum","status":"publish","type":"product","link":"https:\/\/sakaba.mghosteur.com\/en\/product\/necessaire-the-body-serum\/","title":{"rendered":"NECESSAIRE THE BODY SERUM"},"content":{"rendered":"<p>Le Body Serum de la marque N\u00e9cessaire\u2122 est un soin pour la peau quotidien \u00e0 base d&#8217;Acide Hyaluronique. Ce s\u00e9rum pour le corps est con\u00e7u pour r\u00e9hydrater la peau en profondeur gr\u00e2ce \u00e0 sa formule \u00e0 absorption rapide et \u00e0 ses cinq (5) poids mol\u00e9culaires d&#8217;acide hyaluronique qui offrent une hydratation \u00e0 plusieurs niveaux. Il est \u00e9galement approuv\u00e9 par la National Eczema Association pour son efficacit\u00e9 sur les peaux sensibles et conditionn\u00e9 dans un pack airless pour une utilisation facile et hygi\u00e9nique. Le flacon et le bouchon du produit sont fabriqu\u00e9s en 100% bio-r\u00e9sine v\u00e9g\u00e9tale, contribuant ainsi \u00e0 la protection de l&#8217;environnement. De plus, le Body Serum est hypoallerg\u00e9nique, test\u00e9 dermatologiquement et non com\u00e9dog\u00e8ne, ce qui le rend adapt\u00e9 \u00e0 tous les types de peau. Prenez soin de votre corps avec N\u00e9cessaire\u2122, tout en prenant soin de notre plan\u00e8te.<\/p>","protected":false},"excerpt":{"rendered":"<p>Le Body Serum de la marque N\u00e9cessaire\u2122 est un soin pour la peau quotidien \u00e0 base d&#8217;Acide Hyaluronique. Ce s\u00e9rum pour le corps est con\u00e7u pour r\u00e9hydrater la peau en profondeur gr\u00e2ce \u00e0 sa formule \u00e0 absorption rapide et \u00e0 ses cinq (5) poids mol\u00e9culaires d&#8217;acide hyaluronique qui offrent une hydratation \u00e0 plusieurs niveaux. Il<span class=\"read-more-faq\"><a href=\"https:\/\/sakaba.mghosteur.com\/en\/product\/necessaire-the-body-serum\/\">Read More<\/a><\/span><\/p>","protected":false},"featured_media":0,"comment_status":"closed","ping_status":"closed","template":"","meta":[],"product_brand":[],"product_cat":[286],"product_tag":[],"class_list":{"0":"post-30184","1":"product","2":"type-product","3":"status-publish","5":"product_cat-corps","7":"first","8":"instock","9":"shipping-taxable","10":"product-type-simple"},"jetpack-related-posts":[{"id":30191,"url":"https:\/\/sakaba.mghosteur.com\/en\/product\/necessaire-the-body-exfoliator-fragrance-free\/","url_meta":{"origin":30184,"position":0},"title":"NECESSAIRE THE BODY EXFOLIATOR FRAGRANCE FREE","author":"admin","date":"May 4, 2023","format":false,"excerpt":"D\u00e9couvrez le Body Exfoliator de N\u00e9cessaire\u2122, un traitement hebdomadaire d'exfoliation physique et chimique pour votre corps. Infus\u00e9 avec 6,5% d'exfoliation physique, incluant de la pierre ponce volcanique et du charbon de bambou, ainsi que 1,25% d'exfoliation chimique incluant des acides AHA, BHA et PHA, cet exfoliant efficace est con\u00e7u pour\u2026","rel":"","context":"Similar post","block_context":{"text":"Similar post","link":""},"img":{"alt_text":"","src":"","width":0,"height":0},"classes":[]},{"id":27417,"url":"https:\/\/sakaba.mghosteur.com\/en\/product\/the-inkey-list-beta-hydroxy-acid\/","url_meta":{"origin":30184,"position":1},"title":"THE INKEY LIST BETA HYDROXY ACID","author":"admin","date":"November 29, 2022","format":false,"excerpt":"Ce s\u00e9rum d'acide b\u00eata-hydroxyl\u00e9 (BHA) de la marque The Inkey List est un must-have pour tous ceux qui cherchent \u00e0 am\u00e9liorer leur routine de soin de la peau. Avec une concentration de 2 % d'acide salicylique, il est capable de p\u00e9n\u00e9trer profond\u00e9ment dans les pores de votre peau, aidant \u00e0\u2026","rel":"","context":"Similar post","block_context":{"text":"Similar post","link":""},"img":{"alt_text":"","src":"","width":0,"height":0},"classes":[]},{"id":30187,"url":"https:\/\/sakaba.mghosteur.com\/en\/product\/necessaire-the-body-bar-le-savon-bar\/","url_meta":{"origin":30184,"position":2},"title":"NECESSAIRE THE BODY BAR LE SAVON BAR","author":"admin","date":"May 4, 2023","format":false,"excerpt":"D\u00e9couvrez le Pain Exfoliant Corps de la marque N\u00e9cessaire\u2122, con\u00e7u pour prendre soin de votre peau et de la plan\u00e8te. Cette barre exfoliante mod\u00e9r\u00e9e \u00e0 2% est id\u00e9ale pour les patchs de k\u00e9ratose pilaire, les zones rugueuses et les poils incarn\u00e9s secs. La base hydratante douce est infus\u00e9e de 5\u2026","rel":"","context":"Similar post","block_context":{"text":"Similar post","link":""},"img":{"alt_text":"","src":"","width":0,"height":0},"classes":[]},{"id":31642,"url":"https:\/\/sakaba.mghosteur.com\/en\/product\/the-inkey-niacinamide-serum\/","url_meta":{"origin":30184,"position":3},"title":"THE INKEY NIACINAMIDE SERUM","author":"admin","date":"May 10, 2024","format":false,"excerpt":"S\u00e9rum Niacinamide Un s\u00e9rum \u00e0 la niacinamide l\u00e9ger et puissant, parfait pour une int\u00e9gration ais\u00e9e dans votre routine de soins de la peau. Dot\u00e9 de 10 % de niacinamide, cette vitamine B3 d'origine naturelle est reconnue pour sa capacit\u00e9 \u00e0 r\u00e9duire efficacement l'exc\u00e8s de s\u00e9bum, les imperfections et les rougeurs.\u2026","rel":"","context":"Similar post","block_context":{"text":"Similar post","link":""},"img":{"alt_text":"","src":"","width":0,"height":0},"classes":[]},{"id":30202,"url":"https:\/\/sakaba.mghosteur.com\/en\/product\/necessaire-the-sunscreen-lecran-solaire\/","url_meta":{"origin":30184,"position":4},"title":"NECESSAIRE THE SUNSCREEN L&#8217;ECRAN SOLAIRE","author":"admin","date":"May 4, 2023","format":false,"excerpt":"D\u00e9couvrez la Cr\u00e8me Solaire Min\u00e9rale SPF 30 Voyage de la marque NECESSAIRE, la solution id\u00e9ale pour prot\u00e9ger votre peau des rayons du soleil tout en prenant soin d'elle. Cette cr\u00e8me solaire 100% min\u00e9rale est infus\u00e9e d'actifs de soin tels que l'Acide Hyaluronique, la Niacinamide et le Panth\u00e9nol pour hydrater votre\u2026","rel":"","context":"Similar post","block_context":{"text":"Similar post","link":""},"img":{"alt_text":"","src":"","width":0,"height":0},"classes":[]},{"id":30290,"url":"https:\/\/sakaba.mghosteur.com\/en\/product\/necessaire-the-body-retinol\/","url_meta":{"origin":30184,"position":5},"title":"NECESSAIRE The Body Retinol","author":"admin","date":"May 8, 2023","format":false,"excerpt":"D\u00e9couvrez le Body Retinol de la marque Necessaire, un s\u00e9rum r\u00e9parateur qui aide \u00e0 am\u00e9liorer l'apparence de votre peau. Infus\u00e9 avec 0,1 % de r\u00e9tinol pur encapsul\u00e9, ce produit est con\u00e7u pour r\u00e9parer et pr\u00e9venir les signes de vieillissement tels que les rides, les taches et les cicatrices. Ce s\u00e9rum\u2026","rel":"","context":"Similar post","block_context":{"text":"Similar post","link":""},"img":{"alt_text":"","src":"","width":0,"height":0},"classes":[]}],"_links":{"self":[{"href":"https:\/\/sakaba.mghosteur.com\/en\/wp-json\/wp\/v2\/product\/30184","targetHints":{"allow":["GET"]}}],"collection":[{"href":"https:\/\/sakaba.mghosteur.com\/en\/wp-json\/wp\/v2\/product"}],"about":[{"href":"https:\/\/sakaba.mghosteur.com\/en\/wp-json\/wp\/v2\/types\/product"}],"replies":[{"embeddable":true,"href":"https:\/\/sakaba.mghosteur.com\/en\/wp-json\/wp\/v2\/comments?post=30184"}],"version-history":[{"count":0,"href":"https:\/\/sakaba.mghosteur.com\/en\/wp-json\/wp\/v2\/product\/30184\/revisions"}],"wp:attachment":[{"href":"https:\/\/sakaba.mghosteur.com\/en\/wp-json\/wp\/v2\/media?parent=30184"}],"wp:term":[{"taxonomy":"product_brand","embeddable":true,"href":"https:\/\/sakaba.mghosteur.com\/en\/wp-json\/wp\/v2\/product_brand?post=30184"},{"taxonomy":"product_cat","embeddable":true,"href":"https:\/\/sakaba.mghosteur.com\/en\/wp-json\/wp\/v2\/product_cat?post=30184"},{"taxonomy":"product_tag","embeddable":true,"href":"https:\/\/sakaba.mghosteur.com\/en\/wp-json\/wp\/v2\/product_tag?post=30184"}],"curies":[{"name":"wp","href":"https:\/\/api.w.org\/{rel}","templated":true}]}}