{"id":30187,"date":"2023-05-04T10:31:19","date_gmt":"2023-05-04T10:31:19","guid":{"rendered":"http:\/\/www.sakababeauty.com\/?post_type=product&#038;p=30187"},"modified":"2023-05-04T10:36:04","modified_gmt":"2023-05-04T10:36:04","slug":"necessaire-the-body-bar-le-savon-bar","status":"publish","type":"product","link":"https:\/\/sakaba.mghosteur.com\/en\/product\/necessaire-the-body-bar-le-savon-bar\/","title":{"rendered":"NECESSAIRE THE BODY BAR LE SAVON BAR"},"content":{"rendered":"<p>D\u00e9couvrez le Pain Exfoliant Corps de la marque N\u00e9cessaire\u2122, con\u00e7u pour prendre soin de votre peau et de la plan\u00e8te. Cette barre exfoliante mod\u00e9r\u00e9e \u00e0 2% est id\u00e9ale pour les patchs de k\u00e9ratose pilaire, les zones rugueuses et les poils incarn\u00e9s secs. La base hydratante douce est infus\u00e9e de 5 c\u00e9ramides essentielles, d&#8217;huiles v\u00e9g\u00e9tales luxueuses et de niacinamide pour offrir une exp\u00e9rience de soin du corps compl\u00e8te. Les tensioactifs v\u00e9g\u00e9taux doux garantissent qu&#8217;il n&#8217;y a pas de SLS\/SLES, pas de silicone, pas de phtalates, pas de parab\u00e8nes et pas de PEG. Cette barre exfoliante est \u00e9galement certifi\u00e9e RSPO et sans parfum. Utilisez-la en la massant directement sur la peau et rincez bien. Utilisez quotidiennement ou selon vos envies, suivez avec un nettoyant pour le corps pour des r\u00e9sultats optimaux. La livraison est gratuite aux \u00c9tats-Unis pour les commandes de plus de 40 $ et les retours sont sans frais. Prenez soin de votre corps et de la plan\u00e8te avec N\u00e9cessaire\u2122.<\/p>","protected":false},"excerpt":{"rendered":"<p>D\u00e9couvrez le Pain Exfoliant Corps de la marque N\u00e9cessaire\u2122, con\u00e7u pour prendre soin de votre peau et de la plan\u00e8te. Cette barre exfoliante mod\u00e9r\u00e9e \u00e0 2% est id\u00e9ale pour les patchs de k\u00e9ratose pilaire, les zones rugueuses et les poils incarn\u00e9s secs. La base hydratante douce est infus\u00e9e de 5 c\u00e9ramides essentielles, d&#8217;huiles v\u00e9g\u00e9tales luxueuses<span class=\"read-more-faq\"><a href=\"https:\/\/sakaba.mghosteur.com\/en\/product\/necessaire-the-body-bar-le-savon-bar\/\">Read More<\/a><\/span><\/p>","protected":false},"featured_media":0,"comment_status":"closed","ping_status":"closed","template":"","meta":[],"product_brand":[],"product_cat":[286],"product_tag":[],"class_list":{"0":"post-30187","1":"product","2":"type-product","3":"status-publish","5":"product_cat-corps","7":"first","8":"instock","9":"shipping-taxable","10":"product-type-simple"},"jetpack-related-posts":[{"id":30207,"url":"https:\/\/sakaba.mghosteur.com\/en\/product\/the-body-exfoliator-eucalyptus\/","url_meta":{"origin":30187,"position":0},"title":"THE BODY EXFOLIATOR EUCALYPTUS","author":"admin","date":"May 4, 2023","format":false,"excerpt":"D\u00e9couvrez l'Exfoliant Corps Eucalyptus de la marque NECESSAIRE, un traitement hebdomadaire pour prendre soin de votre corps. Infus\u00e9 avec 6,5 % d'exfoliation physique (pierre ponce volcanique et charbon de bois de bambou), 1,25 % d'exfoliation chimique (AHA, BHA et PHA) et du niacinamide dans une base de tensioactif v\u00e9g\u00e9tal doux,\u2026","rel":"","context":"Similar post","block_context":{"text":"Similar post","link":""},"img":{"alt_text":"","src":"","width":0,"height":0},"classes":[]},{"id":30191,"url":"https:\/\/sakaba.mghosteur.com\/en\/product\/necessaire-the-body-exfoliator-fragrance-free\/","url_meta":{"origin":30187,"position":1},"title":"NECESSAIRE THE BODY EXFOLIATOR FRAGRANCE FREE","author":"admin","date":"May 4, 2023","format":false,"excerpt":"D\u00e9couvrez le Body Exfoliator de N\u00e9cessaire\u2122, un traitement hebdomadaire d'exfoliation physique et chimique pour votre corps. Infus\u00e9 avec 6,5% d'exfoliation physique, incluant de la pierre ponce volcanique et du charbon de bambou, ainsi que 1,25% d'exfoliation chimique incluant des acides AHA, BHA et PHA, cet exfoliant efficace est con\u00e7u pour\u2026","rel":"","context":"Similar post","block_context":{"text":"Similar post","link":""},"img":{"alt_text":"","src":"","width":0,"height":0},"classes":[]},{"id":30525,"url":"https:\/\/sakaba.mghosteur.com\/en\/product\/even-tone-cleansing-bar-3-in-1-treatment\/","url_meta":{"origin":30187,"position":2},"title":"EVEN TONE CLEANSING BAR 3 IN 1 TREATMENT","author":"admin","date":"May 13, 2023","format":false,"excerpt":"D\u00e9couvrez la barre nettoyante Even Tone de la marque Urban Skin pour am\u00e9liorer l'apparence de votre teint irr\u00e9gulier. Cette barre nettoyante est un nettoyant, un masque et un exfoliant tout-en-un pour cibler les taches brunes tenaces et r\u00e9v\u00e9ler un teint plus lumineux et plus uniforme. La formule prim\u00e9e est renforc\u00e9e\u2026","rel":"","context":"Similar post","block_context":{"text":"Similar post","link":""},"img":{"alt_text":"","src":"","width":0,"height":0},"classes":[]},{"id":27019,"url":"https:\/\/sakaba.mghosteur.com\/en\/product\/combination-skin-cleansing-bar-3-in-1-treatment\/","url_meta":{"origin":30187,"position":3},"title":"COMBINATION SKIN CLEANSING BAR 3 IN 1 TREATMENT","author":"admin","date":"November 28, 2022","format":false,"excerpt":"D\u00e9couvrez la barre nettoyante pour peaux mixtes de la marque Urban Skin, r\u00e9compens\u00e9e par le prestigieux prix Allure Best of Beauty Award. Con\u00e7ue sp\u00e9cialement pour les peaux mixtes, s\u00e8ches et vieillissantes, cette barre nettoyante offre une exp\u00e9rience de nettoyage ultime en lissant, hydratant et illuminant votre peau pour r\u00e9v\u00e9ler votre\u2026","rel":"","context":"Similar post","block_context":{"text":"Similar post","link":""},"img":{"alt_text":"","src":"","width":0,"height":0},"classes":[]},{"id":30184,"url":"https:\/\/sakaba.mghosteur.com\/en\/product\/necessaire-the-body-serum\/","url_meta":{"origin":30187,"position":4},"title":"NECESSAIRE THE BODY SERUM","author":"admin","date":"May 4, 2023","format":false,"excerpt":"Le Body Serum de la marque N\u00e9cessaire\u2122 est un soin pour la peau quotidien \u00e0 base d'Acide Hyaluronique. Ce s\u00e9rum pour le corps est con\u00e7u pour r\u00e9hydrater la peau en profondeur gr\u00e2ce \u00e0 sa formule \u00e0 absorption rapide et \u00e0 ses cinq (5) poids mol\u00e9culaires d'acide hyaluronique qui offrent une\u2026","rel":"","context":"Similar post","block_context":{"text":"Similar post","link":""},"img":{"alt_text":"","src":"","width":0,"height":0},"classes":[]},{"id":29659,"url":"https:\/\/sakaba.mghosteur.com\/en\/product\/palmers-cocoa-butter-formula-cream-soap-bar\/","url_meta":{"origin":30187,"position":5},"title":"Palmers Cocoa Butter Formula Cream Soap Bar","author":"admin","date":"April 12, 2023","format":false,"excerpt":"D\u00e9couvrez le savon cr\u00e8me Palmer's, un produit exceptionnel pour prendre soin de votre peau en profondeur. Ce savon en barre hydratant est parfait pour une utilisation quotidienne sur tout le corps et le visage. Sa formule au beurre de cacao riche et moussante nettoie efficacement la peau sans la d\u00e9caper,\u2026","rel":"","context":"Similar post","block_context":{"text":"Similar post","link":""},"img":{"alt_text":"","src":"","width":0,"height":0},"classes":[]}],"_links":{"self":[{"href":"https:\/\/sakaba.mghosteur.com\/en\/wp-json\/wp\/v2\/product\/30187","targetHints":{"allow":["GET"]}}],"collection":[{"href":"https:\/\/sakaba.mghosteur.com\/en\/wp-json\/wp\/v2\/product"}],"about":[{"href":"https:\/\/sakaba.mghosteur.com\/en\/wp-json\/wp\/v2\/types\/product"}],"replies":[{"embeddable":true,"href":"https:\/\/sakaba.mghosteur.com\/en\/wp-json\/wp\/v2\/comments?post=30187"}],"version-history":[{"count":0,"href":"https:\/\/sakaba.mghosteur.com\/en\/wp-json\/wp\/v2\/product\/30187\/revisions"}],"wp:attachment":[{"href":"https:\/\/sakaba.mghosteur.com\/en\/wp-json\/wp\/v2\/media?parent=30187"}],"wp:term":[{"taxonomy":"product_brand","embeddable":true,"href":"https:\/\/sakaba.mghosteur.com\/en\/wp-json\/wp\/v2\/product_brand?post=30187"},{"taxonomy":"product_cat","embeddable":true,"href":"https:\/\/sakaba.mghosteur.com\/en\/wp-json\/wp\/v2\/product_cat?post=30187"},{"taxonomy":"product_tag","embeddable":true,"href":"https:\/\/sakaba.mghosteur.com\/en\/wp-json\/wp\/v2\/product_tag?post=30187"}],"curies":[{"name":"wp","href":"https:\/\/api.w.org\/{rel}","templated":true}]}}