{"id":30191,"date":"2023-05-04T10:45:22","date_gmt":"2023-05-04T10:45:22","guid":{"rendered":"http:\/\/www.sakababeauty.com\/?post_type=product&#038;p=30191"},"modified":"2023-05-04T10:45:22","modified_gmt":"2023-05-04T10:45:22","slug":"necessaire-the-body-exfoliator-fragrance-free","status":"publish","type":"product","link":"https:\/\/sakaba.mghosteur.com\/en\/product\/necessaire-the-body-exfoliator-fragrance-free\/","title":{"rendered":"NECESSAIRE THE BODY EXFOLIATOR FRAGRANCE FREE"},"content":{"rendered":"<p>D\u00e9couvrez le Body Exfoliator de N\u00e9cessaire\u2122, un traitement hebdomadaire d&#8217;exfoliation physique et chimique pour votre corps. Infus\u00e9 avec 6,5% d&#8217;exfoliation physique, incluant de la pierre ponce volcanique et du charbon de bambou, ainsi que 1,25% d&#8217;exfoliation chimique incluant des acides AHA, BHA et PHA, cet exfoliant efficace est con\u00e7u pour resurfacer la peau. Enrichi avec du niacinamide, cette formule est hypoallerg\u00e9nique, test\u00e9e dermatologiquement et non com\u00e9dog\u00e8ne pour s&#8217;adapter \u00e0 tous les types de peaux &#8211; \u00e9quilibr\u00e9es, s\u00e8ches, huileuses, combin\u00e9es et sensibles.<\/p>\n<p>R\u00e9duisez l&#8217;apparence de patchs de k\u00e9ratose pilaire (KP), de patchs rugueux et de poils incarn\u00e9s secs avec ce traitement exfoliant pour votre corps. Utilisez-le 1 \u00e0 2 fois par semaine pour des r\u00e9sultats optimaux. Appliquez sur tout votre corps, massez pour faire mousser, puis rincez abondamment. Commandez d\u00e8s maintenant le Body Exfoliator de N\u00e9cessaire\u2122 pour profiter de la livraison gratuite aux \u00c9tats-Unis pour les commandes de 40 $ ou plus, ainsi que des retours sans frais. Prenez soin de votre corps et de notre plan\u00e8te avec N\u00e9cessaire\u2122.<\/p>","protected":false},"excerpt":{"rendered":"<p>D\u00e9couvrez le Body Exfoliator de N\u00e9cessaire\u2122, un traitement hebdomadaire d&#8217;exfoliation physique et chimique pour votre corps. Infus\u00e9 avec 6,5% d&#8217;exfoliation physique, incluant de la pierre ponce volcanique et du charbon de bambou, ainsi que 1,25% d&#8217;exfoliation chimique incluant des acides AHA, BHA et PHA, cet exfoliant efficace est con\u00e7u pour resurfacer la peau. Enrichi avec<span class=\"read-more-faq\"><a href=\"https:\/\/sakaba.mghosteur.com\/en\/product\/necessaire-the-body-exfoliator-fragrance-free\/\">Read More<\/a><\/span><\/p>","protected":false},"featured_media":0,"comment_status":"closed","ping_status":"closed","template":"","meta":[],"product_brand":[],"product_cat":[450],"product_tag":[],"class_list":{"0":"post-30191","1":"product","2":"type-product","3":"status-publish","5":"product_cat-soin-de-la-peau","7":"first","8":"instock","9":"shipping-taxable","10":"product-type-simple"},"jetpack-related-posts":[],"_links":{"self":[{"href":"https:\/\/sakaba.mghosteur.com\/en\/wp-json\/wp\/v2\/product\/30191","targetHints":{"allow":["GET"]}}],"collection":[{"href":"https:\/\/sakaba.mghosteur.com\/en\/wp-json\/wp\/v2\/product"}],"about":[{"href":"https:\/\/sakaba.mghosteur.com\/en\/wp-json\/wp\/v2\/types\/product"}],"replies":[{"embeddable":true,"href":"https:\/\/sakaba.mghosteur.com\/en\/wp-json\/wp\/v2\/comments?post=30191"}],"version-history":[{"count":0,"href":"https:\/\/sakaba.mghosteur.com\/en\/wp-json\/wp\/v2\/product\/30191\/revisions"}],"wp:attachment":[{"href":"https:\/\/sakaba.mghosteur.com\/en\/wp-json\/wp\/v2\/media?parent=30191"}],"wp:term":[{"taxonomy":"product_brand","embeddable":true,"href":"https:\/\/sakaba.mghosteur.com\/en\/wp-json\/wp\/v2\/product_brand?post=30191"},{"taxonomy":"product_cat","embeddable":true,"href":"https:\/\/sakaba.mghosteur.com\/en\/wp-json\/wp\/v2\/product_cat?post=30191"},{"taxonomy":"product_tag","embeddable":true,"href":"https:\/\/sakaba.mghosteur.com\/en\/wp-json\/wp\/v2\/product_tag?post=30191"}],"curies":[{"name":"wp","href":"https:\/\/api.w.org\/{rel}","templated":true}]}}