{"id":30202,"date":"2023-05-04T12:00:05","date_gmt":"2023-05-04T12:00:05","guid":{"rendered":"http:\/\/www.sakababeauty.com\/?post_type=product&#038;p=30202"},"modified":"2024-08-25T03:35:16","modified_gmt":"2024-08-25T03:35:16","slug":"necessaire-the-sunscreen-lecran-solaire","status":"publish","type":"product","link":"https:\/\/sakaba.mghosteur.com\/en\/product\/necessaire-the-sunscreen-lecran-solaire\/","title":{"rendered":"NECESSAIRE THE SUNSCREEN L&#8217;ECRAN SOLAIRE"},"content":{"rendered":"<p>D\u00e9couvrez la Cr\u00e8me Solaire Min\u00e9rale SPF 30 Voyage de la marque NECESSAIRE, la solution id\u00e9ale pour prot\u00e9ger votre peau des rayons du soleil tout en prenant soin d&#8217;elle. Cette cr\u00e8me solaire 100% min\u00e9rale est infus\u00e9e d&#8217;actifs de soin tels que l&#8217;Acide Hyaluronique, la Niacinamide et le Panth\u00e9nol pour hydrater votre peau. Elle contient 20% d&#8217;oxyde de zinc non nano et 1% de Laminaria Saccharina (algues) qui prot\u00e8gent contre les dommages caus\u00e9s par le soleil et le vieillissement pr\u00e9matur\u00e9. Con\u00e7ue comme une cr\u00e8me barri\u00e8re physique, elle ne contient pas d&#8217;\u00e9crans chimiques, de silicone, de parab\u00e8nes ni de PEG. Elle convient aux peaux \u00e9quilibr\u00e9es, s\u00e8ches, huileuses, combin\u00e9es et sensibles.<\/p>\n<p>La Cr\u00e8me Solaire Min\u00e9rale SPF 30 PA+++ est hypoallerg\u00e9nique, test\u00e9e dermatologiquement et non com\u00e9dog\u00e8ne. Elle est con\u00e7ue comme un soin quotidien indispensable pour les zones expos\u00e9es. Cependant, sa formule n&#8217;est pas r\u00e9sistante \u00e0 l&#8217;eau et \u00e0 la transpiration pour le corps. La texture est une lotion et le pH est de 7,5 &#8211; 8,5.<\/p>\n<p>En choisissant la Cr\u00e8me Solaire Min\u00e9rale SPF 30 Voyage de NECESSAIRE, vous prot\u00e9gez votre peau tout en prenant soin de l&#8217;environnement. En effet, elle est biod\u00e9gradable, climatiquement neutre et le plastique utilis\u00e9 est neutre. Elle est \u00e9galement certifi\u00e9e FSC, 1% pour la plan\u00e8te, sans cruaut\u00e9 et v\u00e9g\u00e9talienne. La livraison est gratuite aux \u00c9tats-Unis pour les commandes de 40 $ ou plus et les retours sont sans frais.<\/p>\n<p>Pour l&#8217;utiliser, appliquez la cr\u00e8me comme derni\u00e8re \u00e9tape de votre r\u00e9gime de soins de la peau sur les zones expos\u00e9es du visage \/ cou \/ d\u00e9collet\u00e9. \u00c9talez uniform\u00e9ment, puis appuyez doucement sur la peau. \u00c9vitez de frotter pour \u00e9viter les bouloches. R\u00e9appliquez si n\u00e9cessaire pour une protection optimale. Optez pour la Cr\u00e8me Solaire Min\u00e9rale SPF 30 Voyage de NECESSAIRE pour une peau prot\u00e9g\u00e9e et hydrat\u00e9e en toute simplicit\u00e9.<\/p>","protected":false},"excerpt":{"rendered":"<p>D\u00e9couvrez la Cr\u00e8me Solaire Min\u00e9rale SPF 30 Voyage de la marque NECESSAIRE, la solution id\u00e9ale pour prot\u00e9ger votre peau des rayons du soleil tout en prenant soin d&#8217;elle. Cette cr\u00e8me solaire 100% min\u00e9rale est infus\u00e9e d&#8217;actifs de soin tels que l&#8217;Acide Hyaluronique, la Niacinamide et le Panth\u00e9nol pour hydrater votre peau. Elle contient 20% d&#8217;oxyde<span class=\"read-more-faq\"><a href=\"https:\/\/sakaba.mghosteur.com\/en\/product\/necessaire-the-sunscreen-lecran-solaire\/\">Read More<\/a><\/span><\/p>","protected":false},"featured_media":0,"comment_status":"closed","ping_status":"closed","template":"","meta":[],"product_brand":[],"product_cat":[1055,451],"product_tag":[],"class_list":{"0":"post-30202","1":"product","2":"type-product","3":"status-publish","5":"product_cat-protection-solaire-visage","6":"product_cat-aab-soin-du-visage","8":"first","9":"instock","10":"shipping-taxable","11":"product-type-simple"},"jetpack-related-posts":[{"id":31965,"url":"https:\/\/sakaba.mghosteur.com\/en\/product\/cerave-facial-moisturizing-lotion-am-89ml-spf-30\/","url_meta":{"origin":30202,"position":0},"title":"CERAVE FACIAL MOISTURIZING LOTION AM 89ML SPF 30","author":"admin","date":"May 13, 2024","format":false,"excerpt":"L'hydratant pour le visage CeraVe AM avec \u00e9cran solaire SPF 30 \u00e0 large spectre est un soin matinal multit\u00e2che qui fournit une hydratation continue tout au long de la journ\u00e9e tout en aidant \u00e0 absorber et \u00e0 refl\u00e9ter les rayons UVA et UVB nocifs du soleil et \u00e0 restaurer la\u2026","rel":"","context":"Similar post","block_context":{"text":"Similar post","link":""},"img":{"alt_text":"","src":"","width":0,"height":0},"classes":[]},{"id":29070,"url":"https:\/\/sakaba.mghosteur.com\/en\/product\/hydrating-mineral-sunscreen-spf-30-face-sheer-tint\/","url_meta":{"origin":30202,"position":1},"title":"Hydrating Mineral Sunscreen SPF 30 Face Sheer Tint","author":"admin","date":"March 13, 2023","format":false,"excerpt":"Prot\u00e9gez votre peau, tout en obtenant un effet bonne mine sans aucun pl\u00e2tre blanc. CeraVe Hydrating Mineral Sunscreen Broad Spectrum SPF 30 Face Sheer Tint offre une protection UVA\/UVB avec du dioxyde de titane et de l'oxyde de zinc 100 % min\u00e9raux , formant une barri\u00e8re \u00e0 la surface de\u2026","rel":"","context":"Similar post","block_context":{"text":"Similar post","link":""},"img":{"alt_text":"","src":"","width":0,"height":0},"classes":[]},{"id":32007,"url":"https:\/\/sakaba.mghosteur.com\/en\/product\/cerave-facial-moisturizing-lotion-am-60ml-3\/","url_meta":{"origin":30202,"position":2},"title":"CERAVE FACIAL MOISTURIZING LOTION AM 60ML","author":"admin","date":"May 13, 2024","format":false,"excerpt":"L'hydratant pour le visage CeraVe AM avec \u00e9cran solaire SPF 30 \u00e0 large spectre est un soin matinal multit\u00e2che qui fournit une hydratation continue tout au long de la journ\u00e9e tout en aidant \u00e0 absorber et \u00e0 refl\u00e9ter les rayons UVA et UVB nocifs du soleil et \u00e0 restaurer la\u2026","rel":"","context":"Similar post","block_context":{"text":"Similar post","link":""},"img":{"alt_text":"","src":"","width":0,"height":0},"classes":[]},{"id":29074,"url":"https:\/\/sakaba.mghosteur.com\/en\/product\/cerave-hydrating-sunscreen-50face-spf-50\/","url_meta":{"origin":30202,"position":3},"title":"CERAVE HYDRATING SUNSCREEN 50face spf 50","author":"admin","date":"March 13, 2023","format":false,"excerpt":"La Cr\u00e8me Solaire Hydratante Min\u00e9rale SPF 50 Lotion Visage de la marque CeraVe est la solution parfaite pour prot\u00e9ger votre peau du soleil tout en la nourrissant et l'hydratant en profondeur. Cette cr\u00e8me solaire min\u00e9rale douce mais efficace est sp\u00e9cialement con\u00e7ue pour le visage et offre une protection \u00e0 large\u2026","rel":"","context":"Similar post","block_context":{"text":"Similar post","link":""},"img":{"alt_text":"","src":"","width":0,"height":0},"classes":[]},{"id":25358,"url":"https:\/\/sakaba.mghosteur.com\/en\/product\/pipette-mineral-sunscreen-broad-spectrum-spf-50\/","url_meta":{"origin":30202,"position":4},"title":"PIPETTE MINERAL SUNSCREEN BROAD SPECTRUM  SPF 50","author":"admin","date":"November 14, 2022","format":false,"excerpt":"Cr\u00e8me solaire pour b\u00e9b\u00e9 qui convient \u00e0 toute la famille, cette cr\u00e8me solaire min\u00e9rale FPS 50 \u00e0 m\u00e9langer prot\u00e8ge des rayons nocifs du soleil gr\u00e2ce \u00e0 de l'oxyde de zinc non nano 100 % min\u00e9ral. Cette cr\u00e8me solaire l\u00e9g\u00e8re et sans danger pour les b\u00e9b\u00e9s est fabriqu\u00e9e avec un squalane\u2026","rel":"","context":"Similar post","block_context":{"text":"Similar post","link":""},"img":{"alt_text":"","src":"","width":0,"height":0},"classes":[]},{"id":29273,"url":"https:\/\/sakaba.mghosteur.com\/en\/product\/sheer-mineral-sunscreen-spf-30\/","url_meta":{"origin":30202,"position":5},"title":"SHEER MINERAL SUNSCREEN SPF 30","author":"admin","date":"March 22, 2023","format":false,"excerpt":"D\u00e9couvrez l'\u00e9cran solaire min\u00e9ral transparent SPF 30 de Good Molecules, con\u00e7u pour prot\u00e9ger votre peau des rayons UV nocifs tout en la nourrissant avec des ingr\u00e9dients hydratants et antioxydants. Sa formule l\u00e9g\u00e8re est absorb\u00e9e rapidement et ne laisse aucun r\u00e9sidu gras, convient \u00e0 tous les types de peau et est\u2026","rel":"","context":"Similar post","block_context":{"text":"Similar post","link":""},"img":{"alt_text":"","src":"","width":0,"height":0},"classes":[]}],"_links":{"self":[{"href":"https:\/\/sakaba.mghosteur.com\/en\/wp-json\/wp\/v2\/product\/30202","targetHints":{"allow":["GET"]}}],"collection":[{"href":"https:\/\/sakaba.mghosteur.com\/en\/wp-json\/wp\/v2\/product"}],"about":[{"href":"https:\/\/sakaba.mghosteur.com\/en\/wp-json\/wp\/v2\/types\/product"}],"replies":[{"embeddable":true,"href":"https:\/\/sakaba.mghosteur.com\/en\/wp-json\/wp\/v2\/comments?post=30202"}],"version-history":[{"count":0,"href":"https:\/\/sakaba.mghosteur.com\/en\/wp-json\/wp\/v2\/product\/30202\/revisions"}],"wp:attachment":[{"href":"https:\/\/sakaba.mghosteur.com\/en\/wp-json\/wp\/v2\/media?parent=30202"}],"wp:term":[{"taxonomy":"product_brand","embeddable":true,"href":"https:\/\/sakaba.mghosteur.com\/en\/wp-json\/wp\/v2\/product_brand?post=30202"},{"taxonomy":"product_cat","embeddable":true,"href":"https:\/\/sakaba.mghosteur.com\/en\/wp-json\/wp\/v2\/product_cat?post=30202"},{"taxonomy":"product_tag","embeddable":true,"href":"https:\/\/sakaba.mghosteur.com\/en\/wp-json\/wp\/v2\/product_tag?post=30202"}],"curies":[{"name":"wp","href":"https:\/\/api.w.org\/{rel}","templated":true}]}}