{"id":30207,"date":"2023-05-04T12:08:12","date_gmt":"2023-05-04T12:08:12","guid":{"rendered":"http:\/\/www.sakababeauty.com\/?post_type=product&#038;p=30207"},"modified":"2023-05-04T12:13:06","modified_gmt":"2023-05-04T12:13:06","slug":"the-body-exfoliator-eucalyptus","status":"publish","type":"product","link":"https:\/\/sakaba.mghosteur.com\/en\/product\/the-body-exfoliator-eucalyptus\/","title":{"rendered":"THE BODY EXFOLIATOR EUCALYPTUS"},"content":{"rendered":"<p>D\u00e9couvrez l&#8217;Exfoliant Corps Eucalyptus de la marque NECESSAIRE, un traitement hebdomadaire pour prendre soin de votre corps. Infus\u00e9 avec 6,5 % d&#8217;exfoliation physique (pierre ponce volcanique et charbon de bois de bambou), 1,25 % d&#8217;exfoliation chimique (AHA, BHA et PHA) et du niacinamide dans une base de tensioactif v\u00e9g\u00e9tal doux, cet exfoliant efficace d\u00e9compose le charbon de bois pour d\u00e9sintoxiquer la peau et resurface votre peau gr\u00e2ce \u00e0 la pierre ponce volcanique, l&#8217;AHA, le BHA et la gluconolactone. Convient \u00e0 tous les types de peau, y compris les peaux s\u00e8ches, grasses, sensibles ou \u00e9quilibr\u00e9es.<\/p>\n<p>En utilisant cet exfoliant 1 \u00e0 2 fois par semaine ou selon vos envies, vous pourrez profiter de ses avantages pour lutter contre les patchs de k\u00e9ratose pilaire (KP), les patchs rugueux et les poils incarn\u00e9s secs. La texture de cet exfoliant est un gel avec un pH de 5.20 &#8211; 6.20.<\/p>\n<p>De plus, la marque NECESSAIRE s&#8217;engage \u00e0 respecter l&#8217;environnement en utilisant des ingr\u00e9dients biod\u00e9gradables et en \u00e9tant climatiquement neutre. Les emballages sont \u00e9galement neutres en plastique et la marque est certifi\u00e9e FSC, 1% pour la plan\u00e8te, sans cruaut\u00e9 et v\u00e9g\u00e9talienne.<\/p>\n<p>Les instructions d&#8217;utilisation sont simples : appliquez l&#8217;exfoliant sur tout votre corps, massez pour obtenir de la mousse et rincez abondamment. Veuillez \u00e9viter d&#8217;utiliser sur une peau ab\u00eem\u00e9e ou sensible et en cas d&#8217;irritation, arr\u00eatez d&#8217;utiliser le produit et consultez votre m\u00e9decin si votre \u00e9tat persiste. En cas de contact avec les yeux, rincez abondamment \u00e0 l&#8217;eau.<\/p>","protected":false},"excerpt":{"rendered":"<p>D\u00e9couvrez l&#8217;Exfoliant Corps Eucalyptus de la marque NECESSAIRE, un traitement hebdomadaire pour prendre soin de votre corps. Infus\u00e9 avec 6,5 % d&#8217;exfoliation physique (pierre ponce volcanique et charbon de bois de bambou), 1,25 % d&#8217;exfoliation chimique (AHA, BHA et PHA) et du niacinamide dans une base de tensioactif v\u00e9g\u00e9tal doux, cet exfoliant efficace d\u00e9compose le<span class=\"read-more-faq\"><a href=\"https:\/\/sakaba.mghosteur.com\/en\/product\/the-body-exfoliator-eucalyptus\/\">Read More<\/a><\/span><\/p>","protected":false},"featured_media":0,"comment_status":"closed","ping_status":"closed","template":"","meta":[],"product_brand":[],"product_cat":[450],"product_tag":[],"class_list":{"0":"post-30207","1":"product","2":"type-product","3":"status-publish","5":"product_cat-soin-de-la-peau","7":"first","8":"instock","9":"shipping-taxable","10":"product-type-simple"},"jetpack-related-posts":[],"_links":{"self":[{"href":"https:\/\/sakaba.mghosteur.com\/en\/wp-json\/wp\/v2\/product\/30207","targetHints":{"allow":["GET"]}}],"collection":[{"href":"https:\/\/sakaba.mghosteur.com\/en\/wp-json\/wp\/v2\/product"}],"about":[{"href":"https:\/\/sakaba.mghosteur.com\/en\/wp-json\/wp\/v2\/types\/product"}],"replies":[{"embeddable":true,"href":"https:\/\/sakaba.mghosteur.com\/en\/wp-json\/wp\/v2\/comments?post=30207"}],"version-history":[{"count":0,"href":"https:\/\/sakaba.mghosteur.com\/en\/wp-json\/wp\/v2\/product\/30207\/revisions"}],"wp:attachment":[{"href":"https:\/\/sakaba.mghosteur.com\/en\/wp-json\/wp\/v2\/media?parent=30207"}],"wp:term":[{"taxonomy":"product_brand","embeddable":true,"href":"https:\/\/sakaba.mghosteur.com\/en\/wp-json\/wp\/v2\/product_brand?post=30207"},{"taxonomy":"product_cat","embeddable":true,"href":"https:\/\/sakaba.mghosteur.com\/en\/wp-json\/wp\/v2\/product_cat?post=30207"},{"taxonomy":"product_tag","embeddable":true,"href":"https:\/\/sakaba.mghosteur.com\/en\/wp-json\/wp\/v2\/product_tag?post=30207"}],"curies":[{"name":"wp","href":"https:\/\/api.w.org\/{rel}","templated":true}]}}