{"id":30212,"date":"2023-05-04T12:19:20","date_gmt":"2023-05-04T12:19:20","guid":{"rendered":"http:\/\/www.sakababeauty.com\/?post_type=product&#038;p=30212"},"modified":"2024-09-01T14:27:42","modified_gmt":"2024-09-01T14:27:42","slug":"the-body-wash-fragrance-free","status":"publish","type":"product","link":"https:\/\/sakaba.mghosteur.com\/en\/product\/the-body-wash-fragrance-free\/","title":{"rendered":"THE BODY WASH FRAGRANCE FREE"},"content":{"rendered":"<p>D\u00e9couvrez le nettoyant pour le corps Sans parfum de la marque NECESSAIRE, con\u00e7u pour prendre soin de votre corps et de la plan\u00e8te. Le Body Wash est un nettoyant quotidien doux pour la peau, formul\u00e9 avec du niacinamide, de la glyc\u00e9rine et de l&#8217;huile de marula riche en vitamines C\/E + om\u00e9ga 6\/9. Cette formule gel-huile \u00e9quilibre, r\u00e9g\u00e9n\u00e8re et adoucit la peau, tout en \u00e9tant optimis\u00e9e en pH pour convenir \u00e0 toutes les peaux, m\u00eame les plus sensibles. Utilisez-le lors de vos douches fr\u00e9quentes pour une peau propre, saine et nourrie sans l&#8217;effet dess\u00e9chant des nettoyants traditionnels. Et le plus important, le Body Wash est exempt de tensioactifs agressifs, de SLS\/SLES, de silicone, de phtalates, de parab\u00e8nes et de PEG, pour une exp\u00e9rience de douche propre et saine. Essayez-le aujourd&#8217;hui et prenez soin de votre corps tout en pr\u00e9servant la plan\u00e8te. Test\u00e9 dermatologiquement et hypoallerg\u00e9nique, vous pouvez utiliser ce nettoyant en toute s\u00e9curit\u00e9 sans risquer d&#8217;obstruer vos pores. Une \u00e9tude clinique men\u00e9e aux \u00c9tats-Unis au quatri\u00e8me trimestre de 2021 a montr\u00e9 que plus de 50 participants ont constat\u00e9 que leur peau \u00e9tait plus saine, nourrie et \u00e9quilibr\u00e9e apr\u00e8s avoir utilis\u00e9 le Body Wash pendant 14 jours. Rejoignez les 92 % de personnes satisfaites et essayez le nettoyant pour le corps Sans parfum de NECESSAIRE d\u00e8s aujourd&#8217;hui !<\/p>","protected":false},"excerpt":{"rendered":"<p>D\u00e9couvrez le nettoyant pour le corps Sans parfum de la marque NECESSAIRE, con\u00e7u pour prendre soin de votre corps et de la plan\u00e8te. Le Body Wash est un nettoyant quotidien doux pour la peau, formul\u00e9 avec du niacinamide, de la glyc\u00e9rine et de l&#8217;huile de marula riche en vitamines C\/E + om\u00e9ga 6\/9. Cette formule<span class=\"read-more-faq\"><a href=\"https:\/\/sakaba.mghosteur.com\/en\/product\/the-body-wash-fragrance-free\/\">Read More<\/a><\/span><\/p>","protected":false},"featured_media":0,"comment_status":"closed","ping_status":"closed","template":"","meta":[],"product_brand":[],"product_cat":[358,447],"product_tag":[],"class_list":{"0":"post-30212","1":"product","2":"type-product","3":"status-publish","5":"product_cat-bain-douche","6":"product_cat-aac-bain-et-corps","8":"first","9":"instock","10":"shipping-taxable","11":"product-type-simple"},"jetpack-related-posts":[{"id":30215,"url":"https:\/\/sakaba.mghosteur.com\/en\/product\/the-body-wash-le-nettoyant-corps-eucalyptus\/","url_meta":{"origin":30212,"position":0},"title":"THE BODY WASH LE NETTOYANT CORPS Eucalyptus","author":"admin","date":"May 4, 2023","format":false,"excerpt":"D\u00e9couvrez le Nettoyant pour le corps Eucalyptus de la marque N\u00e9cessaire, con\u00e7u pour prendre soin de votre corps tout en pr\u00e9servant l'environnement. Infus\u00e9 de niacinamide, de glyc\u00e9rine et d'huile de marula riche en vitamine C\/E + om\u00e9ga 6\/9, ce nettoyant hybride gel-huile est parfait pour \u00e9quilibrer, r\u00e9g\u00e9n\u00e9rer et adoucir votre\u2026","rel":"","context":"Similar post","block_context":{"text":"Similar post","link":""},"img":{"alt_text":"","src":"","width":0,"height":0},"classes":[]},{"id":56172,"url":"https:\/\/sakaba.mghosteur.com\/en\/product\/eos-shea-better-cashmere-body-wash-fresh-cozy\/","url_meta":{"origin":30212,"position":1},"title":"eos Shea Better Cashmere Body Wash  Fresh &#038; Cozy","author":"Sope DIA","date":"January 2, 2026","format":false,"excerpt":"COMPL\u00c9TEZ VOTRE ROUTINE : Associez le gel douche eos \u00e0 notre lait corporel et \u00e0 notre huile corporelle pour une douche tout en douceur. FRA\u00ceCHEUR ET CONFORT : Le parfum id\u00e9al pour prendre soin de soi, une fragrance moderne et jeune qui \u00e9voque la fra\u00eecheur de la peau. Retrouvez la\u2026","rel":"","context":"Similar post","block_context":{"text":"Similar post","link":""},"img":{"alt_text":"","src":"","width":0,"height":0},"classes":[]},{"id":23930,"url":"https:\/\/sakaba.mghosteur.com\/en\/product\/cerave-hydrating-body-wash\/","url_meta":{"origin":30212,"position":2},"title":"CERAVE HYDRATING BODY WASH","author":"admin","date":"November 9, 2022","format":false,"excerpt":"Le gel douche hydratant CeraVe est parfait pour ceux qui recherchent un nettoyant pour le corps doux et hydratant. Cette formule nettoyante moussante est con\u00e7ue pour les peaux normales \u00e0 s\u00e8ches et aide \u00e0 \u00e9liminer la salet\u00e9 et les impuret\u00e9s sans dess\u00e9cher la peau. Au lieu de cela, il contient\u2026","rel":"","context":"Similar post","block_context":{"text":"Similar post","link":""},"img":{"alt_text":"","src":"","width":0,"height":0},"classes":[]},{"id":30319,"url":"https:\/\/sakaba.mghosteur.com\/en\/product\/naturium-the-softener-creamy-clay-body-wash-free-fragrance\/","url_meta":{"origin":30212,"position":3},"title":"NATURIUM THE SOFTENER CREAMY CLAY BODY WASH FREE FRAGRANCE","author":"admin","date":"May 8, 2023","format":false,"excerpt":"D\u00e9couvrez le nettoyant pour le corps en profondeur Naturium The Softener Cream, un produit de qualit\u00e9 sup\u00e9rieure qui vous aide \u00e0 prendre soin de votre peau tout en la nettoyant en profondeur. Sa formule unique \u00e0 base d'argile rose fran\u00e7aise, enrichie en antioxydants et en hydratants naturels, vous offre une\u2026","rel":"","context":"Similar post","block_context":{"text":"Similar post","link":""},"img":{"alt_text":"","src":"","width":0,"height":0},"classes":[]},{"id":25540,"url":"https:\/\/sakaba.mghosteur.com\/en\/product\/eucerin-skin-calming-body-wash\/","url_meta":{"origin":30212,"position":4},"title":"EUCERIN SKIN CALMING BODY WASH","author":"admin","date":"November 14, 2022","format":false,"excerpt":"Le gel douche apaisant pour la peau d\u2019Eucerin nettoie et apaise la peau s\u00e8che et qui d\u00e9mange. Sa formule sans savon nettoie en douceur sans dess\u00e9cher la peau afin de ne pas l\u2019irriter. Ce gel douche doux aide \u00e0 conserver l\u2019hydratation essentielle de la peau et est formul\u00e9 avec des\u2026","rel":"","context":"Similar post","block_context":{"text":"Similar post","link":""},"img":{"alt_text":"","src":"","width":0,"height":0},"classes":[]},{"id":29847,"url":"https:\/\/sakaba.mghosteur.com\/en\/product\/kojie-san-skin-lightening-body-wash-with-hydromoist-300ml\/","url_meta":{"origin":30212,"position":5},"title":"Kojie San Skin Lightening Body Wash With Hydromoist 300ml","author":"admin","date":"April 26, 2023","format":false,"excerpt":"D\u00e9couvrez le Gel Douche Eclaircissant pour le Corps Kojie San de 300ml, un produit de beaut\u00e9 de qualit\u00e9 qui contient de l'acide kojique comme ingr\u00e9dient actif principal. Ce gel douche nettoie efficacement et \u00e9claircit la peau, tout en apportant des ingr\u00e9dients naturels tels que l'extrait de Bengkoang pour aider \u00e0\u2026","rel":"","context":"Similar post","block_context":{"text":"Similar post","link":""},"img":{"alt_text":"","src":"","width":0,"height":0},"classes":[]}],"_links":{"self":[{"href":"https:\/\/sakaba.mghosteur.com\/en\/wp-json\/wp\/v2\/product\/30212","targetHints":{"allow":["GET"]}}],"collection":[{"href":"https:\/\/sakaba.mghosteur.com\/en\/wp-json\/wp\/v2\/product"}],"about":[{"href":"https:\/\/sakaba.mghosteur.com\/en\/wp-json\/wp\/v2\/types\/product"}],"replies":[{"embeddable":true,"href":"https:\/\/sakaba.mghosteur.com\/en\/wp-json\/wp\/v2\/comments?post=30212"}],"version-history":[{"count":0,"href":"https:\/\/sakaba.mghosteur.com\/en\/wp-json\/wp\/v2\/product\/30212\/revisions"}],"wp:attachment":[{"href":"https:\/\/sakaba.mghosteur.com\/en\/wp-json\/wp\/v2\/media?parent=30212"}],"wp:term":[{"taxonomy":"product_brand","embeddable":true,"href":"https:\/\/sakaba.mghosteur.com\/en\/wp-json\/wp\/v2\/product_brand?post=30212"},{"taxonomy":"product_cat","embeddable":true,"href":"https:\/\/sakaba.mghosteur.com\/en\/wp-json\/wp\/v2\/product_cat?post=30212"},{"taxonomy":"product_tag","embeddable":true,"href":"https:\/\/sakaba.mghosteur.com\/en\/wp-json\/wp\/v2\/product_tag?post=30212"}],"curies":[{"name":"wp","href":"https:\/\/api.w.org\/{rel}","templated":true}]}}