{"id":30215,"date":"2023-05-04T12:57:03","date_gmt":"2023-05-04T12:57:03","guid":{"rendered":"http:\/\/www.sakababeauty.com\/?post_type=product&#038;p=30215"},"modified":"2024-09-01T14:28:07","modified_gmt":"2024-09-01T14:28:07","slug":"the-body-wash-le-nettoyant-corps-eucalyptus","status":"publish","type":"product","link":"https:\/\/sakaba.mghosteur.com\/en\/product\/the-body-wash-le-nettoyant-corps-eucalyptus\/","title":{"rendered":"THE BODY WASH LE NETTOYANT CORPS Eucalyptus"},"content":{"rendered":"<p>D\u00e9couvrez le Nettoyant pour le corps Eucalyptus de la marque N\u00e9cessaire, con\u00e7u pour prendre soin de votre corps tout en pr\u00e9servant l&#8217;environnement. Infus\u00e9 de niacinamide, de glyc\u00e9rine et d&#8217;huile de marula riche en vitamine C\/E + om\u00e9ga 6\/9, ce nettoyant hybride gel-huile est parfait pour \u00e9quilibrer, r\u00e9g\u00e9n\u00e9rer et adoucir votre peau, tout en \u00e9tant adapt\u00e9 \u00e0 tous les types de peau.<\/p>\n<p>Le pH optimis\u00e9 de la formule, associ\u00e9 \u00e0 des tensioactifs v\u00e9g\u00e9taux doux et l&#8217;absence de SLS\/SLES, silicone, phtalates, parab\u00e8nes et PEG, assure un nettoyage en douceur, sans dess\u00e9cher ni d\u00e9capiter la peau. Le Nettoyant pour le corps Eucalyptus est \u00e9galement hypoallerg\u00e9nique, test\u00e9 dermatologiquement et non com\u00e9dog\u00e8ne, offrant une exp\u00e9rience de nettoyage rafra\u00eechissante et saine pour votre peau.<\/p>\n<p>Des \u00e9tudes cliniques ont \u00e9galement montr\u00e9 que plus de 50 participants ayant utilis\u00e9 The Body Wash pendant 14 jours ont constat\u00e9 que leur peau \u00e9tait saine \u00e0 92%, nourrie \u00e0 87% et \u00e9quilibr\u00e9e \u00e0 85%. Faites confiance au Nettoyant pour le corps Eucalyptus de N\u00e9cessaire pour prendre soin de votre corps, tout en prenant soin de la plan\u00e8te.<\/p>","protected":false},"excerpt":{"rendered":"<p>D\u00e9couvrez le Nettoyant pour le corps Eucalyptus de la marque N\u00e9cessaire, con\u00e7u pour prendre soin de votre corps tout en pr\u00e9servant l&#8217;environnement. Infus\u00e9 de niacinamide, de glyc\u00e9rine et d&#8217;huile de marula riche en vitamine C\/E + om\u00e9ga 6\/9, ce nettoyant hybride gel-huile est parfait pour \u00e9quilibrer, r\u00e9g\u00e9n\u00e9rer et adoucir votre peau, tout en \u00e9tant adapt\u00e9<span class=\"read-more-faq\"><a href=\"https:\/\/sakaba.mghosteur.com\/en\/product\/the-body-wash-le-nettoyant-corps-eucalyptus\/\">Read More<\/a><\/span><\/p>","protected":false},"featured_media":0,"comment_status":"closed","ping_status":"closed","template":"","meta":[],"product_brand":[],"product_cat":[358,447],"product_tag":[],"class_list":{"0":"post-30215","1":"product","2":"type-product","3":"status-publish","5":"product_cat-bain-douche","6":"product_cat-aac-bain-et-corps","8":"first","9":"instock","10":"shipping-taxable","11":"product-type-simple"},"jetpack-related-posts":[{"id":30123,"url":"https:\/\/sakaba.mghosteur.com\/en\/product\/dr-bronners-savon-pure-castille-eucalyptus\/","url_meta":{"origin":30215,"position":0},"title":"Dr. Bronners SAVON PURE CASTILLE Eucalyptus","author":"admin","date":"May 3, 2023","format":false,"excerpt":"Terreux et chaleureux, avec une puissante explosion de menthol pour ouvrir les voies respiratoires et concentrer l'esprit\u00a0!\u00a0Parfum\u00e9 uniquement avec de l'huile d'eucalyptus biologique, notre pain de savon Eucalyptus Pure-Castile est fabriqu\u00e9 avec des ingr\u00e9dients certifi\u00e9s issus du commerce \u00e9quitable et de l'huile de graines de chanvre biologique cultiv\u00e9e aux \u00c9tats-Unis\u2026","rel":"","context":"Similar post","block_context":{"text":"Similar post","link":""},"img":{"alt_text":"","src":"","width":0,"height":0},"classes":[]},{"id":33264,"url":"https:\/\/sakaba.mghosteur.com\/en\/product\/eos-shea-better-hand-cream-eucalyptus\/","url_meta":{"origin":30215,"position":1},"title":"EOS Shea Better Hand Cream Eucalyptus","author":"admin","date":"May 20, 2024","format":false,"excerpt":"La cr\u00e8me pour les mains EOS offre une hydratation 24 heures sur 24 et convient \u00e0 tous les types de peau. Elle est compos\u00e9e d'huile de karit\u00e9 l\u00e9g\u00e8re et de beurre de karit\u00e9 ultra riche pour offrir une hydratation imm\u00e9diate et une protection durable. Elle est \u00e9galement sans gluten, sans\u2026","rel":"","context":"Similar post","block_context":{"text":"Similar post","link":""},"img":{"alt_text":"","src":"","width":0,"height":0},"classes":[]},{"id":30207,"url":"https:\/\/sakaba.mghosteur.com\/en\/product\/the-body-exfoliator-eucalyptus\/","url_meta":{"origin":30215,"position":2},"title":"THE BODY EXFOLIATOR EUCALYPTUS","author":"admin","date":"May 4, 2023","format":false,"excerpt":"D\u00e9couvrez l'Exfoliant Corps Eucalyptus de la marque NECESSAIRE, un traitement hebdomadaire pour prendre soin de votre corps. Infus\u00e9 avec 6,5 % d'exfoliation physique (pierre ponce volcanique et charbon de bois de bambou), 1,25 % d'exfoliation chimique (AHA, BHA et PHA) et du niacinamide dans une base de tensioactif v\u00e9g\u00e9tal doux,\u2026","rel":"","context":"Similar post","block_context":{"text":"Similar post","link":""},"img":{"alt_text":"","src":"","width":0,"height":0},"classes":[]},{"id":30218,"url":"https:\/\/sakaba.mghosteur.com\/en\/product\/beauty-of-joseon-ginseng-cleansing\/","url_meta":{"origin":30215,"position":3},"title":"BEAUTY OF JOSEON &#8211; GINSENG CLEANSING","author":"admin","date":"May 4, 2023","format":false,"excerpt":"D\u00e9couvrez l'huile d\u00e9maquillante au ginseng de la marque Beauty of Joseon pour une exp\u00e9rience de nettoyage en profondeur de votre peau. Contrairement \u00e0 d'autres huiles nettoyantes disponibles sur le march\u00e9, notre formule contient de l'huile de Glycine Soja, une base l\u00e9g\u00e8re et efficace pour \u00e9liminer en douceur la salet\u00e9, le\u2026","rel":"","context":"Similar post","block_context":{"text":"Similar post","link":""},"img":{"alt_text":"","src":"","width":0,"height":0},"classes":[]},{"id":30146,"url":"https:\/\/sakaba.mghosteur.com\/en\/product\/dr-teal-s-body-wash-glow-radiance\/","url_meta":{"origin":30215,"position":4},"title":"DR TEALS GLOW &amp; RADIANCE WITH VITAMIN C &amp; CITRUS","author":"admin","date":"May 3, 2023","format":false,"excerpt":"Gel douche \u00c9tancher la peau assoiff\u00e9e Le gel douche ultra-hydratant Dr Teal's hydrate et revitalise la peau, lui redonnant sa douceur d'origine.\u00a0L'aloe vera, le beurre de karit\u00e9 et la vitamine E nourrissent et hydratent, tandis que le sel d'Epsom pur (sulfate de magn\u00e9sium USP) aide \u00e0 soulager les muscles fatigu\u00e9s\u2026","rel":"","context":"Similar post","block_context":{"text":"Similar post","link":""},"img":{"alt_text":"","src":"","width":0,"height":0},"classes":[]},{"id":30212,"url":"https:\/\/sakaba.mghosteur.com\/en\/product\/the-body-wash-fragrance-free\/","url_meta":{"origin":30215,"position":5},"title":"THE BODY WASH FRAGRANCE FREE","author":"admin","date":"May 4, 2023","format":false,"excerpt":"D\u00e9couvrez le nettoyant pour le corps Sans parfum de la marque NECESSAIRE, con\u00e7u pour prendre soin de votre corps et de la plan\u00e8te. Le Body Wash est un nettoyant quotidien doux pour la peau, formul\u00e9 avec du niacinamide, de la glyc\u00e9rine et de l'huile de marula riche en vitamines C\/E\u2026","rel":"","context":"Similar post","block_context":{"text":"Similar post","link":""},"img":{"alt_text":"","src":"","width":0,"height":0},"classes":[]}],"_links":{"self":[{"href":"https:\/\/sakaba.mghosteur.com\/en\/wp-json\/wp\/v2\/product\/30215","targetHints":{"allow":["GET"]}}],"collection":[{"href":"https:\/\/sakaba.mghosteur.com\/en\/wp-json\/wp\/v2\/product"}],"about":[{"href":"https:\/\/sakaba.mghosteur.com\/en\/wp-json\/wp\/v2\/types\/product"}],"replies":[{"embeddable":true,"href":"https:\/\/sakaba.mghosteur.com\/en\/wp-json\/wp\/v2\/comments?post=30215"}],"version-history":[{"count":0,"href":"https:\/\/sakaba.mghosteur.com\/en\/wp-json\/wp\/v2\/product\/30215\/revisions"}],"wp:attachment":[{"href":"https:\/\/sakaba.mghosteur.com\/en\/wp-json\/wp\/v2\/media?parent=30215"}],"wp:term":[{"taxonomy":"product_brand","embeddable":true,"href":"https:\/\/sakaba.mghosteur.com\/en\/wp-json\/wp\/v2\/product_brand?post=30215"},{"taxonomy":"product_cat","embeddable":true,"href":"https:\/\/sakaba.mghosteur.com\/en\/wp-json\/wp\/v2\/product_cat?post=30215"},{"taxonomy":"product_tag","embeddable":true,"href":"https:\/\/sakaba.mghosteur.com\/en\/wp-json\/wp\/v2\/product_tag?post=30215"}],"curies":[{"name":"wp","href":"https:\/\/api.w.org\/{rel}","templated":true}]}}